{"id":23087,"date":"2024-05-22T13:29:27","date_gmt":"2024-05-22T11:29:27","guid":{"rendered":"https:\/\/nikasport.eu\/privacy-policy\/"},"modified":"2026-02-03T21:27:42","modified_gmt":"2026-02-03T19:27:42","slug":"datu-aizsardziba","status":"publish","type":"page","link":"https:\/\/nikasport.eu\/lv\/datu-aizsardziba\/","title":{"rendered":"Datu Aizsardz\u012bba"},"content":{"rendered":"\n<div class=\"wp-block-group info-page-box is-layout-constrained wp-block-group-is-layout-constrained\">\n<h2 class=\"wp-block-heading\" id=\"jusu-datu-aizsardziba-un-drosiba-ieperkoties\">J\u016aSU DATU AIZSARDZ\u012aBA UN DRO\u0160\u012aBA IEP\u0112RKOTIES:<\/h2>\n\n\n\n<p>M\u0113s augstu v\u0113rt\u0113jam J\u016bsu priv\u0101to datu dro\u0161\u012bbu. Re\u0123istr\u0101cijas datu apstr\u0101de notiks, iev\u0113rojot Fizisko personu datu aizsardz\u012bbas likuma pras\u012bbas, t\u0101p\u0113c:<\/p>\n\n\n\n<p>J\u016bsu sniegt\u0101 inform\u0101cija bez J\u016bsu piekri\u0161anas netiks nodota tre\u0161aj\u0101m person\u0101m vai ar\u012b izmantota k\u0101 cit\u0101di bez iepriek\u0161\u0113jas saska\u0146o\u0161anas ar Jums;<\/p>\n\n\n\n<p>Re\u0123istr\u0101cijas proces\u0101 no Jums netiks pras\u012bta jebk\u0101da veida finansu inform\u0101cija. J\u0101ievada tikai dati, kas nepiecie\u0161ami pirkuma pieg\u0101des pavaddokumentu noform\u0113\u0161anai;<\/p>\n\n\n\n<p>Svar\u012bgi &#8211; l\u016bdzu, p\u0101rbaudiet, vai sa\u0146emtaj\u0101 pas\u016bt\u012bjuma apstiprin\u0101jum\u0101 ir nor\u0101d\u012bta \u0161\u0101da inform\u0101cija maks\u0101juma veik\u0161anai:&nbsp;<\/p>\n\n\n\n<p>SIA Heyday<\/p>\n\n\n\n<p>Reg.nr: 40103650185<\/p>\n\n\n\n<p>Swedbank Latvia<\/p>\n\n\n\n<p>LV90HABA0551036201416<\/p>\n\n\n\n<p>HABALV22 <\/p>\n\n\n\n<p>S\u012bkdatnes ir nelieli faili, kas tiek \u012bslaic\u012bgi saglab\u0101ti J\u016bsu datora cietaj\u0101 disk\u0101, \u013caujot m\u016bsu port\u0101lam atpaz\u012bt J\u016bsu datoru, kad J\u016bs apmekl\u0113siet m\u0101jas lapu n\u0101kamaj\u0101 reiz\u0113. <a href=\"https:\/\/www.nikasport.eu\" target=\"_blank\" rel=\"noreferrer noopener\">https:\/\/www.nikasport.eu<\/a> izmanto s\u012bkdatnes, lai iev\u0101ktu inform\u0101ciju par m\u016bsu m\u0101jas lapas izmanto\u0161anu.<\/p>\n<\/div>\n","protected":false},"excerpt":{"rendered":"<p>J\u016aSU DATU AIZSARDZ\u012aBA UN DRO\u0160\u012aBA IEP\u0112RKOTIES: M\u0113s augstu v\u0113rt\u0113jam J\u016bsu priv\u0101to datu dro\u0161\u012bbu. Re\u0123istr\u0101cijas datu apstr\u0101de notiks, iev\u0113rojot Fizisko personu datu aizsardz\u012bbas likuma pras\u012bbas, t\u0101p\u0113c: J\u016bsu sniegt\u0101 inform\u0101cija bez J\u016bsu piekri\u0161anas netiks nodota tre\u0161aj\u0101m person\u0101m vai ar\u012b izmantota k\u0101 cit\u0101di bez iepriek\u0161\u0113jas saska\u0146o\u0161anas ar Jums; Re\u0123istr\u0101cijas proces\u0101 no Jums netiks pras\u012bta jebk\u0101da veida finansu inform\u0101cija. [&hellip;]<\/p>\n","protected":false},"author":1,"featured_media":0,"parent":0,"menu_order":0,"comment_status":"closed","ping_status":"open","template":"","meta":{"_gspb_post_css":"","footnotes":""},"class_list":["post-23087","page","type-page","status-publish","hentry"],"blocksy_meta":[],"yoast_head":"<!-- This site is optimized with the Yoast SEO plugin v26.5 - https:\/\/yoast.com\/wordpress\/plugins\/seo\/ -->\n<title>Datu Aizsardz\u012bba | NikaSport.eu<\/title>\n<meta name=\"robots\" content=\"index, follow, max-snippet:-1, max-image-preview:large, max-video-preview:-1\" \/>\n<link rel=\"canonical\" href=\"https:\/\/nikasport.eu\/lv\/datu-aizsardziba\/\" \/>\n<meta property=\"og:locale\" content=\"lv_LV\" \/>\n<meta property=\"og:type\" content=\"article\" \/>\n<meta property=\"og:title\" content=\"Datu Aizsardz\u012bba | NikaSport.eu\" \/>\n<meta property=\"og:description\" content=\"J\u016aSU DATU AIZSARDZ\u012aBA UN DRO\u0160\u012aBA IEP\u0112RKOTIES: M\u0113s augstu v\u0113rt\u0113jam J\u016bsu priv\u0101to datu dro\u0161\u012bbu. Re\u0123istr\u0101cijas datu apstr\u0101de notiks, iev\u0113rojot Fizisko personu datu aizsardz\u012bbas likuma pras\u012bbas, t\u0101p\u0113c: J\u016bsu sniegt\u0101 inform\u0101cija bez J\u016bsu piekri\u0161anas netiks nodota tre\u0161aj\u0101m person\u0101m vai ar\u012b izmantota k\u0101 cit\u0101di bez iepriek\u0161\u0113jas saska\u0146o\u0161anas ar Jums; Re\u0123istr\u0101cijas proces\u0101 no Jums netiks pras\u012bta jebk\u0101da veida finansu inform\u0101cija. [&hellip;]\" \/>\n<meta property=\"og:url\" content=\"https:\/\/nikasport.eu\/lv\/datu-aizsardziba\/\" \/>\n<meta property=\"og:site_name\" content=\"NikaSport.eu\" \/>\n<meta property=\"article:publisher\" content=\"https:\/\/www.facebook.com\/nikasport.eu\" \/>\n<meta property=\"article:modified_time\" content=\"2026-02-03T19:27:42+00:00\" \/>\n<meta property=\"og:image\" content=\"https:\/\/nikasport.eu\/wp-content\/uploads\/2025\/10\/logo-268x50-1.png\" \/>\n\t<meta property=\"og:image:width\" content=\"268\" \/>\n\t<meta property=\"og:image:height\" content=\"50\" \/>\n\t<meta property=\"og:image:type\" content=\"image\/png\" \/>\n<meta name=\"twitter:card\" content=\"summary_large_image\" \/>\n<meta name=\"twitter:label1\" content=\"Est. reading time\" \/>\n\t<meta name=\"twitter:data1\" content=\"1 minute\" \/>\n<script type=\"application\/ld+json\" class=\"yoast-schema-graph\">{\"@context\":\"https:\/\/schema.org\",\"@graph\":[{\"@type\":\"WebPage\",\"@id\":\"https:\/\/nikasport.eu\/lv\/datu-aizsardziba\/\",\"url\":\"https:\/\/nikasport.eu\/lv\/datu-aizsardziba\/\",\"name\":\"Datu Aizsardz\u012bba | NikaSport.eu\",\"isPartOf\":{\"@id\":\"https:\/\/nikasport.eu\/lv\/#website\"},\"datePublished\":\"2024-05-22T11:29:27+00:00\",\"dateModified\":\"2026-02-03T19:27:42+00:00\",\"breadcrumb\":{\"@id\":\"https:\/\/nikasport.eu\/lv\/datu-aizsardziba\/#breadcrumb\"},\"inLanguage\":\"lv-LV\",\"potentialAction\":[{\"@type\":\"ReadAction\",\"target\":[\"https:\/\/nikasport.eu\/lv\/datu-aizsardziba\/\"]}]},{\"@type\":\"BreadcrumbList\",\"@id\":\"https:\/\/nikasport.eu\/lv\/datu-aizsardziba\/#breadcrumb\",\"itemListElement\":[{\"@type\":\"ListItem\",\"position\":1,\"name\":\"Home\",\"item\":\"https:\/\/nikasport.eu\/lv\/\"},{\"@type\":\"ListItem\",\"position\":2,\"name\":\"Datu Aizsardz\u012bba\"}]},{\"@type\":\"WebSite\",\"@id\":\"https:\/\/nikasport.eu\/lv\/#website\",\"url\":\"https:\/\/nikasport.eu\/lv\/\",\"name\":\"NikaSport.eu\",\"description\":\"Everything a Gymnast Needs | Rhythmic Gymnastics Equipment Online\",\"potentialAction\":[{\"@type\":\"SearchAction\",\"target\":{\"@type\":\"EntryPoint\",\"urlTemplate\":\"https:\/\/nikasport.eu\/lv\/?s={search_term_string}\"},\"query-input\":{\"@type\":\"PropertyValueSpecification\",\"valueRequired\":true,\"valueName\":\"search_term_string\"}}],\"inLanguage\":\"lv-LV\"}]}<\/script>\n<!-- \/ Yoast SEO plugin. -->","yoast_head_json":{"title":"Datu Aizsardz\u012bba | NikaSport.eu","robots":{"index":"index","follow":"follow","max-snippet":"max-snippet:-1","max-image-preview":"max-image-preview:large","max-video-preview":"max-video-preview:-1"},"canonical":"https:\/\/nikasport.eu\/lv\/datu-aizsardziba\/","og_locale":"lv_LV","og_type":"article","og_title":"Datu Aizsardz\u012bba | NikaSport.eu","og_description":"J\u016aSU DATU AIZSARDZ\u012aBA UN DRO\u0160\u012aBA IEP\u0112RKOTIES: M\u0113s augstu v\u0113rt\u0113jam J\u016bsu priv\u0101to datu dro\u0161\u012bbu. Re\u0123istr\u0101cijas datu apstr\u0101de notiks, iev\u0113rojot Fizisko personu datu aizsardz\u012bbas likuma pras\u012bbas, t\u0101p\u0113c: J\u016bsu sniegt\u0101 inform\u0101cija bez J\u016bsu piekri\u0161anas netiks nodota tre\u0161aj\u0101m person\u0101m vai ar\u012b izmantota k\u0101 cit\u0101di bez iepriek\u0161\u0113jas saska\u0146o\u0161anas ar Jums; Re\u0123istr\u0101cijas proces\u0101 no Jums netiks pras\u012bta jebk\u0101da veida finansu inform\u0101cija. [&hellip;]","og_url":"https:\/\/nikasport.eu\/lv\/datu-aizsardziba\/","og_site_name":"NikaSport.eu","article_publisher":"https:\/\/www.facebook.com\/nikasport.eu","article_modified_time":"2026-02-03T19:27:42+00:00","og_image":[{"width":268,"height":50,"url":"https:\/\/nikasport.eu\/wp-content\/uploads\/2025\/10\/logo-268x50-1.png","type":"image\/png"}],"twitter_card":"summary_large_image","twitter_misc":{"Est. reading time":"1 minute"},"schema":{"@context":"https:\/\/schema.org","@graph":[{"@type":"WebPage","@id":"https:\/\/nikasport.eu\/lv\/datu-aizsardziba\/","url":"https:\/\/nikasport.eu\/lv\/datu-aizsardziba\/","name":"Datu Aizsardz\u012bba | NikaSport.eu","isPartOf":{"@id":"https:\/\/nikasport.eu\/lv\/#website"},"datePublished":"2024-05-22T11:29:27+00:00","dateModified":"2026-02-03T19:27:42+00:00","breadcrumb":{"@id":"https:\/\/nikasport.eu\/lv\/datu-aizsardziba\/#breadcrumb"},"inLanguage":"lv-LV","potentialAction":[{"@type":"ReadAction","target":["https:\/\/nikasport.eu\/lv\/datu-aizsardziba\/"]}]},{"@type":"BreadcrumbList","@id":"https:\/\/nikasport.eu\/lv\/datu-aizsardziba\/#breadcrumb","itemListElement":[{"@type":"ListItem","position":1,"name":"Home","item":"https:\/\/nikasport.eu\/lv\/"},{"@type":"ListItem","position":2,"name":"Datu Aizsardz\u012bba"}]},{"@type":"WebSite","@id":"https:\/\/nikasport.eu\/lv\/#website","url":"https:\/\/nikasport.eu\/lv\/","name":"NikaSport.eu","description":"Everything a Gymnast Needs | Rhythmic Gymnastics Equipment Online","potentialAction":[{"@type":"SearchAction","target":{"@type":"EntryPoint","urlTemplate":"https:\/\/nikasport.eu\/lv\/?s={search_term_string}"},"query-input":{"@type":"PropertyValueSpecification","valueRequired":true,"valueName":"search_term_string"}}],"inLanguage":"lv-LV"}]}},"_links":{"self":[{"href":"https:\/\/nikasport.eu\/lv\/wp-json\/wp\/v2\/pages\/23087","targetHints":{"allow":["GET"]}}],"collection":[{"href":"https:\/\/nikasport.eu\/lv\/wp-json\/wp\/v2\/pages"}],"about":[{"href":"https:\/\/nikasport.eu\/lv\/wp-json\/wp\/v2\/types\/page"}],"author":[{"embeddable":true,"href":"https:\/\/nikasport.eu\/lv\/wp-json\/wp\/v2\/users\/1"}],"replies":[{"embeddable":true,"href":"https:\/\/nikasport.eu\/lv\/wp-json\/wp\/v2\/comments?post=23087"}],"version-history":[{"count":4,"href":"https:\/\/nikasport.eu\/lv\/wp-json\/wp\/v2\/pages\/23087\/revisions"}],"predecessor-version":[{"id":24262,"href":"https:\/\/nikasport.eu\/lv\/wp-json\/wp\/v2\/pages\/23087\/revisions\/24262"}],"wp:attachment":[{"href":"https:\/\/nikasport.eu\/lv\/wp-json\/wp\/v2\/media?parent=23087"}],"curies":[{"name":"wp","href":"https:\/\/api.w.org\/{rel}","templated":true}]}}