{"id":14098,"date":"2025-10-08T20:12:37","date_gmt":"2025-10-08T18:12:37","guid":{"rendered":"https:\/\/nikasport.eu\/?post_type=product&#038;p=14098"},"modified":"2025-12-04T15:10:38","modified_gmt":"2025-12-04T13:10:38","slug":"pastorelli-puscibinas-alcantara-izmers-xs-31-33","status":"publish","type":"product","link":"https:\/\/nikasport.eu\/lv\/pastorelli-puscibinas-alcantara-izmers-xs-31-33\/","title":{"rendered":"PASTORELLI Pus\u010d\u012bbi\u0146as ALCANTARA, izm\u0113rs XS (31-33)"},"content":{"rendered":"<p>PASTORELLI profesion\u0101las pus\u010d\u012bbi\u0146as no mikro\u0161\u0137iedras m\u0101kslas vingro\u0161anai.<\/p>\n<p>Pus\u010d\u012bbi\u0146as ir \u013coti \u0113rtas, m\u012bkstas un iztur\u012bgas.<\/p>\n<p>Piem\u0113rotas gan treni\u0146iem, gan sacens\u012bb\u0101m.<\/p>\n<p>Alcantara &#8211; re\u0123istr\u0113ta pre\u010du z\u012bme. Audums ir elast\u012bgs, ka ar\u012b \u0161\u012b auduma \u012bpatn\u012bba ir l\u012bdzsvars starp pl\u0101numu un iztur\u012bbu.<\/p>\n<p>Pateicoties maigumam un iztur\u012bbai, pus\u010d\u012bbi\u0146as ir lieliski piem\u0113rotas jebkurai p\u0113dai un ilgi saglab\u0101 formu.<\/p>\n<p><\/p>\n<p>Materi\u0101ls: alkantara<\/p>\n<p>Kr\u0101sa: b\u0113\u0161a<\/p>\n<p>Izm\u0113rs: XS (31-33)<\/p>\n","protected":false},"excerpt":{"rendered":"<p>121<\/p>\n","protected":false},"featured_media":14097,"template":"","meta":{"_gspb_post_css":""},"product_brand":[852],"product_cat":[554],"product_tag":[],"class_list":{"0":"post-14098","1":"product","2":"type-product","3":"status-publish","4":"has-post-thumbnail","6":"product_brand-pastorelli","7":"product_cat-rg-puscibinas-pastorelli-alcantara","9":"first","10":"instock","11":"taxable","12":"shipping-taxable","13":"purchasable","14":"product-type-simple"},"ct_brands":[{"id":852,"name":"PASTORELLI","slug":"pastorelli"}],"yoast_head":"<!-- This site is optimized with the Yoast SEO plugin v26.5 - https:\/\/yoast.com\/wordpress\/plugins\/seo\/ -->\n<title>PASTORELLI Pus\u010d\u012bbi\u0146as ALCANTARA, izm\u0113rs XS (31-33) | NikaSport.eu<\/title>\n<meta name=\"robots\" content=\"index, follow, max-snippet:-1, max-image-preview:large, max-video-preview:-1\" \/>\n<link rel=\"canonical\" href=\"https:\/\/nikasport.eu\/lv\/pastorelli-puscibinas-alcantara-izmers-xs-31-33\/\" \/>\n<meta property=\"og:locale\" content=\"lv_LV\" \/>\n<meta property=\"og:type\" content=\"article\" \/>\n<meta property=\"og:title\" content=\"PASTORELLI Pus\u010d\u012bbi\u0146as ALCANTARA, izm\u0113rs XS (31-33) | NikaSport.eu\" \/>\n<meta property=\"og:description\" content=\"121\" \/>\n<meta property=\"og:url\" content=\"https:\/\/nikasport.eu\/lv\/pastorelli-puscibinas-alcantara-izmers-xs-31-33\/\" \/>\n<meta property=\"og:site_name\" content=\"NikaSport.eu\" \/>\n<meta property=\"article:publisher\" content=\"https:\/\/www.facebook.com\/nikasport.eu\" \/>\n<meta property=\"article:modified_time\" content=\"2025-12-04T13:10:38+00:00\" \/>\n<meta property=\"og:image\" content=\"https:\/\/nikasport.eu\/wp-content\/uploads\/2025\/10\/NikaSport.eu-PASTORELLI-half-shoes-alcantara-1-1.png\" \/>\n\t<meta property=\"og:image:width\" content=\"500\" \/>\n\t<meta property=\"og:image:height\" content=\"500\" \/>\n\t<meta property=\"og:image:type\" content=\"image\/png\" \/>\n<meta name=\"twitter:card\" content=\"summary_large_image\" \/>\n<script type=\"application\/ld+json\" class=\"yoast-schema-graph\">{\"@context\":\"https:\/\/schema.org\",\"@graph\":[{\"@type\":\"WebPage\",\"@id\":\"https:\/\/nikasport.eu\/lv\/pastorelli-puscibinas-alcantara-izmers-xs-31-33\/\",\"url\":\"https:\/\/nikasport.eu\/lv\/pastorelli-puscibinas-alcantara-izmers-xs-31-33\/\",\"name\":\"PASTORELLI Pus\u010d\u012bbi\u0146as ALCANTARA, izm\u0113rs XS (31-33) | NikaSport.eu\",\"isPartOf\":{\"@id\":\"https:\/\/nikasport.eu\/lv\/#website\"},\"primaryImageOfPage\":{\"@id\":\"https:\/\/nikasport.eu\/lv\/pastorelli-puscibinas-alcantara-izmers-xs-31-33\/#primaryimage\"},\"image\":{\"@id\":\"https:\/\/nikasport.eu\/lv\/pastorelli-puscibinas-alcantara-izmers-xs-31-33\/#primaryimage\"},\"thumbnailUrl\":\"https:\/\/nikasport.eu\/wp-content\/uploads\/2025\/10\/NikaSport.eu-PASTORELLI-half-shoes-alcantara-1-1.png\",\"datePublished\":\"2025-10-08T18:12:37+00:00\",\"dateModified\":\"2025-12-04T13:10:38+00:00\",\"breadcrumb\":{\"@id\":\"https:\/\/nikasport.eu\/lv\/pastorelli-puscibinas-alcantara-izmers-xs-31-33\/#breadcrumb\"},\"inLanguage\":\"lv-LV\",\"potentialAction\":[{\"@type\":\"ReadAction\",\"target\":[\"https:\/\/nikasport.eu\/lv\/pastorelli-puscibinas-alcantara-izmers-xs-31-33\/\"]}]},{\"@type\":\"ImageObject\",\"inLanguage\":\"lv-LV\",\"@id\":\"https:\/\/nikasport.eu\/lv\/pastorelli-puscibinas-alcantara-izmers-xs-31-33\/#primaryimage\",\"url\":\"https:\/\/nikasport.eu\/wp-content\/uploads\/2025\/10\/NikaSport.eu-PASTORELLI-half-shoes-alcantara-1-1.png\",\"contentUrl\":\"https:\/\/nikasport.eu\/wp-content\/uploads\/2025\/10\/NikaSport.eu-PASTORELLI-half-shoes-alcantara-1-1.png\",\"width\":500,\"height\":500},{\"@type\":\"BreadcrumbList\",\"@id\":\"https:\/\/nikasport.eu\/lv\/pastorelli-puscibinas-alcantara-izmers-xs-31-33\/#breadcrumb\",\"itemListElement\":[{\"@type\":\"ListItem\",\"position\":1,\"name\":\"Home\",\"item\":\"https:\/\/nikasport.eu\/lv\/\"},{\"@type\":\"ListItem\",\"position\":2,\"name\":\"Preces\",\"item\":\"https:\/\/nikasport.eu\/lv\/shop\/\"},{\"@type\":\"ListItem\",\"position\":3,\"name\":\"Pus\u010d\u012bbi\u0146as\",\"item\":\"https:\/\/nikasport.eu\/lv\/makslas-vingrosanas-puscibinas\/\"},{\"@type\":\"ListItem\",\"position\":4,\"name\":\"Pus\u010d\u012bbi\u0146as PASTORELLI Alcantara\",\"item\":\"https:\/\/nikasport.eu\/lv\/rg-puscibinas-pastorelli-alcantara\/\"},{\"@type\":\"ListItem\",\"position\":5,\"name\":\"PASTORELLI Pus\u010d\u012bbi\u0146as ALCANTARA, izm\u0113rs XS (31-33)\"}]},{\"@type\":\"WebSite\",\"@id\":\"https:\/\/nikasport.eu\/lv\/#website\",\"url\":\"https:\/\/nikasport.eu\/lv\/\",\"name\":\"NikaSport.eu\",\"description\":\"Everything a Gymnast Needs | Rhythmic Gymnastics Equipment Online\",\"potentialAction\":[{\"@type\":\"SearchAction\",\"target\":{\"@type\":\"EntryPoint\",\"urlTemplate\":\"https:\/\/nikasport.eu\/lv\/?s={search_term_string}\"},\"query-input\":{\"@type\":\"PropertyValueSpecification\",\"valueRequired\":true,\"valueName\":\"search_term_string\"}}],\"inLanguage\":\"lv-LV\"}]}<\/script>\n<!-- \/ Yoast SEO plugin. -->","yoast_head_json":{"title":"PASTORELLI Pus\u010d\u012bbi\u0146as ALCANTARA, izm\u0113rs XS (31-33) | NikaSport.eu","robots":{"index":"index","follow":"follow","max-snippet":"max-snippet:-1","max-image-preview":"max-image-preview:large","max-video-preview":"max-video-preview:-1"},"canonical":"https:\/\/nikasport.eu\/lv\/pastorelli-puscibinas-alcantara-izmers-xs-31-33\/","og_locale":"lv_LV","og_type":"article","og_title":"PASTORELLI Pus\u010d\u012bbi\u0146as ALCANTARA, izm\u0113rs XS (31-33) | NikaSport.eu","og_description":"121","og_url":"https:\/\/nikasport.eu\/lv\/pastorelli-puscibinas-alcantara-izmers-xs-31-33\/","og_site_name":"NikaSport.eu","article_publisher":"https:\/\/www.facebook.com\/nikasport.eu","article_modified_time":"2025-12-04T13:10:38+00:00","og_image":[{"width":500,"height":500,"url":"https:\/\/nikasport.eu\/wp-content\/uploads\/2025\/10\/NikaSport.eu-PASTORELLI-half-shoes-alcantara-1-1.png","type":"image\/png"}],"twitter_card":"summary_large_image","schema":{"@context":"https:\/\/schema.org","@graph":[{"@type":"WebPage","@id":"https:\/\/nikasport.eu\/lv\/pastorelli-puscibinas-alcantara-izmers-xs-31-33\/","url":"https:\/\/nikasport.eu\/lv\/pastorelli-puscibinas-alcantara-izmers-xs-31-33\/","name":"PASTORELLI Pus\u010d\u012bbi\u0146as ALCANTARA, izm\u0113rs XS (31-33) | NikaSport.eu","isPartOf":{"@id":"https:\/\/nikasport.eu\/lv\/#website"},"primaryImageOfPage":{"@id":"https:\/\/nikasport.eu\/lv\/pastorelli-puscibinas-alcantara-izmers-xs-31-33\/#primaryimage"},"image":{"@id":"https:\/\/nikasport.eu\/lv\/pastorelli-puscibinas-alcantara-izmers-xs-31-33\/#primaryimage"},"thumbnailUrl":"https:\/\/nikasport.eu\/wp-content\/uploads\/2025\/10\/NikaSport.eu-PASTORELLI-half-shoes-alcantara-1-1.png","datePublished":"2025-10-08T18:12:37+00:00","dateModified":"2025-12-04T13:10:38+00:00","breadcrumb":{"@id":"https:\/\/nikasport.eu\/lv\/pastorelli-puscibinas-alcantara-izmers-xs-31-33\/#breadcrumb"},"inLanguage":"lv-LV","potentialAction":[{"@type":"ReadAction","target":["https:\/\/nikasport.eu\/lv\/pastorelli-puscibinas-alcantara-izmers-xs-31-33\/"]}]},{"@type":"ImageObject","inLanguage":"lv-LV","@id":"https:\/\/nikasport.eu\/lv\/pastorelli-puscibinas-alcantara-izmers-xs-31-33\/#primaryimage","url":"https:\/\/nikasport.eu\/wp-content\/uploads\/2025\/10\/NikaSport.eu-PASTORELLI-half-shoes-alcantara-1-1.png","contentUrl":"https:\/\/nikasport.eu\/wp-content\/uploads\/2025\/10\/NikaSport.eu-PASTORELLI-half-shoes-alcantara-1-1.png","width":500,"height":500},{"@type":"BreadcrumbList","@id":"https:\/\/nikasport.eu\/lv\/pastorelli-puscibinas-alcantara-izmers-xs-31-33\/#breadcrumb","itemListElement":[{"@type":"ListItem","position":1,"name":"Home","item":"https:\/\/nikasport.eu\/lv\/"},{"@type":"ListItem","position":2,"name":"Preces","item":"https:\/\/nikasport.eu\/lv\/shop\/"},{"@type":"ListItem","position":3,"name":"Pus\u010d\u012bbi\u0146as","item":"https:\/\/nikasport.eu\/lv\/makslas-vingrosanas-puscibinas\/"},{"@type":"ListItem","position":4,"name":"Pus\u010d\u012bbi\u0146as PASTORELLI Alcantara","item":"https:\/\/nikasport.eu\/lv\/rg-puscibinas-pastorelli-alcantara\/"},{"@type":"ListItem","position":5,"name":"PASTORELLI Pus\u010d\u012bbi\u0146as ALCANTARA, izm\u0113rs XS (31-33)"}]},{"@type":"WebSite","@id":"https:\/\/nikasport.eu\/lv\/#website","url":"https:\/\/nikasport.eu\/lv\/","name":"NikaSport.eu","description":"Everything a Gymnast Needs | Rhythmic Gymnastics Equipment Online","potentialAction":[{"@type":"SearchAction","target":{"@type":"EntryPoint","urlTemplate":"https:\/\/nikasport.eu\/lv\/?s={search_term_string}"},"query-input":{"@type":"PropertyValueSpecification","valueRequired":true,"valueName":"search_term_string"}}],"inLanguage":"lv-LV"}]}},"_links":{"self":[{"href":"https:\/\/nikasport.eu\/lv\/wp-json\/wp\/v2\/product\/14098","targetHints":{"allow":["GET"]}}],"collection":[{"href":"https:\/\/nikasport.eu\/lv\/wp-json\/wp\/v2\/product"}],"about":[{"href":"https:\/\/nikasport.eu\/lv\/wp-json\/wp\/v2\/types\/product"}],"wp:featuredmedia":[{"embeddable":true,"href":"https:\/\/nikasport.eu\/lv\/wp-json\/wp\/v2\/media\/14097"}],"wp:attachment":[{"href":"https:\/\/nikasport.eu\/lv\/wp-json\/wp\/v2\/media?parent=14098"}],"wp:term":[{"taxonomy":"product_brand","embeddable":true,"href":"https:\/\/nikasport.eu\/lv\/wp-json\/wp\/v2\/product_brand?post=14098"},{"taxonomy":"product_cat","embeddable":true,"href":"https:\/\/nikasport.eu\/lv\/wp-json\/wp\/v2\/product_cat?post=14098"},{"taxonomy":"product_tag","embeddable":true,"href":"https:\/\/nikasport.eu\/lv\/wp-json\/wp\/v2\/product_tag?post=14098"}],"curies":[{"name":"wp","href":"https:\/\/api.w.org\/{rel}","templated":true}]}}