{"id":14106,"date":"2025-10-08T20:12:45","date_gmt":"2025-10-08T18:12:45","guid":{"rendered":"https:\/\/nikasport.eu\/?post_type=product&#038;p=14106"},"modified":"2026-05-05T22:10:32","modified_gmt":"2026-05-05T20:10:32","slug":"puszekes-pastorelli-izmers-l-38-40","status":"publish","type":"product","link":"https:\/\/nikasport.eu\/lv\/puszekes-pastorelli-izmers-l-38-40\/","title":{"rendered":"Pusze\u0137es PASTORELLI, Izm\u0113rs L (38-40)"},"content":{"rendered":"<p>PASTORELLI profesion\u0101las elast\u012bgas pusze\u0137es m\u0101kslas vingro\u0161anai.<\/p>\n<p>Pusze\u0137es ir \u013coti \u0113rtas, m\u012bkstas un iztur\u012bgas, der jebkurai k\u0101jas formai.<\/p>\n<p>Piem\u0113rotas gan treni\u0146iem, gan sacens\u012bb\u0101m.<\/p>\n<p><\/p>\n<p>Materi\u0101ls: kokvilna un elast\u0101ns<\/p>\n<p>Kr\u0101sa: b\u0113\u0161a<\/p>\n<p>Izm\u0113rs: L (38-40)<\/p>\n","protected":false},"excerpt":{"rendered":"<p>128<\/p>\n","protected":false},"featured_media":14104,"template":"","meta":{"_gspb_post_css":""},"product_brand":[852],"product_cat":[555],"product_tag":[],"class_list":{"0":"post-14106","1":"product","2":"type-product","3":"status-publish","4":"has-post-thumbnail","6":"product_brand-pastorelli","7":"product_cat-rg-puscibinas-pastorelli-puszekes","9":"first","10":"instock","11":"taxable","12":"shipping-taxable","13":"purchasable","14":"product-type-simple"},"ct_brands":[{"id":852,"name":"PASTORELLI","slug":"pastorelli"}],"yoast_head":"<!-- This site is optimized with the Yoast SEO plugin v26.5 - https:\/\/yoast.com\/wordpress\/plugins\/seo\/ -->\n<title>Pusze\u0137es PASTORELLI, Izm\u0113rs L (38-40) | NikaSport.eu<\/title>\n<meta name=\"robots\" content=\"index, follow, max-snippet:-1, max-image-preview:large, max-video-preview:-1\" \/>\n<link rel=\"canonical\" href=\"https:\/\/nikasport.eu\/lv\/puszekes-pastorelli-izmers-l-38-40\/\" \/>\n<meta property=\"og:locale\" content=\"lv_LV\" \/>\n<meta property=\"og:type\" content=\"article\" \/>\n<meta property=\"og:title\" content=\"Pusze\u0137es PASTORELLI, Izm\u0113rs L (38-40) | NikaSport.eu\" \/>\n<meta property=\"og:description\" content=\"128\" \/>\n<meta property=\"og:url\" content=\"https:\/\/nikasport.eu\/lv\/puszekes-pastorelli-izmers-l-38-40\/\" \/>\n<meta property=\"og:site_name\" content=\"NikaSport.eu\" \/>\n<meta property=\"article:publisher\" content=\"https:\/\/www.facebook.com\/nikasport.eu\" \/>\n<meta property=\"article:modified_time\" content=\"2026-05-05T20:10:32+00:00\" \/>\n<meta property=\"og:image\" content=\"https:\/\/nikasport.eu\/wp-content\/uploads\/2025\/10\/NikaSport.eu-PASTORELLI-half-socks-1.png\" \/>\n\t<meta property=\"og:image:width\" content=\"500\" \/>\n\t<meta property=\"og:image:height\" content=\"500\" \/>\n\t<meta property=\"og:image:type\" content=\"image\/png\" \/>\n<meta name=\"twitter:card\" content=\"summary_large_image\" \/>\n<script type=\"application\/ld+json\" class=\"yoast-schema-graph\">{\"@context\":\"https:\/\/schema.org\",\"@graph\":[{\"@type\":\"WebPage\",\"@id\":\"https:\/\/nikasport.eu\/lv\/puszekes-pastorelli-izmers-l-38-40\/\",\"url\":\"https:\/\/nikasport.eu\/lv\/puszekes-pastorelli-izmers-l-38-40\/\",\"name\":\"Pusze\u0137es PASTORELLI, Izm\u0113rs L (38-40) | NikaSport.eu\",\"isPartOf\":{\"@id\":\"https:\/\/nikasport.eu\/lv\/#website\"},\"primaryImageOfPage\":{\"@id\":\"https:\/\/nikasport.eu\/lv\/puszekes-pastorelli-izmers-l-38-40\/#primaryimage\"},\"image\":{\"@id\":\"https:\/\/nikasport.eu\/lv\/puszekes-pastorelli-izmers-l-38-40\/#primaryimage\"},\"thumbnailUrl\":\"https:\/\/nikasport.eu\/wp-content\/uploads\/2025\/10\/NikaSport.eu-PASTORELLI-half-socks-1.png\",\"datePublished\":\"2025-10-08T18:12:45+00:00\",\"dateModified\":\"2026-05-05T20:10:32+00:00\",\"breadcrumb\":{\"@id\":\"https:\/\/nikasport.eu\/lv\/puszekes-pastorelli-izmers-l-38-40\/#breadcrumb\"},\"inLanguage\":\"lv-LV\",\"potentialAction\":[{\"@type\":\"ReadAction\",\"target\":[\"https:\/\/nikasport.eu\/lv\/puszekes-pastorelli-izmers-l-38-40\/\"]}]},{\"@type\":\"ImageObject\",\"inLanguage\":\"lv-LV\",\"@id\":\"https:\/\/nikasport.eu\/lv\/puszekes-pastorelli-izmers-l-38-40\/#primaryimage\",\"url\":\"https:\/\/nikasport.eu\/wp-content\/uploads\/2025\/10\/NikaSport.eu-PASTORELLI-half-socks-1.png\",\"contentUrl\":\"https:\/\/nikasport.eu\/wp-content\/uploads\/2025\/10\/NikaSport.eu-PASTORELLI-half-socks-1.png\",\"width\":500,\"height\":500},{\"@type\":\"BreadcrumbList\",\"@id\":\"https:\/\/nikasport.eu\/lv\/puszekes-pastorelli-izmers-l-38-40\/#breadcrumb\",\"itemListElement\":[{\"@type\":\"ListItem\",\"position\":1,\"name\":\"Home\",\"item\":\"https:\/\/nikasport.eu\/lv\/\"},{\"@type\":\"ListItem\",\"position\":2,\"name\":\"Preces\",\"item\":\"https:\/\/nikasport.eu\/lv\/shop\/\"},{\"@type\":\"ListItem\",\"position\":3,\"name\":\"Pus\u010d\u012bbi\u0146as\",\"item\":\"https:\/\/nikasport.eu\/lv\/makslas-vingrosanas-puscibinas\/\"},{\"@type\":\"ListItem\",\"position\":4,\"name\":\"Pusze\u0137es PASTORELLI\",\"item\":\"https:\/\/nikasport.eu\/lv\/rg-puscibinas-pastorelli-puszekes\/\"},{\"@type\":\"ListItem\",\"position\":5,\"name\":\"Pusze\u0137es PASTORELLI, Izm\u0113rs L (38-40)\"}]},{\"@type\":\"WebSite\",\"@id\":\"https:\/\/nikasport.eu\/lv\/#website\",\"url\":\"https:\/\/nikasport.eu\/lv\/\",\"name\":\"NikaSport.eu\",\"description\":\"Everything a Gymnast Needs | Rhythmic Gymnastics Equipment Online\",\"potentialAction\":[{\"@type\":\"SearchAction\",\"target\":{\"@type\":\"EntryPoint\",\"urlTemplate\":\"https:\/\/nikasport.eu\/lv\/?s={search_term_string}\"},\"query-input\":{\"@type\":\"PropertyValueSpecification\",\"valueRequired\":true,\"valueName\":\"search_term_string\"}}],\"inLanguage\":\"lv-LV\"}]}<\/script>\n<!-- \/ Yoast SEO plugin. -->","yoast_head_json":{"title":"Pusze\u0137es PASTORELLI, Izm\u0113rs L (38-40) | NikaSport.eu","robots":{"index":"index","follow":"follow","max-snippet":"max-snippet:-1","max-image-preview":"max-image-preview:large","max-video-preview":"max-video-preview:-1"},"canonical":"https:\/\/nikasport.eu\/lv\/puszekes-pastorelli-izmers-l-38-40\/","og_locale":"lv_LV","og_type":"article","og_title":"Pusze\u0137es PASTORELLI, Izm\u0113rs L (38-40) | NikaSport.eu","og_description":"128","og_url":"https:\/\/nikasport.eu\/lv\/puszekes-pastorelli-izmers-l-38-40\/","og_site_name":"NikaSport.eu","article_publisher":"https:\/\/www.facebook.com\/nikasport.eu","article_modified_time":"2026-05-05T20:10:32+00:00","og_image":[{"width":500,"height":500,"url":"https:\/\/nikasport.eu\/wp-content\/uploads\/2025\/10\/NikaSport.eu-PASTORELLI-half-socks-1.png","type":"image\/png"}],"twitter_card":"summary_large_image","schema":{"@context":"https:\/\/schema.org","@graph":[{"@type":"WebPage","@id":"https:\/\/nikasport.eu\/lv\/puszekes-pastorelli-izmers-l-38-40\/","url":"https:\/\/nikasport.eu\/lv\/puszekes-pastorelli-izmers-l-38-40\/","name":"Pusze\u0137es PASTORELLI, Izm\u0113rs L (38-40) | NikaSport.eu","isPartOf":{"@id":"https:\/\/nikasport.eu\/lv\/#website"},"primaryImageOfPage":{"@id":"https:\/\/nikasport.eu\/lv\/puszekes-pastorelli-izmers-l-38-40\/#primaryimage"},"image":{"@id":"https:\/\/nikasport.eu\/lv\/puszekes-pastorelli-izmers-l-38-40\/#primaryimage"},"thumbnailUrl":"https:\/\/nikasport.eu\/wp-content\/uploads\/2025\/10\/NikaSport.eu-PASTORELLI-half-socks-1.png","datePublished":"2025-10-08T18:12:45+00:00","dateModified":"2026-05-05T20:10:32+00:00","breadcrumb":{"@id":"https:\/\/nikasport.eu\/lv\/puszekes-pastorelli-izmers-l-38-40\/#breadcrumb"},"inLanguage":"lv-LV","potentialAction":[{"@type":"ReadAction","target":["https:\/\/nikasport.eu\/lv\/puszekes-pastorelli-izmers-l-38-40\/"]}]},{"@type":"ImageObject","inLanguage":"lv-LV","@id":"https:\/\/nikasport.eu\/lv\/puszekes-pastorelli-izmers-l-38-40\/#primaryimage","url":"https:\/\/nikasport.eu\/wp-content\/uploads\/2025\/10\/NikaSport.eu-PASTORELLI-half-socks-1.png","contentUrl":"https:\/\/nikasport.eu\/wp-content\/uploads\/2025\/10\/NikaSport.eu-PASTORELLI-half-socks-1.png","width":500,"height":500},{"@type":"BreadcrumbList","@id":"https:\/\/nikasport.eu\/lv\/puszekes-pastorelli-izmers-l-38-40\/#breadcrumb","itemListElement":[{"@type":"ListItem","position":1,"name":"Home","item":"https:\/\/nikasport.eu\/lv\/"},{"@type":"ListItem","position":2,"name":"Preces","item":"https:\/\/nikasport.eu\/lv\/shop\/"},{"@type":"ListItem","position":3,"name":"Pus\u010d\u012bbi\u0146as","item":"https:\/\/nikasport.eu\/lv\/makslas-vingrosanas-puscibinas\/"},{"@type":"ListItem","position":4,"name":"Pusze\u0137es PASTORELLI","item":"https:\/\/nikasport.eu\/lv\/rg-puscibinas-pastorelli-puszekes\/"},{"@type":"ListItem","position":5,"name":"Pusze\u0137es PASTORELLI, Izm\u0113rs L (38-40)"}]},{"@type":"WebSite","@id":"https:\/\/nikasport.eu\/lv\/#website","url":"https:\/\/nikasport.eu\/lv\/","name":"NikaSport.eu","description":"Everything a Gymnast Needs | Rhythmic Gymnastics Equipment Online","potentialAction":[{"@type":"SearchAction","target":{"@type":"EntryPoint","urlTemplate":"https:\/\/nikasport.eu\/lv\/?s={search_term_string}"},"query-input":{"@type":"PropertyValueSpecification","valueRequired":true,"valueName":"search_term_string"}}],"inLanguage":"lv-LV"}]}},"_links":{"self":[{"href":"https:\/\/nikasport.eu\/lv\/wp-json\/wp\/v2\/product\/14106","targetHints":{"allow":["GET"]}}],"collection":[{"href":"https:\/\/nikasport.eu\/lv\/wp-json\/wp\/v2\/product"}],"about":[{"href":"https:\/\/nikasport.eu\/lv\/wp-json\/wp\/v2\/types\/product"}],"wp:featuredmedia":[{"embeddable":true,"href":"https:\/\/nikasport.eu\/lv\/wp-json\/wp\/v2\/media\/14104"}],"wp:attachment":[{"href":"https:\/\/nikasport.eu\/lv\/wp-json\/wp\/v2\/media?parent=14106"}],"wp:term":[{"taxonomy":"product_brand","embeddable":true,"href":"https:\/\/nikasport.eu\/lv\/wp-json\/wp\/v2\/product_brand?post=14106"},{"taxonomy":"product_cat","embeddable":true,"href":"https:\/\/nikasport.eu\/lv\/wp-json\/wp\/v2\/product_cat?post=14106"},{"taxonomy":"product_tag","embeddable":true,"href":"https:\/\/nikasport.eu\/lv\/wp-json\/wp\/v2\/product_tag?post=14106"}],"curies":[{"name":"wp","href":"https:\/\/api.w.org\/{rel}","templated":true}]}}