{"id":14163,"date":"2025-10-08T20:13:23","date_gmt":"2025-10-08T18:13:23","guid":{"rendered":"https:\/\/nikasport.eu\/?post_type=product&#038;p=14163"},"modified":"2025-10-08T21:20:02","modified_gmt":"2025-10-08T19:20:02","slug":"limlente-pastorelli-laser-fluo-oranza","status":"publish","type":"product","link":"https:\/\/nikasport.eu\/lv\/limlente-pastorelli-laser-fluo-oranza\/","title":{"rendered":"L\u012bmlente PASTORELLI LASER Fluo Oran\u017ea"},"content":{"rendered":"<p>L\u012bmlente m\u0101kslas vingro\u0161anai priek\u0161 ap\u013ciem un v\u0101l\u0113m no PASTORELLI.<\/p>\n<p>Pietiek ar vienu rulli, lai apt\u012btu vienu apli ar diametru 90 cm.<\/p>\n<p>L\u012bmlente rada daudzkr\u0101sainu efektu.<\/p>\n<p>Ieteicams p\u0101rkl\u0101t ar caursp\u012bd\u012bgu l\u012bmlenti, lai palielin\u0101tu kr\u0101sainas l\u012bmlentes izmanto\u0161anas termi\u0146u.<\/p>\n<p><\/p>\n<p>Modelis: Laser<\/p>\n<p>Garums: 11,4 m<\/p>\n<p>Platums: 1,9 cm<\/p>\n<p>Kr\u0101sa: fluo oran\u017ea<\/p>\n","protected":false},"excerpt":{"rendered":"<p>162<\/p>\n","protected":false},"featured_media":14164,"template":"","meta":{"_gspb_post_css":""},"product_brand":[852],"product_cat":[544],"product_tag":[],"class_list":{"0":"post-14163","1":"product","2":"type-product","3":"status-publish","4":"has-post-thumbnail","6":"product_brand-pastorelli","7":"product_cat-rg-limlentes-pastorelli-laser","9":"first","10":"instock","11":"taxable","12":"shipping-taxable","13":"purchasable","14":"product-type-simple"},"ct_brands":[{"id":852,"name":"PASTORELLI","slug":"pastorelli"}],"yoast_head":"<!-- This site is optimized with the Yoast SEO plugin v26.5 - https:\/\/yoast.com\/wordpress\/plugins\/seo\/ -->\n<title>L\u012bmlente PASTORELLI LASER Fluo Oran\u017ea | NikaSport.eu<\/title>\n<meta name=\"robots\" content=\"index, follow, max-snippet:-1, max-image-preview:large, max-video-preview:-1\" \/>\n<link rel=\"canonical\" href=\"https:\/\/nikasport.eu\/lv\/limlente-pastorelli-laser-fluo-oranza\/\" \/>\n<meta property=\"og:locale\" content=\"lv_LV\" \/>\n<meta property=\"og:type\" content=\"article\" \/>\n<meta property=\"og:title\" content=\"L\u012bmlente PASTORELLI LASER Fluo Oran\u017ea | NikaSport.eu\" \/>\n<meta property=\"og:description\" content=\"162\" \/>\n<meta property=\"og:url\" content=\"https:\/\/nikasport.eu\/lv\/limlente-pastorelli-laser-fluo-oranza\/\" \/>\n<meta property=\"og:site_name\" content=\"NikaSport.eu\" \/>\n<meta property=\"article:publisher\" content=\"https:\/\/www.facebook.com\/nikasport.eu\" \/>\n<meta property=\"article:modified_time\" content=\"2025-10-08T19:20:02+00:00\" \/>\n<meta property=\"og:image\" content=\"https:\/\/nikasport.eu\/wp-content\/uploads\/2025\/10\/NikaSport.eu-PASTORELLI-tape-LASER-02711-2-1.png\" \/>\n\t<meta property=\"og:image:width\" content=\"500\" \/>\n\t<meta property=\"og:image:height\" content=\"500\" \/>\n\t<meta property=\"og:image:type\" content=\"image\/png\" \/>\n<meta name=\"twitter:card\" content=\"summary_large_image\" \/>\n<script type=\"application\/ld+json\" class=\"yoast-schema-graph\">{\"@context\":\"https:\/\/schema.org\",\"@graph\":[{\"@type\":\"WebPage\",\"@id\":\"https:\/\/nikasport.eu\/lv\/limlente-pastorelli-laser-fluo-oranza\/\",\"url\":\"https:\/\/nikasport.eu\/lv\/limlente-pastorelli-laser-fluo-oranza\/\",\"name\":\"L\u012bmlente PASTORELLI LASER Fluo Oran\u017ea | NikaSport.eu\",\"isPartOf\":{\"@id\":\"https:\/\/nikasport.eu\/lv\/#website\"},\"primaryImageOfPage\":{\"@id\":\"https:\/\/nikasport.eu\/lv\/limlente-pastorelli-laser-fluo-oranza\/#primaryimage\"},\"image\":{\"@id\":\"https:\/\/nikasport.eu\/lv\/limlente-pastorelli-laser-fluo-oranza\/#primaryimage\"},\"thumbnailUrl\":\"https:\/\/nikasport.eu\/wp-content\/uploads\/2025\/10\/NikaSport.eu-PASTORELLI-tape-LASER-02711-2-1.png\",\"datePublished\":\"2025-10-08T18:13:23+00:00\",\"dateModified\":\"2025-10-08T19:20:02+00:00\",\"breadcrumb\":{\"@id\":\"https:\/\/nikasport.eu\/lv\/limlente-pastorelli-laser-fluo-oranza\/#breadcrumb\"},\"inLanguage\":\"lv-LV\",\"potentialAction\":[{\"@type\":\"ReadAction\",\"target\":[\"https:\/\/nikasport.eu\/lv\/limlente-pastorelli-laser-fluo-oranza\/\"]}]},{\"@type\":\"ImageObject\",\"inLanguage\":\"lv-LV\",\"@id\":\"https:\/\/nikasport.eu\/lv\/limlente-pastorelli-laser-fluo-oranza\/#primaryimage\",\"url\":\"https:\/\/nikasport.eu\/wp-content\/uploads\/2025\/10\/NikaSport.eu-PASTORELLI-tape-LASER-02711-2-1.png\",\"contentUrl\":\"https:\/\/nikasport.eu\/wp-content\/uploads\/2025\/10\/NikaSport.eu-PASTORELLI-tape-LASER-02711-2-1.png\",\"width\":500,\"height\":500},{\"@type\":\"BreadcrumbList\",\"@id\":\"https:\/\/nikasport.eu\/lv\/limlente-pastorelli-laser-fluo-oranza\/#breadcrumb\",\"itemListElement\":[{\"@type\":\"ListItem\",\"position\":1,\"name\":\"Home\",\"item\":\"https:\/\/nikasport.eu\/lv\/\"},{\"@type\":\"ListItem\",\"position\":2,\"name\":\"Preces\",\"item\":\"https:\/\/nikasport.eu\/lv\/shop\/\"},{\"@type\":\"ListItem\",\"position\":3,\"name\":\"L\u012bmlentes\",\"item\":\"https:\/\/nikasport.eu\/lv\/makslas-vingrosanas-limlentes\/\"},{\"@type\":\"ListItem\",\"position\":4,\"name\":\"L\u012bmlente PASTORELLI Laser\",\"item\":\"https:\/\/nikasport.eu\/lv\/rg-limlentes-pastorelli-laser\/\"},{\"@type\":\"ListItem\",\"position\":5,\"name\":\"L\u012bmlente PASTORELLI LASER Fluo Oran\u017ea\"}]},{\"@type\":\"WebSite\",\"@id\":\"https:\/\/nikasport.eu\/lv\/#website\",\"url\":\"https:\/\/nikasport.eu\/lv\/\",\"name\":\"NikaSport.eu\",\"description\":\"Everything a Gymnast Needs | Rhythmic Gymnastics Equipment Online\",\"potentialAction\":[{\"@type\":\"SearchAction\",\"target\":{\"@type\":\"EntryPoint\",\"urlTemplate\":\"https:\/\/nikasport.eu\/lv\/?s={search_term_string}\"},\"query-input\":{\"@type\":\"PropertyValueSpecification\",\"valueRequired\":true,\"valueName\":\"search_term_string\"}}],\"inLanguage\":\"lv-LV\"}]}<\/script>\n<!-- \/ Yoast SEO plugin. -->","yoast_head_json":{"title":"L\u012bmlente PASTORELLI LASER Fluo Oran\u017ea | NikaSport.eu","robots":{"index":"index","follow":"follow","max-snippet":"max-snippet:-1","max-image-preview":"max-image-preview:large","max-video-preview":"max-video-preview:-1"},"canonical":"https:\/\/nikasport.eu\/lv\/limlente-pastorelli-laser-fluo-oranza\/","og_locale":"lv_LV","og_type":"article","og_title":"L\u012bmlente PASTORELLI LASER Fluo Oran\u017ea | NikaSport.eu","og_description":"162","og_url":"https:\/\/nikasport.eu\/lv\/limlente-pastorelli-laser-fluo-oranza\/","og_site_name":"NikaSport.eu","article_publisher":"https:\/\/www.facebook.com\/nikasport.eu","article_modified_time":"2025-10-08T19:20:02+00:00","og_image":[{"width":500,"height":500,"url":"https:\/\/nikasport.eu\/wp-content\/uploads\/2025\/10\/NikaSport.eu-PASTORELLI-tape-LASER-02711-2-1.png","type":"image\/png"}],"twitter_card":"summary_large_image","schema":{"@context":"https:\/\/schema.org","@graph":[{"@type":"WebPage","@id":"https:\/\/nikasport.eu\/lv\/limlente-pastorelli-laser-fluo-oranza\/","url":"https:\/\/nikasport.eu\/lv\/limlente-pastorelli-laser-fluo-oranza\/","name":"L\u012bmlente PASTORELLI LASER Fluo Oran\u017ea | NikaSport.eu","isPartOf":{"@id":"https:\/\/nikasport.eu\/lv\/#website"},"primaryImageOfPage":{"@id":"https:\/\/nikasport.eu\/lv\/limlente-pastorelli-laser-fluo-oranza\/#primaryimage"},"image":{"@id":"https:\/\/nikasport.eu\/lv\/limlente-pastorelli-laser-fluo-oranza\/#primaryimage"},"thumbnailUrl":"https:\/\/nikasport.eu\/wp-content\/uploads\/2025\/10\/NikaSport.eu-PASTORELLI-tape-LASER-02711-2-1.png","datePublished":"2025-10-08T18:13:23+00:00","dateModified":"2025-10-08T19:20:02+00:00","breadcrumb":{"@id":"https:\/\/nikasport.eu\/lv\/limlente-pastorelli-laser-fluo-oranza\/#breadcrumb"},"inLanguage":"lv-LV","potentialAction":[{"@type":"ReadAction","target":["https:\/\/nikasport.eu\/lv\/limlente-pastorelli-laser-fluo-oranza\/"]}]},{"@type":"ImageObject","inLanguage":"lv-LV","@id":"https:\/\/nikasport.eu\/lv\/limlente-pastorelli-laser-fluo-oranza\/#primaryimage","url":"https:\/\/nikasport.eu\/wp-content\/uploads\/2025\/10\/NikaSport.eu-PASTORELLI-tape-LASER-02711-2-1.png","contentUrl":"https:\/\/nikasport.eu\/wp-content\/uploads\/2025\/10\/NikaSport.eu-PASTORELLI-tape-LASER-02711-2-1.png","width":500,"height":500},{"@type":"BreadcrumbList","@id":"https:\/\/nikasport.eu\/lv\/limlente-pastorelli-laser-fluo-oranza\/#breadcrumb","itemListElement":[{"@type":"ListItem","position":1,"name":"Home","item":"https:\/\/nikasport.eu\/lv\/"},{"@type":"ListItem","position":2,"name":"Preces","item":"https:\/\/nikasport.eu\/lv\/shop\/"},{"@type":"ListItem","position":3,"name":"L\u012bmlentes","item":"https:\/\/nikasport.eu\/lv\/makslas-vingrosanas-limlentes\/"},{"@type":"ListItem","position":4,"name":"L\u012bmlente PASTORELLI Laser","item":"https:\/\/nikasport.eu\/lv\/rg-limlentes-pastorelli-laser\/"},{"@type":"ListItem","position":5,"name":"L\u012bmlente PASTORELLI LASER Fluo Oran\u017ea"}]},{"@type":"WebSite","@id":"https:\/\/nikasport.eu\/lv\/#website","url":"https:\/\/nikasport.eu\/lv\/","name":"NikaSport.eu","description":"Everything a Gymnast Needs | Rhythmic Gymnastics Equipment Online","potentialAction":[{"@type":"SearchAction","target":{"@type":"EntryPoint","urlTemplate":"https:\/\/nikasport.eu\/lv\/?s={search_term_string}"},"query-input":{"@type":"PropertyValueSpecification","valueRequired":true,"valueName":"search_term_string"}}],"inLanguage":"lv-LV"}]}},"_links":{"self":[{"href":"https:\/\/nikasport.eu\/lv\/wp-json\/wp\/v2\/product\/14163","targetHints":{"allow":["GET"]}}],"collection":[{"href":"https:\/\/nikasport.eu\/lv\/wp-json\/wp\/v2\/product"}],"about":[{"href":"https:\/\/nikasport.eu\/lv\/wp-json\/wp\/v2\/types\/product"}],"wp:featuredmedia":[{"embeddable":true,"href":"https:\/\/nikasport.eu\/lv\/wp-json\/wp\/v2\/media\/14164"}],"wp:attachment":[{"href":"https:\/\/nikasport.eu\/lv\/wp-json\/wp\/v2\/media?parent=14163"}],"wp:term":[{"taxonomy":"product_brand","embeddable":true,"href":"https:\/\/nikasport.eu\/lv\/wp-json\/wp\/v2\/product_brand?post=14163"},{"taxonomy":"product_cat","embeddable":true,"href":"https:\/\/nikasport.eu\/lv\/wp-json\/wp\/v2\/product_cat?post=14163"},{"taxonomy":"product_tag","embeddable":true,"href":"https:\/\/nikasport.eu\/lv\/wp-json\/wp\/v2\/product_tag?post=14163"}],"curies":[{"name":"wp","href":"https:\/\/api.w.org\/{rel}","templated":true}]}}