{"id":14191,"date":"2025-10-08T20:13:44","date_gmt":"2025-10-08T18:13:44","guid":{"rendered":"https:\/\/nikasport.eu\/?post_type=product&#038;p=14191"},"modified":"2025-10-08T21:20:28","modified_gmt":"2025-10-08T19:20:28","slug":"piekarins-sasaki-puscibinas-ms-11-p-roza","status":"publish","type":"product","link":"https:\/\/nikasport.eu\/lv\/piekarins-sasaki-puscibinas-ms-11-p-roza\/","title":{"rendered":"Piekari\u0146\u0161 SASAKI &#8220;Pus\u010d\u012bbi\u0146as&#8221; MS-11 P  (Roz\u0101)"},"content":{"rendered":"<p>Piekari\u0146\u0161 &#8220;pus\u010d\u012bbi\u0146as&#8221; no SASAKI.<\/p>\n<p>Kr\u0101sa: roz\u0101<\/p>\n","protected":false},"excerpt":{"rendered":"<p>193<\/p>\n","protected":false},"featured_media":14192,"template":"","meta":{"_gspb_post_css":""},"product_brand":[846],"product_cat":[578],"product_tag":[],"class_list":{"0":"post-14191","1":"product","2":"type-product","3":"status-publish","4":"has-post-thumbnail","6":"product_brand-sasaki","7":"product_cat-rg-aksesuar-piekarini","9":"first","10":"outofstock","11":"taxable","12":"shipping-taxable","13":"purchasable","14":"product-type-simple"},"ct_brands":[{"id":846,"name":"SASAKI","slug":"sasaki"}],"yoast_head":"<!-- This site is optimized with the Yoast SEO plugin v26.5 - https:\/\/yoast.com\/wordpress\/plugins\/seo\/ -->\n<title>Piekari\u0146\u0161 SASAKI &quot;Pus\u010d\u012bbi\u0146as&quot; MS-11 P (Roz\u0101) | NikaSport.eu<\/title>\n<meta name=\"robots\" content=\"index, follow, max-snippet:-1, max-image-preview:large, max-video-preview:-1\" \/>\n<link rel=\"canonical\" href=\"https:\/\/nikasport.eu\/lv\/piekarins-sasaki-puscibinas-ms-11-p-roza\/\" \/>\n<meta property=\"og:locale\" content=\"lv_LV\" \/>\n<meta property=\"og:type\" content=\"article\" \/>\n<meta property=\"og:title\" content=\"Piekari\u0146\u0161 SASAKI &quot;Pus\u010d\u012bbi\u0146as&quot; MS-11 P (Roz\u0101) | NikaSport.eu\" \/>\n<meta property=\"og:description\" content=\"193\" \/>\n<meta property=\"og:url\" content=\"https:\/\/nikasport.eu\/lv\/piekarins-sasaki-puscibinas-ms-11-p-roza\/\" \/>\n<meta property=\"og:site_name\" content=\"NikaSport.eu\" \/>\n<meta property=\"article:publisher\" content=\"https:\/\/www.facebook.com\/nikasport.eu\" \/>\n<meta property=\"article:modified_time\" content=\"2025-10-08T19:20:28+00:00\" \/>\n<meta property=\"og:image\" content=\"https:\/\/nikasport.eu\/wp-content\/uploads\/2025\/10\/Mini-Key-Half-Shoe-MS-11-P-0-1.png\" \/>\n\t<meta property=\"og:image:width\" content=\"599\" \/>\n\t<meta property=\"og:image:height\" content=\"484\" \/>\n\t<meta property=\"og:image:type\" content=\"image\/png\" \/>\n<meta name=\"twitter:card\" content=\"summary_large_image\" \/>\n<script type=\"application\/ld+json\" class=\"yoast-schema-graph\">{\"@context\":\"https:\/\/schema.org\",\"@graph\":[{\"@type\":\"WebPage\",\"@id\":\"https:\/\/nikasport.eu\/lv\/piekarins-sasaki-puscibinas-ms-11-p-roza\/\",\"url\":\"https:\/\/nikasport.eu\/lv\/piekarins-sasaki-puscibinas-ms-11-p-roza\/\",\"name\":\"Piekari\u0146\u0161 SASAKI \\\"Pus\u010d\u012bbi\u0146as\\\" MS-11 P (Roz\u0101) | NikaSport.eu\",\"isPartOf\":{\"@id\":\"https:\/\/nikasport.eu\/lv\/#website\"},\"primaryImageOfPage\":{\"@id\":\"https:\/\/nikasport.eu\/lv\/piekarins-sasaki-puscibinas-ms-11-p-roza\/#primaryimage\"},\"image\":{\"@id\":\"https:\/\/nikasport.eu\/lv\/piekarins-sasaki-puscibinas-ms-11-p-roza\/#primaryimage\"},\"thumbnailUrl\":\"https:\/\/nikasport.eu\/wp-content\/uploads\/2025\/10\/Mini-Key-Half-Shoe-MS-11-P-0-1.png\",\"datePublished\":\"2025-10-08T18:13:44+00:00\",\"dateModified\":\"2025-10-08T19:20:28+00:00\",\"breadcrumb\":{\"@id\":\"https:\/\/nikasport.eu\/lv\/piekarins-sasaki-puscibinas-ms-11-p-roza\/#breadcrumb\"},\"inLanguage\":\"lv-LV\",\"potentialAction\":[{\"@type\":\"ReadAction\",\"target\":[\"https:\/\/nikasport.eu\/lv\/piekarins-sasaki-puscibinas-ms-11-p-roza\/\"]}]},{\"@type\":\"ImageObject\",\"inLanguage\":\"lv-LV\",\"@id\":\"https:\/\/nikasport.eu\/lv\/piekarins-sasaki-puscibinas-ms-11-p-roza\/#primaryimage\",\"url\":\"https:\/\/nikasport.eu\/wp-content\/uploads\/2025\/10\/Mini-Key-Half-Shoe-MS-11-P-0-1.png\",\"contentUrl\":\"https:\/\/nikasport.eu\/wp-content\/uploads\/2025\/10\/Mini-Key-Half-Shoe-MS-11-P-0-1.png\",\"width\":599,\"height\":484},{\"@type\":\"BreadcrumbList\",\"@id\":\"https:\/\/nikasport.eu\/lv\/piekarins-sasaki-puscibinas-ms-11-p-roza\/#breadcrumb\",\"itemListElement\":[{\"@type\":\"ListItem\",\"position\":1,\"name\":\"Home\",\"item\":\"https:\/\/nikasport.eu\/lv\/\"},{\"@type\":\"ListItem\",\"position\":2,\"name\":\"Preces\",\"item\":\"https:\/\/nikasport.eu\/lv\/shop\/\"},{\"@type\":\"ListItem\",\"position\":3,\"name\":\"Aksesu\u0101ri\",\"item\":\"https:\/\/nikasport.eu\/lv\/makslas-vingrosanas-aksesuari\/\"},{\"@type\":\"ListItem\",\"position\":4,\"name\":\"Piekari\u0146i\",\"item\":\"https:\/\/nikasport.eu\/lv\/rg-aksesuar-piekarini\/\"},{\"@type\":\"ListItem\",\"position\":5,\"name\":\"Piekari\u0146\u0161 SASAKI &#8220;Pus\u010d\u012bbi\u0146as&#8221; MS-11 P (Roz\u0101)\"}]},{\"@type\":\"WebSite\",\"@id\":\"https:\/\/nikasport.eu\/lv\/#website\",\"url\":\"https:\/\/nikasport.eu\/lv\/\",\"name\":\"NikaSport.eu\",\"description\":\"Everything a Gymnast Needs | Rhythmic Gymnastics Equipment Online\",\"potentialAction\":[{\"@type\":\"SearchAction\",\"target\":{\"@type\":\"EntryPoint\",\"urlTemplate\":\"https:\/\/nikasport.eu\/lv\/?s={search_term_string}\"},\"query-input\":{\"@type\":\"PropertyValueSpecification\",\"valueRequired\":true,\"valueName\":\"search_term_string\"}}],\"inLanguage\":\"lv-LV\"}]}<\/script>\n<!-- \/ Yoast SEO plugin. -->","yoast_head_json":{"title":"Piekari\u0146\u0161 SASAKI \"Pus\u010d\u012bbi\u0146as\" MS-11 P (Roz\u0101) | NikaSport.eu","robots":{"index":"index","follow":"follow","max-snippet":"max-snippet:-1","max-image-preview":"max-image-preview:large","max-video-preview":"max-video-preview:-1"},"canonical":"https:\/\/nikasport.eu\/lv\/piekarins-sasaki-puscibinas-ms-11-p-roza\/","og_locale":"lv_LV","og_type":"article","og_title":"Piekari\u0146\u0161 SASAKI \"Pus\u010d\u012bbi\u0146as\" MS-11 P (Roz\u0101) | NikaSport.eu","og_description":"193","og_url":"https:\/\/nikasport.eu\/lv\/piekarins-sasaki-puscibinas-ms-11-p-roza\/","og_site_name":"NikaSport.eu","article_publisher":"https:\/\/www.facebook.com\/nikasport.eu","article_modified_time":"2025-10-08T19:20:28+00:00","og_image":[{"width":599,"height":484,"url":"https:\/\/nikasport.eu\/wp-content\/uploads\/2025\/10\/Mini-Key-Half-Shoe-MS-11-P-0-1.png","type":"image\/png"}],"twitter_card":"summary_large_image","schema":{"@context":"https:\/\/schema.org","@graph":[{"@type":"WebPage","@id":"https:\/\/nikasport.eu\/lv\/piekarins-sasaki-puscibinas-ms-11-p-roza\/","url":"https:\/\/nikasport.eu\/lv\/piekarins-sasaki-puscibinas-ms-11-p-roza\/","name":"Piekari\u0146\u0161 SASAKI \"Pus\u010d\u012bbi\u0146as\" MS-11 P (Roz\u0101) | NikaSport.eu","isPartOf":{"@id":"https:\/\/nikasport.eu\/lv\/#website"},"primaryImageOfPage":{"@id":"https:\/\/nikasport.eu\/lv\/piekarins-sasaki-puscibinas-ms-11-p-roza\/#primaryimage"},"image":{"@id":"https:\/\/nikasport.eu\/lv\/piekarins-sasaki-puscibinas-ms-11-p-roza\/#primaryimage"},"thumbnailUrl":"https:\/\/nikasport.eu\/wp-content\/uploads\/2025\/10\/Mini-Key-Half-Shoe-MS-11-P-0-1.png","datePublished":"2025-10-08T18:13:44+00:00","dateModified":"2025-10-08T19:20:28+00:00","breadcrumb":{"@id":"https:\/\/nikasport.eu\/lv\/piekarins-sasaki-puscibinas-ms-11-p-roza\/#breadcrumb"},"inLanguage":"lv-LV","potentialAction":[{"@type":"ReadAction","target":["https:\/\/nikasport.eu\/lv\/piekarins-sasaki-puscibinas-ms-11-p-roza\/"]}]},{"@type":"ImageObject","inLanguage":"lv-LV","@id":"https:\/\/nikasport.eu\/lv\/piekarins-sasaki-puscibinas-ms-11-p-roza\/#primaryimage","url":"https:\/\/nikasport.eu\/wp-content\/uploads\/2025\/10\/Mini-Key-Half-Shoe-MS-11-P-0-1.png","contentUrl":"https:\/\/nikasport.eu\/wp-content\/uploads\/2025\/10\/Mini-Key-Half-Shoe-MS-11-P-0-1.png","width":599,"height":484},{"@type":"BreadcrumbList","@id":"https:\/\/nikasport.eu\/lv\/piekarins-sasaki-puscibinas-ms-11-p-roza\/#breadcrumb","itemListElement":[{"@type":"ListItem","position":1,"name":"Home","item":"https:\/\/nikasport.eu\/lv\/"},{"@type":"ListItem","position":2,"name":"Preces","item":"https:\/\/nikasport.eu\/lv\/shop\/"},{"@type":"ListItem","position":3,"name":"Aksesu\u0101ri","item":"https:\/\/nikasport.eu\/lv\/makslas-vingrosanas-aksesuari\/"},{"@type":"ListItem","position":4,"name":"Piekari\u0146i","item":"https:\/\/nikasport.eu\/lv\/rg-aksesuar-piekarini\/"},{"@type":"ListItem","position":5,"name":"Piekari\u0146\u0161 SASAKI &#8220;Pus\u010d\u012bbi\u0146as&#8221; MS-11 P (Roz\u0101)"}]},{"@type":"WebSite","@id":"https:\/\/nikasport.eu\/lv\/#website","url":"https:\/\/nikasport.eu\/lv\/","name":"NikaSport.eu","description":"Everything a Gymnast Needs | Rhythmic Gymnastics Equipment Online","potentialAction":[{"@type":"SearchAction","target":{"@type":"EntryPoint","urlTemplate":"https:\/\/nikasport.eu\/lv\/?s={search_term_string}"},"query-input":{"@type":"PropertyValueSpecification","valueRequired":true,"valueName":"search_term_string"}}],"inLanguage":"lv-LV"}]}},"_links":{"self":[{"href":"https:\/\/nikasport.eu\/lv\/wp-json\/wp\/v2\/product\/14191","targetHints":{"allow":["GET"]}}],"collection":[{"href":"https:\/\/nikasport.eu\/lv\/wp-json\/wp\/v2\/product"}],"about":[{"href":"https:\/\/nikasport.eu\/lv\/wp-json\/wp\/v2\/types\/product"}],"wp:featuredmedia":[{"embeddable":true,"href":"https:\/\/nikasport.eu\/lv\/wp-json\/wp\/v2\/media\/14192"}],"wp:attachment":[{"href":"https:\/\/nikasport.eu\/lv\/wp-json\/wp\/v2\/media?parent=14191"}],"wp:term":[{"taxonomy":"product_brand","embeddable":true,"href":"https:\/\/nikasport.eu\/lv\/wp-json\/wp\/v2\/product_brand?post=14191"},{"taxonomy":"product_cat","embeddable":true,"href":"https:\/\/nikasport.eu\/lv\/wp-json\/wp\/v2\/product_cat?post=14191"},{"taxonomy":"product_tag","embeddable":true,"href":"https:\/\/nikasport.eu\/lv\/wp-json\/wp\/v2\/product_tag?post=14191"}],"curies":[{"name":"wp","href":"https:\/\/api.w.org\/{rel}","templated":true}]}}