{"id":14226,"date":"2025-10-08T20:14:12","date_gmt":"2025-10-08T18:14:12","guid":{"rendered":"https:\/\/nikasport.eu\/?post_type=product&#038;p=14226"},"modified":"2025-10-08T21:20:58","modified_gmt":"2025-10-08T19:20:58","slug":"cehols-aplim-pastorelli-light-fluo-dzeltens","status":"publish","type":"product","link":"https:\/\/nikasport.eu\/lv\/cehols-aplim-pastorelli-light-fluo-dzeltens\/","title":{"rendered":"\u010cehols aplim PASTORELLI Light Fluo Dzeltens"},"content":{"rendered":"<p>Skaists un \u0113rts Pastorelli \u010dehols aplim no \u016bdeni atgr\u016bdo\u0161a materi\u0101la.<\/p>\n<p>\u010cehols var tur\u0113t l\u012bdz 3 ap\u013ciem. Der jebkuram ap\u013ca izm\u0113ram.<\/p>\n<p><\/p>\n<p>Modelis: Light<\/p>\n<p>Materi\u0101ls: neilons<\/p>\n<p>Kr\u0101sa: fluo dzeltena<\/p>\n","protected":false},"excerpt":{"rendered":"<p>227<\/p>\n","protected":false},"featured_media":14227,"template":"","meta":{"_gspb_post_css":""},"product_brand":[852],"product_cat":[537],"product_tag":[],"class_list":{"0":"post-14226","1":"product","2":"type-product","3":"status-publish","4":"has-post-thumbnail","6":"product_brand-pastorelli","7":"product_cat-rg-apli-ceholi-pastorelli-light","9":"first","10":"instock","11":"taxable","12":"shipping-taxable","13":"purchasable","14":"product-type-simple"},"ct_brands":[{"id":852,"name":"PASTORELLI","slug":"pastorelli"}],"yoast_head":"<!-- This site is optimized with the Yoast SEO plugin v26.5 - https:\/\/yoast.com\/wordpress\/plugins\/seo\/ -->\n<title>\u010cehols aplim PASTORELLI Light Fluo Dzeltens | NikaSport.eu<\/title>\n<meta name=\"robots\" content=\"index, follow, max-snippet:-1, max-image-preview:large, max-video-preview:-1\" \/>\n<link rel=\"canonical\" href=\"https:\/\/nikasport.eu\/lv\/cehols-aplim-pastorelli-light-fluo-dzeltens\/\" \/>\n<meta property=\"og:locale\" content=\"lv_LV\" \/>\n<meta property=\"og:type\" content=\"article\" \/>\n<meta property=\"og:title\" content=\"\u010cehols aplim PASTORELLI Light Fluo Dzeltens | NikaSport.eu\" \/>\n<meta property=\"og:description\" content=\"227\" \/>\n<meta property=\"og:url\" content=\"https:\/\/nikasport.eu\/lv\/cehols-aplim-pastorelli-light-fluo-dzeltens\/\" \/>\n<meta property=\"og:site_name\" content=\"NikaSport.eu\" \/>\n<meta property=\"article:publisher\" content=\"https:\/\/www.facebook.com\/nikasport.eu\" \/>\n<meta property=\"article:modified_time\" content=\"2025-10-08T19:20:58+00:00\" \/>\n<meta property=\"og:image\" content=\"https:\/\/nikasport.eu\/wp-content\/uploads\/2025\/10\/NikaSport.eu-PASTORELLI-LIGHT-hoop-holder-01454-1.png\" \/>\n\t<meta property=\"og:image:width\" content=\"500\" \/>\n\t<meta property=\"og:image:height\" content=\"500\" \/>\n\t<meta property=\"og:image:type\" content=\"image\/png\" \/>\n<meta name=\"twitter:card\" content=\"summary_large_image\" \/>\n<script type=\"application\/ld+json\" class=\"yoast-schema-graph\">{\"@context\":\"https:\/\/schema.org\",\"@graph\":[{\"@type\":\"WebPage\",\"@id\":\"https:\/\/nikasport.eu\/lv\/cehols-aplim-pastorelli-light-fluo-dzeltens\/\",\"url\":\"https:\/\/nikasport.eu\/lv\/cehols-aplim-pastorelli-light-fluo-dzeltens\/\",\"name\":\"\u010cehols aplim PASTORELLI Light Fluo Dzeltens | NikaSport.eu\",\"isPartOf\":{\"@id\":\"https:\/\/nikasport.eu\/lv\/#website\"},\"primaryImageOfPage\":{\"@id\":\"https:\/\/nikasport.eu\/lv\/cehols-aplim-pastorelli-light-fluo-dzeltens\/#primaryimage\"},\"image\":{\"@id\":\"https:\/\/nikasport.eu\/lv\/cehols-aplim-pastorelli-light-fluo-dzeltens\/#primaryimage\"},\"thumbnailUrl\":\"https:\/\/nikasport.eu\/wp-content\/uploads\/2025\/10\/NikaSport.eu-PASTORELLI-LIGHT-hoop-holder-01454-1.png\",\"datePublished\":\"2025-10-08T18:14:12+00:00\",\"dateModified\":\"2025-10-08T19:20:58+00:00\",\"breadcrumb\":{\"@id\":\"https:\/\/nikasport.eu\/lv\/cehols-aplim-pastorelli-light-fluo-dzeltens\/#breadcrumb\"},\"inLanguage\":\"lv-LV\",\"potentialAction\":[{\"@type\":\"ReadAction\",\"target\":[\"https:\/\/nikasport.eu\/lv\/cehols-aplim-pastorelli-light-fluo-dzeltens\/\"]}]},{\"@type\":\"ImageObject\",\"inLanguage\":\"lv-LV\",\"@id\":\"https:\/\/nikasport.eu\/lv\/cehols-aplim-pastorelli-light-fluo-dzeltens\/#primaryimage\",\"url\":\"https:\/\/nikasport.eu\/wp-content\/uploads\/2025\/10\/NikaSport.eu-PASTORELLI-LIGHT-hoop-holder-01454-1.png\",\"contentUrl\":\"https:\/\/nikasport.eu\/wp-content\/uploads\/2025\/10\/NikaSport.eu-PASTORELLI-LIGHT-hoop-holder-01454-1.png\",\"width\":500,\"height\":500},{\"@type\":\"BreadcrumbList\",\"@id\":\"https:\/\/nikasport.eu\/lv\/cehols-aplim-pastorelli-light-fluo-dzeltens\/#breadcrumb\",\"itemListElement\":[{\"@type\":\"ListItem\",\"position\":1,\"name\":\"Home\",\"item\":\"https:\/\/nikasport.eu\/lv\/\"},{\"@type\":\"ListItem\",\"position\":2,\"name\":\"Preces\",\"item\":\"https:\/\/nikasport.eu\/lv\/shop\/\"},{\"@type\":\"ListItem\",\"position\":3,\"name\":\"Ap\u013ci\",\"item\":\"https:\/\/nikasport.eu\/lv\/makslas-vingrosanas-apli\/\"},{\"@type\":\"ListItem\",\"position\":4,\"name\":\"\u010ceholi ap\u013ciem no PASTORELLI Light\",\"item\":\"https:\/\/nikasport.eu\/lv\/rg-apli-ceholi-pastorelli-light\/\"},{\"@type\":\"ListItem\",\"position\":5,\"name\":\"\u010cehols aplim PASTORELLI Light Fluo Dzeltens\"}]},{\"@type\":\"WebSite\",\"@id\":\"https:\/\/nikasport.eu\/lv\/#website\",\"url\":\"https:\/\/nikasport.eu\/lv\/\",\"name\":\"NikaSport.eu\",\"description\":\"Everything a Gymnast Needs | Rhythmic Gymnastics Equipment Online\",\"potentialAction\":[{\"@type\":\"SearchAction\",\"target\":{\"@type\":\"EntryPoint\",\"urlTemplate\":\"https:\/\/nikasport.eu\/lv\/?s={search_term_string}\"},\"query-input\":{\"@type\":\"PropertyValueSpecification\",\"valueRequired\":true,\"valueName\":\"search_term_string\"}}],\"inLanguage\":\"lv-LV\"}]}<\/script>\n<!-- \/ Yoast SEO plugin. -->","yoast_head_json":{"title":"\u010cehols aplim PASTORELLI Light Fluo Dzeltens | NikaSport.eu","robots":{"index":"index","follow":"follow","max-snippet":"max-snippet:-1","max-image-preview":"max-image-preview:large","max-video-preview":"max-video-preview:-1"},"canonical":"https:\/\/nikasport.eu\/lv\/cehols-aplim-pastorelli-light-fluo-dzeltens\/","og_locale":"lv_LV","og_type":"article","og_title":"\u010cehols aplim PASTORELLI Light Fluo Dzeltens | NikaSport.eu","og_description":"227","og_url":"https:\/\/nikasport.eu\/lv\/cehols-aplim-pastorelli-light-fluo-dzeltens\/","og_site_name":"NikaSport.eu","article_publisher":"https:\/\/www.facebook.com\/nikasport.eu","article_modified_time":"2025-10-08T19:20:58+00:00","og_image":[{"width":500,"height":500,"url":"https:\/\/nikasport.eu\/wp-content\/uploads\/2025\/10\/NikaSport.eu-PASTORELLI-LIGHT-hoop-holder-01454-1.png","type":"image\/png"}],"twitter_card":"summary_large_image","schema":{"@context":"https:\/\/schema.org","@graph":[{"@type":"WebPage","@id":"https:\/\/nikasport.eu\/lv\/cehols-aplim-pastorelli-light-fluo-dzeltens\/","url":"https:\/\/nikasport.eu\/lv\/cehols-aplim-pastorelli-light-fluo-dzeltens\/","name":"\u010cehols aplim PASTORELLI Light Fluo Dzeltens | NikaSport.eu","isPartOf":{"@id":"https:\/\/nikasport.eu\/lv\/#website"},"primaryImageOfPage":{"@id":"https:\/\/nikasport.eu\/lv\/cehols-aplim-pastorelli-light-fluo-dzeltens\/#primaryimage"},"image":{"@id":"https:\/\/nikasport.eu\/lv\/cehols-aplim-pastorelli-light-fluo-dzeltens\/#primaryimage"},"thumbnailUrl":"https:\/\/nikasport.eu\/wp-content\/uploads\/2025\/10\/NikaSport.eu-PASTORELLI-LIGHT-hoop-holder-01454-1.png","datePublished":"2025-10-08T18:14:12+00:00","dateModified":"2025-10-08T19:20:58+00:00","breadcrumb":{"@id":"https:\/\/nikasport.eu\/lv\/cehols-aplim-pastorelli-light-fluo-dzeltens\/#breadcrumb"},"inLanguage":"lv-LV","potentialAction":[{"@type":"ReadAction","target":["https:\/\/nikasport.eu\/lv\/cehols-aplim-pastorelli-light-fluo-dzeltens\/"]}]},{"@type":"ImageObject","inLanguage":"lv-LV","@id":"https:\/\/nikasport.eu\/lv\/cehols-aplim-pastorelli-light-fluo-dzeltens\/#primaryimage","url":"https:\/\/nikasport.eu\/wp-content\/uploads\/2025\/10\/NikaSport.eu-PASTORELLI-LIGHT-hoop-holder-01454-1.png","contentUrl":"https:\/\/nikasport.eu\/wp-content\/uploads\/2025\/10\/NikaSport.eu-PASTORELLI-LIGHT-hoop-holder-01454-1.png","width":500,"height":500},{"@type":"BreadcrumbList","@id":"https:\/\/nikasport.eu\/lv\/cehols-aplim-pastorelli-light-fluo-dzeltens\/#breadcrumb","itemListElement":[{"@type":"ListItem","position":1,"name":"Home","item":"https:\/\/nikasport.eu\/lv\/"},{"@type":"ListItem","position":2,"name":"Preces","item":"https:\/\/nikasport.eu\/lv\/shop\/"},{"@type":"ListItem","position":3,"name":"Ap\u013ci","item":"https:\/\/nikasport.eu\/lv\/makslas-vingrosanas-apli\/"},{"@type":"ListItem","position":4,"name":"\u010ceholi ap\u013ciem no PASTORELLI Light","item":"https:\/\/nikasport.eu\/lv\/rg-apli-ceholi-pastorelli-light\/"},{"@type":"ListItem","position":5,"name":"\u010cehols aplim PASTORELLI Light Fluo Dzeltens"}]},{"@type":"WebSite","@id":"https:\/\/nikasport.eu\/lv\/#website","url":"https:\/\/nikasport.eu\/lv\/","name":"NikaSport.eu","description":"Everything a Gymnast Needs | Rhythmic Gymnastics Equipment Online","potentialAction":[{"@type":"SearchAction","target":{"@type":"EntryPoint","urlTemplate":"https:\/\/nikasport.eu\/lv\/?s={search_term_string}"},"query-input":{"@type":"PropertyValueSpecification","valueRequired":true,"valueName":"search_term_string"}}],"inLanguage":"lv-LV"}]}},"_links":{"self":[{"href":"https:\/\/nikasport.eu\/lv\/wp-json\/wp\/v2\/product\/14226","targetHints":{"allow":["GET"]}}],"collection":[{"href":"https:\/\/nikasport.eu\/lv\/wp-json\/wp\/v2\/product"}],"about":[{"href":"https:\/\/nikasport.eu\/lv\/wp-json\/wp\/v2\/types\/product"}],"wp:featuredmedia":[{"embeddable":true,"href":"https:\/\/nikasport.eu\/lv\/wp-json\/wp\/v2\/media\/14227"}],"wp:attachment":[{"href":"https:\/\/nikasport.eu\/lv\/wp-json\/wp\/v2\/media?parent=14226"}],"wp:term":[{"taxonomy":"product_brand","embeddable":true,"href":"https:\/\/nikasport.eu\/lv\/wp-json\/wp\/v2\/product_brand?post=14226"},{"taxonomy":"product_cat","embeddable":true,"href":"https:\/\/nikasport.eu\/lv\/wp-json\/wp\/v2\/product_cat?post=14226"},{"taxonomy":"product_tag","embeddable":true,"href":"https:\/\/nikasport.eu\/lv\/wp-json\/wp\/v2\/product_tag?post=14226"}],"curies":[{"name":"wp","href":"https:\/\/api.w.org\/{rel}","templated":true}]}}