{"id":14240,"date":"2025-10-08T20:14:21","date_gmt":"2025-10-08T18:14:21","guid":{"rendered":"https:\/\/nikasport.eu\/?post_type=product&#038;p=14240"},"modified":"2025-10-08T21:21:10","modified_gmt":"2025-10-08T19:21:10","slug":"cd-futlaris-pastorelli-aplis","status":"publish","type":"product","link":"https:\/\/nikasport.eu\/lv\/cd-futlaris-pastorelli-aplis\/","title":{"rendered":"CD futl\u0101ris PASTORELLI Aplis"},"content":{"rendered":"<p>PASTORELLI futl\u0101ris CD diskiem ar ori\u0123in\u0101lu dizainu &#8211; vingrot\u0101ja ar priek\u0161metu.<\/p>\n<p>Futl\u0101ris pal\u012bdz\u0113s aizsarg\u0101t CD diskus no putek\u013ciem un net\u012brumiem, pagarinot to kalpo\u0161anas laiku.<\/p>\n<p>Var tur\u0113t l\u012bdz 12 CD diskiem.<\/p>\n<p><\/p>\n<p>Modelis:&nbsp;Cerchio<\/p>\n<p>Att\u0113ls: vingrot\u0101ja ar apli<\/p>\n","protected":false},"excerpt":{"rendered":"<p>235<\/p>\n","protected":false},"featured_media":14241,"template":"","meta":{"_gspb_post_css":""},"product_brand":[852],"product_cat":[585],"product_tag":[],"class_list":{"0":"post-14240","1":"product","2":"type-product","3":"status-publish","4":"has-post-thumbnail","6":"product_brand-pastorelli","7":"product_cat-rg-aksesuar-pastorelli-cd-disku-futlari","9":"first","10":"instock","11":"sale","12":"taxable","13":"shipping-taxable","14":"purchasable","15":"product-type-simple"},"ct_brands":[{"id":852,"name":"PASTORELLI","slug":"pastorelli"}],"yoast_head":"<!-- This site is optimized with the Yoast SEO plugin v26.5 - https:\/\/yoast.com\/wordpress\/plugins\/seo\/ -->\n<title>CD futl\u0101ris PASTORELLI Aplis | NikaSport.eu<\/title>\n<meta name=\"robots\" content=\"index, follow, max-snippet:-1, max-image-preview:large, max-video-preview:-1\" \/>\n<link rel=\"canonical\" href=\"https:\/\/nikasport.eu\/lv\/cd-futlaris-pastorelli-aplis\/\" \/>\n<meta property=\"og:locale\" content=\"lv_LV\" \/>\n<meta property=\"og:type\" content=\"article\" \/>\n<meta property=\"og:title\" content=\"CD futl\u0101ris PASTORELLI Aplis | NikaSport.eu\" \/>\n<meta property=\"og:description\" content=\"235\" \/>\n<meta property=\"og:url\" content=\"https:\/\/nikasport.eu\/lv\/cd-futlaris-pastorelli-aplis\/\" \/>\n<meta property=\"og:site_name\" content=\"NikaSport.eu\" \/>\n<meta property=\"article:publisher\" content=\"https:\/\/www.facebook.com\/nikasport.eu\" \/>\n<meta property=\"article:modified_time\" content=\"2025-10-08T19:21:10+00:00\" \/>\n<meta property=\"og:image\" content=\"https:\/\/nikasport.eu\/wp-content\/uploads\/2025\/10\/17835Porta_cd_PASTORELLI_02081-1.jpg\" \/>\n\t<meta property=\"og:image:width\" content=\"640\" \/>\n\t<meta property=\"og:image:height\" content=\"640\" \/>\n\t<meta property=\"og:image:type\" content=\"image\/jpeg\" \/>\n<meta name=\"twitter:card\" content=\"summary_large_image\" \/>\n<script type=\"application\/ld+json\" class=\"yoast-schema-graph\">{\"@context\":\"https:\/\/schema.org\",\"@graph\":[{\"@type\":\"WebPage\",\"@id\":\"https:\/\/nikasport.eu\/lv\/cd-futlaris-pastorelli-aplis\/\",\"url\":\"https:\/\/nikasport.eu\/lv\/cd-futlaris-pastorelli-aplis\/\",\"name\":\"CD futl\u0101ris PASTORELLI Aplis | NikaSport.eu\",\"isPartOf\":{\"@id\":\"https:\/\/nikasport.eu\/lv\/#website\"},\"primaryImageOfPage\":{\"@id\":\"https:\/\/nikasport.eu\/lv\/cd-futlaris-pastorelli-aplis\/#primaryimage\"},\"image\":{\"@id\":\"https:\/\/nikasport.eu\/lv\/cd-futlaris-pastorelli-aplis\/#primaryimage\"},\"thumbnailUrl\":\"https:\/\/nikasport.eu\/wp-content\/uploads\/2025\/10\/17835Porta_cd_PASTORELLI_02081-1.jpg\",\"datePublished\":\"2025-10-08T18:14:21+00:00\",\"dateModified\":\"2025-10-08T19:21:10+00:00\",\"breadcrumb\":{\"@id\":\"https:\/\/nikasport.eu\/lv\/cd-futlaris-pastorelli-aplis\/#breadcrumb\"},\"inLanguage\":\"lv-LV\",\"potentialAction\":[{\"@type\":\"ReadAction\",\"target\":[\"https:\/\/nikasport.eu\/lv\/cd-futlaris-pastorelli-aplis\/\"]}]},{\"@type\":\"ImageObject\",\"inLanguage\":\"lv-LV\",\"@id\":\"https:\/\/nikasport.eu\/lv\/cd-futlaris-pastorelli-aplis\/#primaryimage\",\"url\":\"https:\/\/nikasport.eu\/wp-content\/uploads\/2025\/10\/17835Porta_cd_PASTORELLI_02081-1.jpg\",\"contentUrl\":\"https:\/\/nikasport.eu\/wp-content\/uploads\/2025\/10\/17835Porta_cd_PASTORELLI_02081-1.jpg\",\"width\":640,\"height\":640},{\"@type\":\"BreadcrumbList\",\"@id\":\"https:\/\/nikasport.eu\/lv\/cd-futlaris-pastorelli-aplis\/#breadcrumb\",\"itemListElement\":[{\"@type\":\"ListItem\",\"position\":1,\"name\":\"Home\",\"item\":\"https:\/\/nikasport.eu\/lv\/\"},{\"@type\":\"ListItem\",\"position\":2,\"name\":\"Preces\",\"item\":\"https:\/\/nikasport.eu\/lv\/shop\/\"},{\"@type\":\"ListItem\",\"position\":3,\"name\":\"Aksesu\u0101ri\",\"item\":\"https:\/\/nikasport.eu\/lv\/makslas-vingrosanas-aksesuari\/\"},{\"@type\":\"ListItem\",\"position\":4,\"name\":\"PASTORELLI Freedom CD disku futl\u0101ri\",\"item\":\"https:\/\/nikasport.eu\/lv\/rg-aksesuar-pastorelli-cd-disku-futlari\/\"},{\"@type\":\"ListItem\",\"position\":5,\"name\":\"CD futl\u0101ris PASTORELLI Aplis\"}]},{\"@type\":\"WebSite\",\"@id\":\"https:\/\/nikasport.eu\/lv\/#website\",\"url\":\"https:\/\/nikasport.eu\/lv\/\",\"name\":\"NikaSport.eu\",\"description\":\"Everything a Gymnast Needs | Rhythmic Gymnastics Equipment Online\",\"potentialAction\":[{\"@type\":\"SearchAction\",\"target\":{\"@type\":\"EntryPoint\",\"urlTemplate\":\"https:\/\/nikasport.eu\/lv\/?s={search_term_string}\"},\"query-input\":{\"@type\":\"PropertyValueSpecification\",\"valueRequired\":true,\"valueName\":\"search_term_string\"}}],\"inLanguage\":\"lv-LV\"}]}<\/script>\n<!-- \/ Yoast SEO plugin. -->","yoast_head_json":{"title":"CD futl\u0101ris PASTORELLI Aplis | NikaSport.eu","robots":{"index":"index","follow":"follow","max-snippet":"max-snippet:-1","max-image-preview":"max-image-preview:large","max-video-preview":"max-video-preview:-1"},"canonical":"https:\/\/nikasport.eu\/lv\/cd-futlaris-pastorelli-aplis\/","og_locale":"lv_LV","og_type":"article","og_title":"CD futl\u0101ris PASTORELLI Aplis | NikaSport.eu","og_description":"235","og_url":"https:\/\/nikasport.eu\/lv\/cd-futlaris-pastorelli-aplis\/","og_site_name":"NikaSport.eu","article_publisher":"https:\/\/www.facebook.com\/nikasport.eu","article_modified_time":"2025-10-08T19:21:10+00:00","og_image":[{"width":640,"height":640,"url":"https:\/\/nikasport.eu\/wp-content\/uploads\/2025\/10\/17835Porta_cd_PASTORELLI_02081-1.jpg","type":"image\/jpeg"}],"twitter_card":"summary_large_image","schema":{"@context":"https:\/\/schema.org","@graph":[{"@type":"WebPage","@id":"https:\/\/nikasport.eu\/lv\/cd-futlaris-pastorelli-aplis\/","url":"https:\/\/nikasport.eu\/lv\/cd-futlaris-pastorelli-aplis\/","name":"CD futl\u0101ris PASTORELLI Aplis | NikaSport.eu","isPartOf":{"@id":"https:\/\/nikasport.eu\/lv\/#website"},"primaryImageOfPage":{"@id":"https:\/\/nikasport.eu\/lv\/cd-futlaris-pastorelli-aplis\/#primaryimage"},"image":{"@id":"https:\/\/nikasport.eu\/lv\/cd-futlaris-pastorelli-aplis\/#primaryimage"},"thumbnailUrl":"https:\/\/nikasport.eu\/wp-content\/uploads\/2025\/10\/17835Porta_cd_PASTORELLI_02081-1.jpg","datePublished":"2025-10-08T18:14:21+00:00","dateModified":"2025-10-08T19:21:10+00:00","breadcrumb":{"@id":"https:\/\/nikasport.eu\/lv\/cd-futlaris-pastorelli-aplis\/#breadcrumb"},"inLanguage":"lv-LV","potentialAction":[{"@type":"ReadAction","target":["https:\/\/nikasport.eu\/lv\/cd-futlaris-pastorelli-aplis\/"]}]},{"@type":"ImageObject","inLanguage":"lv-LV","@id":"https:\/\/nikasport.eu\/lv\/cd-futlaris-pastorelli-aplis\/#primaryimage","url":"https:\/\/nikasport.eu\/wp-content\/uploads\/2025\/10\/17835Porta_cd_PASTORELLI_02081-1.jpg","contentUrl":"https:\/\/nikasport.eu\/wp-content\/uploads\/2025\/10\/17835Porta_cd_PASTORELLI_02081-1.jpg","width":640,"height":640},{"@type":"BreadcrumbList","@id":"https:\/\/nikasport.eu\/lv\/cd-futlaris-pastorelli-aplis\/#breadcrumb","itemListElement":[{"@type":"ListItem","position":1,"name":"Home","item":"https:\/\/nikasport.eu\/lv\/"},{"@type":"ListItem","position":2,"name":"Preces","item":"https:\/\/nikasport.eu\/lv\/shop\/"},{"@type":"ListItem","position":3,"name":"Aksesu\u0101ri","item":"https:\/\/nikasport.eu\/lv\/makslas-vingrosanas-aksesuari\/"},{"@type":"ListItem","position":4,"name":"PASTORELLI Freedom CD disku futl\u0101ri","item":"https:\/\/nikasport.eu\/lv\/rg-aksesuar-pastorelli-cd-disku-futlari\/"},{"@type":"ListItem","position":5,"name":"CD futl\u0101ris PASTORELLI Aplis"}]},{"@type":"WebSite","@id":"https:\/\/nikasport.eu\/lv\/#website","url":"https:\/\/nikasport.eu\/lv\/","name":"NikaSport.eu","description":"Everything a Gymnast Needs | Rhythmic Gymnastics Equipment Online","potentialAction":[{"@type":"SearchAction","target":{"@type":"EntryPoint","urlTemplate":"https:\/\/nikasport.eu\/lv\/?s={search_term_string}"},"query-input":{"@type":"PropertyValueSpecification","valueRequired":true,"valueName":"search_term_string"}}],"inLanguage":"lv-LV"}]}},"_links":{"self":[{"href":"https:\/\/nikasport.eu\/lv\/wp-json\/wp\/v2\/product\/14240","targetHints":{"allow":["GET"]}}],"collection":[{"href":"https:\/\/nikasport.eu\/lv\/wp-json\/wp\/v2\/product"}],"about":[{"href":"https:\/\/nikasport.eu\/lv\/wp-json\/wp\/v2\/types\/product"}],"wp:featuredmedia":[{"embeddable":true,"href":"https:\/\/nikasport.eu\/lv\/wp-json\/wp\/v2\/media\/14241"}],"wp:attachment":[{"href":"https:\/\/nikasport.eu\/lv\/wp-json\/wp\/v2\/media?parent=14240"}],"wp:term":[{"taxonomy":"product_brand","embeddable":true,"href":"https:\/\/nikasport.eu\/lv\/wp-json\/wp\/v2\/product_brand?post=14240"},{"taxonomy":"product_cat","embeddable":true,"href":"https:\/\/nikasport.eu\/lv\/wp-json\/wp\/v2\/product_cat?post=14240"},{"taxonomy":"product_tag","embeddable":true,"href":"https:\/\/nikasport.eu\/lv\/wp-json\/wp\/v2\/product_tag?post=14240"}],"curies":[{"name":"wp","href":"https:\/\/api.w.org\/{rel}","templated":true}]}}