{"id":14305,"date":"2025-10-08T20:15:13","date_gmt":"2025-10-08T18:15:13","guid":{"rendered":"https:\/\/nikasport.eu\/?post_type=product&#038;p=14305"},"modified":"2025-10-08T21:22:01","modified_gmt":"2025-10-08T19:22:01","slug":"celu-aizsargu-paris-izmers-l-fluo-dzeltens-funny","status":"publish","type":"product","link":"https:\/\/nikasport.eu\/lv\/celu-aizsargu-paris-izmers-l-fluo-dzeltens-funny\/","title":{"rendered":"Ce\u013cu aizsargu p\u0101ris izm\u0113rs L, Fluo Dzeltens FUNNY"},"content":{"rendered":"<p>PASTORELLI ce\u013cu aizsargu p\u0101ris m\u0101kslas vingro\u0161anai un dej\u0101m.<\/p>\n<p>Materi\u0101li un dizains padara ce\u013cu aizsargus \u0113rtus un dro\u0161us, 1,5 cm biezums netrauc\u0113 kust\u012bbu.<\/p>\n<p>Ieteicams mazg\u0101t ar rok\u0101m 30\u00b0C temperat\u016br\u0101.<\/p>\n<p><\/p>\n<p>Materi\u0101ls: 88% kokvilna, 12% elast\u0101ns<\/p>\n<p>Izm\u0113rs: L (15+ gadi)<\/p>\n<p>Kr\u0101sa: fluo dzeltena<\/p>\n","protected":false},"excerpt":{"rendered":"<p>298<\/p>\n","protected":false},"featured_media":14303,"template":"","meta":{"_gspb_post_css":""},"product_brand":[852],"product_cat":[579],"product_tag":[],"class_list":{"0":"post-14305","1":"product","2":"type-product","3":"status-publish","4":"has-post-thumbnail","6":"product_brand-pastorelli","7":"product_cat-rg-aksesuar-celu-aizsargi-pastorelli","9":"first","10":"instock","11":"sale","12":"taxable","13":"shipping-taxable","14":"purchasable","15":"product-type-simple"},"ct_brands":[{"id":852,"name":"PASTORELLI","slug":"pastorelli"}],"yoast_head":"<!-- This site is optimized with the Yoast SEO plugin v26.5 - https:\/\/yoast.com\/wordpress\/plugins\/seo\/ -->\n<title>Ce\u013cu aizsargu p\u0101ris izm\u0113rs L, Fluo Dzeltens FUNNY | NikaSport.eu<\/title>\n<meta name=\"robots\" content=\"index, follow, max-snippet:-1, max-image-preview:large, max-video-preview:-1\" \/>\n<link rel=\"canonical\" href=\"https:\/\/nikasport.eu\/lv\/celu-aizsargu-paris-izmers-l-fluo-dzeltens-funny\/\" \/>\n<meta property=\"og:locale\" content=\"lv_LV\" \/>\n<meta property=\"og:type\" content=\"article\" \/>\n<meta property=\"og:title\" content=\"Ce\u013cu aizsargu p\u0101ris izm\u0113rs L, Fluo Dzeltens FUNNY | NikaSport.eu\" \/>\n<meta property=\"og:description\" content=\"298\" \/>\n<meta property=\"og:url\" content=\"https:\/\/nikasport.eu\/lv\/celu-aizsargu-paris-izmers-l-fluo-dzeltens-funny\/\" \/>\n<meta property=\"og:site_name\" content=\"NikaSport.eu\" \/>\n<meta property=\"article:publisher\" content=\"https:\/\/www.facebook.com\/nikasport.eu\" \/>\n<meta property=\"article:modified_time\" content=\"2025-10-08T19:22:01+00:00\" \/>\n<meta property=\"og:image\" content=\"https:\/\/nikasport.eu\/wp-content\/uploads\/2025\/10\/NikaSport.eu-Ginocchiere-linea-FUNNY-GIALLO-FLUO-Pastorelli-COPPIA-S-03054-0-1.jpg\" \/>\n\t<meta property=\"og:image:width\" content=\"561\" \/>\n\t<meta property=\"og:image:height\" content=\"545\" \/>\n\t<meta property=\"og:image:type\" content=\"image\/jpeg\" \/>\n<meta name=\"twitter:card\" content=\"summary_large_image\" \/>\n<script type=\"application\/ld+json\" class=\"yoast-schema-graph\">{\"@context\":\"https:\/\/schema.org\",\"@graph\":[{\"@type\":\"WebPage\",\"@id\":\"https:\/\/nikasport.eu\/lv\/celu-aizsargu-paris-izmers-l-fluo-dzeltens-funny\/\",\"url\":\"https:\/\/nikasport.eu\/lv\/celu-aizsargu-paris-izmers-l-fluo-dzeltens-funny\/\",\"name\":\"Ce\u013cu aizsargu p\u0101ris izm\u0113rs L, Fluo Dzeltens FUNNY | NikaSport.eu\",\"isPartOf\":{\"@id\":\"https:\/\/nikasport.eu\/lv\/#website\"},\"primaryImageOfPage\":{\"@id\":\"https:\/\/nikasport.eu\/lv\/celu-aizsargu-paris-izmers-l-fluo-dzeltens-funny\/#primaryimage\"},\"image\":{\"@id\":\"https:\/\/nikasport.eu\/lv\/celu-aizsargu-paris-izmers-l-fluo-dzeltens-funny\/#primaryimage\"},\"thumbnailUrl\":\"https:\/\/nikasport.eu\/wp-content\/uploads\/2025\/10\/NikaSport.eu-Ginocchiere-linea-FUNNY-GIALLO-FLUO-Pastorelli-COPPIA-S-03054-0-1.jpg\",\"datePublished\":\"2025-10-08T18:15:13+00:00\",\"dateModified\":\"2025-10-08T19:22:01+00:00\",\"breadcrumb\":{\"@id\":\"https:\/\/nikasport.eu\/lv\/celu-aizsargu-paris-izmers-l-fluo-dzeltens-funny\/#breadcrumb\"},\"inLanguage\":\"lv-LV\",\"potentialAction\":[{\"@type\":\"ReadAction\",\"target\":[\"https:\/\/nikasport.eu\/lv\/celu-aizsargu-paris-izmers-l-fluo-dzeltens-funny\/\"]}]},{\"@type\":\"ImageObject\",\"inLanguage\":\"lv-LV\",\"@id\":\"https:\/\/nikasport.eu\/lv\/celu-aizsargu-paris-izmers-l-fluo-dzeltens-funny\/#primaryimage\",\"url\":\"https:\/\/nikasport.eu\/wp-content\/uploads\/2025\/10\/NikaSport.eu-Ginocchiere-linea-FUNNY-GIALLO-FLUO-Pastorelli-COPPIA-S-03054-0-1.jpg\",\"contentUrl\":\"https:\/\/nikasport.eu\/wp-content\/uploads\/2025\/10\/NikaSport.eu-Ginocchiere-linea-FUNNY-GIALLO-FLUO-Pastorelli-COPPIA-S-03054-0-1.jpg\",\"width\":561,\"height\":545},{\"@type\":\"BreadcrumbList\",\"@id\":\"https:\/\/nikasport.eu\/lv\/celu-aizsargu-paris-izmers-l-fluo-dzeltens-funny\/#breadcrumb\",\"itemListElement\":[{\"@type\":\"ListItem\",\"position\":1,\"name\":\"Home\",\"item\":\"https:\/\/nikasport.eu\/lv\/\"},{\"@type\":\"ListItem\",\"position\":2,\"name\":\"Preces\",\"item\":\"https:\/\/nikasport.eu\/lv\/shop\/\"},{\"@type\":\"ListItem\",\"position\":3,\"name\":\"Aksesu\u0101ri\",\"item\":\"https:\/\/nikasport.eu\/lv\/makslas-vingrosanas-aksesuari\/\"},{\"@type\":\"ListItem\",\"position\":4,\"name\":\"Ce\u013cu aizsargi PASTORELLI\",\"item\":\"https:\/\/nikasport.eu\/lv\/rg-aksesuar-celu-aizsargi-pastorelli\/\"},{\"@type\":\"ListItem\",\"position\":5,\"name\":\"Ce\u013cu aizsargu p\u0101ris izm\u0113rs L, Fluo Dzeltens FUNNY\"}]},{\"@type\":\"WebSite\",\"@id\":\"https:\/\/nikasport.eu\/lv\/#website\",\"url\":\"https:\/\/nikasport.eu\/lv\/\",\"name\":\"NikaSport.eu\",\"description\":\"Everything a Gymnast Needs | Rhythmic Gymnastics Equipment Online\",\"potentialAction\":[{\"@type\":\"SearchAction\",\"target\":{\"@type\":\"EntryPoint\",\"urlTemplate\":\"https:\/\/nikasport.eu\/lv\/?s={search_term_string}\"},\"query-input\":{\"@type\":\"PropertyValueSpecification\",\"valueRequired\":true,\"valueName\":\"search_term_string\"}}],\"inLanguage\":\"lv-LV\"}]}<\/script>\n<!-- \/ Yoast SEO plugin. -->","yoast_head_json":{"title":"Ce\u013cu aizsargu p\u0101ris izm\u0113rs L, Fluo Dzeltens FUNNY | NikaSport.eu","robots":{"index":"index","follow":"follow","max-snippet":"max-snippet:-1","max-image-preview":"max-image-preview:large","max-video-preview":"max-video-preview:-1"},"canonical":"https:\/\/nikasport.eu\/lv\/celu-aizsargu-paris-izmers-l-fluo-dzeltens-funny\/","og_locale":"lv_LV","og_type":"article","og_title":"Ce\u013cu aizsargu p\u0101ris izm\u0113rs L, Fluo Dzeltens FUNNY | NikaSport.eu","og_description":"298","og_url":"https:\/\/nikasport.eu\/lv\/celu-aizsargu-paris-izmers-l-fluo-dzeltens-funny\/","og_site_name":"NikaSport.eu","article_publisher":"https:\/\/www.facebook.com\/nikasport.eu","article_modified_time":"2025-10-08T19:22:01+00:00","og_image":[{"width":561,"height":545,"url":"https:\/\/nikasport.eu\/wp-content\/uploads\/2025\/10\/NikaSport.eu-Ginocchiere-linea-FUNNY-GIALLO-FLUO-Pastorelli-COPPIA-S-03054-0-1.jpg","type":"image\/jpeg"}],"twitter_card":"summary_large_image","schema":{"@context":"https:\/\/schema.org","@graph":[{"@type":"WebPage","@id":"https:\/\/nikasport.eu\/lv\/celu-aizsargu-paris-izmers-l-fluo-dzeltens-funny\/","url":"https:\/\/nikasport.eu\/lv\/celu-aizsargu-paris-izmers-l-fluo-dzeltens-funny\/","name":"Ce\u013cu aizsargu p\u0101ris izm\u0113rs L, Fluo Dzeltens FUNNY | NikaSport.eu","isPartOf":{"@id":"https:\/\/nikasport.eu\/lv\/#website"},"primaryImageOfPage":{"@id":"https:\/\/nikasport.eu\/lv\/celu-aizsargu-paris-izmers-l-fluo-dzeltens-funny\/#primaryimage"},"image":{"@id":"https:\/\/nikasport.eu\/lv\/celu-aizsargu-paris-izmers-l-fluo-dzeltens-funny\/#primaryimage"},"thumbnailUrl":"https:\/\/nikasport.eu\/wp-content\/uploads\/2025\/10\/NikaSport.eu-Ginocchiere-linea-FUNNY-GIALLO-FLUO-Pastorelli-COPPIA-S-03054-0-1.jpg","datePublished":"2025-10-08T18:15:13+00:00","dateModified":"2025-10-08T19:22:01+00:00","breadcrumb":{"@id":"https:\/\/nikasport.eu\/lv\/celu-aizsargu-paris-izmers-l-fluo-dzeltens-funny\/#breadcrumb"},"inLanguage":"lv-LV","potentialAction":[{"@type":"ReadAction","target":["https:\/\/nikasport.eu\/lv\/celu-aizsargu-paris-izmers-l-fluo-dzeltens-funny\/"]}]},{"@type":"ImageObject","inLanguage":"lv-LV","@id":"https:\/\/nikasport.eu\/lv\/celu-aizsargu-paris-izmers-l-fluo-dzeltens-funny\/#primaryimage","url":"https:\/\/nikasport.eu\/wp-content\/uploads\/2025\/10\/NikaSport.eu-Ginocchiere-linea-FUNNY-GIALLO-FLUO-Pastorelli-COPPIA-S-03054-0-1.jpg","contentUrl":"https:\/\/nikasport.eu\/wp-content\/uploads\/2025\/10\/NikaSport.eu-Ginocchiere-linea-FUNNY-GIALLO-FLUO-Pastorelli-COPPIA-S-03054-0-1.jpg","width":561,"height":545},{"@type":"BreadcrumbList","@id":"https:\/\/nikasport.eu\/lv\/celu-aizsargu-paris-izmers-l-fluo-dzeltens-funny\/#breadcrumb","itemListElement":[{"@type":"ListItem","position":1,"name":"Home","item":"https:\/\/nikasport.eu\/lv\/"},{"@type":"ListItem","position":2,"name":"Preces","item":"https:\/\/nikasport.eu\/lv\/shop\/"},{"@type":"ListItem","position":3,"name":"Aksesu\u0101ri","item":"https:\/\/nikasport.eu\/lv\/makslas-vingrosanas-aksesuari\/"},{"@type":"ListItem","position":4,"name":"Ce\u013cu aizsargi PASTORELLI","item":"https:\/\/nikasport.eu\/lv\/rg-aksesuar-celu-aizsargi-pastorelli\/"},{"@type":"ListItem","position":5,"name":"Ce\u013cu aizsargu p\u0101ris izm\u0113rs L, Fluo Dzeltens FUNNY"}]},{"@type":"WebSite","@id":"https:\/\/nikasport.eu\/lv\/#website","url":"https:\/\/nikasport.eu\/lv\/","name":"NikaSport.eu","description":"Everything a Gymnast Needs | Rhythmic Gymnastics Equipment Online","potentialAction":[{"@type":"SearchAction","target":{"@type":"EntryPoint","urlTemplate":"https:\/\/nikasport.eu\/lv\/?s={search_term_string}"},"query-input":{"@type":"PropertyValueSpecification","valueRequired":true,"valueName":"search_term_string"}}],"inLanguage":"lv-LV"}]}},"_links":{"self":[{"href":"https:\/\/nikasport.eu\/lv\/wp-json\/wp\/v2\/product\/14305","targetHints":{"allow":["GET"]}}],"collection":[{"href":"https:\/\/nikasport.eu\/lv\/wp-json\/wp\/v2\/product"}],"about":[{"href":"https:\/\/nikasport.eu\/lv\/wp-json\/wp\/v2\/types\/product"}],"wp:featuredmedia":[{"embeddable":true,"href":"https:\/\/nikasport.eu\/lv\/wp-json\/wp\/v2\/media\/14303"}],"wp:attachment":[{"href":"https:\/\/nikasport.eu\/lv\/wp-json\/wp\/v2\/media?parent=14305"}],"wp:term":[{"taxonomy":"product_brand","embeddable":true,"href":"https:\/\/nikasport.eu\/lv\/wp-json\/wp\/v2\/product_brand?post=14305"},{"taxonomy":"product_cat","embeddable":true,"href":"https:\/\/nikasport.eu\/lv\/wp-json\/wp\/v2\/product_cat?post=14305"},{"taxonomy":"product_tag","embeddable":true,"href":"https:\/\/nikasport.eu\/lv\/wp-json\/wp\/v2\/product_tag?post=14305"}],"curies":[{"name":"wp","href":"https:\/\/api.w.org\/{rel}","templated":true}]}}