{"id":14334,"date":"2025-10-08T20:15:35","date_gmt":"2025-10-08T18:15:35","guid":{"rendered":"https:\/\/nikasport.eu\/?post_type=product&#038;p=14334"},"modified":"2026-04-04T19:49:07","modified_gmt":"2026-04-04T17:49:07","slug":"pastorelli-cehols-valitem-akvamarins","status":"publish","type":"product","link":"https:\/\/nikasport.eu\/lv\/pastorelli-cehols-valitem-akvamarins\/","title":{"rendered":"PASTORELLI \u010cehols v\u0101l\u012bt\u0113m Akvamar\u012bns"},"content":{"rendered":"<p>PASTORELLI \u010dehols v\u0101l\u0113m no \u016bdeni atgr\u016bdo\u0161a materi\u0101la ar lipek\u013ca stiprin\u0101jumu.<\/p>\n<p>\u010cehola apdares kr\u0101sa var at\u0161\u0137irties no att\u0113l\u0101 redzam\u0101s, ta\u010du t\u0101 vienm\u0113r labi saskan ar \u010dehola pamatkr\u0101su.<\/p>\n<p>Var tur\u0113t divas v\u0101les (1 p\u0101ris).<\/p>\n<p><\/p>\n<p>Materi\u0101ls: neilons<\/p>\n<p>Kr\u0101sa: akvamar\u012bns<\/p>\n<p>Garums: 49 cm<\/p>\n","protected":false},"excerpt":{"rendered":"<p>382<\/p>\n","protected":false},"featured_media":14335,"template":"","meta":{"_gspb_post_css":""},"product_brand":[852],"product_cat":[513],"product_tag":[],"class_list":{"0":"post-14334","1":"product","2":"type-product","3":"status-publish","4":"has-post-thumbnail","6":"product_brand-pastorelli","7":"product_cat-rg-vales-ceholi-pastorelli","9":"first","10":"outofstock","11":"taxable","12":"shipping-taxable","13":"purchasable","14":"product-type-simple"},"ct_brands":[{"id":852,"name":"PASTORELLI","slug":"pastorelli"}],"yoast_head":"<!-- This site is optimized with the Yoast SEO plugin v26.5 - https:\/\/yoast.com\/wordpress\/plugins\/seo\/ -->\n<title>PASTORELLI \u010cehols v\u0101l\u012bt\u0113m Akvamar\u012bns | NikaSport.eu<\/title>\n<meta name=\"robots\" content=\"index, follow, max-snippet:-1, max-image-preview:large, max-video-preview:-1\" \/>\n<link rel=\"canonical\" href=\"https:\/\/nikasport.eu\/lv\/pastorelli-cehols-valitem-akvamarins\/\" \/>\n<meta property=\"og:locale\" content=\"lv_LV\" \/>\n<meta property=\"og:type\" content=\"article\" \/>\n<meta property=\"og:title\" content=\"PASTORELLI \u010cehols v\u0101l\u012bt\u0113m Akvamar\u012bns | NikaSport.eu\" \/>\n<meta property=\"og:description\" content=\"382\" \/>\n<meta property=\"og:url\" content=\"https:\/\/nikasport.eu\/lv\/pastorelli-cehols-valitem-akvamarins\/\" \/>\n<meta property=\"og:site_name\" content=\"NikaSport.eu\" \/>\n<meta property=\"article:publisher\" content=\"https:\/\/www.facebook.com\/nikasport.eu\" \/>\n<meta property=\"article:modified_time\" content=\"2026-04-04T17:49:07+00:00\" \/>\n<meta property=\"og:image\" content=\"https:\/\/nikasport.eu\/wp-content\/uploads\/2025\/10\/NikaSport.eu_PASTORELLI_Aquamarine_gym_club_holder-1.jpg\" \/>\n\t<meta property=\"og:image:width\" content=\"600\" \/>\n\t<meta property=\"og:image:height\" content=\"600\" \/>\n\t<meta property=\"og:image:type\" content=\"image\/jpeg\" \/>\n<meta name=\"twitter:card\" content=\"summary_large_image\" \/>\n<script type=\"application\/ld+json\" class=\"yoast-schema-graph\">{\"@context\":\"https:\/\/schema.org\",\"@graph\":[{\"@type\":\"WebPage\",\"@id\":\"https:\/\/nikasport.eu\/lv\/pastorelli-cehols-valitem-akvamarins\/\",\"url\":\"https:\/\/nikasport.eu\/lv\/pastorelli-cehols-valitem-akvamarins\/\",\"name\":\"PASTORELLI \u010cehols v\u0101l\u012bt\u0113m Akvamar\u012bns | NikaSport.eu\",\"isPartOf\":{\"@id\":\"https:\/\/nikasport.eu\/lv\/#website\"},\"primaryImageOfPage\":{\"@id\":\"https:\/\/nikasport.eu\/lv\/pastorelli-cehols-valitem-akvamarins\/#primaryimage\"},\"image\":{\"@id\":\"https:\/\/nikasport.eu\/lv\/pastorelli-cehols-valitem-akvamarins\/#primaryimage\"},\"thumbnailUrl\":\"https:\/\/nikasport.eu\/wp-content\/uploads\/2025\/10\/NikaSport.eu_PASTORELLI_Aquamarine_gym_club_holder-1.jpg\",\"datePublished\":\"2025-10-08T18:15:35+00:00\",\"dateModified\":\"2026-04-04T17:49:07+00:00\",\"breadcrumb\":{\"@id\":\"https:\/\/nikasport.eu\/lv\/pastorelli-cehols-valitem-akvamarins\/#breadcrumb\"},\"inLanguage\":\"lv-LV\",\"potentialAction\":[{\"@type\":\"ReadAction\",\"target\":[\"https:\/\/nikasport.eu\/lv\/pastorelli-cehols-valitem-akvamarins\/\"]}]},{\"@type\":\"ImageObject\",\"inLanguage\":\"lv-LV\",\"@id\":\"https:\/\/nikasport.eu\/lv\/pastorelli-cehols-valitem-akvamarins\/#primaryimage\",\"url\":\"https:\/\/nikasport.eu\/wp-content\/uploads\/2025\/10\/NikaSport.eu_PASTORELLI_Aquamarine_gym_club_holder-1.jpg\",\"contentUrl\":\"https:\/\/nikasport.eu\/wp-content\/uploads\/2025\/10\/NikaSport.eu_PASTORELLI_Aquamarine_gym_club_holder-1.jpg\",\"width\":600,\"height\":600},{\"@type\":\"BreadcrumbList\",\"@id\":\"https:\/\/nikasport.eu\/lv\/pastorelli-cehols-valitem-akvamarins\/#breadcrumb\",\"itemListElement\":[{\"@type\":\"ListItem\",\"position\":1,\"name\":\"Home\",\"item\":\"https:\/\/nikasport.eu\/lv\/\"},{\"@type\":\"ListItem\",\"position\":2,\"name\":\"Preces\",\"item\":\"https:\/\/nikasport.eu\/lv\/shop\/\"},{\"@type\":\"ListItem\",\"position\":3,\"name\":\"V\u0101les\",\"item\":\"https:\/\/nikasport.eu\/lv\/makslas-vingrosanas-vales\/\"},{\"@type\":\"ListItem\",\"position\":4,\"name\":\"\u010ceholi v\u0101l\u0113m no PASTORELLI\",\"item\":\"https:\/\/nikasport.eu\/lv\/rg-vales-ceholi-pastorelli\/\"},{\"@type\":\"ListItem\",\"position\":5,\"name\":\"PASTORELLI \u010cehols v\u0101l\u012bt\u0113m Akvamar\u012bns\"}]},{\"@type\":\"WebSite\",\"@id\":\"https:\/\/nikasport.eu\/lv\/#website\",\"url\":\"https:\/\/nikasport.eu\/lv\/\",\"name\":\"NikaSport.eu\",\"description\":\"Everything a Gymnast Needs | Rhythmic Gymnastics Equipment Online\",\"potentialAction\":[{\"@type\":\"SearchAction\",\"target\":{\"@type\":\"EntryPoint\",\"urlTemplate\":\"https:\/\/nikasport.eu\/lv\/?s={search_term_string}\"},\"query-input\":{\"@type\":\"PropertyValueSpecification\",\"valueRequired\":true,\"valueName\":\"search_term_string\"}}],\"inLanguage\":\"lv-LV\"}]}<\/script>\n<!-- \/ Yoast SEO plugin. -->","yoast_head_json":{"title":"PASTORELLI \u010cehols v\u0101l\u012bt\u0113m Akvamar\u012bns | NikaSport.eu","robots":{"index":"index","follow":"follow","max-snippet":"max-snippet:-1","max-image-preview":"max-image-preview:large","max-video-preview":"max-video-preview:-1"},"canonical":"https:\/\/nikasport.eu\/lv\/pastorelli-cehols-valitem-akvamarins\/","og_locale":"lv_LV","og_type":"article","og_title":"PASTORELLI \u010cehols v\u0101l\u012bt\u0113m Akvamar\u012bns | NikaSport.eu","og_description":"382","og_url":"https:\/\/nikasport.eu\/lv\/pastorelli-cehols-valitem-akvamarins\/","og_site_name":"NikaSport.eu","article_publisher":"https:\/\/www.facebook.com\/nikasport.eu","article_modified_time":"2026-04-04T17:49:07+00:00","og_image":[{"width":600,"height":600,"url":"https:\/\/nikasport.eu\/wp-content\/uploads\/2025\/10\/NikaSport.eu_PASTORELLI_Aquamarine_gym_club_holder-1.jpg","type":"image\/jpeg"}],"twitter_card":"summary_large_image","schema":{"@context":"https:\/\/schema.org","@graph":[{"@type":"WebPage","@id":"https:\/\/nikasport.eu\/lv\/pastorelli-cehols-valitem-akvamarins\/","url":"https:\/\/nikasport.eu\/lv\/pastorelli-cehols-valitem-akvamarins\/","name":"PASTORELLI \u010cehols v\u0101l\u012bt\u0113m Akvamar\u012bns | NikaSport.eu","isPartOf":{"@id":"https:\/\/nikasport.eu\/lv\/#website"},"primaryImageOfPage":{"@id":"https:\/\/nikasport.eu\/lv\/pastorelli-cehols-valitem-akvamarins\/#primaryimage"},"image":{"@id":"https:\/\/nikasport.eu\/lv\/pastorelli-cehols-valitem-akvamarins\/#primaryimage"},"thumbnailUrl":"https:\/\/nikasport.eu\/wp-content\/uploads\/2025\/10\/NikaSport.eu_PASTORELLI_Aquamarine_gym_club_holder-1.jpg","datePublished":"2025-10-08T18:15:35+00:00","dateModified":"2026-04-04T17:49:07+00:00","breadcrumb":{"@id":"https:\/\/nikasport.eu\/lv\/pastorelli-cehols-valitem-akvamarins\/#breadcrumb"},"inLanguage":"lv-LV","potentialAction":[{"@type":"ReadAction","target":["https:\/\/nikasport.eu\/lv\/pastorelli-cehols-valitem-akvamarins\/"]}]},{"@type":"ImageObject","inLanguage":"lv-LV","@id":"https:\/\/nikasport.eu\/lv\/pastorelli-cehols-valitem-akvamarins\/#primaryimage","url":"https:\/\/nikasport.eu\/wp-content\/uploads\/2025\/10\/NikaSport.eu_PASTORELLI_Aquamarine_gym_club_holder-1.jpg","contentUrl":"https:\/\/nikasport.eu\/wp-content\/uploads\/2025\/10\/NikaSport.eu_PASTORELLI_Aquamarine_gym_club_holder-1.jpg","width":600,"height":600},{"@type":"BreadcrumbList","@id":"https:\/\/nikasport.eu\/lv\/pastorelli-cehols-valitem-akvamarins\/#breadcrumb","itemListElement":[{"@type":"ListItem","position":1,"name":"Home","item":"https:\/\/nikasport.eu\/lv\/"},{"@type":"ListItem","position":2,"name":"Preces","item":"https:\/\/nikasport.eu\/lv\/shop\/"},{"@type":"ListItem","position":3,"name":"V\u0101les","item":"https:\/\/nikasport.eu\/lv\/makslas-vingrosanas-vales\/"},{"@type":"ListItem","position":4,"name":"\u010ceholi v\u0101l\u0113m no PASTORELLI","item":"https:\/\/nikasport.eu\/lv\/rg-vales-ceholi-pastorelli\/"},{"@type":"ListItem","position":5,"name":"PASTORELLI \u010cehols v\u0101l\u012bt\u0113m Akvamar\u012bns"}]},{"@type":"WebSite","@id":"https:\/\/nikasport.eu\/lv\/#website","url":"https:\/\/nikasport.eu\/lv\/","name":"NikaSport.eu","description":"Everything a Gymnast Needs | Rhythmic Gymnastics Equipment Online","potentialAction":[{"@type":"SearchAction","target":{"@type":"EntryPoint","urlTemplate":"https:\/\/nikasport.eu\/lv\/?s={search_term_string}"},"query-input":{"@type":"PropertyValueSpecification","valueRequired":true,"valueName":"search_term_string"}}],"inLanguage":"lv-LV"}]}},"_links":{"self":[{"href":"https:\/\/nikasport.eu\/lv\/wp-json\/wp\/v2\/product\/14334","targetHints":{"allow":["GET"]}}],"collection":[{"href":"https:\/\/nikasport.eu\/lv\/wp-json\/wp\/v2\/product"}],"about":[{"href":"https:\/\/nikasport.eu\/lv\/wp-json\/wp\/v2\/types\/product"}],"wp:featuredmedia":[{"embeddable":true,"href":"https:\/\/nikasport.eu\/lv\/wp-json\/wp\/v2\/media\/14335"}],"wp:attachment":[{"href":"https:\/\/nikasport.eu\/lv\/wp-json\/wp\/v2\/media?parent=14334"}],"wp:term":[{"taxonomy":"product_brand","embeddable":true,"href":"https:\/\/nikasport.eu\/lv\/wp-json\/wp\/v2\/product_brand?post=14334"},{"taxonomy":"product_cat","embeddable":true,"href":"https:\/\/nikasport.eu\/lv\/wp-json\/wp\/v2\/product_cat?post=14334"},{"taxonomy":"product_tag","embeddable":true,"href":"https:\/\/nikasport.eu\/lv\/wp-json\/wp\/v2\/product_tag?post=14334"}],"curies":[{"name":"wp","href":"https:\/\/api.w.org\/{rel}","templated":true}]}}