{"id":14442,"date":"2025-10-08T20:17:04","date_gmt":"2025-10-08T18:17:04","guid":{"rendered":"https:\/\/nikasport.eu\/?post_type=product&#038;p=14442"},"modified":"2026-04-11T20:08:42","modified_gmt":"2026-04-11T18:08:42","slug":"kaju-roku-smagumi-tuloni-ar-lipekla-stuprinajumu-200-gr-2-gabali-400-gr","status":"publish","type":"product","link":"https:\/\/nikasport.eu\/lv\/kaju-roku-smagumi-tuloni-ar-lipekla-stuprinajumu-200-gr-2-gabali-400-gr\/","title":{"rendered":"K\u0101ju\/roku smagumi Tuloni ar lipek\u013ca stuprin\u0101jumu  &#8211; 200 gr (2 gabali &#8211; 400 gr)"},"content":{"rendered":"<p>Tuloni k\u0101ju un roku smagumu p\u0101ris.<\/p>\n<p>Smagumi ir ide\u0101li piem\u0113roti roku toniz\u0113\u0161anai, gurnu un s\u0113\u017eas musku\u013cu stiprin\u0101\u0161anai, k\u0101 ar\u012b muguras un v\u0113dera musku\u013cu darbin\u0101\u0161anai.<\/p>\n<p>Pateicoties lipek\u013ca stiprin\u0101jumam, smagumus ir viegli uzvilkt un novilkt.<\/p>\n<p><\/p>\n<p>Modelis: T0132<\/p>\n<p>Materi\u0101ls: tekstils<\/p>\n<p>Izm\u0113rs: viens izm\u0113rs<\/p>\n<p>Kr\u0101sas: melna un oran\u017ea<\/p>\n<p>Svars: 2 x 200 gr (+\/- 5%)<\/p>\n","protected":false},"excerpt":{"rendered":"<p>563<\/p>\n","protected":false},"featured_media":14443,"template":"","meta":{"_gspb_post_css":""},"product_brand":[848],"product_cat":[596],"product_tag":[],"class_list":{"0":"post-14442","1":"product","2":"type-product","3":"status-publish","4":"has-post-thumbnail","6":"product_brand-tuloni","7":"product_cat-rg-aksesuar-fitness","9":"first","10":"instock","11":"taxable","12":"shipping-taxable","13":"purchasable","14":"product-type-simple"},"ct_brands":[{"id":848,"name":"Tuloni","slug":"tuloni"}],"yoast_head":"<!-- This site is optimized with the Yoast SEO plugin v26.5 - https:\/\/yoast.com\/wordpress\/plugins\/seo\/ -->\n<title>K\u0101ju\/roku smagumi Tuloni ar lipek\u013ca stuprin\u0101jumu - 200 gr (2 gabali - 400 gr) | NikaSport.eu<\/title>\n<meta name=\"robots\" content=\"index, follow, max-snippet:-1, max-image-preview:large, max-video-preview:-1\" \/>\n<link rel=\"canonical\" href=\"https:\/\/nikasport.eu\/lv\/kaju-roku-smagumi-tuloni-ar-lipekla-stuprinajumu-200-gr-2-gabali-400-gr\/\" \/>\n<meta property=\"og:locale\" content=\"lv_LV\" \/>\n<meta property=\"og:type\" content=\"article\" \/>\n<meta property=\"og:title\" content=\"K\u0101ju\/roku smagumi Tuloni ar lipek\u013ca stuprin\u0101jumu - 200 gr (2 gabali - 400 gr) | NikaSport.eu\" \/>\n<meta property=\"og:description\" content=\"563\" \/>\n<meta property=\"og:url\" content=\"https:\/\/nikasport.eu\/lv\/kaju-roku-smagumi-tuloni-ar-lipekla-stuprinajumu-200-gr-2-gabali-400-gr\/\" \/>\n<meta property=\"og:site_name\" content=\"NikaSport.eu\" \/>\n<meta property=\"article:publisher\" content=\"https:\/\/www.facebook.com\/nikasport.eu\" \/>\n<meta property=\"article:modified_time\" content=\"2026-04-11T18:08:42+00:00\" \/>\n<meta property=\"og:image\" content=\"https:\/\/nikasport.eu\/wp-content\/uploads\/2025\/10\/NikaSport.eu-Anklewrist_weights-Tuloni_T0132-400_2x200gr_orange-1.png\" \/>\n\t<meta property=\"og:image:width\" content=\"600\" \/>\n\t<meta property=\"og:image:height\" content=\"599\" \/>\n\t<meta property=\"og:image:type\" content=\"image\/png\" \/>\n<meta name=\"twitter:card\" content=\"summary_large_image\" \/>\n<script type=\"application\/ld+json\" class=\"yoast-schema-graph\">{\"@context\":\"https:\/\/schema.org\",\"@graph\":[{\"@type\":\"WebPage\",\"@id\":\"https:\/\/nikasport.eu\/lv\/kaju-roku-smagumi-tuloni-ar-lipekla-stuprinajumu-200-gr-2-gabali-400-gr\/\",\"url\":\"https:\/\/nikasport.eu\/lv\/kaju-roku-smagumi-tuloni-ar-lipekla-stuprinajumu-200-gr-2-gabali-400-gr\/\",\"name\":\"K\u0101ju\/roku smagumi Tuloni ar lipek\u013ca stuprin\u0101jumu - 200 gr (2 gabali - 400 gr) | NikaSport.eu\",\"isPartOf\":{\"@id\":\"https:\/\/nikasport.eu\/lv\/#website\"},\"primaryImageOfPage\":{\"@id\":\"https:\/\/nikasport.eu\/lv\/kaju-roku-smagumi-tuloni-ar-lipekla-stuprinajumu-200-gr-2-gabali-400-gr\/#primaryimage\"},\"image\":{\"@id\":\"https:\/\/nikasport.eu\/lv\/kaju-roku-smagumi-tuloni-ar-lipekla-stuprinajumu-200-gr-2-gabali-400-gr\/#primaryimage\"},\"thumbnailUrl\":\"https:\/\/nikasport.eu\/wp-content\/uploads\/2025\/10\/NikaSport.eu-Anklewrist_weights-Tuloni_T0132-400_2x200gr_orange-1.png\",\"datePublished\":\"2025-10-08T18:17:04+00:00\",\"dateModified\":\"2026-04-11T18:08:42+00:00\",\"breadcrumb\":{\"@id\":\"https:\/\/nikasport.eu\/lv\/kaju-roku-smagumi-tuloni-ar-lipekla-stuprinajumu-200-gr-2-gabali-400-gr\/#breadcrumb\"},\"inLanguage\":\"lv-LV\",\"potentialAction\":[{\"@type\":\"ReadAction\",\"target\":[\"https:\/\/nikasport.eu\/lv\/kaju-roku-smagumi-tuloni-ar-lipekla-stuprinajumu-200-gr-2-gabali-400-gr\/\"]}]},{\"@type\":\"ImageObject\",\"inLanguage\":\"lv-LV\",\"@id\":\"https:\/\/nikasport.eu\/lv\/kaju-roku-smagumi-tuloni-ar-lipekla-stuprinajumu-200-gr-2-gabali-400-gr\/#primaryimage\",\"url\":\"https:\/\/nikasport.eu\/wp-content\/uploads\/2025\/10\/NikaSport.eu-Anklewrist_weights-Tuloni_T0132-400_2x200gr_orange-1.png\",\"contentUrl\":\"https:\/\/nikasport.eu\/wp-content\/uploads\/2025\/10\/NikaSport.eu-Anklewrist_weights-Tuloni_T0132-400_2x200gr_orange-1.png\",\"width\":600,\"height\":599},{\"@type\":\"BreadcrumbList\",\"@id\":\"https:\/\/nikasport.eu\/lv\/kaju-roku-smagumi-tuloni-ar-lipekla-stuprinajumu-200-gr-2-gabali-400-gr\/#breadcrumb\",\"itemListElement\":[{\"@type\":\"ListItem\",\"position\":1,\"name\":\"Home\",\"item\":\"https:\/\/nikasport.eu\/lv\/\"},{\"@type\":\"ListItem\",\"position\":2,\"name\":\"Preces\",\"item\":\"https:\/\/nikasport.eu\/lv\/shop\/\"},{\"@type\":\"ListItem\",\"position\":3,\"name\":\"Aksesu\u0101ri\",\"item\":\"https:\/\/nikasport.eu\/lv\/makslas-vingrosanas-aksesuari\/\"},{\"@type\":\"ListItem\",\"position\":4,\"name\":\"Fitness\",\"item\":\"https:\/\/nikasport.eu\/lv\/rg-aksesuar-fitness\/\"},{\"@type\":\"ListItem\",\"position\":5,\"name\":\"K\u0101ju\/roku smagumi Tuloni ar lipek\u013ca stuprin\u0101jumu &#8211; 200 gr (2 gabali &#8211; 400 gr)\"}]},{\"@type\":\"WebSite\",\"@id\":\"https:\/\/nikasport.eu\/lv\/#website\",\"url\":\"https:\/\/nikasport.eu\/lv\/\",\"name\":\"NikaSport.eu\",\"description\":\"Everything a Gymnast Needs | Rhythmic Gymnastics Equipment Online\",\"potentialAction\":[{\"@type\":\"SearchAction\",\"target\":{\"@type\":\"EntryPoint\",\"urlTemplate\":\"https:\/\/nikasport.eu\/lv\/?s={search_term_string}\"},\"query-input\":{\"@type\":\"PropertyValueSpecification\",\"valueRequired\":true,\"valueName\":\"search_term_string\"}}],\"inLanguage\":\"lv-LV\"}]}<\/script>\n<!-- \/ Yoast SEO plugin. -->","yoast_head_json":{"title":"K\u0101ju\/roku smagumi Tuloni ar lipek\u013ca stuprin\u0101jumu - 200 gr (2 gabali - 400 gr) | NikaSport.eu","robots":{"index":"index","follow":"follow","max-snippet":"max-snippet:-1","max-image-preview":"max-image-preview:large","max-video-preview":"max-video-preview:-1"},"canonical":"https:\/\/nikasport.eu\/lv\/kaju-roku-smagumi-tuloni-ar-lipekla-stuprinajumu-200-gr-2-gabali-400-gr\/","og_locale":"lv_LV","og_type":"article","og_title":"K\u0101ju\/roku smagumi Tuloni ar lipek\u013ca stuprin\u0101jumu - 200 gr (2 gabali - 400 gr) | NikaSport.eu","og_description":"563","og_url":"https:\/\/nikasport.eu\/lv\/kaju-roku-smagumi-tuloni-ar-lipekla-stuprinajumu-200-gr-2-gabali-400-gr\/","og_site_name":"NikaSport.eu","article_publisher":"https:\/\/www.facebook.com\/nikasport.eu","article_modified_time":"2026-04-11T18:08:42+00:00","og_image":[{"width":600,"height":599,"url":"https:\/\/nikasport.eu\/wp-content\/uploads\/2025\/10\/NikaSport.eu-Anklewrist_weights-Tuloni_T0132-400_2x200gr_orange-1.png","type":"image\/png"}],"twitter_card":"summary_large_image","schema":{"@context":"https:\/\/schema.org","@graph":[{"@type":"WebPage","@id":"https:\/\/nikasport.eu\/lv\/kaju-roku-smagumi-tuloni-ar-lipekla-stuprinajumu-200-gr-2-gabali-400-gr\/","url":"https:\/\/nikasport.eu\/lv\/kaju-roku-smagumi-tuloni-ar-lipekla-stuprinajumu-200-gr-2-gabali-400-gr\/","name":"K\u0101ju\/roku smagumi Tuloni ar lipek\u013ca stuprin\u0101jumu - 200 gr (2 gabali - 400 gr) | NikaSport.eu","isPartOf":{"@id":"https:\/\/nikasport.eu\/lv\/#website"},"primaryImageOfPage":{"@id":"https:\/\/nikasport.eu\/lv\/kaju-roku-smagumi-tuloni-ar-lipekla-stuprinajumu-200-gr-2-gabali-400-gr\/#primaryimage"},"image":{"@id":"https:\/\/nikasport.eu\/lv\/kaju-roku-smagumi-tuloni-ar-lipekla-stuprinajumu-200-gr-2-gabali-400-gr\/#primaryimage"},"thumbnailUrl":"https:\/\/nikasport.eu\/wp-content\/uploads\/2025\/10\/NikaSport.eu-Anklewrist_weights-Tuloni_T0132-400_2x200gr_orange-1.png","datePublished":"2025-10-08T18:17:04+00:00","dateModified":"2026-04-11T18:08:42+00:00","breadcrumb":{"@id":"https:\/\/nikasport.eu\/lv\/kaju-roku-smagumi-tuloni-ar-lipekla-stuprinajumu-200-gr-2-gabali-400-gr\/#breadcrumb"},"inLanguage":"lv-LV","potentialAction":[{"@type":"ReadAction","target":["https:\/\/nikasport.eu\/lv\/kaju-roku-smagumi-tuloni-ar-lipekla-stuprinajumu-200-gr-2-gabali-400-gr\/"]}]},{"@type":"ImageObject","inLanguage":"lv-LV","@id":"https:\/\/nikasport.eu\/lv\/kaju-roku-smagumi-tuloni-ar-lipekla-stuprinajumu-200-gr-2-gabali-400-gr\/#primaryimage","url":"https:\/\/nikasport.eu\/wp-content\/uploads\/2025\/10\/NikaSport.eu-Anklewrist_weights-Tuloni_T0132-400_2x200gr_orange-1.png","contentUrl":"https:\/\/nikasport.eu\/wp-content\/uploads\/2025\/10\/NikaSport.eu-Anklewrist_weights-Tuloni_T0132-400_2x200gr_orange-1.png","width":600,"height":599},{"@type":"BreadcrumbList","@id":"https:\/\/nikasport.eu\/lv\/kaju-roku-smagumi-tuloni-ar-lipekla-stuprinajumu-200-gr-2-gabali-400-gr\/#breadcrumb","itemListElement":[{"@type":"ListItem","position":1,"name":"Home","item":"https:\/\/nikasport.eu\/lv\/"},{"@type":"ListItem","position":2,"name":"Preces","item":"https:\/\/nikasport.eu\/lv\/shop\/"},{"@type":"ListItem","position":3,"name":"Aksesu\u0101ri","item":"https:\/\/nikasport.eu\/lv\/makslas-vingrosanas-aksesuari\/"},{"@type":"ListItem","position":4,"name":"Fitness","item":"https:\/\/nikasport.eu\/lv\/rg-aksesuar-fitness\/"},{"@type":"ListItem","position":5,"name":"K\u0101ju\/roku smagumi Tuloni ar lipek\u013ca stuprin\u0101jumu &#8211; 200 gr (2 gabali &#8211; 400 gr)"}]},{"@type":"WebSite","@id":"https:\/\/nikasport.eu\/lv\/#website","url":"https:\/\/nikasport.eu\/lv\/","name":"NikaSport.eu","description":"Everything a Gymnast Needs | Rhythmic Gymnastics Equipment Online","potentialAction":[{"@type":"SearchAction","target":{"@type":"EntryPoint","urlTemplate":"https:\/\/nikasport.eu\/lv\/?s={search_term_string}"},"query-input":{"@type":"PropertyValueSpecification","valueRequired":true,"valueName":"search_term_string"}}],"inLanguage":"lv-LV"}]}},"_links":{"self":[{"href":"https:\/\/nikasport.eu\/lv\/wp-json\/wp\/v2\/product\/14442","targetHints":{"allow":["GET"]}}],"collection":[{"href":"https:\/\/nikasport.eu\/lv\/wp-json\/wp\/v2\/product"}],"about":[{"href":"https:\/\/nikasport.eu\/lv\/wp-json\/wp\/v2\/types\/product"}],"wp:featuredmedia":[{"embeddable":true,"href":"https:\/\/nikasport.eu\/lv\/wp-json\/wp\/v2\/media\/14443"}],"wp:attachment":[{"href":"https:\/\/nikasport.eu\/lv\/wp-json\/wp\/v2\/media?parent=14442"}],"wp:term":[{"taxonomy":"product_brand","embeddable":true,"href":"https:\/\/nikasport.eu\/lv\/wp-json\/wp\/v2\/product_brand?post=14442"},{"taxonomy":"product_cat","embeddable":true,"href":"https:\/\/nikasport.eu\/lv\/wp-json\/wp\/v2\/product_cat?post=14442"},{"taxonomy":"product_tag","embeddable":true,"href":"https:\/\/nikasport.eu\/lv\/wp-json\/wp\/v2\/product_tag?post=14442"}],"curies":[{"name":"wp","href":"https:\/\/api.w.org\/{rel}","templated":true}]}}