{"id":14461,"date":"2025-10-08T20:17:17","date_gmt":"2025-10-08T18:17:17","guid":{"rendered":"https:\/\/nikasport.eu\/?post_type=product&#038;p=14461"},"modified":"2026-04-15T19:09:36","modified_gmt":"2026-04-15T17:09:36","slug":"pastorelli-profesionals-bodijs-zem-kostima-izm-8-122-128","status":"publish","type":"product","link":"https:\/\/nikasport.eu\/lv\/pastorelli-profesionals-bodijs-zem-kostima-izm-8-122-128\/","title":{"rendered":"PASTORELLI Profesion\u0101ls bodijs (zem kost\u012bma) izm. 8 (122-128)"},"content":{"rendered":"<p>PASTORELLI profesion\u0101ls bodijs.<\/p>\n<p>Viegls, kompakts, lieliski piegu\u013c \u0137ermenim.<\/p>\n<p><\/p>\n<p>Izm\u0113rs: 8 (122-128 cm)<\/p>\n<p>Kr\u0101sa: b\u0113\u0161a<\/p>\n","protected":false},"excerpt":{"rendered":"<p>575<\/p>\n","protected":false},"featured_media":14372,"template":"","meta":{"_gspb_post_css":""},"product_brand":[852],"product_cat":[581],"product_tag":[],"class_list":{"0":"post-14461","1":"product","2":"type-product","3":"status-publish","4":"has-post-thumbnail","6":"product_brand-pastorelli","7":"product_cat-rg-aksesuar-bodijs-profesional","9":"first","10":"outofstock","11":"taxable","12":"shipping-taxable","13":"purchasable","14":"product-type-simple"},"ct_brands":[{"id":852,"name":"PASTORELLI","slug":"pastorelli"}],"yoast_head":"<!-- This site is optimized with the Yoast SEO plugin v26.5 - https:\/\/yoast.com\/wordpress\/plugins\/seo\/ -->\n<title>PASTORELLI Profesion\u0101ls bodijs (zem kost\u012bma) izm. 8 (122-128) | NikaSport.eu<\/title>\n<meta name=\"robots\" content=\"index, follow, max-snippet:-1, max-image-preview:large, max-video-preview:-1\" \/>\n<link rel=\"canonical\" href=\"https:\/\/nikasport.eu\/lv\/pastorelli-profesionals-bodijs-zem-kostima-izm-8-122-128\/\" \/>\n<meta property=\"og:locale\" content=\"lv_LV\" \/>\n<meta property=\"og:type\" content=\"article\" \/>\n<meta property=\"og:title\" content=\"PASTORELLI Profesion\u0101ls bodijs (zem kost\u012bma) izm. 8 (122-128) | NikaSport.eu\" \/>\n<meta property=\"og:description\" content=\"575\" \/>\n<meta property=\"og:url\" content=\"https:\/\/nikasport.eu\/lv\/pastorelli-profesionals-bodijs-zem-kostima-izm-8-122-128\/\" \/>\n<meta property=\"og:site_name\" content=\"NikaSport.eu\" \/>\n<meta property=\"article:publisher\" content=\"https:\/\/www.facebook.com\/nikasport.eu\" \/>\n<meta property=\"article:modified_time\" content=\"2026-04-15T17:09:36+00:00\" \/>\n<meta property=\"og:image\" content=\"https:\/\/nikasport.eu\/wp-content\/uploads\/2025\/10\/NikaSport.eu-Professional-under-letotard-01896-01897-01898-01899-01900-01901-1.jpg\" \/>\n\t<meta property=\"og:image:width\" content=\"236\" \/>\n\t<meta property=\"og:image:height\" content=\"469\" \/>\n\t<meta property=\"og:image:type\" content=\"image\/jpeg\" \/>\n<meta name=\"twitter:card\" content=\"summary_large_image\" \/>\n<script type=\"application\/ld+json\" class=\"yoast-schema-graph\">{\"@context\":\"https:\/\/schema.org\",\"@graph\":[{\"@type\":\"WebPage\",\"@id\":\"https:\/\/nikasport.eu\/lv\/pastorelli-profesionals-bodijs-zem-kostima-izm-8-122-128\/\",\"url\":\"https:\/\/nikasport.eu\/lv\/pastorelli-profesionals-bodijs-zem-kostima-izm-8-122-128\/\",\"name\":\"PASTORELLI Profesion\u0101ls bodijs (zem kost\u012bma) izm. 8 (122-128) | NikaSport.eu\",\"isPartOf\":{\"@id\":\"https:\/\/nikasport.eu\/lv\/#website\"},\"primaryImageOfPage\":{\"@id\":\"https:\/\/nikasport.eu\/lv\/pastorelli-profesionals-bodijs-zem-kostima-izm-8-122-128\/#primaryimage\"},\"image\":{\"@id\":\"https:\/\/nikasport.eu\/lv\/pastorelli-profesionals-bodijs-zem-kostima-izm-8-122-128\/#primaryimage\"},\"thumbnailUrl\":\"https:\/\/nikasport.eu\/wp-content\/uploads\/2025\/10\/NikaSport.eu-Professional-under-letotard-01896-01897-01898-01899-01900-01901-1.jpg\",\"datePublished\":\"2025-10-08T18:17:17+00:00\",\"dateModified\":\"2026-04-15T17:09:36+00:00\",\"breadcrumb\":{\"@id\":\"https:\/\/nikasport.eu\/lv\/pastorelli-profesionals-bodijs-zem-kostima-izm-8-122-128\/#breadcrumb\"},\"inLanguage\":\"lv-LV\",\"potentialAction\":[{\"@type\":\"ReadAction\",\"target\":[\"https:\/\/nikasport.eu\/lv\/pastorelli-profesionals-bodijs-zem-kostima-izm-8-122-128\/\"]}]},{\"@type\":\"ImageObject\",\"inLanguage\":\"lv-LV\",\"@id\":\"https:\/\/nikasport.eu\/lv\/pastorelli-profesionals-bodijs-zem-kostima-izm-8-122-128\/#primaryimage\",\"url\":\"https:\/\/nikasport.eu\/wp-content\/uploads\/2025\/10\/NikaSport.eu-Professional-under-letotard-01896-01897-01898-01899-01900-01901-1.jpg\",\"contentUrl\":\"https:\/\/nikasport.eu\/wp-content\/uploads\/2025\/10\/NikaSport.eu-Professional-under-letotard-01896-01897-01898-01899-01900-01901-1.jpg\",\"width\":236,\"height\":469},{\"@type\":\"BreadcrumbList\",\"@id\":\"https:\/\/nikasport.eu\/lv\/pastorelli-profesionals-bodijs-zem-kostima-izm-8-122-128\/#breadcrumb\",\"itemListElement\":[{\"@type\":\"ListItem\",\"position\":1,\"name\":\"Home\",\"item\":\"https:\/\/nikasport.eu\/lv\/\"},{\"@type\":\"ListItem\",\"position\":2,\"name\":\"Preces\",\"item\":\"https:\/\/nikasport.eu\/lv\/shop\/\"},{\"@type\":\"ListItem\",\"position\":3,\"name\":\"Aksesu\u0101ri\",\"item\":\"https:\/\/nikasport.eu\/lv\/makslas-vingrosanas-aksesuari\/\"},{\"@type\":\"ListItem\",\"position\":4,\"name\":\"Profesion\u0101ls bodijs (zem kost\u012bma) PASTORELLI\",\"item\":\"https:\/\/nikasport.eu\/lv\/rg-aksesuar-bodijs-profesional\/\"},{\"@type\":\"ListItem\",\"position\":5,\"name\":\"PASTORELLI Profesion\u0101ls bodijs (zem kost\u012bma) izm. 8 (122-128)\"}]},{\"@type\":\"WebSite\",\"@id\":\"https:\/\/nikasport.eu\/lv\/#website\",\"url\":\"https:\/\/nikasport.eu\/lv\/\",\"name\":\"NikaSport.eu\",\"description\":\"Everything a Gymnast Needs | Rhythmic Gymnastics Equipment Online\",\"potentialAction\":[{\"@type\":\"SearchAction\",\"target\":{\"@type\":\"EntryPoint\",\"urlTemplate\":\"https:\/\/nikasport.eu\/lv\/?s={search_term_string}\"},\"query-input\":{\"@type\":\"PropertyValueSpecification\",\"valueRequired\":true,\"valueName\":\"search_term_string\"}}],\"inLanguage\":\"lv-LV\"}]}<\/script>\n<!-- \/ Yoast SEO plugin. -->","yoast_head_json":{"title":"PASTORELLI Profesion\u0101ls bodijs (zem kost\u012bma) izm. 8 (122-128) | NikaSport.eu","robots":{"index":"index","follow":"follow","max-snippet":"max-snippet:-1","max-image-preview":"max-image-preview:large","max-video-preview":"max-video-preview:-1"},"canonical":"https:\/\/nikasport.eu\/lv\/pastorelli-profesionals-bodijs-zem-kostima-izm-8-122-128\/","og_locale":"lv_LV","og_type":"article","og_title":"PASTORELLI Profesion\u0101ls bodijs (zem kost\u012bma) izm. 8 (122-128) | NikaSport.eu","og_description":"575","og_url":"https:\/\/nikasport.eu\/lv\/pastorelli-profesionals-bodijs-zem-kostima-izm-8-122-128\/","og_site_name":"NikaSport.eu","article_publisher":"https:\/\/www.facebook.com\/nikasport.eu","article_modified_time":"2026-04-15T17:09:36+00:00","og_image":[{"width":236,"height":469,"url":"https:\/\/nikasport.eu\/wp-content\/uploads\/2025\/10\/NikaSport.eu-Professional-under-letotard-01896-01897-01898-01899-01900-01901-1.jpg","type":"image\/jpeg"}],"twitter_card":"summary_large_image","schema":{"@context":"https:\/\/schema.org","@graph":[{"@type":"WebPage","@id":"https:\/\/nikasport.eu\/lv\/pastorelli-profesionals-bodijs-zem-kostima-izm-8-122-128\/","url":"https:\/\/nikasport.eu\/lv\/pastorelli-profesionals-bodijs-zem-kostima-izm-8-122-128\/","name":"PASTORELLI Profesion\u0101ls bodijs (zem kost\u012bma) izm. 8 (122-128) | NikaSport.eu","isPartOf":{"@id":"https:\/\/nikasport.eu\/lv\/#website"},"primaryImageOfPage":{"@id":"https:\/\/nikasport.eu\/lv\/pastorelli-profesionals-bodijs-zem-kostima-izm-8-122-128\/#primaryimage"},"image":{"@id":"https:\/\/nikasport.eu\/lv\/pastorelli-profesionals-bodijs-zem-kostima-izm-8-122-128\/#primaryimage"},"thumbnailUrl":"https:\/\/nikasport.eu\/wp-content\/uploads\/2025\/10\/NikaSport.eu-Professional-under-letotard-01896-01897-01898-01899-01900-01901-1.jpg","datePublished":"2025-10-08T18:17:17+00:00","dateModified":"2026-04-15T17:09:36+00:00","breadcrumb":{"@id":"https:\/\/nikasport.eu\/lv\/pastorelli-profesionals-bodijs-zem-kostima-izm-8-122-128\/#breadcrumb"},"inLanguage":"lv-LV","potentialAction":[{"@type":"ReadAction","target":["https:\/\/nikasport.eu\/lv\/pastorelli-profesionals-bodijs-zem-kostima-izm-8-122-128\/"]}]},{"@type":"ImageObject","inLanguage":"lv-LV","@id":"https:\/\/nikasport.eu\/lv\/pastorelli-profesionals-bodijs-zem-kostima-izm-8-122-128\/#primaryimage","url":"https:\/\/nikasport.eu\/wp-content\/uploads\/2025\/10\/NikaSport.eu-Professional-under-letotard-01896-01897-01898-01899-01900-01901-1.jpg","contentUrl":"https:\/\/nikasport.eu\/wp-content\/uploads\/2025\/10\/NikaSport.eu-Professional-under-letotard-01896-01897-01898-01899-01900-01901-1.jpg","width":236,"height":469},{"@type":"BreadcrumbList","@id":"https:\/\/nikasport.eu\/lv\/pastorelli-profesionals-bodijs-zem-kostima-izm-8-122-128\/#breadcrumb","itemListElement":[{"@type":"ListItem","position":1,"name":"Home","item":"https:\/\/nikasport.eu\/lv\/"},{"@type":"ListItem","position":2,"name":"Preces","item":"https:\/\/nikasport.eu\/lv\/shop\/"},{"@type":"ListItem","position":3,"name":"Aksesu\u0101ri","item":"https:\/\/nikasport.eu\/lv\/makslas-vingrosanas-aksesuari\/"},{"@type":"ListItem","position":4,"name":"Profesion\u0101ls bodijs (zem kost\u012bma) PASTORELLI","item":"https:\/\/nikasport.eu\/lv\/rg-aksesuar-bodijs-profesional\/"},{"@type":"ListItem","position":5,"name":"PASTORELLI Profesion\u0101ls bodijs (zem kost\u012bma) izm. 8 (122-128)"}]},{"@type":"WebSite","@id":"https:\/\/nikasport.eu\/lv\/#website","url":"https:\/\/nikasport.eu\/lv\/","name":"NikaSport.eu","description":"Everything a Gymnast Needs | Rhythmic Gymnastics Equipment Online","potentialAction":[{"@type":"SearchAction","target":{"@type":"EntryPoint","urlTemplate":"https:\/\/nikasport.eu\/lv\/?s={search_term_string}"},"query-input":{"@type":"PropertyValueSpecification","valueRequired":true,"valueName":"search_term_string"}}],"inLanguage":"lv-LV"}]}},"_links":{"self":[{"href":"https:\/\/nikasport.eu\/lv\/wp-json\/wp\/v2\/product\/14461","targetHints":{"allow":["GET"]}}],"collection":[{"href":"https:\/\/nikasport.eu\/lv\/wp-json\/wp\/v2\/product"}],"about":[{"href":"https:\/\/nikasport.eu\/lv\/wp-json\/wp\/v2\/types\/product"}],"wp:featuredmedia":[{"embeddable":true,"href":"https:\/\/nikasport.eu\/lv\/wp-json\/wp\/v2\/media\/14372"}],"wp:attachment":[{"href":"https:\/\/nikasport.eu\/lv\/wp-json\/wp\/v2\/media?parent=14461"}],"wp:term":[{"taxonomy":"product_brand","embeddable":true,"href":"https:\/\/nikasport.eu\/lv\/wp-json\/wp\/v2\/product_brand?post=14461"},{"taxonomy":"product_cat","embeddable":true,"href":"https:\/\/nikasport.eu\/lv\/wp-json\/wp\/v2\/product_cat?post=14461"},{"taxonomy":"product_tag","embeddable":true,"href":"https:\/\/nikasport.eu\/lv\/wp-json\/wp\/v2\/product_tag?post=14461"}],"curies":[{"name":"wp","href":"https:\/\/api.w.org\/{rel}","templated":true}]}}