{"id":14485,"date":"2025-10-08T20:17:34","date_gmt":"2025-10-08T18:17:34","guid":{"rendered":"https:\/\/nikasport.eu\/?post_type=product&#038;p=14485"},"modified":"2026-03-01T17:00:53","modified_gmt":"2026-03-01T15:00:53","slug":"tuloni-double-celu-aizsargu-paris-melnas-izmers-m-12-15y","status":"publish","type":"product","link":"https:\/\/nikasport.eu\/lv\/tuloni-double-celu-aizsargu-paris-melnas-izmers-m-12-15y\/","title":{"rendered":"Tuloni Double Ce\u013cu aizsargu p\u0101ris Melnas izm\u0113rs M (12-15y)"},"content":{"rendered":"<p>Tuloni ce\u013cu aizsargu p\u0101ris ar dubultu aizsardz\u012bbu m\u0101kslas vingro\u0161anai.<\/p>\n<p>Pild\u012bjuma forma ir izstr\u0101d\u0101ta, \u0146emot v\u0113r\u0101 k\u0101jas formas mai\u0146u saliekot celi, t\u0101d\u0113j\u0101di nodro\u0161inot absol\u016btu aizsardz\u012bbu ce\u013ciem ilgsto\u0161\u0101s slodzes laik\u0101.<\/p>\n<p>Ce\u013cu aizsargi lieliski piegu\u013c ce\u013ciem un treni\u0146a laik\u0101 nesl\u012bd.<\/p>\n<p><\/p>\n<p>Modelis: KPD<\/p>\n<p>Materi\u0101ls: 90% poliesters, 5% spandeks, 5% elast\u0101ns, EVA putas<\/p>\n<p>Izm\u0113rs: M (12-15 gadi)<\/p>\n<p>Kr\u0101sa: melna<\/p>\n","protected":false},"excerpt":{"rendered":"<p>639<\/p>\n","protected":false},"featured_media":14486,"template":"","meta":{"_gspb_post_css":""},"product_brand":[848],"product_cat":[583],"product_tag":[],"class_list":{"0":"post-14485","1":"product","2":"type-product","3":"status-publish","4":"has-post-thumbnail","6":"product_brand-tuloni","7":"product_cat-rg-aksesuar-celu-aizsargi-tuloni-solo","9":"first","10":"instock","11":"taxable","12":"shipping-taxable","13":"purchasable","14":"product-type-simple"},"ct_brands":[{"id":848,"name":"Tuloni","slug":"tuloni"}],"yoast_head":"<!-- This site is optimized with the Yoast SEO plugin v26.5 - https:\/\/yoast.com\/wordpress\/plugins\/seo\/ -->\n<title>Tuloni Double Ce\u013cu aizsargu p\u0101ris Melnas izm\u0113rs M (12-15y) | NikaSport.eu<\/title>\n<meta name=\"robots\" content=\"index, follow, max-snippet:-1, max-image-preview:large, max-video-preview:-1\" \/>\n<link rel=\"canonical\" href=\"https:\/\/nikasport.eu\/lv\/tuloni-double-celu-aizsargu-paris-melnas-izmers-m-12-15y\/\" \/>\n<meta property=\"og:locale\" content=\"lv_LV\" \/>\n<meta property=\"og:type\" content=\"article\" \/>\n<meta property=\"og:title\" content=\"Tuloni Double Ce\u013cu aizsargu p\u0101ris Melnas izm\u0113rs M (12-15y) | NikaSport.eu\" \/>\n<meta property=\"og:description\" content=\"639\" \/>\n<meta property=\"og:url\" content=\"https:\/\/nikasport.eu\/lv\/tuloni-double-celu-aizsargu-paris-melnas-izmers-m-12-15y\/\" \/>\n<meta property=\"og:site_name\" content=\"NikaSport.eu\" \/>\n<meta property=\"article:publisher\" content=\"https:\/\/www.facebook.com\/nikasport.eu\" \/>\n<meta property=\"article:modified_time\" content=\"2026-03-01T15:00:53+00:00\" \/>\n<meta property=\"og:image\" content=\"https:\/\/nikasport.eu\/wp-content\/uploads\/2025\/10\/NikaSport.eu-Tuloni-Knee-protector-Tuloni-Double-black-T0133-M-1.jpg\" \/>\n\t<meta property=\"og:image:width\" content=\"600\" \/>\n\t<meta property=\"og:image:height\" content=\"600\" \/>\n\t<meta property=\"og:image:type\" content=\"image\/jpeg\" \/>\n<meta name=\"twitter:card\" content=\"summary_large_image\" \/>\n<script type=\"application\/ld+json\" class=\"yoast-schema-graph\">{\"@context\":\"https:\/\/schema.org\",\"@graph\":[{\"@type\":\"WebPage\",\"@id\":\"https:\/\/nikasport.eu\/lv\/tuloni-double-celu-aizsargu-paris-melnas-izmers-m-12-15y\/\",\"url\":\"https:\/\/nikasport.eu\/lv\/tuloni-double-celu-aizsargu-paris-melnas-izmers-m-12-15y\/\",\"name\":\"Tuloni Double Ce\u013cu aizsargu p\u0101ris Melnas izm\u0113rs M (12-15y) | NikaSport.eu\",\"isPartOf\":{\"@id\":\"https:\/\/nikasport.eu\/lv\/#website\"},\"primaryImageOfPage\":{\"@id\":\"https:\/\/nikasport.eu\/lv\/tuloni-double-celu-aizsargu-paris-melnas-izmers-m-12-15y\/#primaryimage\"},\"image\":{\"@id\":\"https:\/\/nikasport.eu\/lv\/tuloni-double-celu-aizsargu-paris-melnas-izmers-m-12-15y\/#primaryimage\"},\"thumbnailUrl\":\"https:\/\/nikasport.eu\/wp-content\/uploads\/2025\/10\/NikaSport.eu-Tuloni-Knee-protector-Tuloni-Double-black-T0133-M-1.jpg\",\"datePublished\":\"2025-10-08T18:17:34+00:00\",\"dateModified\":\"2026-03-01T15:00:53+00:00\",\"breadcrumb\":{\"@id\":\"https:\/\/nikasport.eu\/lv\/tuloni-double-celu-aizsargu-paris-melnas-izmers-m-12-15y\/#breadcrumb\"},\"inLanguage\":\"lv-LV\",\"potentialAction\":[{\"@type\":\"ReadAction\",\"target\":[\"https:\/\/nikasport.eu\/lv\/tuloni-double-celu-aizsargu-paris-melnas-izmers-m-12-15y\/\"]}]},{\"@type\":\"ImageObject\",\"inLanguage\":\"lv-LV\",\"@id\":\"https:\/\/nikasport.eu\/lv\/tuloni-double-celu-aizsargu-paris-melnas-izmers-m-12-15y\/#primaryimage\",\"url\":\"https:\/\/nikasport.eu\/wp-content\/uploads\/2025\/10\/NikaSport.eu-Tuloni-Knee-protector-Tuloni-Double-black-T0133-M-1.jpg\",\"contentUrl\":\"https:\/\/nikasport.eu\/wp-content\/uploads\/2025\/10\/NikaSport.eu-Tuloni-Knee-protector-Tuloni-Double-black-T0133-M-1.jpg\",\"width\":600,\"height\":600},{\"@type\":\"BreadcrumbList\",\"@id\":\"https:\/\/nikasport.eu\/lv\/tuloni-double-celu-aizsargu-paris-melnas-izmers-m-12-15y\/#breadcrumb\",\"itemListElement\":[{\"@type\":\"ListItem\",\"position\":1,\"name\":\"Home\",\"item\":\"https:\/\/nikasport.eu\/lv\/\"},{\"@type\":\"ListItem\",\"position\":2,\"name\":\"Preces\",\"item\":\"https:\/\/nikasport.eu\/lv\/shop\/\"},{\"@type\":\"ListItem\",\"position\":3,\"name\":\"Aksesu\u0101ri\",\"item\":\"https:\/\/nikasport.eu\/lv\/makslas-vingrosanas-aksesuari\/\"},{\"@type\":\"ListItem\",\"position\":4,\"name\":\"Ce\u013cu aizsargi Tuloni \/ Solo\",\"item\":\"https:\/\/nikasport.eu\/lv\/rg-aksesuar-celu-aizsargi-tuloni-solo\/\"},{\"@type\":\"ListItem\",\"position\":5,\"name\":\"Tuloni Double Ce\u013cu aizsargu p\u0101ris Melnas izm\u0113rs M (12-15y)\"}]},{\"@type\":\"WebSite\",\"@id\":\"https:\/\/nikasport.eu\/lv\/#website\",\"url\":\"https:\/\/nikasport.eu\/lv\/\",\"name\":\"NikaSport.eu\",\"description\":\"Everything a Gymnast Needs | Rhythmic Gymnastics Equipment Online\",\"potentialAction\":[{\"@type\":\"SearchAction\",\"target\":{\"@type\":\"EntryPoint\",\"urlTemplate\":\"https:\/\/nikasport.eu\/lv\/?s={search_term_string}\"},\"query-input\":{\"@type\":\"PropertyValueSpecification\",\"valueRequired\":true,\"valueName\":\"search_term_string\"}}],\"inLanguage\":\"lv-LV\"}]}<\/script>\n<!-- \/ Yoast SEO plugin. -->","yoast_head_json":{"title":"Tuloni Double Ce\u013cu aizsargu p\u0101ris Melnas izm\u0113rs M (12-15y) | NikaSport.eu","robots":{"index":"index","follow":"follow","max-snippet":"max-snippet:-1","max-image-preview":"max-image-preview:large","max-video-preview":"max-video-preview:-1"},"canonical":"https:\/\/nikasport.eu\/lv\/tuloni-double-celu-aizsargu-paris-melnas-izmers-m-12-15y\/","og_locale":"lv_LV","og_type":"article","og_title":"Tuloni Double Ce\u013cu aizsargu p\u0101ris Melnas izm\u0113rs M (12-15y) | NikaSport.eu","og_description":"639","og_url":"https:\/\/nikasport.eu\/lv\/tuloni-double-celu-aizsargu-paris-melnas-izmers-m-12-15y\/","og_site_name":"NikaSport.eu","article_publisher":"https:\/\/www.facebook.com\/nikasport.eu","article_modified_time":"2026-03-01T15:00:53+00:00","og_image":[{"width":600,"height":600,"url":"https:\/\/nikasport.eu\/wp-content\/uploads\/2025\/10\/NikaSport.eu-Tuloni-Knee-protector-Tuloni-Double-black-T0133-M-1.jpg","type":"image\/jpeg"}],"twitter_card":"summary_large_image","schema":{"@context":"https:\/\/schema.org","@graph":[{"@type":"WebPage","@id":"https:\/\/nikasport.eu\/lv\/tuloni-double-celu-aizsargu-paris-melnas-izmers-m-12-15y\/","url":"https:\/\/nikasport.eu\/lv\/tuloni-double-celu-aizsargu-paris-melnas-izmers-m-12-15y\/","name":"Tuloni Double Ce\u013cu aizsargu p\u0101ris Melnas izm\u0113rs M (12-15y) | NikaSport.eu","isPartOf":{"@id":"https:\/\/nikasport.eu\/lv\/#website"},"primaryImageOfPage":{"@id":"https:\/\/nikasport.eu\/lv\/tuloni-double-celu-aizsargu-paris-melnas-izmers-m-12-15y\/#primaryimage"},"image":{"@id":"https:\/\/nikasport.eu\/lv\/tuloni-double-celu-aizsargu-paris-melnas-izmers-m-12-15y\/#primaryimage"},"thumbnailUrl":"https:\/\/nikasport.eu\/wp-content\/uploads\/2025\/10\/NikaSport.eu-Tuloni-Knee-protector-Tuloni-Double-black-T0133-M-1.jpg","datePublished":"2025-10-08T18:17:34+00:00","dateModified":"2026-03-01T15:00:53+00:00","breadcrumb":{"@id":"https:\/\/nikasport.eu\/lv\/tuloni-double-celu-aizsargu-paris-melnas-izmers-m-12-15y\/#breadcrumb"},"inLanguage":"lv-LV","potentialAction":[{"@type":"ReadAction","target":["https:\/\/nikasport.eu\/lv\/tuloni-double-celu-aizsargu-paris-melnas-izmers-m-12-15y\/"]}]},{"@type":"ImageObject","inLanguage":"lv-LV","@id":"https:\/\/nikasport.eu\/lv\/tuloni-double-celu-aizsargu-paris-melnas-izmers-m-12-15y\/#primaryimage","url":"https:\/\/nikasport.eu\/wp-content\/uploads\/2025\/10\/NikaSport.eu-Tuloni-Knee-protector-Tuloni-Double-black-T0133-M-1.jpg","contentUrl":"https:\/\/nikasport.eu\/wp-content\/uploads\/2025\/10\/NikaSport.eu-Tuloni-Knee-protector-Tuloni-Double-black-T0133-M-1.jpg","width":600,"height":600},{"@type":"BreadcrumbList","@id":"https:\/\/nikasport.eu\/lv\/tuloni-double-celu-aizsargu-paris-melnas-izmers-m-12-15y\/#breadcrumb","itemListElement":[{"@type":"ListItem","position":1,"name":"Home","item":"https:\/\/nikasport.eu\/lv\/"},{"@type":"ListItem","position":2,"name":"Preces","item":"https:\/\/nikasport.eu\/lv\/shop\/"},{"@type":"ListItem","position":3,"name":"Aksesu\u0101ri","item":"https:\/\/nikasport.eu\/lv\/makslas-vingrosanas-aksesuari\/"},{"@type":"ListItem","position":4,"name":"Ce\u013cu aizsargi Tuloni \/ Solo","item":"https:\/\/nikasport.eu\/lv\/rg-aksesuar-celu-aizsargi-tuloni-solo\/"},{"@type":"ListItem","position":5,"name":"Tuloni Double Ce\u013cu aizsargu p\u0101ris Melnas izm\u0113rs M (12-15y)"}]},{"@type":"WebSite","@id":"https:\/\/nikasport.eu\/lv\/#website","url":"https:\/\/nikasport.eu\/lv\/","name":"NikaSport.eu","description":"Everything a Gymnast Needs | Rhythmic Gymnastics Equipment Online","potentialAction":[{"@type":"SearchAction","target":{"@type":"EntryPoint","urlTemplate":"https:\/\/nikasport.eu\/lv\/?s={search_term_string}"},"query-input":{"@type":"PropertyValueSpecification","valueRequired":true,"valueName":"search_term_string"}}],"inLanguage":"lv-LV"}]}},"_links":{"self":[{"href":"https:\/\/nikasport.eu\/lv\/wp-json\/wp\/v2\/product\/14485","targetHints":{"allow":["GET"]}}],"collection":[{"href":"https:\/\/nikasport.eu\/lv\/wp-json\/wp\/v2\/product"}],"about":[{"href":"https:\/\/nikasport.eu\/lv\/wp-json\/wp\/v2\/types\/product"}],"wp:featuredmedia":[{"embeddable":true,"href":"https:\/\/nikasport.eu\/lv\/wp-json\/wp\/v2\/media\/14486"}],"wp:attachment":[{"href":"https:\/\/nikasport.eu\/lv\/wp-json\/wp\/v2\/media?parent=14485"}],"wp:term":[{"taxonomy":"product_brand","embeddable":true,"href":"https:\/\/nikasport.eu\/lv\/wp-json\/wp\/v2\/product_brand?post=14485"},{"taxonomy":"product_cat","embeddable":true,"href":"https:\/\/nikasport.eu\/lv\/wp-json\/wp\/v2\/product_cat?post=14485"},{"taxonomy":"product_tag","embeddable":true,"href":"https:\/\/nikasport.eu\/lv\/wp-json\/wp\/v2\/product_tag?post=14485"}],"curies":[{"name":"wp","href":"https:\/\/api.w.org\/{rel}","templated":true}]}}