{"id":14576,"date":"2025-10-08T20:18:42","date_gmt":"2025-10-08T18:18:42","guid":{"rendered":"https:\/\/nikasport.eu\/?post_type=product&#038;p=14576"},"modified":"2026-04-09T21:37:44","modified_gmt":"2026-04-09T19:37:44","slug":"dvielis-pastorelli-freedom-ar-bumbu-70x140-cm","status":"publish","type":"product","link":"https:\/\/nikasport.eu\/lv\/dvielis-pastorelli-freedom-ar-bumbu-70x140-cm\/","title":{"rendered":"Dvielis PASTORELLI &#8211; Freedom ar bumbu (70&#215;140 \u0441m)"},"content":{"rendered":"<p>Tavs m\u012b\u013c\u0101kais sporta veids b\u016bs ar tevi pat pludmal\u0113 vai basein\u0101!<\/p>\n<p>PASTORELLI kr\u0101saino dvieli var izmantot p\u0113c peld\u0113\u0161an\u0101s vai sau\u013co\u0161an\u0101s laik\u0101.<\/p>\n<p>Mazg\u0101t ar rok\u0101m vai ve\u013cas ma\u0161\u012bn\u0101 30\u00b0 temperat\u016br\u0101.<\/p>\n<p>&nbsp;<\/p>\n<p>Materi\u0101ls: 100% kokvilna<\/p>\n<p>Izm\u0113rs: 70 x 140 cm<\/p>\n<p>Att\u0113ls: vingrot\u0101ja ar bumbu<\/p>\n<p>Svars: 350 gr<\/p>\n","protected":false},"excerpt":{"rendered":"<p>837<\/p>\n","protected":false},"featured_media":14577,"template":"","meta":{"_gspb_post_css":""},"product_brand":[852],"product_cat":[599],"product_tag":[],"class_list":{"0":"post-14576","1":"product","2":"type-product","3":"status-publish","4":"has-post-thumbnail","6":"product_brand-pastorelli","7":"product_cat-rg-aksesuar-dvieli","9":"first","10":"instock","11":"taxable","12":"shipping-taxable","13":"purchasable","14":"product-type-simple"},"ct_brands":[{"id":852,"name":"PASTORELLI","slug":"pastorelli"}],"yoast_head":"<!-- This site is optimized with the Yoast SEO plugin v26.5 - https:\/\/yoast.com\/wordpress\/plugins\/seo\/ -->\n<title>Dvielis PASTORELLI - Freedom ar bumbu (70x140 \u0441m) | NikaSport.eu<\/title>\n<meta name=\"robots\" content=\"index, follow, max-snippet:-1, max-image-preview:large, max-video-preview:-1\" \/>\n<link rel=\"canonical\" href=\"https:\/\/nikasport.eu\/lv\/dvielis-pastorelli-freedom-ar-bumbu-70x140-cm\/\" \/>\n<meta property=\"og:locale\" content=\"lv_LV\" \/>\n<meta property=\"og:type\" content=\"article\" \/>\n<meta property=\"og:title\" content=\"Dvielis PASTORELLI - Freedom ar bumbu (70x140 \u0441m) | NikaSport.eu\" \/>\n<meta property=\"og:description\" content=\"837\" \/>\n<meta property=\"og:url\" content=\"https:\/\/nikasport.eu\/lv\/dvielis-pastorelli-freedom-ar-bumbu-70x140-cm\/\" \/>\n<meta property=\"og:site_name\" content=\"NikaSport.eu\" \/>\n<meta property=\"article:publisher\" content=\"https:\/\/www.facebook.com\/nikasport.eu\" \/>\n<meta property=\"article:modified_time\" content=\"2026-04-09T19:37:44+00:00\" \/>\n<meta property=\"og:image\" content=\"https:\/\/nikasport.eu\/wp-content\/uploads\/2025\/10\/NikaSport.eu-bath-towel-pastorelli-freedom-ball-03827-1.jpg\" \/>\n\t<meta property=\"og:image:width\" content=\"600\" \/>\n\t<meta property=\"og:image:height\" content=\"600\" \/>\n\t<meta property=\"og:image:type\" content=\"image\/jpeg\" \/>\n<meta name=\"twitter:card\" content=\"summary_large_image\" \/>\n<meta name=\"twitter:label1\" content=\"Est. reading time\" \/>\n\t<meta name=\"twitter:data1\" content=\"1 minute\" \/>\n<script type=\"application\/ld+json\" class=\"yoast-schema-graph\">{\"@context\":\"https:\/\/schema.org\",\"@graph\":[{\"@type\":\"WebPage\",\"@id\":\"https:\/\/nikasport.eu\/lv\/dvielis-pastorelli-freedom-ar-bumbu-70x140-cm\/\",\"url\":\"https:\/\/nikasport.eu\/lv\/dvielis-pastorelli-freedom-ar-bumbu-70x140-cm\/\",\"name\":\"Dvielis PASTORELLI - Freedom ar bumbu (70x140 \u0441m) | NikaSport.eu\",\"isPartOf\":{\"@id\":\"https:\/\/nikasport.eu\/lv\/#website\"},\"primaryImageOfPage\":{\"@id\":\"https:\/\/nikasport.eu\/lv\/dvielis-pastorelli-freedom-ar-bumbu-70x140-cm\/#primaryimage\"},\"image\":{\"@id\":\"https:\/\/nikasport.eu\/lv\/dvielis-pastorelli-freedom-ar-bumbu-70x140-cm\/#primaryimage\"},\"thumbnailUrl\":\"https:\/\/nikasport.eu\/wp-content\/uploads\/2025\/10\/NikaSport.eu-bath-towel-pastorelli-freedom-ball-03827-1.jpg\",\"datePublished\":\"2025-10-08T18:18:42+00:00\",\"dateModified\":\"2026-04-09T19:37:44+00:00\",\"breadcrumb\":{\"@id\":\"https:\/\/nikasport.eu\/lv\/dvielis-pastorelli-freedom-ar-bumbu-70x140-cm\/#breadcrumb\"},\"inLanguage\":\"lv-LV\",\"potentialAction\":[{\"@type\":\"ReadAction\",\"target\":[\"https:\/\/nikasport.eu\/lv\/dvielis-pastorelli-freedom-ar-bumbu-70x140-cm\/\"]}]},{\"@type\":\"ImageObject\",\"inLanguage\":\"lv-LV\",\"@id\":\"https:\/\/nikasport.eu\/lv\/dvielis-pastorelli-freedom-ar-bumbu-70x140-cm\/#primaryimage\",\"url\":\"https:\/\/nikasport.eu\/wp-content\/uploads\/2025\/10\/NikaSport.eu-bath-towel-pastorelli-freedom-ball-03827-1.jpg\",\"contentUrl\":\"https:\/\/nikasport.eu\/wp-content\/uploads\/2025\/10\/NikaSport.eu-bath-towel-pastorelli-freedom-ball-03827-1.jpg\",\"width\":600,\"height\":600},{\"@type\":\"BreadcrumbList\",\"@id\":\"https:\/\/nikasport.eu\/lv\/dvielis-pastorelli-freedom-ar-bumbu-70x140-cm\/#breadcrumb\",\"itemListElement\":[{\"@type\":\"ListItem\",\"position\":1,\"name\":\"Home\",\"item\":\"https:\/\/nikasport.eu\/lv\/\"},{\"@type\":\"ListItem\",\"position\":2,\"name\":\"Preces\",\"item\":\"https:\/\/nikasport.eu\/lv\/shop\/\"},{\"@type\":\"ListItem\",\"position\":3,\"name\":\"Aksesu\u0101ri\",\"item\":\"https:\/\/nikasport.eu\/lv\/makslas-vingrosanas-aksesuari\/\"},{\"@type\":\"ListItem\",\"position\":4,\"name\":\"Dvie\u013ci\",\"item\":\"https:\/\/nikasport.eu\/lv\/rg-aksesuar-dvieli\/\"},{\"@type\":\"ListItem\",\"position\":5,\"name\":\"Dvielis PASTORELLI &#8211; Freedom ar bumbu (70&#215;140 \u0441m)\"}]},{\"@type\":\"WebSite\",\"@id\":\"https:\/\/nikasport.eu\/lv\/#website\",\"url\":\"https:\/\/nikasport.eu\/lv\/\",\"name\":\"NikaSport.eu\",\"description\":\"Everything a Gymnast Needs | Rhythmic Gymnastics Equipment Online\",\"potentialAction\":[{\"@type\":\"SearchAction\",\"target\":{\"@type\":\"EntryPoint\",\"urlTemplate\":\"https:\/\/nikasport.eu\/lv\/?s={search_term_string}\"},\"query-input\":{\"@type\":\"PropertyValueSpecification\",\"valueRequired\":true,\"valueName\":\"search_term_string\"}}],\"inLanguage\":\"lv-LV\"}]}<\/script>\n<!-- \/ Yoast SEO plugin. -->","yoast_head_json":{"title":"Dvielis PASTORELLI - Freedom ar bumbu (70x140 \u0441m) | NikaSport.eu","robots":{"index":"index","follow":"follow","max-snippet":"max-snippet:-1","max-image-preview":"max-image-preview:large","max-video-preview":"max-video-preview:-1"},"canonical":"https:\/\/nikasport.eu\/lv\/dvielis-pastorelli-freedom-ar-bumbu-70x140-cm\/","og_locale":"lv_LV","og_type":"article","og_title":"Dvielis PASTORELLI - Freedom ar bumbu (70x140 \u0441m) | NikaSport.eu","og_description":"837","og_url":"https:\/\/nikasport.eu\/lv\/dvielis-pastorelli-freedom-ar-bumbu-70x140-cm\/","og_site_name":"NikaSport.eu","article_publisher":"https:\/\/www.facebook.com\/nikasport.eu","article_modified_time":"2026-04-09T19:37:44+00:00","og_image":[{"width":600,"height":600,"url":"https:\/\/nikasport.eu\/wp-content\/uploads\/2025\/10\/NikaSport.eu-bath-towel-pastorelli-freedom-ball-03827-1.jpg","type":"image\/jpeg"}],"twitter_card":"summary_large_image","twitter_misc":{"Est. reading time":"1 minute"},"schema":{"@context":"https:\/\/schema.org","@graph":[{"@type":"WebPage","@id":"https:\/\/nikasport.eu\/lv\/dvielis-pastorelli-freedom-ar-bumbu-70x140-cm\/","url":"https:\/\/nikasport.eu\/lv\/dvielis-pastorelli-freedom-ar-bumbu-70x140-cm\/","name":"Dvielis PASTORELLI - Freedom ar bumbu (70x140 \u0441m) | NikaSport.eu","isPartOf":{"@id":"https:\/\/nikasport.eu\/lv\/#website"},"primaryImageOfPage":{"@id":"https:\/\/nikasport.eu\/lv\/dvielis-pastorelli-freedom-ar-bumbu-70x140-cm\/#primaryimage"},"image":{"@id":"https:\/\/nikasport.eu\/lv\/dvielis-pastorelli-freedom-ar-bumbu-70x140-cm\/#primaryimage"},"thumbnailUrl":"https:\/\/nikasport.eu\/wp-content\/uploads\/2025\/10\/NikaSport.eu-bath-towel-pastorelli-freedom-ball-03827-1.jpg","datePublished":"2025-10-08T18:18:42+00:00","dateModified":"2026-04-09T19:37:44+00:00","breadcrumb":{"@id":"https:\/\/nikasport.eu\/lv\/dvielis-pastorelli-freedom-ar-bumbu-70x140-cm\/#breadcrumb"},"inLanguage":"lv-LV","potentialAction":[{"@type":"ReadAction","target":["https:\/\/nikasport.eu\/lv\/dvielis-pastorelli-freedom-ar-bumbu-70x140-cm\/"]}]},{"@type":"ImageObject","inLanguage":"lv-LV","@id":"https:\/\/nikasport.eu\/lv\/dvielis-pastorelli-freedom-ar-bumbu-70x140-cm\/#primaryimage","url":"https:\/\/nikasport.eu\/wp-content\/uploads\/2025\/10\/NikaSport.eu-bath-towel-pastorelli-freedom-ball-03827-1.jpg","contentUrl":"https:\/\/nikasport.eu\/wp-content\/uploads\/2025\/10\/NikaSport.eu-bath-towel-pastorelli-freedom-ball-03827-1.jpg","width":600,"height":600},{"@type":"BreadcrumbList","@id":"https:\/\/nikasport.eu\/lv\/dvielis-pastorelli-freedom-ar-bumbu-70x140-cm\/#breadcrumb","itemListElement":[{"@type":"ListItem","position":1,"name":"Home","item":"https:\/\/nikasport.eu\/lv\/"},{"@type":"ListItem","position":2,"name":"Preces","item":"https:\/\/nikasport.eu\/lv\/shop\/"},{"@type":"ListItem","position":3,"name":"Aksesu\u0101ri","item":"https:\/\/nikasport.eu\/lv\/makslas-vingrosanas-aksesuari\/"},{"@type":"ListItem","position":4,"name":"Dvie\u013ci","item":"https:\/\/nikasport.eu\/lv\/rg-aksesuar-dvieli\/"},{"@type":"ListItem","position":5,"name":"Dvielis PASTORELLI &#8211; Freedom ar bumbu (70&#215;140 \u0441m)"}]},{"@type":"WebSite","@id":"https:\/\/nikasport.eu\/lv\/#website","url":"https:\/\/nikasport.eu\/lv\/","name":"NikaSport.eu","description":"Everything a Gymnast Needs | Rhythmic Gymnastics Equipment Online","potentialAction":[{"@type":"SearchAction","target":{"@type":"EntryPoint","urlTemplate":"https:\/\/nikasport.eu\/lv\/?s={search_term_string}"},"query-input":{"@type":"PropertyValueSpecification","valueRequired":true,"valueName":"search_term_string"}}],"inLanguage":"lv-LV"}]}},"_links":{"self":[{"href":"https:\/\/nikasport.eu\/lv\/wp-json\/wp\/v2\/product\/14576","targetHints":{"allow":["GET"]}}],"collection":[{"href":"https:\/\/nikasport.eu\/lv\/wp-json\/wp\/v2\/product"}],"about":[{"href":"https:\/\/nikasport.eu\/lv\/wp-json\/wp\/v2\/types\/product"}],"wp:featuredmedia":[{"embeddable":true,"href":"https:\/\/nikasport.eu\/lv\/wp-json\/wp\/v2\/media\/14577"}],"wp:attachment":[{"href":"https:\/\/nikasport.eu\/lv\/wp-json\/wp\/v2\/media?parent=14576"}],"wp:term":[{"taxonomy":"product_brand","embeddable":true,"href":"https:\/\/nikasport.eu\/lv\/wp-json\/wp\/v2\/product_brand?post=14576"},{"taxonomy":"product_cat","embeddable":true,"href":"https:\/\/nikasport.eu\/lv\/wp-json\/wp\/v2\/product_cat?post=14576"},{"taxonomy":"product_tag","embeddable":true,"href":"https:\/\/nikasport.eu\/lv\/wp-json\/wp\/v2\/product_tag?post=14576"}],"curies":[{"name":"wp","href":"https:\/\/api.w.org\/{rel}","templated":true}]}}