{"id":14764,"date":"2025-10-08T20:21:10","date_gmt":"2025-10-08T18:21:10","guid":{"rendered":"https:\/\/nikasport.eu\/?post_type=product&#038;p=14764"},"modified":"2025-10-08T21:28:07","modified_gmt":"2025-10-08T19:28:07","slug":"kombinatas-savienojamas-chacott-vales-410mm-krasa-462-zala-dzeltena-fig-approved","status":"publish","type":"product","link":"https:\/\/nikasport.eu\/lv\/kombinatas-savienojamas-chacott-vales-410mm-krasa-462-zala-dzeltena-fig-approved\/","title":{"rendered":"Kombin\u0113t\u0101s savienojam\u0101s CHACOTT v\u0101les (410 mm) kr\u0101sa 462. Za\u013c\u0101-Dzelten\u0101, FIG Approved"},"content":{"rendered":"<p>Chacott kombin\u0113t\u0101s savienojam\u0101s v\u0101les m\u0101kslas vingro\u0161anai.<\/p>\n<p>V\u0101les ir no plastmasas ar gumijas galvi\u0146u.<\/p>\n<p>Tiek nodro\u0161in\u0101ta iesp\u0113ja stabili fiks\u0113t bumbi\u0146u otr\u0101 v\u0101les galvi\u0146\u0101, neizmantojot papildu l\u012bmlentu.<\/p>\n<p><\/p>\n<p>Materi\u0101ls: plastmasa-gumija<\/p>\n<p>Kr\u0101sa: za\u013ca &#8211; dzeltena<\/p>\n<p>Garums: 41 cm<\/p>\n<p>Svars: 2 x 150 gr<\/p>\n<p>F.I.G. apstiprin\u0101ts<\/p>\n","protected":false},"excerpt":{"rendered":"<p>1099<\/p>\n","protected":false},"featured_media":14765,"template":"","meta":{"_gspb_post_css":""},"product_brand":[850],"product_cat":[514],"product_tag":[],"class_list":{"0":"post-14764","1":"product","2":"type-product","3":"status-publish","4":"has-post-thumbnail","6":"product_brand-chacott","7":"product_cat-rg-vales-chacott-41cm","9":"first","10":"instock","11":"taxable","12":"shipping-taxable","13":"purchasable","14":"product-type-simple"},"ct_brands":[{"id":850,"name":"Chacott","slug":"chacott"}],"yoast_head":"<!-- This site is optimized with the Yoast SEO plugin v26.5 - https:\/\/yoast.com\/wordpress\/plugins\/seo\/ -->\n<title>Kombin\u0113t\u0101s savienojam\u0101s CHACOTT v\u0101les (410 mm) kr\u0101sa 462. Za\u013c\u0101-Dzelten\u0101, FIG Approved | NikaSport.eu<\/title>\n<meta name=\"robots\" content=\"index, follow, max-snippet:-1, max-image-preview:large, max-video-preview:-1\" \/>\n<link rel=\"canonical\" href=\"https:\/\/nikasport.eu\/lv\/kombinatas-savienojamas-chacott-vales-410mm-krasa-462-zala-dzeltena-fig-approved\/\" \/>\n<meta property=\"og:locale\" content=\"lv_LV\" \/>\n<meta property=\"og:type\" content=\"article\" \/>\n<meta property=\"og:title\" content=\"Kombin\u0113t\u0101s savienojam\u0101s CHACOTT v\u0101les (410 mm) kr\u0101sa 462. Za\u013c\u0101-Dzelten\u0101, FIG Approved | NikaSport.eu\" \/>\n<meta property=\"og:description\" content=\"1099\" \/>\n<meta property=\"og:url\" content=\"https:\/\/nikasport.eu\/lv\/kombinatas-savienojamas-chacott-vales-410mm-krasa-462-zala-dzeltena-fig-approved\/\" \/>\n<meta property=\"og:site_name\" content=\"NikaSport.eu\" \/>\n<meta property=\"article:publisher\" content=\"https:\/\/www.facebook.com\/nikasport.eu\" \/>\n<meta property=\"article:modified_time\" content=\"2025-10-08T19:28:07+00:00\" \/>\n<meta property=\"og:image\" content=\"https:\/\/nikasport.eu\/wp-content\/uploads\/2025\/10\/NikaSport.eu-Connectable-Rubber-Clubs-CHACOTT-410-mm-col.-462-1.png\" \/>\n\t<meta property=\"og:image:width\" content=\"500\" \/>\n\t<meta property=\"og:image:height\" content=\"500\" \/>\n\t<meta property=\"og:image:type\" content=\"image\/png\" \/>\n<meta name=\"twitter:card\" content=\"summary_large_image\" \/>\n<script type=\"application\/ld+json\" class=\"yoast-schema-graph\">{\"@context\":\"https:\/\/schema.org\",\"@graph\":[{\"@type\":\"WebPage\",\"@id\":\"https:\/\/nikasport.eu\/lv\/kombinatas-savienojamas-chacott-vales-410mm-krasa-462-zala-dzeltena-fig-approved\/\",\"url\":\"https:\/\/nikasport.eu\/lv\/kombinatas-savienojamas-chacott-vales-410mm-krasa-462-zala-dzeltena-fig-approved\/\",\"name\":\"Kombin\u0113t\u0101s savienojam\u0101s CHACOTT v\u0101les (410 mm) kr\u0101sa 462. Za\u013c\u0101-Dzelten\u0101, FIG Approved | NikaSport.eu\",\"isPartOf\":{\"@id\":\"https:\/\/nikasport.eu\/lv\/#website\"},\"primaryImageOfPage\":{\"@id\":\"https:\/\/nikasport.eu\/lv\/kombinatas-savienojamas-chacott-vales-410mm-krasa-462-zala-dzeltena-fig-approved\/#primaryimage\"},\"image\":{\"@id\":\"https:\/\/nikasport.eu\/lv\/kombinatas-savienojamas-chacott-vales-410mm-krasa-462-zala-dzeltena-fig-approved\/#primaryimage\"},\"thumbnailUrl\":\"https:\/\/nikasport.eu\/wp-content\/uploads\/2025\/10\/NikaSport.eu-Connectable-Rubber-Clubs-CHACOTT-410-mm-col.-462-1.png\",\"datePublished\":\"2025-10-08T18:21:10+00:00\",\"dateModified\":\"2025-10-08T19:28:07+00:00\",\"breadcrumb\":{\"@id\":\"https:\/\/nikasport.eu\/lv\/kombinatas-savienojamas-chacott-vales-410mm-krasa-462-zala-dzeltena-fig-approved\/#breadcrumb\"},\"inLanguage\":\"lv-LV\",\"potentialAction\":[{\"@type\":\"ReadAction\",\"target\":[\"https:\/\/nikasport.eu\/lv\/kombinatas-savienojamas-chacott-vales-410mm-krasa-462-zala-dzeltena-fig-approved\/\"]}]},{\"@type\":\"ImageObject\",\"inLanguage\":\"lv-LV\",\"@id\":\"https:\/\/nikasport.eu\/lv\/kombinatas-savienojamas-chacott-vales-410mm-krasa-462-zala-dzeltena-fig-approved\/#primaryimage\",\"url\":\"https:\/\/nikasport.eu\/wp-content\/uploads\/2025\/10\/NikaSport.eu-Connectable-Rubber-Clubs-CHACOTT-410-mm-col.-462-1.png\",\"contentUrl\":\"https:\/\/nikasport.eu\/wp-content\/uploads\/2025\/10\/NikaSport.eu-Connectable-Rubber-Clubs-CHACOTT-410-mm-col.-462-1.png\",\"width\":500,\"height\":500},{\"@type\":\"BreadcrumbList\",\"@id\":\"https:\/\/nikasport.eu\/lv\/kombinatas-savienojamas-chacott-vales-410mm-krasa-462-zala-dzeltena-fig-approved\/#breadcrumb\",\"itemListElement\":[{\"@type\":\"ListItem\",\"position\":1,\"name\":\"Home\",\"item\":\"https:\/\/nikasport.eu\/lv\/\"},{\"@type\":\"ListItem\",\"position\":2,\"name\":\"Preces\",\"item\":\"https:\/\/nikasport.eu\/lv\/shop\/\"},{\"@type\":\"ListItem\",\"position\":3,\"name\":\"V\u0101les\",\"item\":\"https:\/\/nikasport.eu\/lv\/makslas-vingrosanas-vales\/\"},{\"@type\":\"ListItem\",\"position\":4,\"name\":\"Kombin\u0113t\u0101s savienojam\u0101s v\u0101les CHACOTT (41 cm)\",\"item\":\"https:\/\/nikasport.eu\/lv\/rg-vales-chacott-41cm\/\"},{\"@type\":\"ListItem\",\"position\":5,\"name\":\"Kombin\u0113t\u0101s savienojam\u0101s CHACOTT v\u0101les (410 mm) kr\u0101sa 462. Za\u013c\u0101-Dzelten\u0101, FIG Approved\"}]},{\"@type\":\"WebSite\",\"@id\":\"https:\/\/nikasport.eu\/lv\/#website\",\"url\":\"https:\/\/nikasport.eu\/lv\/\",\"name\":\"NikaSport.eu\",\"description\":\"Everything a Gymnast Needs | Rhythmic Gymnastics Equipment Online\",\"potentialAction\":[{\"@type\":\"SearchAction\",\"target\":{\"@type\":\"EntryPoint\",\"urlTemplate\":\"https:\/\/nikasport.eu\/lv\/?s={search_term_string}\"},\"query-input\":{\"@type\":\"PropertyValueSpecification\",\"valueRequired\":true,\"valueName\":\"search_term_string\"}}],\"inLanguage\":\"lv-LV\"}]}<\/script>\n<!-- \/ Yoast SEO plugin. -->","yoast_head_json":{"title":"Kombin\u0113t\u0101s savienojam\u0101s CHACOTT v\u0101les (410 mm) kr\u0101sa 462. Za\u013c\u0101-Dzelten\u0101, FIG Approved | NikaSport.eu","robots":{"index":"index","follow":"follow","max-snippet":"max-snippet:-1","max-image-preview":"max-image-preview:large","max-video-preview":"max-video-preview:-1"},"canonical":"https:\/\/nikasport.eu\/lv\/kombinatas-savienojamas-chacott-vales-410mm-krasa-462-zala-dzeltena-fig-approved\/","og_locale":"lv_LV","og_type":"article","og_title":"Kombin\u0113t\u0101s savienojam\u0101s CHACOTT v\u0101les (410 mm) kr\u0101sa 462. Za\u013c\u0101-Dzelten\u0101, FIG Approved | NikaSport.eu","og_description":"1099","og_url":"https:\/\/nikasport.eu\/lv\/kombinatas-savienojamas-chacott-vales-410mm-krasa-462-zala-dzeltena-fig-approved\/","og_site_name":"NikaSport.eu","article_publisher":"https:\/\/www.facebook.com\/nikasport.eu","article_modified_time":"2025-10-08T19:28:07+00:00","og_image":[{"width":500,"height":500,"url":"https:\/\/nikasport.eu\/wp-content\/uploads\/2025\/10\/NikaSport.eu-Connectable-Rubber-Clubs-CHACOTT-410-mm-col.-462-1.png","type":"image\/png"}],"twitter_card":"summary_large_image","schema":{"@context":"https:\/\/schema.org","@graph":[{"@type":"WebPage","@id":"https:\/\/nikasport.eu\/lv\/kombinatas-savienojamas-chacott-vales-410mm-krasa-462-zala-dzeltena-fig-approved\/","url":"https:\/\/nikasport.eu\/lv\/kombinatas-savienojamas-chacott-vales-410mm-krasa-462-zala-dzeltena-fig-approved\/","name":"Kombin\u0113t\u0101s savienojam\u0101s CHACOTT v\u0101les (410 mm) kr\u0101sa 462. Za\u013c\u0101-Dzelten\u0101, FIG Approved | NikaSport.eu","isPartOf":{"@id":"https:\/\/nikasport.eu\/lv\/#website"},"primaryImageOfPage":{"@id":"https:\/\/nikasport.eu\/lv\/kombinatas-savienojamas-chacott-vales-410mm-krasa-462-zala-dzeltena-fig-approved\/#primaryimage"},"image":{"@id":"https:\/\/nikasport.eu\/lv\/kombinatas-savienojamas-chacott-vales-410mm-krasa-462-zala-dzeltena-fig-approved\/#primaryimage"},"thumbnailUrl":"https:\/\/nikasport.eu\/wp-content\/uploads\/2025\/10\/NikaSport.eu-Connectable-Rubber-Clubs-CHACOTT-410-mm-col.-462-1.png","datePublished":"2025-10-08T18:21:10+00:00","dateModified":"2025-10-08T19:28:07+00:00","breadcrumb":{"@id":"https:\/\/nikasport.eu\/lv\/kombinatas-savienojamas-chacott-vales-410mm-krasa-462-zala-dzeltena-fig-approved\/#breadcrumb"},"inLanguage":"lv-LV","potentialAction":[{"@type":"ReadAction","target":["https:\/\/nikasport.eu\/lv\/kombinatas-savienojamas-chacott-vales-410mm-krasa-462-zala-dzeltena-fig-approved\/"]}]},{"@type":"ImageObject","inLanguage":"lv-LV","@id":"https:\/\/nikasport.eu\/lv\/kombinatas-savienojamas-chacott-vales-410mm-krasa-462-zala-dzeltena-fig-approved\/#primaryimage","url":"https:\/\/nikasport.eu\/wp-content\/uploads\/2025\/10\/NikaSport.eu-Connectable-Rubber-Clubs-CHACOTT-410-mm-col.-462-1.png","contentUrl":"https:\/\/nikasport.eu\/wp-content\/uploads\/2025\/10\/NikaSport.eu-Connectable-Rubber-Clubs-CHACOTT-410-mm-col.-462-1.png","width":500,"height":500},{"@type":"BreadcrumbList","@id":"https:\/\/nikasport.eu\/lv\/kombinatas-savienojamas-chacott-vales-410mm-krasa-462-zala-dzeltena-fig-approved\/#breadcrumb","itemListElement":[{"@type":"ListItem","position":1,"name":"Home","item":"https:\/\/nikasport.eu\/lv\/"},{"@type":"ListItem","position":2,"name":"Preces","item":"https:\/\/nikasport.eu\/lv\/shop\/"},{"@type":"ListItem","position":3,"name":"V\u0101les","item":"https:\/\/nikasport.eu\/lv\/makslas-vingrosanas-vales\/"},{"@type":"ListItem","position":4,"name":"Kombin\u0113t\u0101s savienojam\u0101s v\u0101les CHACOTT (41 cm)","item":"https:\/\/nikasport.eu\/lv\/rg-vales-chacott-41cm\/"},{"@type":"ListItem","position":5,"name":"Kombin\u0113t\u0101s savienojam\u0101s CHACOTT v\u0101les (410 mm) kr\u0101sa 462. Za\u013c\u0101-Dzelten\u0101, FIG Approved"}]},{"@type":"WebSite","@id":"https:\/\/nikasport.eu\/lv\/#website","url":"https:\/\/nikasport.eu\/lv\/","name":"NikaSport.eu","description":"Everything a Gymnast Needs | Rhythmic Gymnastics Equipment Online","potentialAction":[{"@type":"SearchAction","target":{"@type":"EntryPoint","urlTemplate":"https:\/\/nikasport.eu\/lv\/?s={search_term_string}"},"query-input":{"@type":"PropertyValueSpecification","valueRequired":true,"valueName":"search_term_string"}}],"inLanguage":"lv-LV"}]}},"_links":{"self":[{"href":"https:\/\/nikasport.eu\/lv\/wp-json\/wp\/v2\/product\/14764","targetHints":{"allow":["GET"]}}],"collection":[{"href":"https:\/\/nikasport.eu\/lv\/wp-json\/wp\/v2\/product"}],"about":[{"href":"https:\/\/nikasport.eu\/lv\/wp-json\/wp\/v2\/types\/product"}],"wp:featuredmedia":[{"embeddable":true,"href":"https:\/\/nikasport.eu\/lv\/wp-json\/wp\/v2\/media\/14765"}],"wp:attachment":[{"href":"https:\/\/nikasport.eu\/lv\/wp-json\/wp\/v2\/media?parent=14764"}],"wp:term":[{"taxonomy":"product_brand","embeddable":true,"href":"https:\/\/nikasport.eu\/lv\/wp-json\/wp\/v2\/product_brand?post=14764"},{"taxonomy":"product_cat","embeddable":true,"href":"https:\/\/nikasport.eu\/lv\/wp-json\/wp\/v2\/product_cat?post=14764"},{"taxonomy":"product_tag","embeddable":true,"href":"https:\/\/nikasport.eu\/lv\/wp-json\/wp\/v2\/product_tag?post=14764"}],"curies":[{"name":"wp","href":"https:\/\/api.w.org\/{rel}","templated":true}]}}