{"id":15003,"date":"2025-10-08T20:24:42","date_gmt":"2025-10-08T18:24:42","guid":{"rendered":"https:\/\/nikasport.eu\/?post_type=product&#038;p=15003"},"modified":"2025-10-08T21:31:46","modified_gmt":"2025-10-08T19:31:46","slug":"lente-sasaki-m-71-p-roza-6m-viskoze-fig-approved","status":"publish","type":"product","link":"https:\/\/nikasport.eu\/lv\/lente-sasaki-m-71-p-roza-6m-viskoze-fig-approved\/","title":{"rendered":"Lente SASAKI M-71 P (Roz\u0101) 6m, viskoze, FIG Approved"},"content":{"rendered":"<p>Sasaki lente m\u0101kslas vingro\u0161anai.<\/p>\n<p><\/p>\n<p>Materi\u0101ls: viskoze<\/p>\n<p>Garums: 6 m<\/p>\n<p>Kr\u0101sa: roz\u0101<\/p>\n<p>F.I.G. apstiprin\u0101ts<\/p>\n","protected":false},"excerpt":{"rendered":"<p>1419<\/p>\n","protected":false},"featured_media":14348,"template":"","meta":{"_gspb_post_css":""},"product_brand":[846],"product_cat":[522],"product_tag":[],"class_list":{"0":"post-15003","1":"product","2":"type-product","3":"status-publish","4":"has-post-thumbnail","6":"product_brand-sasaki","7":"product_cat-rg-lentes-sasaki-6m","9":"first","10":"instock","11":"taxable","12":"shipping-taxable","13":"purchasable","14":"product-type-simple"},"ct_brands":[{"id":846,"name":"SASAKI","slug":"sasaki"}],"yoast_head":"<!-- This site is optimized with the Yoast SEO plugin v26.5 - https:\/\/yoast.com\/wordpress\/plugins\/seo\/ -->\n<title>Lente SASAKI M-71 P (Roz\u0101) 6m, viskoze, FIG Approved | NikaSport.eu<\/title>\n<meta name=\"robots\" content=\"index, follow, max-snippet:-1, max-image-preview:large, max-video-preview:-1\" \/>\n<link rel=\"canonical\" href=\"https:\/\/nikasport.eu\/lv\/lente-sasaki-m-71-p-roza-6m-viskoze-fig-approved\/\" \/>\n<meta property=\"og:locale\" content=\"lv_LV\" \/>\n<meta property=\"og:type\" content=\"article\" \/>\n<meta property=\"og:title\" content=\"Lente SASAKI M-71 P (Roz\u0101) 6m, viskoze, FIG Approved | NikaSport.eu\" \/>\n<meta property=\"og:description\" content=\"1419\" \/>\n<meta property=\"og:url\" content=\"https:\/\/nikasport.eu\/lv\/lente-sasaki-m-71-p-roza-6m-viskoze-fig-approved\/\" \/>\n<meta property=\"og:site_name\" content=\"NikaSport.eu\" \/>\n<meta property=\"article:publisher\" content=\"https:\/\/www.facebook.com\/nikasport.eu\" \/>\n<meta property=\"article:modified_time\" content=\"2025-10-08T19:31:46+00:00\" \/>\n<meta property=\"og:image\" content=\"https:\/\/nikasport.eu\/wp-content\/uploads\/2025\/10\/NikaSport.eu-SASAKI-M-71-P-1.jpg\" \/>\n\t<meta property=\"og:image:width\" content=\"800\" \/>\n\t<meta property=\"og:image:height\" content=\"532\" \/>\n\t<meta property=\"og:image:type\" content=\"image\/jpeg\" \/>\n<meta name=\"twitter:card\" content=\"summary_large_image\" \/>\n<script type=\"application\/ld+json\" class=\"yoast-schema-graph\">{\"@context\":\"https:\/\/schema.org\",\"@graph\":[{\"@type\":\"WebPage\",\"@id\":\"https:\/\/nikasport.eu\/lv\/lente-sasaki-m-71-p-roza-6m-viskoze-fig-approved\/\",\"url\":\"https:\/\/nikasport.eu\/lv\/lente-sasaki-m-71-p-roza-6m-viskoze-fig-approved\/\",\"name\":\"Lente SASAKI M-71 P (Roz\u0101) 6m, viskoze, FIG Approved | NikaSport.eu\",\"isPartOf\":{\"@id\":\"https:\/\/nikasport.eu\/lv\/#website\"},\"primaryImageOfPage\":{\"@id\":\"https:\/\/nikasport.eu\/lv\/lente-sasaki-m-71-p-roza-6m-viskoze-fig-approved\/#primaryimage\"},\"image\":{\"@id\":\"https:\/\/nikasport.eu\/lv\/lente-sasaki-m-71-p-roza-6m-viskoze-fig-approved\/#primaryimage\"},\"thumbnailUrl\":\"https:\/\/nikasport.eu\/wp-content\/uploads\/2025\/10\/NikaSport.eu-SASAKI-M-71-P-1.jpg\",\"datePublished\":\"2025-10-08T18:24:42+00:00\",\"dateModified\":\"2025-10-08T19:31:46+00:00\",\"breadcrumb\":{\"@id\":\"https:\/\/nikasport.eu\/lv\/lente-sasaki-m-71-p-roza-6m-viskoze-fig-approved\/#breadcrumb\"},\"inLanguage\":\"lv-LV\",\"potentialAction\":[{\"@type\":\"ReadAction\",\"target\":[\"https:\/\/nikasport.eu\/lv\/lente-sasaki-m-71-p-roza-6m-viskoze-fig-approved\/\"]}]},{\"@type\":\"ImageObject\",\"inLanguage\":\"lv-LV\",\"@id\":\"https:\/\/nikasport.eu\/lv\/lente-sasaki-m-71-p-roza-6m-viskoze-fig-approved\/#primaryimage\",\"url\":\"https:\/\/nikasport.eu\/wp-content\/uploads\/2025\/10\/NikaSport.eu-SASAKI-M-71-P-1.jpg\",\"contentUrl\":\"https:\/\/nikasport.eu\/wp-content\/uploads\/2025\/10\/NikaSport.eu-SASAKI-M-71-P-1.jpg\",\"width\":800,\"height\":532},{\"@type\":\"BreadcrumbList\",\"@id\":\"https:\/\/nikasport.eu\/lv\/lente-sasaki-m-71-p-roza-6m-viskoze-fig-approved\/#breadcrumb\",\"itemListElement\":[{\"@type\":\"ListItem\",\"position\":1,\"name\":\"Home\",\"item\":\"https:\/\/nikasport.eu\/lv\/\"},{\"@type\":\"ListItem\",\"position\":2,\"name\":\"Preces\",\"item\":\"https:\/\/nikasport.eu\/lv\/shop\/\"},{\"@type\":\"ListItem\",\"position\":3,\"name\":\"Lentes\",\"item\":\"https:\/\/nikasport.eu\/lv\/makslas-vingrosanas-lentes\/\"},{\"@type\":\"ListItem\",\"position\":4,\"name\":\"Lentes 6m - SASAKI\",\"item\":\"https:\/\/nikasport.eu\/lv\/rg-lentes-sasaki-6m\/\"},{\"@type\":\"ListItem\",\"position\":5,\"name\":\"Lente SASAKI M-71 P (Roz\u0101) 6m, viskoze, FIG Approved\"}]},{\"@type\":\"WebSite\",\"@id\":\"https:\/\/nikasport.eu\/lv\/#website\",\"url\":\"https:\/\/nikasport.eu\/lv\/\",\"name\":\"NikaSport.eu\",\"description\":\"Everything a Gymnast Needs | Rhythmic Gymnastics Equipment Online\",\"potentialAction\":[{\"@type\":\"SearchAction\",\"target\":{\"@type\":\"EntryPoint\",\"urlTemplate\":\"https:\/\/nikasport.eu\/lv\/?s={search_term_string}\"},\"query-input\":{\"@type\":\"PropertyValueSpecification\",\"valueRequired\":true,\"valueName\":\"search_term_string\"}}],\"inLanguage\":\"lv-LV\"}]}<\/script>\n<!-- \/ Yoast SEO plugin. -->","yoast_head_json":{"title":"Lente SASAKI M-71 P (Roz\u0101) 6m, viskoze, FIG Approved | NikaSport.eu","robots":{"index":"index","follow":"follow","max-snippet":"max-snippet:-1","max-image-preview":"max-image-preview:large","max-video-preview":"max-video-preview:-1"},"canonical":"https:\/\/nikasport.eu\/lv\/lente-sasaki-m-71-p-roza-6m-viskoze-fig-approved\/","og_locale":"lv_LV","og_type":"article","og_title":"Lente SASAKI M-71 P (Roz\u0101) 6m, viskoze, FIG Approved | NikaSport.eu","og_description":"1419","og_url":"https:\/\/nikasport.eu\/lv\/lente-sasaki-m-71-p-roza-6m-viskoze-fig-approved\/","og_site_name":"NikaSport.eu","article_publisher":"https:\/\/www.facebook.com\/nikasport.eu","article_modified_time":"2025-10-08T19:31:46+00:00","og_image":[{"width":800,"height":532,"url":"https:\/\/nikasport.eu\/wp-content\/uploads\/2025\/10\/NikaSport.eu-SASAKI-M-71-P-1.jpg","type":"image\/jpeg"}],"twitter_card":"summary_large_image","schema":{"@context":"https:\/\/schema.org","@graph":[{"@type":"WebPage","@id":"https:\/\/nikasport.eu\/lv\/lente-sasaki-m-71-p-roza-6m-viskoze-fig-approved\/","url":"https:\/\/nikasport.eu\/lv\/lente-sasaki-m-71-p-roza-6m-viskoze-fig-approved\/","name":"Lente SASAKI M-71 P (Roz\u0101) 6m, viskoze, FIG Approved | NikaSport.eu","isPartOf":{"@id":"https:\/\/nikasport.eu\/lv\/#website"},"primaryImageOfPage":{"@id":"https:\/\/nikasport.eu\/lv\/lente-sasaki-m-71-p-roza-6m-viskoze-fig-approved\/#primaryimage"},"image":{"@id":"https:\/\/nikasport.eu\/lv\/lente-sasaki-m-71-p-roza-6m-viskoze-fig-approved\/#primaryimage"},"thumbnailUrl":"https:\/\/nikasport.eu\/wp-content\/uploads\/2025\/10\/NikaSport.eu-SASAKI-M-71-P-1.jpg","datePublished":"2025-10-08T18:24:42+00:00","dateModified":"2025-10-08T19:31:46+00:00","breadcrumb":{"@id":"https:\/\/nikasport.eu\/lv\/lente-sasaki-m-71-p-roza-6m-viskoze-fig-approved\/#breadcrumb"},"inLanguage":"lv-LV","potentialAction":[{"@type":"ReadAction","target":["https:\/\/nikasport.eu\/lv\/lente-sasaki-m-71-p-roza-6m-viskoze-fig-approved\/"]}]},{"@type":"ImageObject","inLanguage":"lv-LV","@id":"https:\/\/nikasport.eu\/lv\/lente-sasaki-m-71-p-roza-6m-viskoze-fig-approved\/#primaryimage","url":"https:\/\/nikasport.eu\/wp-content\/uploads\/2025\/10\/NikaSport.eu-SASAKI-M-71-P-1.jpg","contentUrl":"https:\/\/nikasport.eu\/wp-content\/uploads\/2025\/10\/NikaSport.eu-SASAKI-M-71-P-1.jpg","width":800,"height":532},{"@type":"BreadcrumbList","@id":"https:\/\/nikasport.eu\/lv\/lente-sasaki-m-71-p-roza-6m-viskoze-fig-approved\/#breadcrumb","itemListElement":[{"@type":"ListItem","position":1,"name":"Home","item":"https:\/\/nikasport.eu\/lv\/"},{"@type":"ListItem","position":2,"name":"Preces","item":"https:\/\/nikasport.eu\/lv\/shop\/"},{"@type":"ListItem","position":3,"name":"Lentes","item":"https:\/\/nikasport.eu\/lv\/makslas-vingrosanas-lentes\/"},{"@type":"ListItem","position":4,"name":"Lentes 6m - SASAKI","item":"https:\/\/nikasport.eu\/lv\/rg-lentes-sasaki-6m\/"},{"@type":"ListItem","position":5,"name":"Lente SASAKI M-71 P (Roz\u0101) 6m, viskoze, FIG Approved"}]},{"@type":"WebSite","@id":"https:\/\/nikasport.eu\/lv\/#website","url":"https:\/\/nikasport.eu\/lv\/","name":"NikaSport.eu","description":"Everything a Gymnast Needs | Rhythmic Gymnastics Equipment Online","potentialAction":[{"@type":"SearchAction","target":{"@type":"EntryPoint","urlTemplate":"https:\/\/nikasport.eu\/lv\/?s={search_term_string}"},"query-input":{"@type":"PropertyValueSpecification","valueRequired":true,"valueName":"search_term_string"}}],"inLanguage":"lv-LV"}]}},"_links":{"self":[{"href":"https:\/\/nikasport.eu\/lv\/wp-json\/wp\/v2\/product\/15003","targetHints":{"allow":["GET"]}}],"collection":[{"href":"https:\/\/nikasport.eu\/lv\/wp-json\/wp\/v2\/product"}],"about":[{"href":"https:\/\/nikasport.eu\/lv\/wp-json\/wp\/v2\/types\/product"}],"wp:featuredmedia":[{"embeddable":true,"href":"https:\/\/nikasport.eu\/lv\/wp-json\/wp\/v2\/media\/14348"}],"wp:attachment":[{"href":"https:\/\/nikasport.eu\/lv\/wp-json\/wp\/v2\/media?parent=15003"}],"wp:term":[{"taxonomy":"product_brand","embeddable":true,"href":"https:\/\/nikasport.eu\/lv\/wp-json\/wp\/v2\/product_brand?post=15003"},{"taxonomy":"product_cat","embeddable":true,"href":"https:\/\/nikasport.eu\/lv\/wp-json\/wp\/v2\/product_cat?post=15003"},{"taxonomy":"product_tag","embeddable":true,"href":"https:\/\/nikasport.eu\/lv\/wp-json\/wp\/v2\/product_tag?post=15003"}],"curies":[{"name":"wp","href":"https:\/\/api.w.org\/{rel}","templated":true}]}}