{"id":15056,"date":"2025-10-08T20:25:29","date_gmt":"2025-10-08T18:25:29","guid":{"rendered":"https:\/\/nikasport.eu\/?post_type=product&#038;p=15056"},"modified":"2025-10-08T21:32:32","modified_gmt":"2025-10-08T19:32:32","slug":"viens-celu-aizsargs-neon-trikotaza-chacott-izmers-l-36-42cm-083-oranza","status":"publish","type":"product","link":"https:\/\/nikasport.eu\/lv\/viens-celu-aizsargs-neon-trikotaza-chacott-izmers-l-36-42cm-083-oranza\/","title":{"rendered":"VIENS Ce\u013cu aizsargs Neon trikot\u0101\u017ea Chacott &#8211; Izm\u0113rs L (36-42cm), 083. Oran\u017e\u0101"},"content":{"rendered":"<p>Chacott ce\u013ca aizsargs neon trikot\u0101\u017ea, 1 gb.<\/p>\n<p>Ce\u013ca aizsargs ir izgatavots no elast\u012bga auduma, kas mazina loc\u012btavu slodzi, lai nodro\u0161in\u0101tu \u0113rtu darbu.<\/p>\n<p>Izstr\u0101d\u0101ts no \u012bpa\u0161i elpojo\u0161a auduma ar \u0101tru sviedru \u017e\u0101v\u0113\u0161anas tehnolo\u0123iju.<\/p>\n<p><\/p>\n<p>Modelis: 0006-98<\/p>\n<p>Materi\u0101ls: poliesters, poliuret\u0101ns<\/p>\n<p>Izm\u0113rs: L (36-42 cm)<\/p>\n<p>Kr\u0101sa: oran\u017ea<\/p>\n<p><b><i>Uzman\u012bbu!<\/i><\/b> &nbsp; Iepakojum\u0101 ir <u>VIENS<\/u>&nbsp;ce\u013ca aizsargs.<\/p>\n","protected":false},"excerpt":{"rendered":"<p>1474<\/p>\n","protected":false},"featured_media":15057,"template":"","meta":{"_gspb_post_css":""},"product_brand":[850],"product_cat":[587],"product_tag":[],"class_list":{"0":"post-15056","1":"product","2":"type-product","3":"status-publish","4":"has-post-thumbnail","6":"product_brand-chacott","7":"product_cat-rg-aksesuar-celu-aizsargi-chacott","9":"first","10":"instock","11":"sale","12":"taxable","13":"shipping-taxable","14":"purchasable","15":"product-type-simple"},"ct_brands":[{"id":850,"name":"Chacott","slug":"chacott"}],"yoast_head":"<!-- This site is optimized with the Yoast SEO plugin v26.5 - https:\/\/yoast.com\/wordpress\/plugins\/seo\/ -->\n<title>VIENS Ce\u013cu aizsargs Neon trikot\u0101\u017ea Chacott - Izm\u0113rs L (36-42cm), 083. Oran\u017e\u0101 | NikaSport.eu<\/title>\n<meta name=\"robots\" content=\"index, follow, max-snippet:-1, max-image-preview:large, max-video-preview:-1\" \/>\n<link rel=\"canonical\" href=\"https:\/\/nikasport.eu\/lv\/viens-celu-aizsargs-neon-trikotaza-chacott-izmers-l-36-42cm-083-oranza\/\" \/>\n<meta property=\"og:locale\" content=\"lv_LV\" \/>\n<meta property=\"og:type\" content=\"article\" \/>\n<meta property=\"og:title\" content=\"VIENS Ce\u013cu aizsargs Neon trikot\u0101\u017ea Chacott - Izm\u0113rs L (36-42cm), 083. Oran\u017e\u0101 | NikaSport.eu\" \/>\n<meta property=\"og:description\" content=\"1474\" \/>\n<meta property=\"og:url\" content=\"https:\/\/nikasport.eu\/lv\/viens-celu-aizsargs-neon-trikotaza-chacott-izmers-l-36-42cm-083-oranza\/\" \/>\n<meta property=\"og:site_name\" content=\"NikaSport.eu\" \/>\n<meta property=\"article:publisher\" content=\"https:\/\/www.facebook.com\/nikasport.eu\" \/>\n<meta property=\"article:modified_time\" content=\"2025-10-08T19:32:32+00:00\" \/>\n<meta property=\"og:image\" content=\"https:\/\/nikasport.eu\/wp-content\/uploads\/2025\/10\/NikaSport.eu-Chacott-Knee-Protector-301512-0006-98-083-1.jpg\" \/>\n\t<meta property=\"og:image:width\" content=\"600\" \/>\n\t<meta property=\"og:image:height\" content=\"600\" \/>\n\t<meta property=\"og:image:type\" content=\"image\/jpeg\" \/>\n<meta name=\"twitter:card\" content=\"summary_large_image\" \/>\n<script type=\"application\/ld+json\" class=\"yoast-schema-graph\">{\"@context\":\"https:\/\/schema.org\",\"@graph\":[{\"@type\":\"WebPage\",\"@id\":\"https:\/\/nikasport.eu\/lv\/viens-celu-aizsargs-neon-trikotaza-chacott-izmers-l-36-42cm-083-oranza\/\",\"url\":\"https:\/\/nikasport.eu\/lv\/viens-celu-aizsargs-neon-trikotaza-chacott-izmers-l-36-42cm-083-oranza\/\",\"name\":\"VIENS Ce\u013cu aizsargs Neon trikot\u0101\u017ea Chacott - Izm\u0113rs L (36-42cm), 083. Oran\u017e\u0101 | NikaSport.eu\",\"isPartOf\":{\"@id\":\"https:\/\/nikasport.eu\/lv\/#website\"},\"primaryImageOfPage\":{\"@id\":\"https:\/\/nikasport.eu\/lv\/viens-celu-aizsargs-neon-trikotaza-chacott-izmers-l-36-42cm-083-oranza\/#primaryimage\"},\"image\":{\"@id\":\"https:\/\/nikasport.eu\/lv\/viens-celu-aizsargs-neon-trikotaza-chacott-izmers-l-36-42cm-083-oranza\/#primaryimage\"},\"thumbnailUrl\":\"https:\/\/nikasport.eu\/wp-content\/uploads\/2025\/10\/NikaSport.eu-Chacott-Knee-Protector-301512-0006-98-083-1.jpg\",\"datePublished\":\"2025-10-08T18:25:29+00:00\",\"dateModified\":\"2025-10-08T19:32:32+00:00\",\"breadcrumb\":{\"@id\":\"https:\/\/nikasport.eu\/lv\/viens-celu-aizsargs-neon-trikotaza-chacott-izmers-l-36-42cm-083-oranza\/#breadcrumb\"},\"inLanguage\":\"lv-LV\",\"potentialAction\":[{\"@type\":\"ReadAction\",\"target\":[\"https:\/\/nikasport.eu\/lv\/viens-celu-aizsargs-neon-trikotaza-chacott-izmers-l-36-42cm-083-oranza\/\"]}]},{\"@type\":\"ImageObject\",\"inLanguage\":\"lv-LV\",\"@id\":\"https:\/\/nikasport.eu\/lv\/viens-celu-aizsargs-neon-trikotaza-chacott-izmers-l-36-42cm-083-oranza\/#primaryimage\",\"url\":\"https:\/\/nikasport.eu\/wp-content\/uploads\/2025\/10\/NikaSport.eu-Chacott-Knee-Protector-301512-0006-98-083-1.jpg\",\"contentUrl\":\"https:\/\/nikasport.eu\/wp-content\/uploads\/2025\/10\/NikaSport.eu-Chacott-Knee-Protector-301512-0006-98-083-1.jpg\",\"width\":600,\"height\":600},{\"@type\":\"BreadcrumbList\",\"@id\":\"https:\/\/nikasport.eu\/lv\/viens-celu-aizsargs-neon-trikotaza-chacott-izmers-l-36-42cm-083-oranza\/#breadcrumb\",\"itemListElement\":[{\"@type\":\"ListItem\",\"position\":1,\"name\":\"Home\",\"item\":\"https:\/\/nikasport.eu\/lv\/\"},{\"@type\":\"ListItem\",\"position\":2,\"name\":\"Preces\",\"item\":\"https:\/\/nikasport.eu\/lv\/shop\/\"},{\"@type\":\"ListItem\",\"position\":3,\"name\":\"Aksesu\u0101ri\",\"item\":\"https:\/\/nikasport.eu\/lv\/makslas-vingrosanas-aksesuari\/\"},{\"@type\":\"ListItem\",\"position\":4,\"name\":\"Ce\u013cu aizsargi Chacott\",\"item\":\"https:\/\/nikasport.eu\/lv\/rg-aksesuar-celu-aizsargi-chacott\/\"},{\"@type\":\"ListItem\",\"position\":5,\"name\":\"VIENS Ce\u013cu aizsargs Neon trikot\u0101\u017ea Chacott &#8211; Izm\u0113rs L (36-42cm), 083. Oran\u017e\u0101\"}]},{\"@type\":\"WebSite\",\"@id\":\"https:\/\/nikasport.eu\/lv\/#website\",\"url\":\"https:\/\/nikasport.eu\/lv\/\",\"name\":\"NikaSport.eu\",\"description\":\"Everything a Gymnast Needs | Rhythmic Gymnastics Equipment Online\",\"potentialAction\":[{\"@type\":\"SearchAction\",\"target\":{\"@type\":\"EntryPoint\",\"urlTemplate\":\"https:\/\/nikasport.eu\/lv\/?s={search_term_string}\"},\"query-input\":{\"@type\":\"PropertyValueSpecification\",\"valueRequired\":true,\"valueName\":\"search_term_string\"}}],\"inLanguage\":\"lv-LV\"}]}<\/script>\n<!-- \/ Yoast SEO plugin. -->","yoast_head_json":{"title":"VIENS Ce\u013cu aizsargs Neon trikot\u0101\u017ea Chacott - Izm\u0113rs L (36-42cm), 083. Oran\u017e\u0101 | NikaSport.eu","robots":{"index":"index","follow":"follow","max-snippet":"max-snippet:-1","max-image-preview":"max-image-preview:large","max-video-preview":"max-video-preview:-1"},"canonical":"https:\/\/nikasport.eu\/lv\/viens-celu-aizsargs-neon-trikotaza-chacott-izmers-l-36-42cm-083-oranza\/","og_locale":"lv_LV","og_type":"article","og_title":"VIENS Ce\u013cu aizsargs Neon trikot\u0101\u017ea Chacott - Izm\u0113rs L (36-42cm), 083. Oran\u017e\u0101 | NikaSport.eu","og_description":"1474","og_url":"https:\/\/nikasport.eu\/lv\/viens-celu-aizsargs-neon-trikotaza-chacott-izmers-l-36-42cm-083-oranza\/","og_site_name":"NikaSport.eu","article_publisher":"https:\/\/www.facebook.com\/nikasport.eu","article_modified_time":"2025-10-08T19:32:32+00:00","og_image":[{"width":600,"height":600,"url":"https:\/\/nikasport.eu\/wp-content\/uploads\/2025\/10\/NikaSport.eu-Chacott-Knee-Protector-301512-0006-98-083-1.jpg","type":"image\/jpeg"}],"twitter_card":"summary_large_image","schema":{"@context":"https:\/\/schema.org","@graph":[{"@type":"WebPage","@id":"https:\/\/nikasport.eu\/lv\/viens-celu-aizsargs-neon-trikotaza-chacott-izmers-l-36-42cm-083-oranza\/","url":"https:\/\/nikasport.eu\/lv\/viens-celu-aizsargs-neon-trikotaza-chacott-izmers-l-36-42cm-083-oranza\/","name":"VIENS Ce\u013cu aizsargs Neon trikot\u0101\u017ea Chacott - Izm\u0113rs L (36-42cm), 083. Oran\u017e\u0101 | NikaSport.eu","isPartOf":{"@id":"https:\/\/nikasport.eu\/lv\/#website"},"primaryImageOfPage":{"@id":"https:\/\/nikasport.eu\/lv\/viens-celu-aizsargs-neon-trikotaza-chacott-izmers-l-36-42cm-083-oranza\/#primaryimage"},"image":{"@id":"https:\/\/nikasport.eu\/lv\/viens-celu-aizsargs-neon-trikotaza-chacott-izmers-l-36-42cm-083-oranza\/#primaryimage"},"thumbnailUrl":"https:\/\/nikasport.eu\/wp-content\/uploads\/2025\/10\/NikaSport.eu-Chacott-Knee-Protector-301512-0006-98-083-1.jpg","datePublished":"2025-10-08T18:25:29+00:00","dateModified":"2025-10-08T19:32:32+00:00","breadcrumb":{"@id":"https:\/\/nikasport.eu\/lv\/viens-celu-aizsargs-neon-trikotaza-chacott-izmers-l-36-42cm-083-oranza\/#breadcrumb"},"inLanguage":"lv-LV","potentialAction":[{"@type":"ReadAction","target":["https:\/\/nikasport.eu\/lv\/viens-celu-aizsargs-neon-trikotaza-chacott-izmers-l-36-42cm-083-oranza\/"]}]},{"@type":"ImageObject","inLanguage":"lv-LV","@id":"https:\/\/nikasport.eu\/lv\/viens-celu-aizsargs-neon-trikotaza-chacott-izmers-l-36-42cm-083-oranza\/#primaryimage","url":"https:\/\/nikasport.eu\/wp-content\/uploads\/2025\/10\/NikaSport.eu-Chacott-Knee-Protector-301512-0006-98-083-1.jpg","contentUrl":"https:\/\/nikasport.eu\/wp-content\/uploads\/2025\/10\/NikaSport.eu-Chacott-Knee-Protector-301512-0006-98-083-1.jpg","width":600,"height":600},{"@type":"BreadcrumbList","@id":"https:\/\/nikasport.eu\/lv\/viens-celu-aizsargs-neon-trikotaza-chacott-izmers-l-36-42cm-083-oranza\/#breadcrumb","itemListElement":[{"@type":"ListItem","position":1,"name":"Home","item":"https:\/\/nikasport.eu\/lv\/"},{"@type":"ListItem","position":2,"name":"Preces","item":"https:\/\/nikasport.eu\/lv\/shop\/"},{"@type":"ListItem","position":3,"name":"Aksesu\u0101ri","item":"https:\/\/nikasport.eu\/lv\/makslas-vingrosanas-aksesuari\/"},{"@type":"ListItem","position":4,"name":"Ce\u013cu aizsargi Chacott","item":"https:\/\/nikasport.eu\/lv\/rg-aksesuar-celu-aizsargi-chacott\/"},{"@type":"ListItem","position":5,"name":"VIENS Ce\u013cu aizsargs Neon trikot\u0101\u017ea Chacott &#8211; Izm\u0113rs L (36-42cm), 083. Oran\u017e\u0101"}]},{"@type":"WebSite","@id":"https:\/\/nikasport.eu\/lv\/#website","url":"https:\/\/nikasport.eu\/lv\/","name":"NikaSport.eu","description":"Everything a Gymnast Needs | Rhythmic Gymnastics Equipment Online","potentialAction":[{"@type":"SearchAction","target":{"@type":"EntryPoint","urlTemplate":"https:\/\/nikasport.eu\/lv\/?s={search_term_string}"},"query-input":{"@type":"PropertyValueSpecification","valueRequired":true,"valueName":"search_term_string"}}],"inLanguage":"lv-LV"}]}},"_links":{"self":[{"href":"https:\/\/nikasport.eu\/lv\/wp-json\/wp\/v2\/product\/15056","targetHints":{"allow":["GET"]}}],"collection":[{"href":"https:\/\/nikasport.eu\/lv\/wp-json\/wp\/v2\/product"}],"about":[{"href":"https:\/\/nikasport.eu\/lv\/wp-json\/wp\/v2\/types\/product"}],"wp:featuredmedia":[{"embeddable":true,"href":"https:\/\/nikasport.eu\/lv\/wp-json\/wp\/v2\/media\/15057"}],"wp:attachment":[{"href":"https:\/\/nikasport.eu\/lv\/wp-json\/wp\/v2\/media?parent=15056"}],"wp:term":[{"taxonomy":"product_brand","embeddable":true,"href":"https:\/\/nikasport.eu\/lv\/wp-json\/wp\/v2\/product_brand?post=15056"},{"taxonomy":"product_cat","embeddable":true,"href":"https:\/\/nikasport.eu\/lv\/wp-json\/wp\/v2\/product_cat?post=15056"},{"taxonomy":"product_tag","embeddable":true,"href":"https:\/\/nikasport.eu\/lv\/wp-json\/wp\/v2\/product_tag?post=15056"}],"curies":[{"name":"wp","href":"https:\/\/api.w.org\/{rel}","templated":true}]}}