{"id":15229,"date":"2025-10-08T20:27:57","date_gmt":"2025-10-08T18:27:57","guid":{"rendered":"https:\/\/nikasport.eu\/?post_type=product&#038;p=15229"},"modified":"2025-10-08T21:34:59","modified_gmt":"2025-10-08T19:34:59","slug":"cehols-aplim-tuloni-shine-vixbu","status":"publish","type":"product","link":"https:\/\/nikasport.eu\/lv\/cehols-aplim-tuloni-shine-vixbu\/","title":{"rendered":"\u010cehols aplim TULONI Shine VIxBU"},"content":{"rendered":"<p>Tuloni spilgts daudzkr\u0101sainas \u010dehols aplim, dizaina l\u012bnija.<\/p>\n<p>\u010cehols ir \u013coti viegls un kompakts, dekor\u0113ts ar akme\u0146iem.<\/p>\n<p>Izgatavots, izmantojot videi draudz\u012bgus audumus un kr\u0101svielas.<\/p>\n<p>Der jebkuram ap\u013ca izm\u0113ram.<\/p>\n<p><\/p>\n<p>Modelis: Shine<\/p>\n<p>Materi\u0101ls: poliam\u012bds<\/p>\n<p>Kr\u0101sas: violeta un zila<\/p>\n","protected":false},"excerpt":{"rendered":"<p>1794<\/p>\n","protected":false},"featured_media":15230,"template":"","meta":{"_gspb_post_css":""},"product_brand":[848],"product_cat":[540],"product_tag":[],"class_list":{"0":"post-15229","1":"product","2":"type-product","3":"status-publish","4":"has-post-thumbnail","6":"product_brand-tuloni","7":"product_cat-rg-apli-ceholi-tuloni","9":"first","10":"instock","11":"taxable","12":"shipping-taxable","13":"purchasable","14":"product-type-simple"},"ct_brands":[{"id":848,"name":"Tuloni","slug":"tuloni"}],"yoast_head":"<!-- This site is optimized with the Yoast SEO plugin v26.5 - https:\/\/yoast.com\/wordpress\/plugins\/seo\/ -->\n<title>\u010cehols aplim TULONI Shine VIxBU | NikaSport.eu<\/title>\n<meta name=\"robots\" content=\"index, follow, max-snippet:-1, max-image-preview:large, max-video-preview:-1\" \/>\n<link rel=\"canonical\" href=\"https:\/\/nikasport.eu\/lv\/cehols-aplim-tuloni-shine-vixbu\/\" \/>\n<meta property=\"og:locale\" content=\"lv_LV\" \/>\n<meta property=\"og:type\" content=\"article\" \/>\n<meta property=\"og:title\" content=\"\u010cehols aplim TULONI Shine VIxBU | NikaSport.eu\" \/>\n<meta property=\"og:description\" content=\"1794\" \/>\n<meta property=\"og:url\" content=\"https:\/\/nikasport.eu\/lv\/cehols-aplim-tuloni-shine-vixbu\/\" \/>\n<meta property=\"og:site_name\" content=\"NikaSport.eu\" \/>\n<meta property=\"article:publisher\" content=\"https:\/\/www.facebook.com\/nikasport.eu\" \/>\n<meta property=\"article:modified_time\" content=\"2025-10-08T19:34:59+00:00\" \/>\n<meta property=\"og:image\" content=\"https:\/\/nikasport.eu\/wp-content\/uploads\/2025\/10\/NikaSport.eu-tuloni-Shine-hoop-cover-MKR-HC03-VIxBU-1.png\" \/>\n\t<meta property=\"og:image:width\" content=\"500\" \/>\n\t<meta property=\"og:image:height\" content=\"500\" \/>\n\t<meta property=\"og:image:type\" content=\"image\/png\" \/>\n<meta name=\"twitter:card\" content=\"summary_large_image\" \/>\n<script type=\"application\/ld+json\" class=\"yoast-schema-graph\">{\"@context\":\"https:\/\/schema.org\",\"@graph\":[{\"@type\":\"WebPage\",\"@id\":\"https:\/\/nikasport.eu\/lv\/cehols-aplim-tuloni-shine-vixbu\/\",\"url\":\"https:\/\/nikasport.eu\/lv\/cehols-aplim-tuloni-shine-vixbu\/\",\"name\":\"\u010cehols aplim TULONI Shine VIxBU | NikaSport.eu\",\"isPartOf\":{\"@id\":\"https:\/\/nikasport.eu\/lv\/#website\"},\"primaryImageOfPage\":{\"@id\":\"https:\/\/nikasport.eu\/lv\/cehols-aplim-tuloni-shine-vixbu\/#primaryimage\"},\"image\":{\"@id\":\"https:\/\/nikasport.eu\/lv\/cehols-aplim-tuloni-shine-vixbu\/#primaryimage\"},\"thumbnailUrl\":\"https:\/\/nikasport.eu\/wp-content\/uploads\/2025\/10\/NikaSport.eu-tuloni-Shine-hoop-cover-MKR-HC03-VIxBU-1.png\",\"datePublished\":\"2025-10-08T18:27:57+00:00\",\"dateModified\":\"2025-10-08T19:34:59+00:00\",\"breadcrumb\":{\"@id\":\"https:\/\/nikasport.eu\/lv\/cehols-aplim-tuloni-shine-vixbu\/#breadcrumb\"},\"inLanguage\":\"lv-LV\",\"potentialAction\":[{\"@type\":\"ReadAction\",\"target\":[\"https:\/\/nikasport.eu\/lv\/cehols-aplim-tuloni-shine-vixbu\/\"]}]},{\"@type\":\"ImageObject\",\"inLanguage\":\"lv-LV\",\"@id\":\"https:\/\/nikasport.eu\/lv\/cehols-aplim-tuloni-shine-vixbu\/#primaryimage\",\"url\":\"https:\/\/nikasport.eu\/wp-content\/uploads\/2025\/10\/NikaSport.eu-tuloni-Shine-hoop-cover-MKR-HC03-VIxBU-1.png\",\"contentUrl\":\"https:\/\/nikasport.eu\/wp-content\/uploads\/2025\/10\/NikaSport.eu-tuloni-Shine-hoop-cover-MKR-HC03-VIxBU-1.png\",\"width\":500,\"height\":500},{\"@type\":\"BreadcrumbList\",\"@id\":\"https:\/\/nikasport.eu\/lv\/cehols-aplim-tuloni-shine-vixbu\/#breadcrumb\",\"itemListElement\":[{\"@type\":\"ListItem\",\"position\":1,\"name\":\"Home\",\"item\":\"https:\/\/nikasport.eu\/lv\/\"},{\"@type\":\"ListItem\",\"position\":2,\"name\":\"Preces\",\"item\":\"https:\/\/nikasport.eu\/lv\/shop\/\"},{\"@type\":\"ListItem\",\"position\":3,\"name\":\"Ap\u013ci\",\"item\":\"https:\/\/nikasport.eu\/lv\/makslas-vingrosanas-apli\/\"},{\"@type\":\"ListItem\",\"position\":4,\"name\":\"\u010ceholi ap\u013ciem no TULONI\",\"item\":\"https:\/\/nikasport.eu\/lv\/rg-apli-ceholi-tuloni\/\"},{\"@type\":\"ListItem\",\"position\":5,\"name\":\"\u010cehols aplim TULONI Shine VIxBU\"}]},{\"@type\":\"WebSite\",\"@id\":\"https:\/\/nikasport.eu\/lv\/#website\",\"url\":\"https:\/\/nikasport.eu\/lv\/\",\"name\":\"NikaSport.eu\",\"description\":\"Everything a Gymnast Needs | Rhythmic Gymnastics Equipment Online\",\"potentialAction\":[{\"@type\":\"SearchAction\",\"target\":{\"@type\":\"EntryPoint\",\"urlTemplate\":\"https:\/\/nikasport.eu\/lv\/?s={search_term_string}\"},\"query-input\":{\"@type\":\"PropertyValueSpecification\",\"valueRequired\":true,\"valueName\":\"search_term_string\"}}],\"inLanguage\":\"lv-LV\"}]}<\/script>\n<!-- \/ Yoast SEO plugin. -->","yoast_head_json":{"title":"\u010cehols aplim TULONI Shine VIxBU | NikaSport.eu","robots":{"index":"index","follow":"follow","max-snippet":"max-snippet:-1","max-image-preview":"max-image-preview:large","max-video-preview":"max-video-preview:-1"},"canonical":"https:\/\/nikasport.eu\/lv\/cehols-aplim-tuloni-shine-vixbu\/","og_locale":"lv_LV","og_type":"article","og_title":"\u010cehols aplim TULONI Shine VIxBU | NikaSport.eu","og_description":"1794","og_url":"https:\/\/nikasport.eu\/lv\/cehols-aplim-tuloni-shine-vixbu\/","og_site_name":"NikaSport.eu","article_publisher":"https:\/\/www.facebook.com\/nikasport.eu","article_modified_time":"2025-10-08T19:34:59+00:00","og_image":[{"width":500,"height":500,"url":"https:\/\/nikasport.eu\/wp-content\/uploads\/2025\/10\/NikaSport.eu-tuloni-Shine-hoop-cover-MKR-HC03-VIxBU-1.png","type":"image\/png"}],"twitter_card":"summary_large_image","schema":{"@context":"https:\/\/schema.org","@graph":[{"@type":"WebPage","@id":"https:\/\/nikasport.eu\/lv\/cehols-aplim-tuloni-shine-vixbu\/","url":"https:\/\/nikasport.eu\/lv\/cehols-aplim-tuloni-shine-vixbu\/","name":"\u010cehols aplim TULONI Shine VIxBU | NikaSport.eu","isPartOf":{"@id":"https:\/\/nikasport.eu\/lv\/#website"},"primaryImageOfPage":{"@id":"https:\/\/nikasport.eu\/lv\/cehols-aplim-tuloni-shine-vixbu\/#primaryimage"},"image":{"@id":"https:\/\/nikasport.eu\/lv\/cehols-aplim-tuloni-shine-vixbu\/#primaryimage"},"thumbnailUrl":"https:\/\/nikasport.eu\/wp-content\/uploads\/2025\/10\/NikaSport.eu-tuloni-Shine-hoop-cover-MKR-HC03-VIxBU-1.png","datePublished":"2025-10-08T18:27:57+00:00","dateModified":"2025-10-08T19:34:59+00:00","breadcrumb":{"@id":"https:\/\/nikasport.eu\/lv\/cehols-aplim-tuloni-shine-vixbu\/#breadcrumb"},"inLanguage":"lv-LV","potentialAction":[{"@type":"ReadAction","target":["https:\/\/nikasport.eu\/lv\/cehols-aplim-tuloni-shine-vixbu\/"]}]},{"@type":"ImageObject","inLanguage":"lv-LV","@id":"https:\/\/nikasport.eu\/lv\/cehols-aplim-tuloni-shine-vixbu\/#primaryimage","url":"https:\/\/nikasport.eu\/wp-content\/uploads\/2025\/10\/NikaSport.eu-tuloni-Shine-hoop-cover-MKR-HC03-VIxBU-1.png","contentUrl":"https:\/\/nikasport.eu\/wp-content\/uploads\/2025\/10\/NikaSport.eu-tuloni-Shine-hoop-cover-MKR-HC03-VIxBU-1.png","width":500,"height":500},{"@type":"BreadcrumbList","@id":"https:\/\/nikasport.eu\/lv\/cehols-aplim-tuloni-shine-vixbu\/#breadcrumb","itemListElement":[{"@type":"ListItem","position":1,"name":"Home","item":"https:\/\/nikasport.eu\/lv\/"},{"@type":"ListItem","position":2,"name":"Preces","item":"https:\/\/nikasport.eu\/lv\/shop\/"},{"@type":"ListItem","position":3,"name":"Ap\u013ci","item":"https:\/\/nikasport.eu\/lv\/makslas-vingrosanas-apli\/"},{"@type":"ListItem","position":4,"name":"\u010ceholi ap\u013ciem no TULONI","item":"https:\/\/nikasport.eu\/lv\/rg-apli-ceholi-tuloni\/"},{"@type":"ListItem","position":5,"name":"\u010cehols aplim TULONI Shine VIxBU"}]},{"@type":"WebSite","@id":"https:\/\/nikasport.eu\/lv\/#website","url":"https:\/\/nikasport.eu\/lv\/","name":"NikaSport.eu","description":"Everything a Gymnast Needs | Rhythmic Gymnastics Equipment Online","potentialAction":[{"@type":"SearchAction","target":{"@type":"EntryPoint","urlTemplate":"https:\/\/nikasport.eu\/lv\/?s={search_term_string}"},"query-input":{"@type":"PropertyValueSpecification","valueRequired":true,"valueName":"search_term_string"}}],"inLanguage":"lv-LV"}]}},"_links":{"self":[{"href":"https:\/\/nikasport.eu\/lv\/wp-json\/wp\/v2\/product\/15229","targetHints":{"allow":["GET"]}}],"collection":[{"href":"https:\/\/nikasport.eu\/lv\/wp-json\/wp\/v2\/product"}],"about":[{"href":"https:\/\/nikasport.eu\/lv\/wp-json\/wp\/v2\/types\/product"}],"wp:featuredmedia":[{"embeddable":true,"href":"https:\/\/nikasport.eu\/lv\/wp-json\/wp\/v2\/media\/15230"}],"wp:attachment":[{"href":"https:\/\/nikasport.eu\/lv\/wp-json\/wp\/v2\/media?parent=15229"}],"wp:term":[{"taxonomy":"product_brand","embeddable":true,"href":"https:\/\/nikasport.eu\/lv\/wp-json\/wp\/v2\/product_brand?post=15229"},{"taxonomy":"product_cat","embeddable":true,"href":"https:\/\/nikasport.eu\/lv\/wp-json\/wp\/v2\/product_cat?post=15229"},{"taxonomy":"product_tag","embeddable":true,"href":"https:\/\/nikasport.eu\/lv\/wp-json\/wp\/v2\/product_tag?post=15229"}],"curies":[{"name":"wp","href":"https:\/\/api.w.org\/{rel}","templated":true}]}}