{"id":15504,"date":"2025-10-08T20:32:04","date_gmt":"2025-10-08T18:32:04","guid":{"rendered":"https:\/\/nikasport.eu\/?post_type=product&#038;p=15504"},"modified":"2025-10-08T21:39:05","modified_gmt":"2025-10-08T19:39:05","slug":"tuloni-dvielis-rokam-shine-kr-ppxlibu","status":"publish","type":"product","link":"https:\/\/nikasport.eu\/lv\/tuloni-dvielis-rokam-shine-kr-ppxlibu\/","title":{"rendered":"TULONI Dvielis rok\u0101m Shine kr. PPxLIBU"},"content":{"rendered":"<p>TULONI dvielis rok\u0101m ar vingrot\u0101jas att\u0113lu.<\/p>\n<p>Var izmantot abas puses. Lieto saus\u0101 vai nedaudz mitr\u0101 veid\u0101 bez ziep\u0113m.<\/p>\n<p>Dvielis ir m\u012bksts, bl\u012bvs un lieliski uzs\u016bc mitrumu.<\/p>\n<p>Ieteicams mazg\u0101t ar rok\u0101m vai ve\u013cas ma\u0161\u012bn\u0101 temperat\u016br\u0101, kas nep\u0101rsniedz 30\u00b0 gr\u0101dus.<\/p>\n<p><\/p>\n<p>Modelis: Shine<\/p>\n<p>Materi\u0101ls: 50% CO, 50% PE<\/p>\n<p>Izm\u0113rs: 50 \u0445 30 cm<\/p>\n<p>Kr\u0101sa: violeta un gai\u0161i zila<\/p>\n","protected":false},"excerpt":{"rendered":"<p>2032<\/p>\n","protected":false},"featured_media":15505,"template":"","meta":{"_gspb_post_css":""},"product_brand":[848],"product_cat":[599],"product_tag":[],"class_list":{"0":"post-15504","1":"product","2":"type-product","3":"status-publish","4":"has-post-thumbnail","6":"product_brand-tuloni","7":"product_cat-rg-aksesuar-dvieli","9":"first","10":"instock","11":"taxable","12":"shipping-taxable","13":"purchasable","14":"product-type-simple"},"ct_brands":[{"id":848,"name":"Tuloni","slug":"tuloni"}],"yoast_head":"<!-- This site is optimized with the Yoast SEO plugin v26.5 - https:\/\/yoast.com\/wordpress\/plugins\/seo\/ -->\n<title>TULONI Dvielis rok\u0101m Shine kr. PPxLIBU | NikaSport.eu<\/title>\n<meta name=\"robots\" content=\"index, follow, max-snippet:-1, max-image-preview:large, max-video-preview:-1\" \/>\n<link rel=\"canonical\" href=\"https:\/\/nikasport.eu\/lv\/tuloni-dvielis-rokam-shine-kr-ppxlibu\/\" \/>\n<meta property=\"og:locale\" content=\"lv_LV\" \/>\n<meta property=\"og:type\" content=\"article\" \/>\n<meta property=\"og:title\" content=\"TULONI Dvielis rok\u0101m Shine kr. PPxLIBU | NikaSport.eu\" \/>\n<meta property=\"og:description\" content=\"2032\" \/>\n<meta property=\"og:url\" content=\"https:\/\/nikasport.eu\/lv\/tuloni-dvielis-rokam-shine-kr-ppxlibu\/\" \/>\n<meta property=\"og:site_name\" content=\"NikaSport.eu\" \/>\n<meta property=\"article:publisher\" content=\"https:\/\/www.facebook.com\/nikasport.eu\" \/>\n<meta property=\"article:modified_time\" content=\"2025-10-08T19:39:05+00:00\" \/>\n<meta property=\"og:image\" content=\"https:\/\/nikasport.eu\/wp-content\/uploads\/2025\/10\/NikaSport.eu-TULONI-towel-for-hands-MKR-TOW05-PPxLIBU-1.png\" \/>\n\t<meta property=\"og:image:width\" content=\"500\" \/>\n\t<meta property=\"og:image:height\" content=\"500\" \/>\n\t<meta property=\"og:image:type\" content=\"image\/png\" \/>\n<meta name=\"twitter:card\" content=\"summary_large_image\" \/>\n<script type=\"application\/ld+json\" class=\"yoast-schema-graph\">{\"@context\":\"https:\/\/schema.org\",\"@graph\":[{\"@type\":\"WebPage\",\"@id\":\"https:\/\/nikasport.eu\/lv\/tuloni-dvielis-rokam-shine-kr-ppxlibu\/\",\"url\":\"https:\/\/nikasport.eu\/lv\/tuloni-dvielis-rokam-shine-kr-ppxlibu\/\",\"name\":\"TULONI Dvielis rok\u0101m Shine kr. PPxLIBU | NikaSport.eu\",\"isPartOf\":{\"@id\":\"https:\/\/nikasport.eu\/lv\/#website\"},\"primaryImageOfPage\":{\"@id\":\"https:\/\/nikasport.eu\/lv\/tuloni-dvielis-rokam-shine-kr-ppxlibu\/#primaryimage\"},\"image\":{\"@id\":\"https:\/\/nikasport.eu\/lv\/tuloni-dvielis-rokam-shine-kr-ppxlibu\/#primaryimage\"},\"thumbnailUrl\":\"https:\/\/nikasport.eu\/wp-content\/uploads\/2025\/10\/NikaSport.eu-TULONI-towel-for-hands-MKR-TOW05-PPxLIBU-1.png\",\"datePublished\":\"2025-10-08T18:32:04+00:00\",\"dateModified\":\"2025-10-08T19:39:05+00:00\",\"breadcrumb\":{\"@id\":\"https:\/\/nikasport.eu\/lv\/tuloni-dvielis-rokam-shine-kr-ppxlibu\/#breadcrumb\"},\"inLanguage\":\"lv-LV\",\"potentialAction\":[{\"@type\":\"ReadAction\",\"target\":[\"https:\/\/nikasport.eu\/lv\/tuloni-dvielis-rokam-shine-kr-ppxlibu\/\"]}]},{\"@type\":\"ImageObject\",\"inLanguage\":\"lv-LV\",\"@id\":\"https:\/\/nikasport.eu\/lv\/tuloni-dvielis-rokam-shine-kr-ppxlibu\/#primaryimage\",\"url\":\"https:\/\/nikasport.eu\/wp-content\/uploads\/2025\/10\/NikaSport.eu-TULONI-towel-for-hands-MKR-TOW05-PPxLIBU-1.png\",\"contentUrl\":\"https:\/\/nikasport.eu\/wp-content\/uploads\/2025\/10\/NikaSport.eu-TULONI-towel-for-hands-MKR-TOW05-PPxLIBU-1.png\",\"width\":500,\"height\":500},{\"@type\":\"BreadcrumbList\",\"@id\":\"https:\/\/nikasport.eu\/lv\/tuloni-dvielis-rokam-shine-kr-ppxlibu\/#breadcrumb\",\"itemListElement\":[{\"@type\":\"ListItem\",\"position\":1,\"name\":\"Home\",\"item\":\"https:\/\/nikasport.eu\/lv\/\"},{\"@type\":\"ListItem\",\"position\":2,\"name\":\"Preces\",\"item\":\"https:\/\/nikasport.eu\/lv\/shop\/\"},{\"@type\":\"ListItem\",\"position\":3,\"name\":\"Aksesu\u0101ri\",\"item\":\"https:\/\/nikasport.eu\/lv\/makslas-vingrosanas-aksesuari\/\"},{\"@type\":\"ListItem\",\"position\":4,\"name\":\"Dvie\u013ci\",\"item\":\"https:\/\/nikasport.eu\/lv\/rg-aksesuar-dvieli\/\"},{\"@type\":\"ListItem\",\"position\":5,\"name\":\"TULONI Dvielis rok\u0101m Shine kr. PPxLIBU\"}]},{\"@type\":\"WebSite\",\"@id\":\"https:\/\/nikasport.eu\/lv\/#website\",\"url\":\"https:\/\/nikasport.eu\/lv\/\",\"name\":\"NikaSport.eu\",\"description\":\"Everything a Gymnast Needs | Rhythmic Gymnastics Equipment Online\",\"potentialAction\":[{\"@type\":\"SearchAction\",\"target\":{\"@type\":\"EntryPoint\",\"urlTemplate\":\"https:\/\/nikasport.eu\/lv\/?s={search_term_string}\"},\"query-input\":{\"@type\":\"PropertyValueSpecification\",\"valueRequired\":true,\"valueName\":\"search_term_string\"}}],\"inLanguage\":\"lv-LV\"}]}<\/script>\n<!-- \/ Yoast SEO plugin. -->","yoast_head_json":{"title":"TULONI Dvielis rok\u0101m Shine kr. PPxLIBU | NikaSport.eu","robots":{"index":"index","follow":"follow","max-snippet":"max-snippet:-1","max-image-preview":"max-image-preview:large","max-video-preview":"max-video-preview:-1"},"canonical":"https:\/\/nikasport.eu\/lv\/tuloni-dvielis-rokam-shine-kr-ppxlibu\/","og_locale":"lv_LV","og_type":"article","og_title":"TULONI Dvielis rok\u0101m Shine kr. PPxLIBU | NikaSport.eu","og_description":"2032","og_url":"https:\/\/nikasport.eu\/lv\/tuloni-dvielis-rokam-shine-kr-ppxlibu\/","og_site_name":"NikaSport.eu","article_publisher":"https:\/\/www.facebook.com\/nikasport.eu","article_modified_time":"2025-10-08T19:39:05+00:00","og_image":[{"width":500,"height":500,"url":"https:\/\/nikasport.eu\/wp-content\/uploads\/2025\/10\/NikaSport.eu-TULONI-towel-for-hands-MKR-TOW05-PPxLIBU-1.png","type":"image\/png"}],"twitter_card":"summary_large_image","schema":{"@context":"https:\/\/schema.org","@graph":[{"@type":"WebPage","@id":"https:\/\/nikasport.eu\/lv\/tuloni-dvielis-rokam-shine-kr-ppxlibu\/","url":"https:\/\/nikasport.eu\/lv\/tuloni-dvielis-rokam-shine-kr-ppxlibu\/","name":"TULONI Dvielis rok\u0101m Shine kr. PPxLIBU | NikaSport.eu","isPartOf":{"@id":"https:\/\/nikasport.eu\/lv\/#website"},"primaryImageOfPage":{"@id":"https:\/\/nikasport.eu\/lv\/tuloni-dvielis-rokam-shine-kr-ppxlibu\/#primaryimage"},"image":{"@id":"https:\/\/nikasport.eu\/lv\/tuloni-dvielis-rokam-shine-kr-ppxlibu\/#primaryimage"},"thumbnailUrl":"https:\/\/nikasport.eu\/wp-content\/uploads\/2025\/10\/NikaSport.eu-TULONI-towel-for-hands-MKR-TOW05-PPxLIBU-1.png","datePublished":"2025-10-08T18:32:04+00:00","dateModified":"2025-10-08T19:39:05+00:00","breadcrumb":{"@id":"https:\/\/nikasport.eu\/lv\/tuloni-dvielis-rokam-shine-kr-ppxlibu\/#breadcrumb"},"inLanguage":"lv-LV","potentialAction":[{"@type":"ReadAction","target":["https:\/\/nikasport.eu\/lv\/tuloni-dvielis-rokam-shine-kr-ppxlibu\/"]}]},{"@type":"ImageObject","inLanguage":"lv-LV","@id":"https:\/\/nikasport.eu\/lv\/tuloni-dvielis-rokam-shine-kr-ppxlibu\/#primaryimage","url":"https:\/\/nikasport.eu\/wp-content\/uploads\/2025\/10\/NikaSport.eu-TULONI-towel-for-hands-MKR-TOW05-PPxLIBU-1.png","contentUrl":"https:\/\/nikasport.eu\/wp-content\/uploads\/2025\/10\/NikaSport.eu-TULONI-towel-for-hands-MKR-TOW05-PPxLIBU-1.png","width":500,"height":500},{"@type":"BreadcrumbList","@id":"https:\/\/nikasport.eu\/lv\/tuloni-dvielis-rokam-shine-kr-ppxlibu\/#breadcrumb","itemListElement":[{"@type":"ListItem","position":1,"name":"Home","item":"https:\/\/nikasport.eu\/lv\/"},{"@type":"ListItem","position":2,"name":"Preces","item":"https:\/\/nikasport.eu\/lv\/shop\/"},{"@type":"ListItem","position":3,"name":"Aksesu\u0101ri","item":"https:\/\/nikasport.eu\/lv\/makslas-vingrosanas-aksesuari\/"},{"@type":"ListItem","position":4,"name":"Dvie\u013ci","item":"https:\/\/nikasport.eu\/lv\/rg-aksesuar-dvieli\/"},{"@type":"ListItem","position":5,"name":"TULONI Dvielis rok\u0101m Shine kr. PPxLIBU"}]},{"@type":"WebSite","@id":"https:\/\/nikasport.eu\/lv\/#website","url":"https:\/\/nikasport.eu\/lv\/","name":"NikaSport.eu","description":"Everything a Gymnast Needs | Rhythmic Gymnastics Equipment Online","potentialAction":[{"@type":"SearchAction","target":{"@type":"EntryPoint","urlTemplate":"https:\/\/nikasport.eu\/lv\/?s={search_term_string}"},"query-input":{"@type":"PropertyValueSpecification","valueRequired":true,"valueName":"search_term_string"}}],"inLanguage":"lv-LV"}]}},"_links":{"self":[{"href":"https:\/\/nikasport.eu\/lv\/wp-json\/wp\/v2\/product\/15504","targetHints":{"allow":["GET"]}}],"collection":[{"href":"https:\/\/nikasport.eu\/lv\/wp-json\/wp\/v2\/product"}],"about":[{"href":"https:\/\/nikasport.eu\/lv\/wp-json\/wp\/v2\/types\/product"}],"wp:featuredmedia":[{"embeddable":true,"href":"https:\/\/nikasport.eu\/lv\/wp-json\/wp\/v2\/media\/15505"}],"wp:attachment":[{"href":"https:\/\/nikasport.eu\/lv\/wp-json\/wp\/v2\/media?parent=15504"}],"wp:term":[{"taxonomy":"product_brand","embeddable":true,"href":"https:\/\/nikasport.eu\/lv\/wp-json\/wp\/v2\/product_brand?post=15504"},{"taxonomy":"product_cat","embeddable":true,"href":"https:\/\/nikasport.eu\/lv\/wp-json\/wp\/v2\/product_cat?post=15504"},{"taxonomy":"product_tag","embeddable":true,"href":"https:\/\/nikasport.eu\/lv\/wp-json\/wp\/v2\/product_tag?post=15504"}],"curies":[{"name":"wp","href":"https:\/\/api.w.org\/{rel}","templated":true}]}}