{"id":15594,"date":"2025-10-08T20:33:25","date_gmt":"2025-10-08T18:33:25","guid":{"rendered":"https:\/\/nikasport.eu\/?post_type=product&#038;p=15594"},"modified":"2025-10-08T21:40:25","modified_gmt":"2025-10-08T19:40:25","slug":"puscibinas-solo-ob55-izmers-xxs-31-5-32-0","status":"publish","type":"product","link":"https:\/\/nikasport.eu\/lv\/puscibinas-solo-ob55-izmers-xxs-31-5-32-0\/","title":{"rendered":"Pus\u010d\u012bbi\u0146as Solo OB55 izm\u0113rs XXS (31,5-32,0)"},"content":{"rendered":"<p>Solo \u0113rtas un m\u012bkstas pus\u010d\u012bbi\u0146as no m\u0101ksl\u012bg\u0101s zam\u0161\u0101das m\u0101kslas vingro\u0161anai.<\/p>\n<p>Zole &#8211; m\u0101ksl\u012bgi sadal\u012bta ar papildu nostiprin\u0101jumu no putu poliuret\u0101na.<\/p>\n<p>Plakanas \u0161uves un elast\u012bga gumija ar ievietotu silikona sloksni nodro\u0161ina maksim\u0101lu komfortu pus\u010d\u012bbi\u0146u lieto\u0161anas laik\u0101.<\/p>\n<p><\/p>\n<p>Materi\u0101ls: mikro\u0161\u0137iedra<\/p>\n<p>Kr\u0101sa: b\u0113\u0161a<\/p>\n<p>Izm\u0113rs: XXS (31,5-32,0)<\/p>\n","protected":false},"excerpt":{"rendered":"<p>2099<\/p>\n","protected":false},"featured_media":15592,"template":"","meta":{"_gspb_post_css":""},"product_brand":[854],"product_cat":[572],"product_tag":[],"class_list":{"0":"post-15594","1":"product","2":"type-product","3":"status-publish","4":"has-post-thumbnail","6":"product_brand-solo","7":"product_cat-rg-puscibinas-solo-ob55","9":"first","10":"instock","11":"taxable","12":"shipping-taxable","13":"purchasable","14":"product-type-simple"},"ct_brands":[{"id":854,"name":"Solo","slug":"solo"}],"yoast_head":"<!-- This site is optimized with the Yoast SEO plugin v26.5 - https:\/\/yoast.com\/wordpress\/plugins\/seo\/ -->\n<title>Pus\u010d\u012bbi\u0146as Solo OB55 izm\u0113rs XXS (31,5-32,0) | NikaSport.eu<\/title>\n<meta name=\"robots\" content=\"index, follow, max-snippet:-1, max-image-preview:large, max-video-preview:-1\" \/>\n<link rel=\"canonical\" href=\"https:\/\/nikasport.eu\/lv\/puscibinas-solo-ob55-izmers-xxs-31-5-32-0\/\" \/>\n<meta property=\"og:locale\" content=\"lv_LV\" \/>\n<meta property=\"og:type\" content=\"article\" \/>\n<meta property=\"og:title\" content=\"Pus\u010d\u012bbi\u0146as Solo OB55 izm\u0113rs XXS (31,5-32,0) | NikaSport.eu\" \/>\n<meta property=\"og:description\" content=\"2099\" \/>\n<meta property=\"og:url\" content=\"https:\/\/nikasport.eu\/lv\/puscibinas-solo-ob55-izmers-xxs-31-5-32-0\/\" \/>\n<meta property=\"og:site_name\" content=\"NikaSport.eu\" \/>\n<meta property=\"article:publisher\" content=\"https:\/\/www.facebook.com\/nikasport.eu\" \/>\n<meta property=\"article:modified_time\" content=\"2025-10-08T19:40:25+00:00\" \/>\n<meta property=\"og:image\" content=\"https:\/\/nikasport.eu\/wp-content\/uploads\/2025\/10\/NikaSport.eu-Solo-half-shoes-OB55_52-1.png\" \/>\n\t<meta property=\"og:image:width\" content=\"500\" \/>\n\t<meta property=\"og:image:height\" content=\"500\" \/>\n\t<meta property=\"og:image:type\" content=\"image\/png\" \/>\n<meta name=\"twitter:card\" content=\"summary_large_image\" \/>\n<script type=\"application\/ld+json\" class=\"yoast-schema-graph\">{\"@context\":\"https:\/\/schema.org\",\"@graph\":[{\"@type\":\"WebPage\",\"@id\":\"https:\/\/nikasport.eu\/lv\/puscibinas-solo-ob55-izmers-xxs-31-5-32-0\/\",\"url\":\"https:\/\/nikasport.eu\/lv\/puscibinas-solo-ob55-izmers-xxs-31-5-32-0\/\",\"name\":\"Pus\u010d\u012bbi\u0146as Solo OB55 izm\u0113rs XXS (31,5-32,0) | NikaSport.eu\",\"isPartOf\":{\"@id\":\"https:\/\/nikasport.eu\/lv\/#website\"},\"primaryImageOfPage\":{\"@id\":\"https:\/\/nikasport.eu\/lv\/puscibinas-solo-ob55-izmers-xxs-31-5-32-0\/#primaryimage\"},\"image\":{\"@id\":\"https:\/\/nikasport.eu\/lv\/puscibinas-solo-ob55-izmers-xxs-31-5-32-0\/#primaryimage\"},\"thumbnailUrl\":\"https:\/\/nikasport.eu\/wp-content\/uploads\/2025\/10\/NikaSport.eu-Solo-half-shoes-OB55_52-1.png\",\"datePublished\":\"2025-10-08T18:33:25+00:00\",\"dateModified\":\"2025-10-08T19:40:25+00:00\",\"breadcrumb\":{\"@id\":\"https:\/\/nikasport.eu\/lv\/puscibinas-solo-ob55-izmers-xxs-31-5-32-0\/#breadcrumb\"},\"inLanguage\":\"lv-LV\",\"potentialAction\":[{\"@type\":\"ReadAction\",\"target\":[\"https:\/\/nikasport.eu\/lv\/puscibinas-solo-ob55-izmers-xxs-31-5-32-0\/\"]}]},{\"@type\":\"ImageObject\",\"inLanguage\":\"lv-LV\",\"@id\":\"https:\/\/nikasport.eu\/lv\/puscibinas-solo-ob55-izmers-xxs-31-5-32-0\/#primaryimage\",\"url\":\"https:\/\/nikasport.eu\/wp-content\/uploads\/2025\/10\/NikaSport.eu-Solo-half-shoes-OB55_52-1.png\",\"contentUrl\":\"https:\/\/nikasport.eu\/wp-content\/uploads\/2025\/10\/NikaSport.eu-Solo-half-shoes-OB55_52-1.png\",\"width\":500,\"height\":500},{\"@type\":\"BreadcrumbList\",\"@id\":\"https:\/\/nikasport.eu\/lv\/puscibinas-solo-ob55-izmers-xxs-31-5-32-0\/#breadcrumb\",\"itemListElement\":[{\"@type\":\"ListItem\",\"position\":1,\"name\":\"Home\",\"item\":\"https:\/\/nikasport.eu\/lv\/\"},{\"@type\":\"ListItem\",\"position\":2,\"name\":\"Preces\",\"item\":\"https:\/\/nikasport.eu\/lv\/shop\/\"},{\"@type\":\"ListItem\",\"position\":3,\"name\":\"Pus\u010d\u012bbi\u0146as\",\"item\":\"https:\/\/nikasport.eu\/lv\/makslas-vingrosanas-puscibinas\/\"},{\"@type\":\"ListItem\",\"position\":4,\"name\":\"Pus\u010d\u012bbi\u0146as SOLO OB55\",\"item\":\"https:\/\/nikasport.eu\/lv\/rg-puscibinas-solo-ob55\/\"},{\"@type\":\"ListItem\",\"position\":5,\"name\":\"Pus\u010d\u012bbi\u0146as Solo OB55 izm\u0113rs XXS (31,5-32,0)\"}]},{\"@type\":\"WebSite\",\"@id\":\"https:\/\/nikasport.eu\/lv\/#website\",\"url\":\"https:\/\/nikasport.eu\/lv\/\",\"name\":\"NikaSport.eu\",\"description\":\"Everything a Gymnast Needs | Rhythmic Gymnastics Equipment Online\",\"potentialAction\":[{\"@type\":\"SearchAction\",\"target\":{\"@type\":\"EntryPoint\",\"urlTemplate\":\"https:\/\/nikasport.eu\/lv\/?s={search_term_string}\"},\"query-input\":{\"@type\":\"PropertyValueSpecification\",\"valueRequired\":true,\"valueName\":\"search_term_string\"}}],\"inLanguage\":\"lv-LV\"}]}<\/script>\n<!-- \/ Yoast SEO plugin. -->","yoast_head_json":{"title":"Pus\u010d\u012bbi\u0146as Solo OB55 izm\u0113rs XXS (31,5-32,0) | NikaSport.eu","robots":{"index":"index","follow":"follow","max-snippet":"max-snippet:-1","max-image-preview":"max-image-preview:large","max-video-preview":"max-video-preview:-1"},"canonical":"https:\/\/nikasport.eu\/lv\/puscibinas-solo-ob55-izmers-xxs-31-5-32-0\/","og_locale":"lv_LV","og_type":"article","og_title":"Pus\u010d\u012bbi\u0146as Solo OB55 izm\u0113rs XXS (31,5-32,0) | NikaSport.eu","og_description":"2099","og_url":"https:\/\/nikasport.eu\/lv\/puscibinas-solo-ob55-izmers-xxs-31-5-32-0\/","og_site_name":"NikaSport.eu","article_publisher":"https:\/\/www.facebook.com\/nikasport.eu","article_modified_time":"2025-10-08T19:40:25+00:00","og_image":[{"width":500,"height":500,"url":"https:\/\/nikasport.eu\/wp-content\/uploads\/2025\/10\/NikaSport.eu-Solo-half-shoes-OB55_52-1.png","type":"image\/png"}],"twitter_card":"summary_large_image","schema":{"@context":"https:\/\/schema.org","@graph":[{"@type":"WebPage","@id":"https:\/\/nikasport.eu\/lv\/puscibinas-solo-ob55-izmers-xxs-31-5-32-0\/","url":"https:\/\/nikasport.eu\/lv\/puscibinas-solo-ob55-izmers-xxs-31-5-32-0\/","name":"Pus\u010d\u012bbi\u0146as Solo OB55 izm\u0113rs XXS (31,5-32,0) | NikaSport.eu","isPartOf":{"@id":"https:\/\/nikasport.eu\/lv\/#website"},"primaryImageOfPage":{"@id":"https:\/\/nikasport.eu\/lv\/puscibinas-solo-ob55-izmers-xxs-31-5-32-0\/#primaryimage"},"image":{"@id":"https:\/\/nikasport.eu\/lv\/puscibinas-solo-ob55-izmers-xxs-31-5-32-0\/#primaryimage"},"thumbnailUrl":"https:\/\/nikasport.eu\/wp-content\/uploads\/2025\/10\/NikaSport.eu-Solo-half-shoes-OB55_52-1.png","datePublished":"2025-10-08T18:33:25+00:00","dateModified":"2025-10-08T19:40:25+00:00","breadcrumb":{"@id":"https:\/\/nikasport.eu\/lv\/puscibinas-solo-ob55-izmers-xxs-31-5-32-0\/#breadcrumb"},"inLanguage":"lv-LV","potentialAction":[{"@type":"ReadAction","target":["https:\/\/nikasport.eu\/lv\/puscibinas-solo-ob55-izmers-xxs-31-5-32-0\/"]}]},{"@type":"ImageObject","inLanguage":"lv-LV","@id":"https:\/\/nikasport.eu\/lv\/puscibinas-solo-ob55-izmers-xxs-31-5-32-0\/#primaryimage","url":"https:\/\/nikasport.eu\/wp-content\/uploads\/2025\/10\/NikaSport.eu-Solo-half-shoes-OB55_52-1.png","contentUrl":"https:\/\/nikasport.eu\/wp-content\/uploads\/2025\/10\/NikaSport.eu-Solo-half-shoes-OB55_52-1.png","width":500,"height":500},{"@type":"BreadcrumbList","@id":"https:\/\/nikasport.eu\/lv\/puscibinas-solo-ob55-izmers-xxs-31-5-32-0\/#breadcrumb","itemListElement":[{"@type":"ListItem","position":1,"name":"Home","item":"https:\/\/nikasport.eu\/lv\/"},{"@type":"ListItem","position":2,"name":"Preces","item":"https:\/\/nikasport.eu\/lv\/shop\/"},{"@type":"ListItem","position":3,"name":"Pus\u010d\u012bbi\u0146as","item":"https:\/\/nikasport.eu\/lv\/makslas-vingrosanas-puscibinas\/"},{"@type":"ListItem","position":4,"name":"Pus\u010d\u012bbi\u0146as SOLO OB55","item":"https:\/\/nikasport.eu\/lv\/rg-puscibinas-solo-ob55\/"},{"@type":"ListItem","position":5,"name":"Pus\u010d\u012bbi\u0146as Solo OB55 izm\u0113rs XXS (31,5-32,0)"}]},{"@type":"WebSite","@id":"https:\/\/nikasport.eu\/lv\/#website","url":"https:\/\/nikasport.eu\/lv\/","name":"NikaSport.eu","description":"Everything a Gymnast Needs | Rhythmic Gymnastics Equipment Online","potentialAction":[{"@type":"SearchAction","target":{"@type":"EntryPoint","urlTemplate":"https:\/\/nikasport.eu\/lv\/?s={search_term_string}"},"query-input":{"@type":"PropertyValueSpecification","valueRequired":true,"valueName":"search_term_string"}}],"inLanguage":"lv-LV"}]}},"_links":{"self":[{"href":"https:\/\/nikasport.eu\/lv\/wp-json\/wp\/v2\/product\/15594","targetHints":{"allow":["GET"]}}],"collection":[{"href":"https:\/\/nikasport.eu\/lv\/wp-json\/wp\/v2\/product"}],"about":[{"href":"https:\/\/nikasport.eu\/lv\/wp-json\/wp\/v2\/types\/product"}],"wp:featuredmedia":[{"embeddable":true,"href":"https:\/\/nikasport.eu\/lv\/wp-json\/wp\/v2\/media\/15592"}],"wp:attachment":[{"href":"https:\/\/nikasport.eu\/lv\/wp-json\/wp\/v2\/media?parent=15594"}],"wp:term":[{"taxonomy":"product_brand","embeddable":true,"href":"https:\/\/nikasport.eu\/lv\/wp-json\/wp\/v2\/product_brand?post=15594"},{"taxonomy":"product_cat","embeddable":true,"href":"https:\/\/nikasport.eu\/lv\/wp-json\/wp\/v2\/product_cat?post=15594"},{"taxonomy":"product_tag","embeddable":true,"href":"https:\/\/nikasport.eu\/lv\/wp-json\/wp\/v2\/product_tag?post=15594"}],"curies":[{"name":"wp","href":"https:\/\/api.w.org\/{rel}","templated":true}]}}