{"id":15645,"date":"2025-10-08T20:34:09","date_gmt":"2025-10-08T18:34:09","guid":{"rendered":"https:\/\/nikasport.eu\/?post_type=product&#038;p=15645"},"modified":"2026-02-09T22:59:58","modified_gmt":"2026-02-09T20:59:58","slug":"puscibinas-tuloni-lera-izmers-xs-34-35","status":"publish","type":"product","link":"https:\/\/nikasport.eu\/lv\/puscibinas-tuloni-lera-izmers-xs-34-35\/","title":{"rendered":"Pus\u010d\u012bbi\u0146as Tuloni LERA izm\u0113rs XS (34-35)\u00a0"},"content":{"rendered":"<p>Tuloni profesion\u0101las pus\u010d\u012bbi\u0146as no elast\u012bgas mikro\u0161\u0137iedras m\u0101kslas vingro\u0161anai.<\/p>\n<p>Pus\u010d\u012bbi\u0146as ir \u013coti \u0113rtas, m\u012bkstas un iztur\u012bgas. Logotips ir dekor\u0113ts ar akme\u0146iem. Piem\u0113rotas gan treni\u0146iem, gan sacens\u012bb\u0101m.<\/p>\n<p>Elast\u012bg\u0101s gumijas ar silikona joslu nodro\u0161ina stingru piegu\u013c\u0161anu un nov\u0113r\u0161 nosl\u012bd\u0113\u0161anu no p\u0113das.<\/p>\n<p>Pateicoties univers\u0101lajam dizainam, pus\u010d\u012bbi\u0146as ir piem\u0113roti jebkurai p\u0113das formai.<\/p>\n<p>Zole ir ar smalku reljefu, sl\u012bp\u0113ta, lai samazin\u0101tu berzi, veicot pagriezienus. M\u012bkstais iek\u0161\u0113jais paliktnis ir izgatavots no dab\u012bgas kokvilnas.<\/p>\n<p>Tuloni pus\u010d\u012bbi\u0146as ir veidoti, \u0146emot v\u0113r\u0101 treneru ieteikumus un vingrot\u0101ju v\u0113lmes.<\/p>\n<p><\/p>\n<p>Modelis: LERA<\/p>\n<p>Materi\u0101ls: mikrofibra<\/p>\n<p>Kr\u0101sa: b\u0113\u0161a<\/p>\n<p>Izm\u0113rs: XS (34-35)<\/p>\n","protected":false},"excerpt":{"rendered":"<p>2134<\/p>\n","protected":false},"featured_media":15642,"template":"","meta":{"_gspb_post_css":""},"product_brand":[848],"product_cat":[573],"product_tag":[],"class_list":{"0":"post-15645","1":"product","2":"type-product","3":"status-publish","4":"has-post-thumbnail","6":"product_brand-tuloni","7":"product_cat-rg-puscibinas-tuloni-lera","9":"first","10":"instock","11":"taxable","12":"shipping-taxable","13":"purchasable","14":"product-type-simple"},"ct_brands":[{"id":848,"name":"Tuloni","slug":"tuloni"}],"yoast_head":"<!-- This site is optimized with the Yoast SEO plugin v26.5 - https:\/\/yoast.com\/wordpress\/plugins\/seo\/ -->\n<title>Pus\u010d\u012bbi\u0146as Tuloni LERA izm\u0113rs XS (34-35)\u00a0 | NikaSport.eu<\/title>\n<meta name=\"robots\" content=\"index, follow, max-snippet:-1, max-image-preview:large, max-video-preview:-1\" \/>\n<link rel=\"canonical\" href=\"https:\/\/nikasport.eu\/lv\/puscibinas-tuloni-lera-izmers-xs-34-35\/\" \/>\n<meta property=\"og:locale\" content=\"lv_LV\" \/>\n<meta property=\"og:type\" content=\"article\" \/>\n<meta property=\"og:title\" content=\"Pus\u010d\u012bbi\u0146as Tuloni LERA izm\u0113rs XS (34-35)\u00a0 | NikaSport.eu\" \/>\n<meta property=\"og:description\" content=\"2134\" \/>\n<meta property=\"og:url\" content=\"https:\/\/nikasport.eu\/lv\/puscibinas-tuloni-lera-izmers-xs-34-35\/\" \/>\n<meta property=\"og:site_name\" content=\"NikaSport.eu\" \/>\n<meta property=\"article:publisher\" content=\"https:\/\/www.facebook.com\/nikasport.eu\" \/>\n<meta property=\"article:modified_time\" content=\"2026-02-09T20:59:58+00:00\" \/>\n<meta property=\"og:image\" content=\"https:\/\/nikasport.eu\/wp-content\/uploads\/2025\/10\/NikaSport.eu-Tuloni-half-shoes-LERA-1.png\" \/>\n\t<meta property=\"og:image:width\" content=\"500\" \/>\n\t<meta property=\"og:image:height\" content=\"500\" \/>\n\t<meta property=\"og:image:type\" content=\"image\/png\" \/>\n<meta name=\"twitter:card\" content=\"summary_large_image\" \/>\n<meta name=\"twitter:label1\" content=\"Est. reading time\" \/>\n\t<meta name=\"twitter:data1\" content=\"1 minute\" \/>\n<script type=\"application\/ld+json\" class=\"yoast-schema-graph\">{\"@context\":\"https:\/\/schema.org\",\"@graph\":[{\"@type\":\"WebPage\",\"@id\":\"https:\/\/nikasport.eu\/lv\/puscibinas-tuloni-lera-izmers-xs-34-35\/\",\"url\":\"https:\/\/nikasport.eu\/lv\/puscibinas-tuloni-lera-izmers-xs-34-35\/\",\"name\":\"Pus\u010d\u012bbi\u0146as Tuloni LERA izm\u0113rs XS (34-35)\u00a0 | NikaSport.eu\",\"isPartOf\":{\"@id\":\"https:\/\/nikasport.eu\/lv\/#website\"},\"primaryImageOfPage\":{\"@id\":\"https:\/\/nikasport.eu\/lv\/puscibinas-tuloni-lera-izmers-xs-34-35\/#primaryimage\"},\"image\":{\"@id\":\"https:\/\/nikasport.eu\/lv\/puscibinas-tuloni-lera-izmers-xs-34-35\/#primaryimage\"},\"thumbnailUrl\":\"https:\/\/nikasport.eu\/wp-content\/uploads\/2025\/10\/NikaSport.eu-Tuloni-half-shoes-LERA-1.png\",\"datePublished\":\"2025-10-08T18:34:09+00:00\",\"dateModified\":\"2026-02-09T20:59:58+00:00\",\"breadcrumb\":{\"@id\":\"https:\/\/nikasport.eu\/lv\/puscibinas-tuloni-lera-izmers-xs-34-35\/#breadcrumb\"},\"inLanguage\":\"lv-LV\",\"potentialAction\":[{\"@type\":\"ReadAction\",\"target\":[\"https:\/\/nikasport.eu\/lv\/puscibinas-tuloni-lera-izmers-xs-34-35\/\"]}]},{\"@type\":\"ImageObject\",\"inLanguage\":\"lv-LV\",\"@id\":\"https:\/\/nikasport.eu\/lv\/puscibinas-tuloni-lera-izmers-xs-34-35\/#primaryimage\",\"url\":\"https:\/\/nikasport.eu\/wp-content\/uploads\/2025\/10\/NikaSport.eu-Tuloni-half-shoes-LERA-1.png\",\"contentUrl\":\"https:\/\/nikasport.eu\/wp-content\/uploads\/2025\/10\/NikaSport.eu-Tuloni-half-shoes-LERA-1.png\",\"width\":500,\"height\":500},{\"@type\":\"BreadcrumbList\",\"@id\":\"https:\/\/nikasport.eu\/lv\/puscibinas-tuloni-lera-izmers-xs-34-35\/#breadcrumb\",\"itemListElement\":[{\"@type\":\"ListItem\",\"position\":1,\"name\":\"Home\",\"item\":\"https:\/\/nikasport.eu\/lv\/\"},{\"@type\":\"ListItem\",\"position\":2,\"name\":\"Preces\",\"item\":\"https:\/\/nikasport.eu\/lv\/shop\/\"},{\"@type\":\"ListItem\",\"position\":3,\"name\":\"Pus\u010d\u012bbi\u0146as\",\"item\":\"https:\/\/nikasport.eu\/lv\/makslas-vingrosanas-puscibinas\/\"},{\"@type\":\"ListItem\",\"position\":4,\"name\":\"Pus\u010d\u012bbi\u0146as Tuloni LERA\",\"item\":\"https:\/\/nikasport.eu\/lv\/rg-puscibinas-tuloni-lera\/\"},{\"@type\":\"ListItem\",\"position\":5,\"name\":\"Pus\u010d\u012bbi\u0146as Tuloni LERA izm\u0113rs XS (34-35)\u00a0\"}]},{\"@type\":\"WebSite\",\"@id\":\"https:\/\/nikasport.eu\/lv\/#website\",\"url\":\"https:\/\/nikasport.eu\/lv\/\",\"name\":\"NikaSport.eu\",\"description\":\"Everything a Gymnast Needs | Rhythmic Gymnastics Equipment Online\",\"potentialAction\":[{\"@type\":\"SearchAction\",\"target\":{\"@type\":\"EntryPoint\",\"urlTemplate\":\"https:\/\/nikasport.eu\/lv\/?s={search_term_string}\"},\"query-input\":{\"@type\":\"PropertyValueSpecification\",\"valueRequired\":true,\"valueName\":\"search_term_string\"}}],\"inLanguage\":\"lv-LV\"}]}<\/script>\n<!-- \/ Yoast SEO plugin. -->","yoast_head_json":{"title":"Pus\u010d\u012bbi\u0146as Tuloni LERA izm\u0113rs XS (34-35)\u00a0 | NikaSport.eu","robots":{"index":"index","follow":"follow","max-snippet":"max-snippet:-1","max-image-preview":"max-image-preview:large","max-video-preview":"max-video-preview:-1"},"canonical":"https:\/\/nikasport.eu\/lv\/puscibinas-tuloni-lera-izmers-xs-34-35\/","og_locale":"lv_LV","og_type":"article","og_title":"Pus\u010d\u012bbi\u0146as Tuloni LERA izm\u0113rs XS (34-35)\u00a0 | NikaSport.eu","og_description":"2134","og_url":"https:\/\/nikasport.eu\/lv\/puscibinas-tuloni-lera-izmers-xs-34-35\/","og_site_name":"NikaSport.eu","article_publisher":"https:\/\/www.facebook.com\/nikasport.eu","article_modified_time":"2026-02-09T20:59:58+00:00","og_image":[{"width":500,"height":500,"url":"https:\/\/nikasport.eu\/wp-content\/uploads\/2025\/10\/NikaSport.eu-Tuloni-half-shoes-LERA-1.png","type":"image\/png"}],"twitter_card":"summary_large_image","twitter_misc":{"Est. reading time":"1 minute"},"schema":{"@context":"https:\/\/schema.org","@graph":[{"@type":"WebPage","@id":"https:\/\/nikasport.eu\/lv\/puscibinas-tuloni-lera-izmers-xs-34-35\/","url":"https:\/\/nikasport.eu\/lv\/puscibinas-tuloni-lera-izmers-xs-34-35\/","name":"Pus\u010d\u012bbi\u0146as Tuloni LERA izm\u0113rs XS (34-35)\u00a0 | NikaSport.eu","isPartOf":{"@id":"https:\/\/nikasport.eu\/lv\/#website"},"primaryImageOfPage":{"@id":"https:\/\/nikasport.eu\/lv\/puscibinas-tuloni-lera-izmers-xs-34-35\/#primaryimage"},"image":{"@id":"https:\/\/nikasport.eu\/lv\/puscibinas-tuloni-lera-izmers-xs-34-35\/#primaryimage"},"thumbnailUrl":"https:\/\/nikasport.eu\/wp-content\/uploads\/2025\/10\/NikaSport.eu-Tuloni-half-shoes-LERA-1.png","datePublished":"2025-10-08T18:34:09+00:00","dateModified":"2026-02-09T20:59:58+00:00","breadcrumb":{"@id":"https:\/\/nikasport.eu\/lv\/puscibinas-tuloni-lera-izmers-xs-34-35\/#breadcrumb"},"inLanguage":"lv-LV","potentialAction":[{"@type":"ReadAction","target":["https:\/\/nikasport.eu\/lv\/puscibinas-tuloni-lera-izmers-xs-34-35\/"]}]},{"@type":"ImageObject","inLanguage":"lv-LV","@id":"https:\/\/nikasport.eu\/lv\/puscibinas-tuloni-lera-izmers-xs-34-35\/#primaryimage","url":"https:\/\/nikasport.eu\/wp-content\/uploads\/2025\/10\/NikaSport.eu-Tuloni-half-shoes-LERA-1.png","contentUrl":"https:\/\/nikasport.eu\/wp-content\/uploads\/2025\/10\/NikaSport.eu-Tuloni-half-shoes-LERA-1.png","width":500,"height":500},{"@type":"BreadcrumbList","@id":"https:\/\/nikasport.eu\/lv\/puscibinas-tuloni-lera-izmers-xs-34-35\/#breadcrumb","itemListElement":[{"@type":"ListItem","position":1,"name":"Home","item":"https:\/\/nikasport.eu\/lv\/"},{"@type":"ListItem","position":2,"name":"Preces","item":"https:\/\/nikasport.eu\/lv\/shop\/"},{"@type":"ListItem","position":3,"name":"Pus\u010d\u012bbi\u0146as","item":"https:\/\/nikasport.eu\/lv\/makslas-vingrosanas-puscibinas\/"},{"@type":"ListItem","position":4,"name":"Pus\u010d\u012bbi\u0146as Tuloni LERA","item":"https:\/\/nikasport.eu\/lv\/rg-puscibinas-tuloni-lera\/"},{"@type":"ListItem","position":5,"name":"Pus\u010d\u012bbi\u0146as Tuloni LERA izm\u0113rs XS (34-35)\u00a0"}]},{"@type":"WebSite","@id":"https:\/\/nikasport.eu\/lv\/#website","url":"https:\/\/nikasport.eu\/lv\/","name":"NikaSport.eu","description":"Everything a Gymnast Needs | Rhythmic Gymnastics Equipment Online","potentialAction":[{"@type":"SearchAction","target":{"@type":"EntryPoint","urlTemplate":"https:\/\/nikasport.eu\/lv\/?s={search_term_string}"},"query-input":{"@type":"PropertyValueSpecification","valueRequired":true,"valueName":"search_term_string"}}],"inLanguage":"lv-LV"}]}},"_links":{"self":[{"href":"https:\/\/nikasport.eu\/lv\/wp-json\/wp\/v2\/product\/15645","targetHints":{"allow":["GET"]}}],"collection":[{"href":"https:\/\/nikasport.eu\/lv\/wp-json\/wp\/v2\/product"}],"about":[{"href":"https:\/\/nikasport.eu\/lv\/wp-json\/wp\/v2\/types\/product"}],"wp:featuredmedia":[{"embeddable":true,"href":"https:\/\/nikasport.eu\/lv\/wp-json\/wp\/v2\/media\/15642"}],"wp:attachment":[{"href":"https:\/\/nikasport.eu\/lv\/wp-json\/wp\/v2\/media?parent=15645"}],"wp:term":[{"taxonomy":"product_brand","embeddable":true,"href":"https:\/\/nikasport.eu\/lv\/wp-json\/wp\/v2\/product_brand?post=15645"},{"taxonomy":"product_cat","embeddable":true,"href":"https:\/\/nikasport.eu\/lv\/wp-json\/wp\/v2\/product_cat?post=15645"},{"taxonomy":"product_tag","embeddable":true,"href":"https:\/\/nikasport.eu\/lv\/wp-json\/wp\/v2\/product_tag?post=15645"}],"curies":[{"name":"wp","href":"https:\/\/api.w.org\/{rel}","templated":true}]}}