{"id":15668,"date":"2025-10-08T20:34:33","date_gmt":"2025-10-08T18:34:33","guid":{"rendered":"https:\/\/nikasport.eu\/?post_type=product&#038;p=15668"},"modified":"2026-04-21T19:17:21","modified_gmt":"2026-04-21T17:17:21","slug":"zekes-tuloni-izm-2-30-32-kr-balta","status":"publish","type":"product","link":"https:\/\/nikasport.eu\/lv\/zekes-tuloni-izm-2-30-32-kr-balta\/","title":{"rendered":"Ze\u0137es Tuloni izm. 2 (30-32) kr. Balt\u0101"},"content":{"rendered":"<p>\u012as\u0101s Tuloni ze\u0137es treni\u0146iem un ikdienai.<\/p>\n<p>Ze\u0137es ir \u013coti \u0113rtas, pl\u0101nas un m\u012bkstas. Ide\u0101li piem\u0113rotas vis\u0101m p\u0113du form\u0101m.<\/p>\n<p>Lieliski aptver k\u0101ju, nodro\u0161inot maksim\u0101lu komfortu slod\u017eu laik\u0101.<\/p>\n<p><\/p>\n<p>Modelis: SOCKS T0975<\/p>\n<p>Materi\u0101ls: 90% CO, 5% PE, 5% LY<\/p>\n<p>Izm\u0113rs: 2 (30-32)<\/p>\n<p>Kr\u0101sa: balta<\/p>\n","protected":false},"excerpt":{"rendered":"<p>2154<\/p>\n","protected":false},"featured_media":15667,"template":"","meta":{"_gspb_post_css":""},"product_brand":[848],"product_cat":[565],"product_tag":[],"class_list":{"0":"post-15668","1":"product","2":"type-product","3":"status-publish","4":"has-post-thumbnail","6":"product_brand-tuloni","7":"product_cat-rg-puscibinas-tuloni-zekes","9":"first","10":"instock","11":"taxable","12":"shipping-taxable","13":"purchasable","14":"product-type-simple"},"ct_brands":[{"id":848,"name":"Tuloni","slug":"tuloni"}],"yoast_head":"<!-- This site is optimized with the Yoast SEO plugin v26.5 - https:\/\/yoast.com\/wordpress\/plugins\/seo\/ -->\n<title>Ze\u0137es Tuloni izm. 2 (30-32) kr. Balt\u0101 | NikaSport.eu<\/title>\n<meta name=\"robots\" content=\"index, follow, max-snippet:-1, max-image-preview:large, max-video-preview:-1\" \/>\n<link rel=\"canonical\" href=\"https:\/\/nikasport.eu\/lv\/zekes-tuloni-izm-2-30-32-kr-balta\/\" \/>\n<meta property=\"og:locale\" content=\"lv_LV\" \/>\n<meta property=\"og:type\" content=\"article\" \/>\n<meta property=\"og:title\" content=\"Ze\u0137es Tuloni izm. 2 (30-32) kr. Balt\u0101 | NikaSport.eu\" \/>\n<meta property=\"og:description\" content=\"2154\" \/>\n<meta property=\"og:url\" content=\"https:\/\/nikasport.eu\/lv\/zekes-tuloni-izm-2-30-32-kr-balta\/\" \/>\n<meta property=\"og:site_name\" content=\"NikaSport.eu\" \/>\n<meta property=\"article:publisher\" content=\"https:\/\/www.facebook.com\/nikasport.eu\" \/>\n<meta property=\"article:modified_time\" content=\"2026-04-21T17:17:21+00:00\" \/>\n<meta property=\"og:image\" content=\"https:\/\/nikasport.eu\/wp-content\/uploads\/2025\/10\/NikaSport.eu-TULONI-socks-T0975-W-1.png\" \/>\n\t<meta property=\"og:image:width\" content=\"500\" \/>\n\t<meta property=\"og:image:height\" content=\"500\" \/>\n\t<meta property=\"og:image:type\" content=\"image\/png\" \/>\n<meta name=\"twitter:card\" content=\"summary_large_image\" \/>\n<script type=\"application\/ld+json\" class=\"yoast-schema-graph\">{\"@context\":\"https:\/\/schema.org\",\"@graph\":[{\"@type\":\"WebPage\",\"@id\":\"https:\/\/nikasport.eu\/lv\/zekes-tuloni-izm-2-30-32-kr-balta\/\",\"url\":\"https:\/\/nikasport.eu\/lv\/zekes-tuloni-izm-2-30-32-kr-balta\/\",\"name\":\"Ze\u0137es Tuloni izm. 2 (30-32) kr. Balt\u0101 | NikaSport.eu\",\"isPartOf\":{\"@id\":\"https:\/\/nikasport.eu\/lv\/#website\"},\"primaryImageOfPage\":{\"@id\":\"https:\/\/nikasport.eu\/lv\/zekes-tuloni-izm-2-30-32-kr-balta\/#primaryimage\"},\"image\":{\"@id\":\"https:\/\/nikasport.eu\/lv\/zekes-tuloni-izm-2-30-32-kr-balta\/#primaryimage\"},\"thumbnailUrl\":\"https:\/\/nikasport.eu\/wp-content\/uploads\/2025\/10\/NikaSport.eu-TULONI-socks-T0975-W-1.png\",\"datePublished\":\"2025-10-08T18:34:33+00:00\",\"dateModified\":\"2026-04-21T17:17:21+00:00\",\"breadcrumb\":{\"@id\":\"https:\/\/nikasport.eu\/lv\/zekes-tuloni-izm-2-30-32-kr-balta\/#breadcrumb\"},\"inLanguage\":\"lv-LV\",\"potentialAction\":[{\"@type\":\"ReadAction\",\"target\":[\"https:\/\/nikasport.eu\/lv\/zekes-tuloni-izm-2-30-32-kr-balta\/\"]}]},{\"@type\":\"ImageObject\",\"inLanguage\":\"lv-LV\",\"@id\":\"https:\/\/nikasport.eu\/lv\/zekes-tuloni-izm-2-30-32-kr-balta\/#primaryimage\",\"url\":\"https:\/\/nikasport.eu\/wp-content\/uploads\/2025\/10\/NikaSport.eu-TULONI-socks-T0975-W-1.png\",\"contentUrl\":\"https:\/\/nikasport.eu\/wp-content\/uploads\/2025\/10\/NikaSport.eu-TULONI-socks-T0975-W-1.png\",\"width\":500,\"height\":500},{\"@type\":\"BreadcrumbList\",\"@id\":\"https:\/\/nikasport.eu\/lv\/zekes-tuloni-izm-2-30-32-kr-balta\/#breadcrumb\",\"itemListElement\":[{\"@type\":\"ListItem\",\"position\":1,\"name\":\"Home\",\"item\":\"https:\/\/nikasport.eu\/lv\/\"},{\"@type\":\"ListItem\",\"position\":2,\"name\":\"Preces\",\"item\":\"https:\/\/nikasport.eu\/lv\/shop\/\"},{\"@type\":\"ListItem\",\"position\":3,\"name\":\"Pus\u010d\u012bbi\u0146as\",\"item\":\"https:\/\/nikasport.eu\/lv\/makslas-vingrosanas-puscibinas\/\"},{\"@type\":\"ListItem\",\"position\":4,\"name\":\"Ze\u0137es Tuloni\",\"item\":\"https:\/\/nikasport.eu\/lv\/rg-puscibinas-tuloni-zekes\/\"},{\"@type\":\"ListItem\",\"position\":5,\"name\":\"Ze\u0137es Tuloni izm. 2 (30-32) kr. Balt\u0101\"}]},{\"@type\":\"WebSite\",\"@id\":\"https:\/\/nikasport.eu\/lv\/#website\",\"url\":\"https:\/\/nikasport.eu\/lv\/\",\"name\":\"NikaSport.eu\",\"description\":\"Everything a Gymnast Needs | Rhythmic Gymnastics Equipment Online\",\"potentialAction\":[{\"@type\":\"SearchAction\",\"target\":{\"@type\":\"EntryPoint\",\"urlTemplate\":\"https:\/\/nikasport.eu\/lv\/?s={search_term_string}\"},\"query-input\":{\"@type\":\"PropertyValueSpecification\",\"valueRequired\":true,\"valueName\":\"search_term_string\"}}],\"inLanguage\":\"lv-LV\"}]}<\/script>\n<!-- \/ Yoast SEO plugin. -->","yoast_head_json":{"title":"Ze\u0137es Tuloni izm. 2 (30-32) kr. Balt\u0101 | NikaSport.eu","robots":{"index":"index","follow":"follow","max-snippet":"max-snippet:-1","max-image-preview":"max-image-preview:large","max-video-preview":"max-video-preview:-1"},"canonical":"https:\/\/nikasport.eu\/lv\/zekes-tuloni-izm-2-30-32-kr-balta\/","og_locale":"lv_LV","og_type":"article","og_title":"Ze\u0137es Tuloni izm. 2 (30-32) kr. Balt\u0101 | NikaSport.eu","og_description":"2154","og_url":"https:\/\/nikasport.eu\/lv\/zekes-tuloni-izm-2-30-32-kr-balta\/","og_site_name":"NikaSport.eu","article_publisher":"https:\/\/www.facebook.com\/nikasport.eu","article_modified_time":"2026-04-21T17:17:21+00:00","og_image":[{"width":500,"height":500,"url":"https:\/\/nikasport.eu\/wp-content\/uploads\/2025\/10\/NikaSport.eu-TULONI-socks-T0975-W-1.png","type":"image\/png"}],"twitter_card":"summary_large_image","schema":{"@context":"https:\/\/schema.org","@graph":[{"@type":"WebPage","@id":"https:\/\/nikasport.eu\/lv\/zekes-tuloni-izm-2-30-32-kr-balta\/","url":"https:\/\/nikasport.eu\/lv\/zekes-tuloni-izm-2-30-32-kr-balta\/","name":"Ze\u0137es Tuloni izm. 2 (30-32) kr. Balt\u0101 | NikaSport.eu","isPartOf":{"@id":"https:\/\/nikasport.eu\/lv\/#website"},"primaryImageOfPage":{"@id":"https:\/\/nikasport.eu\/lv\/zekes-tuloni-izm-2-30-32-kr-balta\/#primaryimage"},"image":{"@id":"https:\/\/nikasport.eu\/lv\/zekes-tuloni-izm-2-30-32-kr-balta\/#primaryimage"},"thumbnailUrl":"https:\/\/nikasport.eu\/wp-content\/uploads\/2025\/10\/NikaSport.eu-TULONI-socks-T0975-W-1.png","datePublished":"2025-10-08T18:34:33+00:00","dateModified":"2026-04-21T17:17:21+00:00","breadcrumb":{"@id":"https:\/\/nikasport.eu\/lv\/zekes-tuloni-izm-2-30-32-kr-balta\/#breadcrumb"},"inLanguage":"lv-LV","potentialAction":[{"@type":"ReadAction","target":["https:\/\/nikasport.eu\/lv\/zekes-tuloni-izm-2-30-32-kr-balta\/"]}]},{"@type":"ImageObject","inLanguage":"lv-LV","@id":"https:\/\/nikasport.eu\/lv\/zekes-tuloni-izm-2-30-32-kr-balta\/#primaryimage","url":"https:\/\/nikasport.eu\/wp-content\/uploads\/2025\/10\/NikaSport.eu-TULONI-socks-T0975-W-1.png","contentUrl":"https:\/\/nikasport.eu\/wp-content\/uploads\/2025\/10\/NikaSport.eu-TULONI-socks-T0975-W-1.png","width":500,"height":500},{"@type":"BreadcrumbList","@id":"https:\/\/nikasport.eu\/lv\/zekes-tuloni-izm-2-30-32-kr-balta\/#breadcrumb","itemListElement":[{"@type":"ListItem","position":1,"name":"Home","item":"https:\/\/nikasport.eu\/lv\/"},{"@type":"ListItem","position":2,"name":"Preces","item":"https:\/\/nikasport.eu\/lv\/shop\/"},{"@type":"ListItem","position":3,"name":"Pus\u010d\u012bbi\u0146as","item":"https:\/\/nikasport.eu\/lv\/makslas-vingrosanas-puscibinas\/"},{"@type":"ListItem","position":4,"name":"Ze\u0137es Tuloni","item":"https:\/\/nikasport.eu\/lv\/rg-puscibinas-tuloni-zekes\/"},{"@type":"ListItem","position":5,"name":"Ze\u0137es Tuloni izm. 2 (30-32) kr. Balt\u0101"}]},{"@type":"WebSite","@id":"https:\/\/nikasport.eu\/lv\/#website","url":"https:\/\/nikasport.eu\/lv\/","name":"NikaSport.eu","description":"Everything a Gymnast Needs | Rhythmic Gymnastics Equipment Online","potentialAction":[{"@type":"SearchAction","target":{"@type":"EntryPoint","urlTemplate":"https:\/\/nikasport.eu\/lv\/?s={search_term_string}"},"query-input":{"@type":"PropertyValueSpecification","valueRequired":true,"valueName":"search_term_string"}}],"inLanguage":"lv-LV"}]}},"_links":{"self":[{"href":"https:\/\/nikasport.eu\/lv\/wp-json\/wp\/v2\/product\/15668","targetHints":{"allow":["GET"]}}],"collection":[{"href":"https:\/\/nikasport.eu\/lv\/wp-json\/wp\/v2\/product"}],"about":[{"href":"https:\/\/nikasport.eu\/lv\/wp-json\/wp\/v2\/types\/product"}],"wp:featuredmedia":[{"embeddable":true,"href":"https:\/\/nikasport.eu\/lv\/wp-json\/wp\/v2\/media\/15667"}],"wp:attachment":[{"href":"https:\/\/nikasport.eu\/lv\/wp-json\/wp\/v2\/media?parent=15668"}],"wp:term":[{"taxonomy":"product_brand","embeddable":true,"href":"https:\/\/nikasport.eu\/lv\/wp-json\/wp\/v2\/product_brand?post=15668"},{"taxonomy":"product_cat","embeddable":true,"href":"https:\/\/nikasport.eu\/lv\/wp-json\/wp\/v2\/product_cat?post=15668"},{"taxonomy":"product_tag","embeddable":true,"href":"https:\/\/nikasport.eu\/lv\/wp-json\/wp\/v2\/product_tag?post=15668"}],"curies":[{"name":"wp","href":"https:\/\/api.w.org\/{rel}","templated":true}]}}