{"id":15779,"date":"2025-10-08T20:36:06","date_gmt":"2025-10-08T18:36:06","guid":{"rendered":"https:\/\/nikasport.eu\/?post_type=product&#038;p=15779"},"modified":"2025-10-08T21:43:08","modified_gmt":"2025-10-08T19:43:08","slug":"getras-solo-gd1-izm-40cm-110-146-kr-melna","status":"publish","type":"product","link":"https:\/\/nikasport.eu\/lv\/getras-solo-gd1-izm-40cm-110-146-kr-melna\/","title":{"rendered":"Getras Solo GD1 izm. 40cm (110-146) kr. Melna"},"content":{"rendered":"<p>Solo getras m\u0101kslas vingro\u0161anai.<\/p>\n<p>Getras ir m\u012bkstas un \u013coti elast\u012bgas. Piem\u0113rotas vis\u0101m p\u0113du form\u0101m.<\/p>\n<p><\/p>\n<p>Materi\u0101ls: 27% vilna, 63% akrils, 10% likra<\/p>\n<p>Izm\u0113rs: 40cm<\/p>\n<p>Kr\u0101sa: melna<\/p>\n","protected":false},"excerpt":{"rendered":"<p>2221<\/p>\n","protected":false},"featured_media":15780,"template":"","meta":{"_gspb_post_css":""},"product_brand":[854],"product_cat":[590],"product_tag":[],"class_list":{"0":"post-15779","1":"product","2":"type-product","3":"status-publish","4":"has-post-thumbnail","6":"product_brand-solo","7":"product_cat-rg-aksesuar-getras","9":"first","10":"instock","11":"taxable","12":"shipping-taxable","13":"purchasable","14":"product-type-simple"},"ct_brands":[{"id":854,"name":"Solo","slug":"solo"}],"yoast_head":"<!-- This site is optimized with the Yoast SEO plugin v26.5 - https:\/\/yoast.com\/wordpress\/plugins\/seo\/ -->\n<title>Getras Solo GD1 izm. 40cm (110-146) kr. Melna | NikaSport.eu<\/title>\n<meta name=\"robots\" content=\"index, follow, max-snippet:-1, max-image-preview:large, max-video-preview:-1\" \/>\n<link rel=\"canonical\" href=\"https:\/\/nikasport.eu\/lv\/getras-solo-gd1-izm-40cm-110-146-kr-melna\/\" \/>\n<meta property=\"og:locale\" content=\"lv_LV\" \/>\n<meta property=\"og:type\" content=\"article\" \/>\n<meta property=\"og:title\" content=\"Getras Solo GD1 izm. 40cm (110-146) kr. Melna | NikaSport.eu\" \/>\n<meta property=\"og:description\" content=\"2221\" \/>\n<meta property=\"og:url\" content=\"https:\/\/nikasport.eu\/lv\/getras-solo-gd1-izm-40cm-110-146-kr-melna\/\" \/>\n<meta property=\"og:site_name\" content=\"NikaSport.eu\" \/>\n<meta property=\"article:publisher\" content=\"https:\/\/www.facebook.com\/nikasport.eu\" \/>\n<meta property=\"article:modified_time\" content=\"2025-10-08T19:43:08+00:00\" \/>\n<meta property=\"og:image\" content=\"https:\/\/nikasport.eu\/wp-content\/uploads\/2025\/10\/NikaSport.eu-SOLO-leg-warmers-GD1980-40-1.png\" \/>\n\t<meta property=\"og:image:width\" content=\"500\" \/>\n\t<meta property=\"og:image:height\" content=\"500\" \/>\n\t<meta property=\"og:image:type\" content=\"image\/png\" \/>\n<meta name=\"twitter:card\" content=\"summary_large_image\" \/>\n<script type=\"application\/ld+json\" class=\"yoast-schema-graph\">{\"@context\":\"https:\/\/schema.org\",\"@graph\":[{\"@type\":\"WebPage\",\"@id\":\"https:\/\/nikasport.eu\/lv\/getras-solo-gd1-izm-40cm-110-146-kr-melna\/\",\"url\":\"https:\/\/nikasport.eu\/lv\/getras-solo-gd1-izm-40cm-110-146-kr-melna\/\",\"name\":\"Getras Solo GD1 izm. 40cm (110-146) kr. Melna | NikaSport.eu\",\"isPartOf\":{\"@id\":\"https:\/\/nikasport.eu\/lv\/#website\"},\"primaryImageOfPage\":{\"@id\":\"https:\/\/nikasport.eu\/lv\/getras-solo-gd1-izm-40cm-110-146-kr-melna\/#primaryimage\"},\"image\":{\"@id\":\"https:\/\/nikasport.eu\/lv\/getras-solo-gd1-izm-40cm-110-146-kr-melna\/#primaryimage\"},\"thumbnailUrl\":\"https:\/\/nikasport.eu\/wp-content\/uploads\/2025\/10\/NikaSport.eu-SOLO-leg-warmers-GD1980-40-1.png\",\"datePublished\":\"2025-10-08T18:36:06+00:00\",\"dateModified\":\"2025-10-08T19:43:08+00:00\",\"breadcrumb\":{\"@id\":\"https:\/\/nikasport.eu\/lv\/getras-solo-gd1-izm-40cm-110-146-kr-melna\/#breadcrumb\"},\"inLanguage\":\"lv-LV\",\"potentialAction\":[{\"@type\":\"ReadAction\",\"target\":[\"https:\/\/nikasport.eu\/lv\/getras-solo-gd1-izm-40cm-110-146-kr-melna\/\"]}]},{\"@type\":\"ImageObject\",\"inLanguage\":\"lv-LV\",\"@id\":\"https:\/\/nikasport.eu\/lv\/getras-solo-gd1-izm-40cm-110-146-kr-melna\/#primaryimage\",\"url\":\"https:\/\/nikasport.eu\/wp-content\/uploads\/2025\/10\/NikaSport.eu-SOLO-leg-warmers-GD1980-40-1.png\",\"contentUrl\":\"https:\/\/nikasport.eu\/wp-content\/uploads\/2025\/10\/NikaSport.eu-SOLO-leg-warmers-GD1980-40-1.png\",\"width\":500,\"height\":500},{\"@type\":\"BreadcrumbList\",\"@id\":\"https:\/\/nikasport.eu\/lv\/getras-solo-gd1-izm-40cm-110-146-kr-melna\/#breadcrumb\",\"itemListElement\":[{\"@type\":\"ListItem\",\"position\":1,\"name\":\"Home\",\"item\":\"https:\/\/nikasport.eu\/lv\/\"},{\"@type\":\"ListItem\",\"position\":2,\"name\":\"Preces\",\"item\":\"https:\/\/nikasport.eu\/lv\/shop\/\"},{\"@type\":\"ListItem\",\"position\":3,\"name\":\"Aksesu\u0101ri\",\"item\":\"https:\/\/nikasport.eu\/lv\/makslas-vingrosanas-aksesuari\/\"},{\"@type\":\"ListItem\",\"position\":4,\"name\":\"Getras\",\"item\":\"https:\/\/nikasport.eu\/lv\/rg-aksesuar-getras\/\"},{\"@type\":\"ListItem\",\"position\":5,\"name\":\"Getras Solo GD1 izm. 40cm (110-146) kr. Melna\"}]},{\"@type\":\"WebSite\",\"@id\":\"https:\/\/nikasport.eu\/lv\/#website\",\"url\":\"https:\/\/nikasport.eu\/lv\/\",\"name\":\"NikaSport.eu\",\"description\":\"Everything a Gymnast Needs | Rhythmic Gymnastics Equipment Online\",\"potentialAction\":[{\"@type\":\"SearchAction\",\"target\":{\"@type\":\"EntryPoint\",\"urlTemplate\":\"https:\/\/nikasport.eu\/lv\/?s={search_term_string}\"},\"query-input\":{\"@type\":\"PropertyValueSpecification\",\"valueRequired\":true,\"valueName\":\"search_term_string\"}}],\"inLanguage\":\"lv-LV\"}]}<\/script>\n<!-- \/ Yoast SEO plugin. -->","yoast_head_json":{"title":"Getras Solo GD1 izm. 40cm (110-146) kr. Melna | NikaSport.eu","robots":{"index":"index","follow":"follow","max-snippet":"max-snippet:-1","max-image-preview":"max-image-preview:large","max-video-preview":"max-video-preview:-1"},"canonical":"https:\/\/nikasport.eu\/lv\/getras-solo-gd1-izm-40cm-110-146-kr-melna\/","og_locale":"lv_LV","og_type":"article","og_title":"Getras Solo GD1 izm. 40cm (110-146) kr. Melna | NikaSport.eu","og_description":"2221","og_url":"https:\/\/nikasport.eu\/lv\/getras-solo-gd1-izm-40cm-110-146-kr-melna\/","og_site_name":"NikaSport.eu","article_publisher":"https:\/\/www.facebook.com\/nikasport.eu","article_modified_time":"2025-10-08T19:43:08+00:00","og_image":[{"width":500,"height":500,"url":"https:\/\/nikasport.eu\/wp-content\/uploads\/2025\/10\/NikaSport.eu-SOLO-leg-warmers-GD1980-40-1.png","type":"image\/png"}],"twitter_card":"summary_large_image","schema":{"@context":"https:\/\/schema.org","@graph":[{"@type":"WebPage","@id":"https:\/\/nikasport.eu\/lv\/getras-solo-gd1-izm-40cm-110-146-kr-melna\/","url":"https:\/\/nikasport.eu\/lv\/getras-solo-gd1-izm-40cm-110-146-kr-melna\/","name":"Getras Solo GD1 izm. 40cm (110-146) kr. Melna | NikaSport.eu","isPartOf":{"@id":"https:\/\/nikasport.eu\/lv\/#website"},"primaryImageOfPage":{"@id":"https:\/\/nikasport.eu\/lv\/getras-solo-gd1-izm-40cm-110-146-kr-melna\/#primaryimage"},"image":{"@id":"https:\/\/nikasport.eu\/lv\/getras-solo-gd1-izm-40cm-110-146-kr-melna\/#primaryimage"},"thumbnailUrl":"https:\/\/nikasport.eu\/wp-content\/uploads\/2025\/10\/NikaSport.eu-SOLO-leg-warmers-GD1980-40-1.png","datePublished":"2025-10-08T18:36:06+00:00","dateModified":"2025-10-08T19:43:08+00:00","breadcrumb":{"@id":"https:\/\/nikasport.eu\/lv\/getras-solo-gd1-izm-40cm-110-146-kr-melna\/#breadcrumb"},"inLanguage":"lv-LV","potentialAction":[{"@type":"ReadAction","target":["https:\/\/nikasport.eu\/lv\/getras-solo-gd1-izm-40cm-110-146-kr-melna\/"]}]},{"@type":"ImageObject","inLanguage":"lv-LV","@id":"https:\/\/nikasport.eu\/lv\/getras-solo-gd1-izm-40cm-110-146-kr-melna\/#primaryimage","url":"https:\/\/nikasport.eu\/wp-content\/uploads\/2025\/10\/NikaSport.eu-SOLO-leg-warmers-GD1980-40-1.png","contentUrl":"https:\/\/nikasport.eu\/wp-content\/uploads\/2025\/10\/NikaSport.eu-SOLO-leg-warmers-GD1980-40-1.png","width":500,"height":500},{"@type":"BreadcrumbList","@id":"https:\/\/nikasport.eu\/lv\/getras-solo-gd1-izm-40cm-110-146-kr-melna\/#breadcrumb","itemListElement":[{"@type":"ListItem","position":1,"name":"Home","item":"https:\/\/nikasport.eu\/lv\/"},{"@type":"ListItem","position":2,"name":"Preces","item":"https:\/\/nikasport.eu\/lv\/shop\/"},{"@type":"ListItem","position":3,"name":"Aksesu\u0101ri","item":"https:\/\/nikasport.eu\/lv\/makslas-vingrosanas-aksesuari\/"},{"@type":"ListItem","position":4,"name":"Getras","item":"https:\/\/nikasport.eu\/lv\/rg-aksesuar-getras\/"},{"@type":"ListItem","position":5,"name":"Getras Solo GD1 izm. 40cm (110-146) kr. Melna"}]},{"@type":"WebSite","@id":"https:\/\/nikasport.eu\/lv\/#website","url":"https:\/\/nikasport.eu\/lv\/","name":"NikaSport.eu","description":"Everything a Gymnast Needs | Rhythmic Gymnastics Equipment Online","potentialAction":[{"@type":"SearchAction","target":{"@type":"EntryPoint","urlTemplate":"https:\/\/nikasport.eu\/lv\/?s={search_term_string}"},"query-input":{"@type":"PropertyValueSpecification","valueRequired":true,"valueName":"search_term_string"}}],"inLanguage":"lv-LV"}]}},"_links":{"self":[{"href":"https:\/\/nikasport.eu\/lv\/wp-json\/wp\/v2\/product\/15779","targetHints":{"allow":["GET"]}}],"collection":[{"href":"https:\/\/nikasport.eu\/lv\/wp-json\/wp\/v2\/product"}],"about":[{"href":"https:\/\/nikasport.eu\/lv\/wp-json\/wp\/v2\/types\/product"}],"wp:featuredmedia":[{"embeddable":true,"href":"https:\/\/nikasport.eu\/lv\/wp-json\/wp\/v2\/media\/15780"}],"wp:attachment":[{"href":"https:\/\/nikasport.eu\/lv\/wp-json\/wp\/v2\/media?parent=15779"}],"wp:term":[{"taxonomy":"product_brand","embeddable":true,"href":"https:\/\/nikasport.eu\/lv\/wp-json\/wp\/v2\/product_brand?post=15779"},{"taxonomy":"product_cat","embeddable":true,"href":"https:\/\/nikasport.eu\/lv\/wp-json\/wp\/v2\/product_cat?post=15779"},{"taxonomy":"product_tag","embeddable":true,"href":"https:\/\/nikasport.eu\/lv\/wp-json\/wp\/v2\/product_tag?post=15779"}],"curies":[{"name":"wp","href":"https:\/\/api.w.org\/{rel}","templated":true}]}}