{"id":15907,"date":"2025-10-08T20:38:00","date_gmt":"2025-10-08T18:38:00","guid":{"rendered":"https:\/\/nikasport.eu\/?post_type=product&#038;p=15907"},"modified":"2026-01-30T17:09:51","modified_gmt":"2026-01-30T15:09:51","slug":"tuloni-legingi-ar-papeza-izgriezumu-izmers-m-152-158-kr-melna","status":"publish","type":"product","link":"https:\/\/nikasport.eu\/lv\/tuloni-legingi-ar-papeza-izgriezumu-izmers-m-152-158-kr-melna\/","title":{"rendered":"TULONI Legingi ar pap\u0113\u017ea izgriezumu izm\u0113rs M (152-158) kr. Meln\u0101"},"content":{"rendered":"<p>Tuloni elast\u012bgie legingi ar izgrieztu pap\u0113di m\u0101kslas vingro\u0161anai, baletam un dej\u0101m.<\/p>\n<p>Izgatavoti no augstas kvalit\u0101tes poliam\u012bda ar elast\u0101na piedevu, t\u0101p\u0113c legingi perfekti izstiepjas un netrauc\u0113 kust\u012bbu, veicot sare\u017e\u0123\u012btus elementus.<\/p>\n<p><\/p>\n<p>Modelis: LP-05<\/p>\n<p>Materi\u0101ls: 87 % poliam\u012bds, 13 % likra<\/p>\n<p>Izm\u0113rs: M (152-158 cm)<\/p>\n<p>Kr\u0101sa: melna<\/p>\n","protected":false},"excerpt":{"rendered":"<p>2307<\/p>\n","protected":false},"featured_media":15548,"template":"","meta":{"_gspb_post_css":""},"product_brand":[848],"product_cat":[592],"product_tag":[],"class_list":{"0":"post-15907","1":"product","2":"type-product","3":"status-publish","4":"has-post-thumbnail","6":"product_brand-tuloni","7":"product_cat-rg-aksesuar-legingi-tuloni","9":"first","10":"instock","11":"taxable","12":"shipping-taxable","13":"purchasable","14":"product-type-simple"},"ct_brands":[{"id":848,"name":"Tuloni","slug":"tuloni"}],"yoast_head":"<!-- This site is optimized with the Yoast SEO plugin v26.5 - https:\/\/yoast.com\/wordpress\/plugins\/seo\/ -->\n<title>TULONI Legingi ar pap\u0113\u017ea izgriezumu izm\u0113rs M (152-158) kr. Meln\u0101 | NikaSport.eu<\/title>\n<meta name=\"robots\" content=\"index, follow, max-snippet:-1, max-image-preview:large, max-video-preview:-1\" \/>\n<link rel=\"canonical\" href=\"https:\/\/nikasport.eu\/lv\/tuloni-legingi-ar-papeza-izgriezumu-izmers-m-152-158-kr-melna\/\" \/>\n<meta property=\"og:locale\" content=\"lv_LV\" \/>\n<meta property=\"og:type\" content=\"article\" \/>\n<meta property=\"og:title\" content=\"TULONI Legingi ar pap\u0113\u017ea izgriezumu izm\u0113rs M (152-158) kr. Meln\u0101 | NikaSport.eu\" \/>\n<meta property=\"og:description\" content=\"2307\" \/>\n<meta property=\"og:url\" content=\"https:\/\/nikasport.eu\/lv\/tuloni-legingi-ar-papeza-izgriezumu-izmers-m-152-158-kr-melna\/\" \/>\n<meta property=\"og:site_name\" content=\"NikaSport.eu\" \/>\n<meta property=\"article:publisher\" content=\"https:\/\/www.facebook.com\/nikasport.eu\" \/>\n<meta property=\"article:modified_time\" content=\"2026-01-30T15:09:51+00:00\" \/>\n<meta property=\"og:image\" content=\"https:\/\/nikasport.eu\/wp-content\/uploads\/2025\/10\/NikaSport.eu-stirrup-leggings-tuloni-LP05P-1.png\" \/>\n\t<meta property=\"og:image:width\" content=\"500\" \/>\n\t<meta property=\"og:image:height\" content=\"500\" \/>\n\t<meta property=\"og:image:type\" content=\"image\/png\" \/>\n<meta name=\"twitter:card\" content=\"summary_large_image\" \/>\n<script type=\"application\/ld+json\" class=\"yoast-schema-graph\">{\"@context\":\"https:\/\/schema.org\",\"@graph\":[{\"@type\":\"WebPage\",\"@id\":\"https:\/\/nikasport.eu\/lv\/tuloni-legingi-ar-papeza-izgriezumu-izmers-m-152-158-kr-melna\/\",\"url\":\"https:\/\/nikasport.eu\/lv\/tuloni-legingi-ar-papeza-izgriezumu-izmers-m-152-158-kr-melna\/\",\"name\":\"TULONI Legingi ar pap\u0113\u017ea izgriezumu izm\u0113rs M (152-158) kr. Meln\u0101 | NikaSport.eu\",\"isPartOf\":{\"@id\":\"https:\/\/nikasport.eu\/lv\/#website\"},\"primaryImageOfPage\":{\"@id\":\"https:\/\/nikasport.eu\/lv\/tuloni-legingi-ar-papeza-izgriezumu-izmers-m-152-158-kr-melna\/#primaryimage\"},\"image\":{\"@id\":\"https:\/\/nikasport.eu\/lv\/tuloni-legingi-ar-papeza-izgriezumu-izmers-m-152-158-kr-melna\/#primaryimage\"},\"thumbnailUrl\":\"https:\/\/nikasport.eu\/wp-content\/uploads\/2025\/10\/NikaSport.eu-stirrup-leggings-tuloni-LP05P-1.png\",\"datePublished\":\"2025-10-08T18:38:00+00:00\",\"dateModified\":\"2026-01-30T15:09:51+00:00\",\"breadcrumb\":{\"@id\":\"https:\/\/nikasport.eu\/lv\/tuloni-legingi-ar-papeza-izgriezumu-izmers-m-152-158-kr-melna\/#breadcrumb\"},\"inLanguage\":\"lv-LV\",\"potentialAction\":[{\"@type\":\"ReadAction\",\"target\":[\"https:\/\/nikasport.eu\/lv\/tuloni-legingi-ar-papeza-izgriezumu-izmers-m-152-158-kr-melna\/\"]}]},{\"@type\":\"ImageObject\",\"inLanguage\":\"lv-LV\",\"@id\":\"https:\/\/nikasport.eu\/lv\/tuloni-legingi-ar-papeza-izgriezumu-izmers-m-152-158-kr-melna\/#primaryimage\",\"url\":\"https:\/\/nikasport.eu\/wp-content\/uploads\/2025\/10\/NikaSport.eu-stirrup-leggings-tuloni-LP05P-1.png\",\"contentUrl\":\"https:\/\/nikasport.eu\/wp-content\/uploads\/2025\/10\/NikaSport.eu-stirrup-leggings-tuloni-LP05P-1.png\",\"width\":500,\"height\":500},{\"@type\":\"BreadcrumbList\",\"@id\":\"https:\/\/nikasport.eu\/lv\/tuloni-legingi-ar-papeza-izgriezumu-izmers-m-152-158-kr-melna\/#breadcrumb\",\"itemListElement\":[{\"@type\":\"ListItem\",\"position\":1,\"name\":\"Home\",\"item\":\"https:\/\/nikasport.eu\/lv\/\"},{\"@type\":\"ListItem\",\"position\":2,\"name\":\"Preces\",\"item\":\"https:\/\/nikasport.eu\/lv\/shop\/\"},{\"@type\":\"ListItem\",\"position\":3,\"name\":\"Aksesu\u0101ri\",\"item\":\"https:\/\/nikasport.eu\/lv\/makslas-vingrosanas-aksesuari\/\"},{\"@type\":\"ListItem\",\"position\":4,\"name\":\"Legingi Tuloni\",\"item\":\"https:\/\/nikasport.eu\/lv\/rg-aksesuar-legingi-tuloni\/\"},{\"@type\":\"ListItem\",\"position\":5,\"name\":\"TULONI Legingi ar pap\u0113\u017ea izgriezumu izm\u0113rs M (152-158) kr. Meln\u0101\"}]},{\"@type\":\"WebSite\",\"@id\":\"https:\/\/nikasport.eu\/lv\/#website\",\"url\":\"https:\/\/nikasport.eu\/lv\/\",\"name\":\"NikaSport.eu\",\"description\":\"Everything a Gymnast Needs | Rhythmic Gymnastics Equipment Online\",\"potentialAction\":[{\"@type\":\"SearchAction\",\"target\":{\"@type\":\"EntryPoint\",\"urlTemplate\":\"https:\/\/nikasport.eu\/lv\/?s={search_term_string}\"},\"query-input\":{\"@type\":\"PropertyValueSpecification\",\"valueRequired\":true,\"valueName\":\"search_term_string\"}}],\"inLanguage\":\"lv-LV\"}]}<\/script>\n<!-- \/ Yoast SEO plugin. -->","yoast_head_json":{"title":"TULONI Legingi ar pap\u0113\u017ea izgriezumu izm\u0113rs M (152-158) kr. Meln\u0101 | NikaSport.eu","robots":{"index":"index","follow":"follow","max-snippet":"max-snippet:-1","max-image-preview":"max-image-preview:large","max-video-preview":"max-video-preview:-1"},"canonical":"https:\/\/nikasport.eu\/lv\/tuloni-legingi-ar-papeza-izgriezumu-izmers-m-152-158-kr-melna\/","og_locale":"lv_LV","og_type":"article","og_title":"TULONI Legingi ar pap\u0113\u017ea izgriezumu izm\u0113rs M (152-158) kr. Meln\u0101 | NikaSport.eu","og_description":"2307","og_url":"https:\/\/nikasport.eu\/lv\/tuloni-legingi-ar-papeza-izgriezumu-izmers-m-152-158-kr-melna\/","og_site_name":"NikaSport.eu","article_publisher":"https:\/\/www.facebook.com\/nikasport.eu","article_modified_time":"2026-01-30T15:09:51+00:00","og_image":[{"width":500,"height":500,"url":"https:\/\/nikasport.eu\/wp-content\/uploads\/2025\/10\/NikaSport.eu-stirrup-leggings-tuloni-LP05P-1.png","type":"image\/png"}],"twitter_card":"summary_large_image","schema":{"@context":"https:\/\/schema.org","@graph":[{"@type":"WebPage","@id":"https:\/\/nikasport.eu\/lv\/tuloni-legingi-ar-papeza-izgriezumu-izmers-m-152-158-kr-melna\/","url":"https:\/\/nikasport.eu\/lv\/tuloni-legingi-ar-papeza-izgriezumu-izmers-m-152-158-kr-melna\/","name":"TULONI Legingi ar pap\u0113\u017ea izgriezumu izm\u0113rs M (152-158) kr. Meln\u0101 | NikaSport.eu","isPartOf":{"@id":"https:\/\/nikasport.eu\/lv\/#website"},"primaryImageOfPage":{"@id":"https:\/\/nikasport.eu\/lv\/tuloni-legingi-ar-papeza-izgriezumu-izmers-m-152-158-kr-melna\/#primaryimage"},"image":{"@id":"https:\/\/nikasport.eu\/lv\/tuloni-legingi-ar-papeza-izgriezumu-izmers-m-152-158-kr-melna\/#primaryimage"},"thumbnailUrl":"https:\/\/nikasport.eu\/wp-content\/uploads\/2025\/10\/NikaSport.eu-stirrup-leggings-tuloni-LP05P-1.png","datePublished":"2025-10-08T18:38:00+00:00","dateModified":"2026-01-30T15:09:51+00:00","breadcrumb":{"@id":"https:\/\/nikasport.eu\/lv\/tuloni-legingi-ar-papeza-izgriezumu-izmers-m-152-158-kr-melna\/#breadcrumb"},"inLanguage":"lv-LV","potentialAction":[{"@type":"ReadAction","target":["https:\/\/nikasport.eu\/lv\/tuloni-legingi-ar-papeza-izgriezumu-izmers-m-152-158-kr-melna\/"]}]},{"@type":"ImageObject","inLanguage":"lv-LV","@id":"https:\/\/nikasport.eu\/lv\/tuloni-legingi-ar-papeza-izgriezumu-izmers-m-152-158-kr-melna\/#primaryimage","url":"https:\/\/nikasport.eu\/wp-content\/uploads\/2025\/10\/NikaSport.eu-stirrup-leggings-tuloni-LP05P-1.png","contentUrl":"https:\/\/nikasport.eu\/wp-content\/uploads\/2025\/10\/NikaSport.eu-stirrup-leggings-tuloni-LP05P-1.png","width":500,"height":500},{"@type":"BreadcrumbList","@id":"https:\/\/nikasport.eu\/lv\/tuloni-legingi-ar-papeza-izgriezumu-izmers-m-152-158-kr-melna\/#breadcrumb","itemListElement":[{"@type":"ListItem","position":1,"name":"Home","item":"https:\/\/nikasport.eu\/lv\/"},{"@type":"ListItem","position":2,"name":"Preces","item":"https:\/\/nikasport.eu\/lv\/shop\/"},{"@type":"ListItem","position":3,"name":"Aksesu\u0101ri","item":"https:\/\/nikasport.eu\/lv\/makslas-vingrosanas-aksesuari\/"},{"@type":"ListItem","position":4,"name":"Legingi Tuloni","item":"https:\/\/nikasport.eu\/lv\/rg-aksesuar-legingi-tuloni\/"},{"@type":"ListItem","position":5,"name":"TULONI Legingi ar pap\u0113\u017ea izgriezumu izm\u0113rs M (152-158) kr. Meln\u0101"}]},{"@type":"WebSite","@id":"https:\/\/nikasport.eu\/lv\/#website","url":"https:\/\/nikasport.eu\/lv\/","name":"NikaSport.eu","description":"Everything a Gymnast Needs | Rhythmic Gymnastics Equipment Online","potentialAction":[{"@type":"SearchAction","target":{"@type":"EntryPoint","urlTemplate":"https:\/\/nikasport.eu\/lv\/?s={search_term_string}"},"query-input":{"@type":"PropertyValueSpecification","valueRequired":true,"valueName":"search_term_string"}}],"inLanguage":"lv-LV"}]}},"_links":{"self":[{"href":"https:\/\/nikasport.eu\/lv\/wp-json\/wp\/v2\/product\/15907","targetHints":{"allow":["GET"]}}],"collection":[{"href":"https:\/\/nikasport.eu\/lv\/wp-json\/wp\/v2\/product"}],"about":[{"href":"https:\/\/nikasport.eu\/lv\/wp-json\/wp\/v2\/types\/product"}],"wp:featuredmedia":[{"embeddable":true,"href":"https:\/\/nikasport.eu\/lv\/wp-json\/wp\/v2\/media\/15548"}],"wp:attachment":[{"href":"https:\/\/nikasport.eu\/lv\/wp-json\/wp\/v2\/media?parent=15907"}],"wp:term":[{"taxonomy":"product_brand","embeddable":true,"href":"https:\/\/nikasport.eu\/lv\/wp-json\/wp\/v2\/product_brand?post=15907"},{"taxonomy":"product_cat","embeddable":true,"href":"https:\/\/nikasport.eu\/lv\/wp-json\/wp\/v2\/product_cat?post=15907"},{"taxonomy":"product_tag","embeddable":true,"href":"https:\/\/nikasport.eu\/lv\/wp-json\/wp\/v2\/product_tag?post=15907"}],"curies":[{"name":"wp","href":"https:\/\/api.w.org\/{rel}","templated":true}]}}