{"id":22894,"date":"2025-11-14T12:41:31","date_gmt":"2025-11-14T10:41:31","guid":{"rendered":"https:\/\/nikasport.eu\/?post_type=product&#038;p=22894"},"modified":"2026-03-01T17:00:53","modified_gmt":"2026-03-01T15:00:53","slug":"aukla-tuloni-fly-gaisi-roza","status":"publish","type":"product","link":"https:\/\/nikasport.eu\/lv\/aukla-tuloni-fly-gaisi-roza\/","title":{"rendered":"Aukla TULONI FLY Gai\u0161i roz\u0101"},"content":{"rendered":"<p>Poliestera aukla Tuloni vid\u0113j\u0101 stingruma, gai\u0161i roz\u0101 kr\u0101s\u0101.<\/p>\n<p>FLY auklas ir labi sabalans\u0113tas, kas atvieglo metienu veik\u0161anu un nodro\u0161ina precizit\u0101ti sare\u017e\u0123\u012btu elementu izpild\u0113. Pateicoties vienm\u0113r\u012bgai centr\u0113\u0161anai, auklas ir \u013coti &#8220;paklaus\u012bgas&#8221;, lidojuma laik\u0101 saglab\u0101 formu, ir viegli uztinamas un atgrie\u017eamas rok\u0101s.<\/p>\n<p>&nbsp;<\/p>\n<p>Modelis: Fly<\/p>\n<p>Materi\u0101ls: poliesters<\/p>\n<p>Garums: no 2,9 l\u012bdz 3,0m<\/p>\n<p>Diametrs: 9mm<\/p>\n","protected":false},"excerpt":{"rendered":"<p>2311<\/p>\n","protected":false},"featured_media":22897,"template":"","meta":{"_gspb_post_css":""},"product_brand":[848],"product_cat":[357],"product_tag":[],"class_list":{"0":"post-22894","1":"product","2":"type-product","3":"status-publish","4":"has-post-thumbnail","6":"product_brand-tuloni","7":"product_cat-rg-aukla-tuloni-3m","9":"first","10":"instock","11":"taxable","12":"shipping-taxable","13":"purchasable","14":"product-type-simple"},"ct_brands":[{"id":848,"name":"Tuloni","slug":"tuloni"}],"yoast_head":"<!-- This site is optimized with the Yoast SEO plugin v26.5 - https:\/\/yoast.com\/wordpress\/plugins\/seo\/ -->\n<title>Aukla TULONI FLY Gai\u0161i roz\u0101 | NikaSport.eu<\/title>\n<meta name=\"robots\" content=\"index, follow, max-snippet:-1, max-image-preview:large, max-video-preview:-1\" \/>\n<link rel=\"canonical\" href=\"https:\/\/nikasport.eu\/lv\/aukla-tuloni-fly-gaisi-roza\/\" \/>\n<meta property=\"og:locale\" content=\"lv_LV\" \/>\n<meta property=\"og:type\" content=\"article\" \/>\n<meta property=\"og:title\" content=\"Aukla TULONI FLY Gai\u0161i roz\u0101 | NikaSport.eu\" \/>\n<meta property=\"og:description\" content=\"2311\" \/>\n<meta property=\"og:url\" content=\"https:\/\/nikasport.eu\/lv\/aukla-tuloni-fly-gaisi-roza\/\" \/>\n<meta property=\"og:site_name\" content=\"NikaSport.eu\" \/>\n<meta property=\"article:publisher\" content=\"https:\/\/www.facebook.com\/nikasport.eu\" \/>\n<meta property=\"article:modified_time\" content=\"2026-03-01T15:00:53+00:00\" \/>\n<meta property=\"og:image\" content=\"https:\/\/nikasport.eu\/wp-content\/uploads\/2025\/11\/nikasport.eu-tuloni-rope-t0195.png\" \/>\n\t<meta property=\"og:image:width\" content=\"500\" \/>\n\t<meta property=\"og:image:height\" content=\"500\" \/>\n\t<meta property=\"og:image:type\" content=\"image\/png\" \/>\n<meta name=\"twitter:card\" content=\"summary_large_image\" \/>\n<meta name=\"twitter:label1\" content=\"Est. reading time\" \/>\n\t<meta name=\"twitter:data1\" content=\"1 minute\" \/>\n<script type=\"application\/ld+json\" class=\"yoast-schema-graph\">{\"@context\":\"https:\/\/schema.org\",\"@graph\":[{\"@type\":\"WebPage\",\"@id\":\"https:\/\/nikasport.eu\/lv\/aukla-tuloni-fly-gaisi-roza\/\",\"url\":\"https:\/\/nikasport.eu\/lv\/aukla-tuloni-fly-gaisi-roza\/\",\"name\":\"Aukla TULONI FLY Gai\u0161i roz\u0101 | NikaSport.eu\",\"isPartOf\":{\"@id\":\"https:\/\/nikasport.eu\/lv\/#website\"},\"primaryImageOfPage\":{\"@id\":\"https:\/\/nikasport.eu\/lv\/aukla-tuloni-fly-gaisi-roza\/#primaryimage\"},\"image\":{\"@id\":\"https:\/\/nikasport.eu\/lv\/aukla-tuloni-fly-gaisi-roza\/#primaryimage\"},\"thumbnailUrl\":\"https:\/\/nikasport.eu\/wp-content\/uploads\/2025\/11\/nikasport.eu-tuloni-rope-t0195.png\",\"datePublished\":\"2025-11-14T10:41:31+00:00\",\"dateModified\":\"2026-03-01T15:00:53+00:00\",\"breadcrumb\":{\"@id\":\"https:\/\/nikasport.eu\/lv\/aukla-tuloni-fly-gaisi-roza\/#breadcrumb\"},\"inLanguage\":\"lv-LV\",\"potentialAction\":[{\"@type\":\"ReadAction\",\"target\":[\"https:\/\/nikasport.eu\/lv\/aukla-tuloni-fly-gaisi-roza\/\"]}]},{\"@type\":\"ImageObject\",\"inLanguage\":\"lv-LV\",\"@id\":\"https:\/\/nikasport.eu\/lv\/aukla-tuloni-fly-gaisi-roza\/#primaryimage\",\"url\":\"https:\/\/nikasport.eu\/wp-content\/uploads\/2025\/11\/nikasport.eu-tuloni-rope-t0195.png\",\"contentUrl\":\"https:\/\/nikasport.eu\/wp-content\/uploads\/2025\/11\/nikasport.eu-tuloni-rope-t0195.png\",\"width\":500,\"height\":500},{\"@type\":\"BreadcrumbList\",\"@id\":\"https:\/\/nikasport.eu\/lv\/aukla-tuloni-fly-gaisi-roza\/#breadcrumb\",\"itemListElement\":[{\"@type\":\"ListItem\",\"position\":1,\"name\":\"Home\",\"item\":\"https:\/\/nikasport.eu\/lv\/\"},{\"@type\":\"ListItem\",\"position\":2,\"name\":\"Preces\",\"item\":\"https:\/\/nikasport.eu\/lv\/shop\/\"},{\"@type\":\"ListItem\",\"position\":3,\"name\":\"Auklas\",\"item\":\"https:\/\/nikasport.eu\/lv\/makslas-vingrosanas-auklas\/\"},{\"@type\":\"ListItem\",\"position\":4,\"name\":\"Auklas TULONI (3m)\",\"item\":\"https:\/\/nikasport.eu\/lv\/rg-aukla-tuloni-3m\/\"},{\"@type\":\"ListItem\",\"position\":5,\"name\":\"Aukla TULONI FLY Gai\u0161i roz\u0101\"}]},{\"@type\":\"WebSite\",\"@id\":\"https:\/\/nikasport.eu\/lv\/#website\",\"url\":\"https:\/\/nikasport.eu\/lv\/\",\"name\":\"NikaSport.eu\",\"description\":\"Everything a Gymnast Needs | Rhythmic Gymnastics Equipment Online\",\"potentialAction\":[{\"@type\":\"SearchAction\",\"target\":{\"@type\":\"EntryPoint\",\"urlTemplate\":\"https:\/\/nikasport.eu\/lv\/?s={search_term_string}\"},\"query-input\":{\"@type\":\"PropertyValueSpecification\",\"valueRequired\":true,\"valueName\":\"search_term_string\"}}],\"inLanguage\":\"lv-LV\"}]}<\/script>\n<!-- \/ Yoast SEO plugin. -->","yoast_head_json":{"title":"Aukla TULONI FLY Gai\u0161i roz\u0101 | NikaSport.eu","robots":{"index":"index","follow":"follow","max-snippet":"max-snippet:-1","max-image-preview":"max-image-preview:large","max-video-preview":"max-video-preview:-1"},"canonical":"https:\/\/nikasport.eu\/lv\/aukla-tuloni-fly-gaisi-roza\/","og_locale":"lv_LV","og_type":"article","og_title":"Aukla TULONI FLY Gai\u0161i roz\u0101 | NikaSport.eu","og_description":"2311","og_url":"https:\/\/nikasport.eu\/lv\/aukla-tuloni-fly-gaisi-roza\/","og_site_name":"NikaSport.eu","article_publisher":"https:\/\/www.facebook.com\/nikasport.eu","article_modified_time":"2026-03-01T15:00:53+00:00","og_image":[{"width":500,"height":500,"url":"https:\/\/nikasport.eu\/wp-content\/uploads\/2025\/11\/nikasport.eu-tuloni-rope-t0195.png","type":"image\/png"}],"twitter_card":"summary_large_image","twitter_misc":{"Est. reading time":"1 minute"},"schema":{"@context":"https:\/\/schema.org","@graph":[{"@type":"WebPage","@id":"https:\/\/nikasport.eu\/lv\/aukla-tuloni-fly-gaisi-roza\/","url":"https:\/\/nikasport.eu\/lv\/aukla-tuloni-fly-gaisi-roza\/","name":"Aukla TULONI FLY Gai\u0161i roz\u0101 | NikaSport.eu","isPartOf":{"@id":"https:\/\/nikasport.eu\/lv\/#website"},"primaryImageOfPage":{"@id":"https:\/\/nikasport.eu\/lv\/aukla-tuloni-fly-gaisi-roza\/#primaryimage"},"image":{"@id":"https:\/\/nikasport.eu\/lv\/aukla-tuloni-fly-gaisi-roza\/#primaryimage"},"thumbnailUrl":"https:\/\/nikasport.eu\/wp-content\/uploads\/2025\/11\/nikasport.eu-tuloni-rope-t0195.png","datePublished":"2025-11-14T10:41:31+00:00","dateModified":"2026-03-01T15:00:53+00:00","breadcrumb":{"@id":"https:\/\/nikasport.eu\/lv\/aukla-tuloni-fly-gaisi-roza\/#breadcrumb"},"inLanguage":"lv-LV","potentialAction":[{"@type":"ReadAction","target":["https:\/\/nikasport.eu\/lv\/aukla-tuloni-fly-gaisi-roza\/"]}]},{"@type":"ImageObject","inLanguage":"lv-LV","@id":"https:\/\/nikasport.eu\/lv\/aukla-tuloni-fly-gaisi-roza\/#primaryimage","url":"https:\/\/nikasport.eu\/wp-content\/uploads\/2025\/11\/nikasport.eu-tuloni-rope-t0195.png","contentUrl":"https:\/\/nikasport.eu\/wp-content\/uploads\/2025\/11\/nikasport.eu-tuloni-rope-t0195.png","width":500,"height":500},{"@type":"BreadcrumbList","@id":"https:\/\/nikasport.eu\/lv\/aukla-tuloni-fly-gaisi-roza\/#breadcrumb","itemListElement":[{"@type":"ListItem","position":1,"name":"Home","item":"https:\/\/nikasport.eu\/lv\/"},{"@type":"ListItem","position":2,"name":"Preces","item":"https:\/\/nikasport.eu\/lv\/shop\/"},{"@type":"ListItem","position":3,"name":"Auklas","item":"https:\/\/nikasport.eu\/lv\/makslas-vingrosanas-auklas\/"},{"@type":"ListItem","position":4,"name":"Auklas TULONI (3m)","item":"https:\/\/nikasport.eu\/lv\/rg-aukla-tuloni-3m\/"},{"@type":"ListItem","position":5,"name":"Aukla TULONI FLY Gai\u0161i roz\u0101"}]},{"@type":"WebSite","@id":"https:\/\/nikasport.eu\/lv\/#website","url":"https:\/\/nikasport.eu\/lv\/","name":"NikaSport.eu","description":"Everything a Gymnast Needs | Rhythmic Gymnastics Equipment Online","potentialAction":[{"@type":"SearchAction","target":{"@type":"EntryPoint","urlTemplate":"https:\/\/nikasport.eu\/lv\/?s={search_term_string}"},"query-input":{"@type":"PropertyValueSpecification","valueRequired":true,"valueName":"search_term_string"}}],"inLanguage":"lv-LV"}]}},"_links":{"self":[{"href":"https:\/\/nikasport.eu\/lv\/wp-json\/wp\/v2\/product\/22894","targetHints":{"allow":["GET"]}}],"collection":[{"href":"https:\/\/nikasport.eu\/lv\/wp-json\/wp\/v2\/product"}],"about":[{"href":"https:\/\/nikasport.eu\/lv\/wp-json\/wp\/v2\/types\/product"}],"wp:featuredmedia":[{"embeddable":true,"href":"https:\/\/nikasport.eu\/lv\/wp-json\/wp\/v2\/media\/22897"}],"wp:attachment":[{"href":"https:\/\/nikasport.eu\/lv\/wp-json\/wp\/v2\/media?parent=22894"}],"wp:term":[{"taxonomy":"product_brand","embeddable":true,"href":"https:\/\/nikasport.eu\/lv\/wp-json\/wp\/v2\/product_brand?post=22894"},{"taxonomy":"product_cat","embeddable":true,"href":"https:\/\/nikasport.eu\/lv\/wp-json\/wp\/v2\/product_cat?post=22894"},{"taxonomy":"product_tag","embeddable":true,"href":"https:\/\/nikasport.eu\/lv\/wp-json\/wp\/v2\/product_tag?post=22894"}],"curies":[{"name":"wp","href":"https:\/\/api.w.org\/{rel}","templated":true}]}}