{"id":22922,"date":"2025-11-14T13:20:30","date_gmt":"2025-11-14T11:20:30","guid":{"rendered":"https:\/\/nikasport.eu\/?post_type=product&#038;p=22922"},"modified":"2026-02-12T12:42:33","modified_gmt":"2026-02-12T10:42:33","slug":"tuloni-elastigas-matu-gumijas-12gab-brunas","status":"publish","type":"product","link":"https:\/\/nikasport.eu\/lv\/tuloni-elastigas-matu-gumijas-12gab-brunas\/","title":{"rendered":"TULONI Elast\u012bgas matu gumijas, 12gab (Br\u016bnas)"},"content":{"rendered":"<p>12 elast\u012bgo matu gumiju komplekts, br\u016bn\u0101 kr\u0101s\u0101.<\/p>\n<p>Pret pl\u012bsumiem iztur\u012bgas elast\u012bgas matu gumijas.<\/p>\n<p>Izm\u0113rs: 5 cm<\/p>\n<p>Iepakojums satur: 12 gab<\/p>\n","protected":false},"excerpt":{"rendered":"<p>12 elast\u012bgo matu gumiju komplekts, br\u016bn\u0101 kr\u0101s\u0101. Pret pl\u012bsumiem iztur\u012bgas elast\u012bgas matu gumijas. Izm\u0113rs: 5 cm Iepakojums satur: 12 gab<\/p>\n","protected":false},"featured_media":22925,"template":"","meta":{"_gspb_post_css":""},"product_brand":[848],"product_cat":[595],"product_tag":[],"class_list":{"0":"post-22922","1":"product","2":"type-product","3":"status-publish","4":"has-post-thumbnail","6":"product_brand-tuloni","7":"product_cat-rg-aksesuar-matiem","9":"first","10":"instock","11":"taxable","12":"shipping-taxable","13":"purchasable","14":"product-type-simple"},"ct_brands":[{"id":848,"name":"Tuloni","slug":"tuloni"}],"yoast_head":"<!-- This site is optimized with the Yoast SEO plugin v26.5 - https:\/\/yoast.com\/wordpress\/plugins\/seo\/ -->\n<title>TULONI Elast\u012bgas matu gumijas, 12gab (Br\u016bnas) | NikaSport.eu<\/title>\n<meta name=\"robots\" content=\"index, follow, max-snippet:-1, max-image-preview:large, max-video-preview:-1\" \/>\n<link rel=\"canonical\" href=\"https:\/\/nikasport.eu\/lv\/tuloni-elastigas-matu-gumijas-12gab-brunas\/\" \/>\n<meta property=\"og:locale\" content=\"lv_LV\" \/>\n<meta property=\"og:type\" content=\"article\" \/>\n<meta property=\"og:title\" content=\"TULONI Elast\u012bgas matu gumijas, 12gab (Br\u016bnas) | NikaSport.eu\" \/>\n<meta property=\"og:description\" content=\"12 elast\u012bgo matu gumiju komplekts, br\u016bn\u0101 kr\u0101s\u0101. Pret pl\u012bsumiem iztur\u012bgas elast\u012bgas matu gumijas. Izm\u0113rs: 5 cm Iepakojums satur: 12 gab\" \/>\n<meta property=\"og:url\" content=\"https:\/\/nikasport.eu\/lv\/tuloni-elastigas-matu-gumijas-12gab-brunas\/\" \/>\n<meta property=\"og:site_name\" content=\"NikaSport.eu\" \/>\n<meta property=\"article:publisher\" content=\"https:\/\/www.facebook.com\/nikasport.eu\" \/>\n<meta property=\"article:modified_time\" content=\"2026-02-12T10:42:33+00:00\" \/>\n<meta property=\"og:image\" content=\"https:\/\/nikasport.eu\/wp-content\/uploads\/2025\/11\/nikasport.eu-tuloni-hair-bands-hbc202012-04-12.png\" \/>\n\t<meta property=\"og:image:width\" content=\"500\" \/>\n\t<meta property=\"og:image:height\" content=\"500\" \/>\n\t<meta property=\"og:image:type\" content=\"image\/png\" \/>\n<meta name=\"twitter:card\" content=\"summary_large_image\" \/>\n<meta name=\"twitter:label1\" content=\"Est. reading time\" \/>\n\t<meta name=\"twitter:data1\" content=\"1 minute\" \/>\n<script type=\"application\/ld+json\" class=\"yoast-schema-graph\">{\"@context\":\"https:\/\/schema.org\",\"@graph\":[{\"@type\":\"WebPage\",\"@id\":\"https:\/\/nikasport.eu\/lv\/tuloni-elastigas-matu-gumijas-12gab-brunas\/\",\"url\":\"https:\/\/nikasport.eu\/lv\/tuloni-elastigas-matu-gumijas-12gab-brunas\/\",\"name\":\"TULONI Elast\u012bgas matu gumijas, 12gab (Br\u016bnas) | NikaSport.eu\",\"isPartOf\":{\"@id\":\"https:\/\/nikasport.eu\/lv\/#website\"},\"primaryImageOfPage\":{\"@id\":\"https:\/\/nikasport.eu\/lv\/tuloni-elastigas-matu-gumijas-12gab-brunas\/#primaryimage\"},\"image\":{\"@id\":\"https:\/\/nikasport.eu\/lv\/tuloni-elastigas-matu-gumijas-12gab-brunas\/#primaryimage\"},\"thumbnailUrl\":\"https:\/\/nikasport.eu\/wp-content\/uploads\/2025\/11\/nikasport.eu-tuloni-hair-bands-hbc202012-04-12.png\",\"datePublished\":\"2025-11-14T11:20:30+00:00\",\"dateModified\":\"2026-02-12T10:42:33+00:00\",\"breadcrumb\":{\"@id\":\"https:\/\/nikasport.eu\/lv\/tuloni-elastigas-matu-gumijas-12gab-brunas\/#breadcrumb\"},\"inLanguage\":\"lv-LV\",\"potentialAction\":[{\"@type\":\"ReadAction\",\"target\":[\"https:\/\/nikasport.eu\/lv\/tuloni-elastigas-matu-gumijas-12gab-brunas\/\"]}]},{\"@type\":\"ImageObject\",\"inLanguage\":\"lv-LV\",\"@id\":\"https:\/\/nikasport.eu\/lv\/tuloni-elastigas-matu-gumijas-12gab-brunas\/#primaryimage\",\"url\":\"https:\/\/nikasport.eu\/wp-content\/uploads\/2025\/11\/nikasport.eu-tuloni-hair-bands-hbc202012-04-12.png\",\"contentUrl\":\"https:\/\/nikasport.eu\/wp-content\/uploads\/2025\/11\/nikasport.eu-tuloni-hair-bands-hbc202012-04-12.png\",\"width\":500,\"height\":500},{\"@type\":\"BreadcrumbList\",\"@id\":\"https:\/\/nikasport.eu\/lv\/tuloni-elastigas-matu-gumijas-12gab-brunas\/#breadcrumb\",\"itemListElement\":[{\"@type\":\"ListItem\",\"position\":1,\"name\":\"Home\",\"item\":\"https:\/\/nikasport.eu\/lv\/\"},{\"@type\":\"ListItem\",\"position\":2,\"name\":\"Preces\",\"item\":\"https:\/\/nikasport.eu\/lv\/shop\/\"},{\"@type\":\"ListItem\",\"position\":3,\"name\":\"Aksesu\u0101ri\",\"item\":\"https:\/\/nikasport.eu\/lv\/makslas-vingrosanas-aksesuari\/\"},{\"@type\":\"ListItem\",\"position\":4,\"name\":\"Aksesu\u0101ri matiem\",\"item\":\"https:\/\/nikasport.eu\/lv\/rg-aksesuar-matiem\/\"},{\"@type\":\"ListItem\",\"position\":5,\"name\":\"TULONI Elast\u012bgas matu gumijas, 12gab (Br\u016bnas)\"}]},{\"@type\":\"WebSite\",\"@id\":\"https:\/\/nikasport.eu\/lv\/#website\",\"url\":\"https:\/\/nikasport.eu\/lv\/\",\"name\":\"NikaSport.eu\",\"description\":\"Everything a Gymnast Needs | Rhythmic Gymnastics Equipment Online\",\"potentialAction\":[{\"@type\":\"SearchAction\",\"target\":{\"@type\":\"EntryPoint\",\"urlTemplate\":\"https:\/\/nikasport.eu\/lv\/?s={search_term_string}\"},\"query-input\":{\"@type\":\"PropertyValueSpecification\",\"valueRequired\":true,\"valueName\":\"search_term_string\"}}],\"inLanguage\":\"lv-LV\"}]}<\/script>\n<!-- \/ Yoast SEO plugin. -->","yoast_head_json":{"title":"TULONI Elast\u012bgas matu gumijas, 12gab (Br\u016bnas) | NikaSport.eu","robots":{"index":"index","follow":"follow","max-snippet":"max-snippet:-1","max-image-preview":"max-image-preview:large","max-video-preview":"max-video-preview:-1"},"canonical":"https:\/\/nikasport.eu\/lv\/tuloni-elastigas-matu-gumijas-12gab-brunas\/","og_locale":"lv_LV","og_type":"article","og_title":"TULONI Elast\u012bgas matu gumijas, 12gab (Br\u016bnas) | NikaSport.eu","og_description":"12 elast\u012bgo matu gumiju komplekts, br\u016bn\u0101 kr\u0101s\u0101. Pret pl\u012bsumiem iztur\u012bgas elast\u012bgas matu gumijas. Izm\u0113rs: 5 cm Iepakojums satur: 12 gab","og_url":"https:\/\/nikasport.eu\/lv\/tuloni-elastigas-matu-gumijas-12gab-brunas\/","og_site_name":"NikaSport.eu","article_publisher":"https:\/\/www.facebook.com\/nikasport.eu","article_modified_time":"2026-02-12T10:42:33+00:00","og_image":[{"width":500,"height":500,"url":"https:\/\/nikasport.eu\/wp-content\/uploads\/2025\/11\/nikasport.eu-tuloni-hair-bands-hbc202012-04-12.png","type":"image\/png"}],"twitter_card":"summary_large_image","twitter_misc":{"Est. reading time":"1 minute"},"schema":{"@context":"https:\/\/schema.org","@graph":[{"@type":"WebPage","@id":"https:\/\/nikasport.eu\/lv\/tuloni-elastigas-matu-gumijas-12gab-brunas\/","url":"https:\/\/nikasport.eu\/lv\/tuloni-elastigas-matu-gumijas-12gab-brunas\/","name":"TULONI Elast\u012bgas matu gumijas, 12gab (Br\u016bnas) | NikaSport.eu","isPartOf":{"@id":"https:\/\/nikasport.eu\/lv\/#website"},"primaryImageOfPage":{"@id":"https:\/\/nikasport.eu\/lv\/tuloni-elastigas-matu-gumijas-12gab-brunas\/#primaryimage"},"image":{"@id":"https:\/\/nikasport.eu\/lv\/tuloni-elastigas-matu-gumijas-12gab-brunas\/#primaryimage"},"thumbnailUrl":"https:\/\/nikasport.eu\/wp-content\/uploads\/2025\/11\/nikasport.eu-tuloni-hair-bands-hbc202012-04-12.png","datePublished":"2025-11-14T11:20:30+00:00","dateModified":"2026-02-12T10:42:33+00:00","breadcrumb":{"@id":"https:\/\/nikasport.eu\/lv\/tuloni-elastigas-matu-gumijas-12gab-brunas\/#breadcrumb"},"inLanguage":"lv-LV","potentialAction":[{"@type":"ReadAction","target":["https:\/\/nikasport.eu\/lv\/tuloni-elastigas-matu-gumijas-12gab-brunas\/"]}]},{"@type":"ImageObject","inLanguage":"lv-LV","@id":"https:\/\/nikasport.eu\/lv\/tuloni-elastigas-matu-gumijas-12gab-brunas\/#primaryimage","url":"https:\/\/nikasport.eu\/wp-content\/uploads\/2025\/11\/nikasport.eu-tuloni-hair-bands-hbc202012-04-12.png","contentUrl":"https:\/\/nikasport.eu\/wp-content\/uploads\/2025\/11\/nikasport.eu-tuloni-hair-bands-hbc202012-04-12.png","width":500,"height":500},{"@type":"BreadcrumbList","@id":"https:\/\/nikasport.eu\/lv\/tuloni-elastigas-matu-gumijas-12gab-brunas\/#breadcrumb","itemListElement":[{"@type":"ListItem","position":1,"name":"Home","item":"https:\/\/nikasport.eu\/lv\/"},{"@type":"ListItem","position":2,"name":"Preces","item":"https:\/\/nikasport.eu\/lv\/shop\/"},{"@type":"ListItem","position":3,"name":"Aksesu\u0101ri","item":"https:\/\/nikasport.eu\/lv\/makslas-vingrosanas-aksesuari\/"},{"@type":"ListItem","position":4,"name":"Aksesu\u0101ri matiem","item":"https:\/\/nikasport.eu\/lv\/rg-aksesuar-matiem\/"},{"@type":"ListItem","position":5,"name":"TULONI Elast\u012bgas matu gumijas, 12gab (Br\u016bnas)"}]},{"@type":"WebSite","@id":"https:\/\/nikasport.eu\/lv\/#website","url":"https:\/\/nikasport.eu\/lv\/","name":"NikaSport.eu","description":"Everything a Gymnast Needs | Rhythmic Gymnastics Equipment Online","potentialAction":[{"@type":"SearchAction","target":{"@type":"EntryPoint","urlTemplate":"https:\/\/nikasport.eu\/lv\/?s={search_term_string}"},"query-input":{"@type":"PropertyValueSpecification","valueRequired":true,"valueName":"search_term_string"}}],"inLanguage":"lv-LV"}]}},"_links":{"self":[{"href":"https:\/\/nikasport.eu\/lv\/wp-json\/wp\/v2\/product\/22922","targetHints":{"allow":["GET"]}}],"collection":[{"href":"https:\/\/nikasport.eu\/lv\/wp-json\/wp\/v2\/product"}],"about":[{"href":"https:\/\/nikasport.eu\/lv\/wp-json\/wp\/v2\/types\/product"}],"wp:featuredmedia":[{"embeddable":true,"href":"https:\/\/nikasport.eu\/lv\/wp-json\/wp\/v2\/media\/22925"}],"wp:attachment":[{"href":"https:\/\/nikasport.eu\/lv\/wp-json\/wp\/v2\/media?parent=22922"}],"wp:term":[{"taxonomy":"product_brand","embeddable":true,"href":"https:\/\/nikasport.eu\/lv\/wp-json\/wp\/v2\/product_brand?post=22922"},{"taxonomy":"product_cat","embeddable":true,"href":"https:\/\/nikasport.eu\/lv\/wp-json\/wp\/v2\/product_cat?post=22922"},{"taxonomy":"product_tag","embeddable":true,"href":"https:\/\/nikasport.eu\/lv\/wp-json\/wp\/v2\/product_tag?post=22922"}],"curies":[{"name":"wp","href":"https:\/\/api.w.org\/{rel}","templated":true}]}}