{"id":23515,"date":"2025-12-20T00:08:20","date_gmt":"2025-12-19T22:08:20","guid":{"rendered":"https:\/\/nikasport.eu\/?post_type=product&#038;p=23515"},"modified":"2025-12-20T00:18:24","modified_gmt":"2025-12-19T22:18:24","slug":"tuloni-cehols-kocinam-ar-lenti-trio-y-fu-g","status":"publish","type":"product","link":"https:\/\/nikasport.eu\/lv\/tuloni-cehols-kocinam-ar-lenti-trio-y-fu-g\/","title":{"rendered":"TULONI \u010cehols koci\u0146am ar lenti Trio YxFUxG"},"content":{"rendered":"<p>Spilgts, daudzkr\u0101sains \u010dehols koci\u0146am ar lenti no Tuloni. Tas ir izgatavots no augstas kvalit\u0101tes, pl\u0101na un iztur\u012bga poliestera.<\/p>\n<p>\u010cehol\u0101 ir kabata, kur\u0101 var uzglab\u0101t saloc\u012btu vai sarull\u0113tu lenti, koci\u0146\u0161 var palikt piestiprin\u0101ts pie lentes.<\/p>\n<p>\u010cehols ir dekor\u0113ts ar akmenti\u0146iem, \u013coti viegls un kompakts. \u010cehols ir izgatavots no ekolo\u0123iski t\u012briem materi\u0101liem un kr\u0101s\u0101m.<\/p>\n<p>&nbsp;<\/p>\n<p>Modelis: Trio<\/p>\n<p>Materi\u0101ls: poliesters<\/p>\n<p>Kr\u0101sas: dzeltena, fuksija un za\u013ca<\/p>\n","protected":false},"excerpt":{"rendered":"<p>Spilgts, daudzkr\u0101sains \u010dehols koci\u0146am ar lenti no Tuloni. Tas ir izgatavots no augstas kvalit\u0101tes, pl\u0101na un iztur\u012bga poliestera. \u010cehol\u0101 ir kabata, kur\u0101 var uzglab\u0101t saloc\u012btu vai sarull\u0113tu lenti, koci\u0146\u0161 var palikt piestiprin\u0101ts pie lentes. \u010cehols ir dekor\u0113ts ar akmenti\u0146iem, \u013coti viegls un kompakts. \u010cehols ir izgatavots no ekolo\u0123iski t\u012briem materi\u0101liem un kr\u0101s\u0101m. &nbsp; Modelis: Trio [&hellip;]<\/p>\n","protected":false},"featured_media":23520,"template":"","meta":{"_gspb_post_css":""},"product_brand":[848],"product_cat":[863],"product_tag":[],"class_list":{"0":"post-23515","1":"product","2":"type-product","3":"status-publish","4":"has-post-thumbnail","6":"product_brand-tuloni","7":"product_cat-rg-lentes-ceholi-kocinam-tuloni","9":"first","10":"instock","11":"taxable","12":"shipping-taxable","13":"purchasable","14":"product-type-simple"},"ct_brands":[{"id":848,"name":"Tuloni","slug":"tuloni"}],"yoast_head":"<!-- This site is optimized with the Yoast SEO plugin v26.5 - https:\/\/yoast.com\/wordpress\/plugins\/seo\/ -->\n<title>TULONI \u010cehols koci\u0146am ar lenti Trio YxFUxG | NikaSport.eu<\/title>\n<meta name=\"robots\" content=\"index, follow, max-snippet:-1, max-image-preview:large, max-video-preview:-1\" \/>\n<link rel=\"canonical\" href=\"https:\/\/nikasport.eu\/lv\/tuloni-cehols-kocinam-ar-lenti-trio-y-fu-g\/\" \/>\n<meta property=\"og:locale\" content=\"lv_LV\" \/>\n<meta property=\"og:type\" content=\"article\" \/>\n<meta property=\"og:title\" content=\"TULONI \u010cehols koci\u0146am ar lenti Trio YxFUxG | NikaSport.eu\" \/>\n<meta property=\"og:description\" content=\"Spilgts, daudzkr\u0101sains \u010dehols koci\u0146am ar lenti no Tuloni. Tas ir izgatavots no augstas kvalit\u0101tes, pl\u0101na un iztur\u012bga poliestera. \u010cehol\u0101 ir kabata, kur\u0101 var uzglab\u0101t saloc\u012btu vai sarull\u0113tu lenti, koci\u0146\u0161 var palikt piestiprin\u0101ts pie lentes. \u010cehols ir dekor\u0113ts ar akmenti\u0146iem, \u013coti viegls un kompakts. \u010cehols ir izgatavots no ekolo\u0123iski t\u012briem materi\u0101liem un kr\u0101s\u0101m. &nbsp; Modelis: Trio [&hellip;]\" \/>\n<meta property=\"og:url\" content=\"https:\/\/nikasport.eu\/lv\/tuloni-cehols-kocinam-ar-lenti-trio-y-fu-g\/\" \/>\n<meta property=\"og:site_name\" content=\"NikaSport.eu\" \/>\n<meta property=\"article:publisher\" content=\"https:\/\/www.facebook.com\/nikasport.eu\" \/>\n<meta property=\"article:modified_time\" content=\"2025-12-19T22:18:24+00:00\" \/>\n<meta property=\"og:image\" content=\"https:\/\/nikasport.eu\/wp-content\/uploads\/2025\/12\/nikasport.eu-tuloni-stick-and-ribbon-holder-mkr-str04-yxfuxg.png\" \/>\n\t<meta property=\"og:image:width\" content=\"500\" \/>\n\t<meta property=\"og:image:height\" content=\"500\" \/>\n\t<meta property=\"og:image:type\" content=\"image\/png\" \/>\n<meta name=\"twitter:card\" content=\"summary_large_image\" \/>\n<meta name=\"twitter:label1\" content=\"Est. reading time\" \/>\n\t<meta name=\"twitter:data1\" content=\"1 minute\" \/>\n<script type=\"application\/ld+json\" class=\"yoast-schema-graph\">{\"@context\":\"https:\/\/schema.org\",\"@graph\":[{\"@type\":\"WebPage\",\"@id\":\"https:\/\/nikasport.eu\/lv\/tuloni-cehols-kocinam-ar-lenti-trio-y-fu-g\/\",\"url\":\"https:\/\/nikasport.eu\/lv\/tuloni-cehols-kocinam-ar-lenti-trio-y-fu-g\/\",\"name\":\"TULONI \u010cehols koci\u0146am ar lenti Trio YxFUxG | NikaSport.eu\",\"isPartOf\":{\"@id\":\"https:\/\/nikasport.eu\/lv\/#website\"},\"primaryImageOfPage\":{\"@id\":\"https:\/\/nikasport.eu\/lv\/tuloni-cehols-kocinam-ar-lenti-trio-y-fu-g\/#primaryimage\"},\"image\":{\"@id\":\"https:\/\/nikasport.eu\/lv\/tuloni-cehols-kocinam-ar-lenti-trio-y-fu-g\/#primaryimage\"},\"thumbnailUrl\":\"https:\/\/nikasport.eu\/wp-content\/uploads\/2025\/12\/nikasport.eu-tuloni-stick-and-ribbon-holder-mkr-str04-yxfuxg.png\",\"datePublished\":\"2025-12-19T22:08:20+00:00\",\"dateModified\":\"2025-12-19T22:18:24+00:00\",\"breadcrumb\":{\"@id\":\"https:\/\/nikasport.eu\/lv\/tuloni-cehols-kocinam-ar-lenti-trio-y-fu-g\/#breadcrumb\"},\"inLanguage\":\"lv-LV\",\"potentialAction\":[{\"@type\":\"ReadAction\",\"target\":[\"https:\/\/nikasport.eu\/lv\/tuloni-cehols-kocinam-ar-lenti-trio-y-fu-g\/\"]}]},{\"@type\":\"ImageObject\",\"inLanguage\":\"lv-LV\",\"@id\":\"https:\/\/nikasport.eu\/lv\/tuloni-cehols-kocinam-ar-lenti-trio-y-fu-g\/#primaryimage\",\"url\":\"https:\/\/nikasport.eu\/wp-content\/uploads\/2025\/12\/nikasport.eu-tuloni-stick-and-ribbon-holder-mkr-str04-yxfuxg.png\",\"contentUrl\":\"https:\/\/nikasport.eu\/wp-content\/uploads\/2025\/12\/nikasport.eu-tuloni-stick-and-ribbon-holder-mkr-str04-yxfuxg.png\",\"width\":500,\"height\":500},{\"@type\":\"BreadcrumbList\",\"@id\":\"https:\/\/nikasport.eu\/lv\/tuloni-cehols-kocinam-ar-lenti-trio-y-fu-g\/#breadcrumb\",\"itemListElement\":[{\"@type\":\"ListItem\",\"position\":1,\"name\":\"Home\",\"item\":\"https:\/\/nikasport.eu\/lv\/\"},{\"@type\":\"ListItem\",\"position\":2,\"name\":\"Preces\",\"item\":\"https:\/\/nikasport.eu\/lv\/shop\/\"},{\"@type\":\"ListItem\",\"position\":3,\"name\":\"Lentes\",\"item\":\"https:\/\/nikasport.eu\/lv\/makslas-vingrosanas-lentes\/\"},{\"@type\":\"ListItem\",\"position\":4,\"name\":\"\u010ceholi koci\u0146am ar lenti TULONI\",\"item\":\"https:\/\/nikasport.eu\/lv\/rg-lentes-ceholi-kocinam-tuloni\/\"},{\"@type\":\"ListItem\",\"position\":5,\"name\":\"TULONI \u010cehols koci\u0146am ar lenti Trio YxFUxG\"}]},{\"@type\":\"WebSite\",\"@id\":\"https:\/\/nikasport.eu\/lv\/#website\",\"url\":\"https:\/\/nikasport.eu\/lv\/\",\"name\":\"NikaSport.eu\",\"description\":\"Everything a Gymnast Needs | Rhythmic Gymnastics Equipment Online\",\"potentialAction\":[{\"@type\":\"SearchAction\",\"target\":{\"@type\":\"EntryPoint\",\"urlTemplate\":\"https:\/\/nikasport.eu\/lv\/?s={search_term_string}\"},\"query-input\":{\"@type\":\"PropertyValueSpecification\",\"valueRequired\":true,\"valueName\":\"search_term_string\"}}],\"inLanguage\":\"lv-LV\"}]}<\/script>\n<!-- \/ Yoast SEO plugin. -->","yoast_head_json":{"title":"TULONI \u010cehols koci\u0146am ar lenti Trio YxFUxG | NikaSport.eu","robots":{"index":"index","follow":"follow","max-snippet":"max-snippet:-1","max-image-preview":"max-image-preview:large","max-video-preview":"max-video-preview:-1"},"canonical":"https:\/\/nikasport.eu\/lv\/tuloni-cehols-kocinam-ar-lenti-trio-y-fu-g\/","og_locale":"lv_LV","og_type":"article","og_title":"TULONI \u010cehols koci\u0146am ar lenti Trio YxFUxG | NikaSport.eu","og_description":"Spilgts, daudzkr\u0101sains \u010dehols koci\u0146am ar lenti no Tuloni. Tas ir izgatavots no augstas kvalit\u0101tes, pl\u0101na un iztur\u012bga poliestera. \u010cehol\u0101 ir kabata, kur\u0101 var uzglab\u0101t saloc\u012btu vai sarull\u0113tu lenti, koci\u0146\u0161 var palikt piestiprin\u0101ts pie lentes. \u010cehols ir dekor\u0113ts ar akmenti\u0146iem, \u013coti viegls un kompakts. \u010cehols ir izgatavots no ekolo\u0123iski t\u012briem materi\u0101liem un kr\u0101s\u0101m. &nbsp; Modelis: Trio [&hellip;]","og_url":"https:\/\/nikasport.eu\/lv\/tuloni-cehols-kocinam-ar-lenti-trio-y-fu-g\/","og_site_name":"NikaSport.eu","article_publisher":"https:\/\/www.facebook.com\/nikasport.eu","article_modified_time":"2025-12-19T22:18:24+00:00","og_image":[{"width":500,"height":500,"url":"https:\/\/nikasport.eu\/wp-content\/uploads\/2025\/12\/nikasport.eu-tuloni-stick-and-ribbon-holder-mkr-str04-yxfuxg.png","type":"image\/png"}],"twitter_card":"summary_large_image","twitter_misc":{"Est. reading time":"1 minute"},"schema":{"@context":"https:\/\/schema.org","@graph":[{"@type":"WebPage","@id":"https:\/\/nikasport.eu\/lv\/tuloni-cehols-kocinam-ar-lenti-trio-y-fu-g\/","url":"https:\/\/nikasport.eu\/lv\/tuloni-cehols-kocinam-ar-lenti-trio-y-fu-g\/","name":"TULONI \u010cehols koci\u0146am ar lenti Trio YxFUxG | NikaSport.eu","isPartOf":{"@id":"https:\/\/nikasport.eu\/lv\/#website"},"primaryImageOfPage":{"@id":"https:\/\/nikasport.eu\/lv\/tuloni-cehols-kocinam-ar-lenti-trio-y-fu-g\/#primaryimage"},"image":{"@id":"https:\/\/nikasport.eu\/lv\/tuloni-cehols-kocinam-ar-lenti-trio-y-fu-g\/#primaryimage"},"thumbnailUrl":"https:\/\/nikasport.eu\/wp-content\/uploads\/2025\/12\/nikasport.eu-tuloni-stick-and-ribbon-holder-mkr-str04-yxfuxg.png","datePublished":"2025-12-19T22:08:20+00:00","dateModified":"2025-12-19T22:18:24+00:00","breadcrumb":{"@id":"https:\/\/nikasport.eu\/lv\/tuloni-cehols-kocinam-ar-lenti-trio-y-fu-g\/#breadcrumb"},"inLanguage":"lv-LV","potentialAction":[{"@type":"ReadAction","target":["https:\/\/nikasport.eu\/lv\/tuloni-cehols-kocinam-ar-lenti-trio-y-fu-g\/"]}]},{"@type":"ImageObject","inLanguage":"lv-LV","@id":"https:\/\/nikasport.eu\/lv\/tuloni-cehols-kocinam-ar-lenti-trio-y-fu-g\/#primaryimage","url":"https:\/\/nikasport.eu\/wp-content\/uploads\/2025\/12\/nikasport.eu-tuloni-stick-and-ribbon-holder-mkr-str04-yxfuxg.png","contentUrl":"https:\/\/nikasport.eu\/wp-content\/uploads\/2025\/12\/nikasport.eu-tuloni-stick-and-ribbon-holder-mkr-str04-yxfuxg.png","width":500,"height":500},{"@type":"BreadcrumbList","@id":"https:\/\/nikasport.eu\/lv\/tuloni-cehols-kocinam-ar-lenti-trio-y-fu-g\/#breadcrumb","itemListElement":[{"@type":"ListItem","position":1,"name":"Home","item":"https:\/\/nikasport.eu\/lv\/"},{"@type":"ListItem","position":2,"name":"Preces","item":"https:\/\/nikasport.eu\/lv\/shop\/"},{"@type":"ListItem","position":3,"name":"Lentes","item":"https:\/\/nikasport.eu\/lv\/makslas-vingrosanas-lentes\/"},{"@type":"ListItem","position":4,"name":"\u010ceholi koci\u0146am ar lenti TULONI","item":"https:\/\/nikasport.eu\/lv\/rg-lentes-ceholi-kocinam-tuloni\/"},{"@type":"ListItem","position":5,"name":"TULONI \u010cehols koci\u0146am ar lenti Trio YxFUxG"}]},{"@type":"WebSite","@id":"https:\/\/nikasport.eu\/lv\/#website","url":"https:\/\/nikasport.eu\/lv\/","name":"NikaSport.eu","description":"Everything a Gymnast Needs | Rhythmic Gymnastics Equipment Online","potentialAction":[{"@type":"SearchAction","target":{"@type":"EntryPoint","urlTemplate":"https:\/\/nikasport.eu\/lv\/?s={search_term_string}"},"query-input":{"@type":"PropertyValueSpecification","valueRequired":true,"valueName":"search_term_string"}}],"inLanguage":"lv-LV"}]}},"_links":{"self":[{"href":"https:\/\/nikasport.eu\/lv\/wp-json\/wp\/v2\/product\/23515","targetHints":{"allow":["GET"]}}],"collection":[{"href":"https:\/\/nikasport.eu\/lv\/wp-json\/wp\/v2\/product"}],"about":[{"href":"https:\/\/nikasport.eu\/lv\/wp-json\/wp\/v2\/types\/product"}],"wp:featuredmedia":[{"embeddable":true,"href":"https:\/\/nikasport.eu\/lv\/wp-json\/wp\/v2\/media\/23520"}],"wp:attachment":[{"href":"https:\/\/nikasport.eu\/lv\/wp-json\/wp\/v2\/media?parent=23515"}],"wp:term":[{"taxonomy":"product_brand","embeddable":true,"href":"https:\/\/nikasport.eu\/lv\/wp-json\/wp\/v2\/product_brand?post=23515"},{"taxonomy":"product_cat","embeddable":true,"href":"https:\/\/nikasport.eu\/lv\/wp-json\/wp\/v2\/product_cat?post=23515"},{"taxonomy":"product_tag","embeddable":true,"href":"https:\/\/nikasport.eu\/lv\/wp-json\/wp\/v2\/product_tag?post=23515"}],"curies":[{"name":"wp","href":"https:\/\/api.w.org\/{rel}","templated":true}]}}