{"id":24478,"date":"2026-02-10T15:00:47","date_gmt":"2026-02-10T13:00:47","guid":{"rendered":"https:\/\/nikasport.eu\/?post_type=product&#038;p=24478"},"modified":"2026-02-10T15:02:37","modified_gmt":"2026-02-10T13:02:37","slug":"puscibinas-tuloni-sisi-izmers-ss-33-34","status":"publish","type":"product","link":"https:\/\/nikasport.eu\/lv\/puscibinas-tuloni-sisi-izmers-ss-33-34\/","title":{"rendered":"Pus\u010d\u012bbi\u0146as Tuloni SISI izm\u0113rs SS (33-34)"},"content":{"rendered":"<p>Tuloni profesion\u0101las pus\u010d\u012bbi\u0146as no elast\u012bgas mikrofibras m\u0101kslas vingro\u0161anai.<\/p>\n<p>Pus\u010d\u012bbi\u0146as ir \u013coti \u0113rtas un vieglas. Piem\u0113rotas gan treni\u0146iem, gan sacens\u012bb\u0101m.<\/p>\n<p>Pateicoties univers\u0101lajam dizainam, pus\u010d\u012bbi\u0146as ir piem\u0113roti jebkurai p\u0113das formai.<\/p>\n<p>Zole ir ar smalku reljefu, sl\u012bp\u0113ta, lai samazin\u0101tu berzi, veicot pagriezienus. Pus\u010d\u012bbi\u0146as ir izgatavotas bez iek\u0161\u0113ja palikt\u0146a un oderes.<\/p>\n<p>Modelis: SISI<\/p>\n<p>Materi\u0101ls: mikrofibra<\/p>\n<p>Kr\u0101sa: b\u0113\u0161a<\/p>\n<p>Izm\u0113rs: SS (33-34)<\/p>\n","protected":false},"excerpt":{"rendered":"<p>Tuloni profesion\u0101las pus\u010d\u012bbi\u0146as no elast\u012bgas mikrofibras m\u0101kslas vingro\u0161anai. Pus\u010d\u012bbi\u0146as ir \u013coti \u0113rtas un vieglas. Piem\u0113rotas gan treni\u0146iem, gan sacens\u012bb\u0101m. Pateicoties univers\u0101lajam dizainam, pus\u010d\u012bbi\u0146as ir piem\u0113roti jebkurai p\u0113das formai. Zole ir ar smalku reljefu, sl\u012bp\u0113ta, lai samazin\u0101tu berzi, veicot pagriezienus. Pus\u010d\u012bbi\u0146as ir izgatavotas bez iek\u0161\u0113ja palikt\u0146a un oderes. Modelis: SISI Materi\u0101ls: mikrofibra Kr\u0101sa: b\u0113\u0161a Izm\u0113rs: SS [&hellip;]<\/p>\n","protected":false},"featured_media":24463,"template":"","meta":{"_gspb_post_css":""},"product_brand":[848],"product_cat":[867],"product_tag":[],"class_list":{"0":"post-24478","1":"product","2":"type-product","3":"status-publish","4":"has-post-thumbnail","6":"product_brand-tuloni","7":"product_cat-rg-puscibinas-tuloni-sisi","9":"first","10":"instock","11":"taxable","12":"shipping-taxable","13":"purchasable","14":"product-type-simple"},"ct_brands":[{"id":848,"name":"Tuloni","slug":"tuloni"}],"yoast_head":"<!-- This site is optimized with the Yoast SEO plugin v26.5 - https:\/\/yoast.com\/wordpress\/plugins\/seo\/ -->\n<title>Pus\u010d\u012bbi\u0146as Tuloni SISI izm\u0113rs SS (33-34) | NikaSport.eu<\/title>\n<meta name=\"robots\" content=\"index, follow, max-snippet:-1, max-image-preview:large, max-video-preview:-1\" \/>\n<link rel=\"canonical\" href=\"https:\/\/nikasport.eu\/lv\/puscibinas-tuloni-sisi-izmers-ss-33-34\/\" \/>\n<meta property=\"og:locale\" content=\"lv_LV\" \/>\n<meta property=\"og:type\" content=\"article\" \/>\n<meta property=\"og:title\" content=\"Pus\u010d\u012bbi\u0146as Tuloni SISI izm\u0113rs SS (33-34) | NikaSport.eu\" \/>\n<meta property=\"og:description\" content=\"Tuloni profesion\u0101las pus\u010d\u012bbi\u0146as no elast\u012bgas mikrofibras m\u0101kslas vingro\u0161anai. Pus\u010d\u012bbi\u0146as ir \u013coti \u0113rtas un vieglas. Piem\u0113rotas gan treni\u0146iem, gan sacens\u012bb\u0101m. Pateicoties univers\u0101lajam dizainam, pus\u010d\u012bbi\u0146as ir piem\u0113roti jebkurai p\u0113das formai. Zole ir ar smalku reljefu, sl\u012bp\u0113ta, lai samazin\u0101tu berzi, veicot pagriezienus. Pus\u010d\u012bbi\u0146as ir izgatavotas bez iek\u0161\u0113ja palikt\u0146a un oderes. Modelis: SISI Materi\u0101ls: mikrofibra Kr\u0101sa: b\u0113\u0161a Izm\u0113rs: SS [&hellip;]\" \/>\n<meta property=\"og:url\" content=\"https:\/\/nikasport.eu\/lv\/puscibinas-tuloni-sisi-izmers-ss-33-34\/\" \/>\n<meta property=\"og:site_name\" content=\"NikaSport.eu\" \/>\n<meta property=\"article:publisher\" content=\"https:\/\/www.facebook.com\/nikasport.eu\" \/>\n<meta property=\"article:modified_time\" content=\"2026-02-10T13:02:37+00:00\" \/>\n<meta property=\"og:image\" content=\"https:\/\/nikasport.eu\/wp-content\/uploads\/2026\/02\/nikasport.eu-tuloni-half-shoes-sisi-1.png\" \/>\n\t<meta property=\"og:image:width\" content=\"500\" \/>\n\t<meta property=\"og:image:height\" content=\"500\" \/>\n\t<meta property=\"og:image:type\" content=\"image\/png\" \/>\n<meta name=\"twitter:card\" content=\"summary_large_image\" \/>\n<meta name=\"twitter:label1\" content=\"Est. reading time\" \/>\n\t<meta name=\"twitter:data1\" content=\"1 minute\" \/>\n<script type=\"application\/ld+json\" class=\"yoast-schema-graph\">{\"@context\":\"https:\/\/schema.org\",\"@graph\":[{\"@type\":\"WebPage\",\"@id\":\"https:\/\/nikasport.eu\/lv\/puscibinas-tuloni-sisi-izmers-ss-33-34\/\",\"url\":\"https:\/\/nikasport.eu\/lv\/puscibinas-tuloni-sisi-izmers-ss-33-34\/\",\"name\":\"Pus\u010d\u012bbi\u0146as Tuloni SISI izm\u0113rs SS (33-34) | NikaSport.eu\",\"isPartOf\":{\"@id\":\"https:\/\/nikasport.eu\/lv\/#website\"},\"primaryImageOfPage\":{\"@id\":\"https:\/\/nikasport.eu\/lv\/puscibinas-tuloni-sisi-izmers-ss-33-34\/#primaryimage\"},\"image\":{\"@id\":\"https:\/\/nikasport.eu\/lv\/puscibinas-tuloni-sisi-izmers-ss-33-34\/#primaryimage\"},\"thumbnailUrl\":\"https:\/\/nikasport.eu\/wp-content\/uploads\/2026\/02\/nikasport.eu-tuloni-half-shoes-sisi-1.png\",\"datePublished\":\"2026-02-10T13:00:47+00:00\",\"dateModified\":\"2026-02-10T13:02:37+00:00\",\"breadcrumb\":{\"@id\":\"https:\/\/nikasport.eu\/lv\/puscibinas-tuloni-sisi-izmers-ss-33-34\/#breadcrumb\"},\"inLanguage\":\"lv-LV\",\"potentialAction\":[{\"@type\":\"ReadAction\",\"target\":[\"https:\/\/nikasport.eu\/lv\/puscibinas-tuloni-sisi-izmers-ss-33-34\/\"]}]},{\"@type\":\"ImageObject\",\"inLanguage\":\"lv-LV\",\"@id\":\"https:\/\/nikasport.eu\/lv\/puscibinas-tuloni-sisi-izmers-ss-33-34\/#primaryimage\",\"url\":\"https:\/\/nikasport.eu\/wp-content\/uploads\/2026\/02\/nikasport.eu-tuloni-half-shoes-sisi-1.png\",\"contentUrl\":\"https:\/\/nikasport.eu\/wp-content\/uploads\/2026\/02\/nikasport.eu-tuloni-half-shoes-sisi-1.png\",\"width\":500,\"height\":500},{\"@type\":\"BreadcrumbList\",\"@id\":\"https:\/\/nikasport.eu\/lv\/puscibinas-tuloni-sisi-izmers-ss-33-34\/#breadcrumb\",\"itemListElement\":[{\"@type\":\"ListItem\",\"position\":1,\"name\":\"Home\",\"item\":\"https:\/\/nikasport.eu\/lv\/\"},{\"@type\":\"ListItem\",\"position\":2,\"name\":\"Preces\",\"item\":\"https:\/\/nikasport.eu\/lv\/shop\/\"},{\"@type\":\"ListItem\",\"position\":3,\"name\":\"Pus\u010d\u012bbi\u0146as\",\"item\":\"https:\/\/nikasport.eu\/lv\/makslas-vingrosanas-puscibinas\/\"},{\"@type\":\"ListItem\",\"position\":4,\"name\":\"Pus\u010d\u012bbi\u0146as Tuloni SISI\",\"item\":\"https:\/\/nikasport.eu\/lv\/rg-puscibinas-tuloni-sisi\/\"},{\"@type\":\"ListItem\",\"position\":5,\"name\":\"Pus\u010d\u012bbi\u0146as Tuloni SISI izm\u0113rs SS (33-34)\"}]},{\"@type\":\"WebSite\",\"@id\":\"https:\/\/nikasport.eu\/lv\/#website\",\"url\":\"https:\/\/nikasport.eu\/lv\/\",\"name\":\"NikaSport.eu\",\"description\":\"Everything a Gymnast Needs | Rhythmic Gymnastics Equipment Online\",\"potentialAction\":[{\"@type\":\"SearchAction\",\"target\":{\"@type\":\"EntryPoint\",\"urlTemplate\":\"https:\/\/nikasport.eu\/lv\/?s={search_term_string}\"},\"query-input\":{\"@type\":\"PropertyValueSpecification\",\"valueRequired\":true,\"valueName\":\"search_term_string\"}}],\"inLanguage\":\"lv-LV\"}]}<\/script>\n<!-- \/ Yoast SEO plugin. -->","yoast_head_json":{"title":"Pus\u010d\u012bbi\u0146as Tuloni SISI izm\u0113rs SS (33-34) | NikaSport.eu","robots":{"index":"index","follow":"follow","max-snippet":"max-snippet:-1","max-image-preview":"max-image-preview:large","max-video-preview":"max-video-preview:-1"},"canonical":"https:\/\/nikasport.eu\/lv\/puscibinas-tuloni-sisi-izmers-ss-33-34\/","og_locale":"lv_LV","og_type":"article","og_title":"Pus\u010d\u012bbi\u0146as Tuloni SISI izm\u0113rs SS (33-34) | NikaSport.eu","og_description":"Tuloni profesion\u0101las pus\u010d\u012bbi\u0146as no elast\u012bgas mikrofibras m\u0101kslas vingro\u0161anai. Pus\u010d\u012bbi\u0146as ir \u013coti \u0113rtas un vieglas. Piem\u0113rotas gan treni\u0146iem, gan sacens\u012bb\u0101m. Pateicoties univers\u0101lajam dizainam, pus\u010d\u012bbi\u0146as ir piem\u0113roti jebkurai p\u0113das formai. Zole ir ar smalku reljefu, sl\u012bp\u0113ta, lai samazin\u0101tu berzi, veicot pagriezienus. Pus\u010d\u012bbi\u0146as ir izgatavotas bez iek\u0161\u0113ja palikt\u0146a un oderes. Modelis: SISI Materi\u0101ls: mikrofibra Kr\u0101sa: b\u0113\u0161a Izm\u0113rs: SS [&hellip;]","og_url":"https:\/\/nikasport.eu\/lv\/puscibinas-tuloni-sisi-izmers-ss-33-34\/","og_site_name":"NikaSport.eu","article_publisher":"https:\/\/www.facebook.com\/nikasport.eu","article_modified_time":"2026-02-10T13:02:37+00:00","og_image":[{"width":500,"height":500,"url":"https:\/\/nikasport.eu\/wp-content\/uploads\/2026\/02\/nikasport.eu-tuloni-half-shoes-sisi-1.png","type":"image\/png"}],"twitter_card":"summary_large_image","twitter_misc":{"Est. reading time":"1 minute"},"schema":{"@context":"https:\/\/schema.org","@graph":[{"@type":"WebPage","@id":"https:\/\/nikasport.eu\/lv\/puscibinas-tuloni-sisi-izmers-ss-33-34\/","url":"https:\/\/nikasport.eu\/lv\/puscibinas-tuloni-sisi-izmers-ss-33-34\/","name":"Pus\u010d\u012bbi\u0146as Tuloni SISI izm\u0113rs SS (33-34) | NikaSport.eu","isPartOf":{"@id":"https:\/\/nikasport.eu\/lv\/#website"},"primaryImageOfPage":{"@id":"https:\/\/nikasport.eu\/lv\/puscibinas-tuloni-sisi-izmers-ss-33-34\/#primaryimage"},"image":{"@id":"https:\/\/nikasport.eu\/lv\/puscibinas-tuloni-sisi-izmers-ss-33-34\/#primaryimage"},"thumbnailUrl":"https:\/\/nikasport.eu\/wp-content\/uploads\/2026\/02\/nikasport.eu-tuloni-half-shoes-sisi-1.png","datePublished":"2026-02-10T13:00:47+00:00","dateModified":"2026-02-10T13:02:37+00:00","breadcrumb":{"@id":"https:\/\/nikasport.eu\/lv\/puscibinas-tuloni-sisi-izmers-ss-33-34\/#breadcrumb"},"inLanguage":"lv-LV","potentialAction":[{"@type":"ReadAction","target":["https:\/\/nikasport.eu\/lv\/puscibinas-tuloni-sisi-izmers-ss-33-34\/"]}]},{"@type":"ImageObject","inLanguage":"lv-LV","@id":"https:\/\/nikasport.eu\/lv\/puscibinas-tuloni-sisi-izmers-ss-33-34\/#primaryimage","url":"https:\/\/nikasport.eu\/wp-content\/uploads\/2026\/02\/nikasport.eu-tuloni-half-shoes-sisi-1.png","contentUrl":"https:\/\/nikasport.eu\/wp-content\/uploads\/2026\/02\/nikasport.eu-tuloni-half-shoes-sisi-1.png","width":500,"height":500},{"@type":"BreadcrumbList","@id":"https:\/\/nikasport.eu\/lv\/puscibinas-tuloni-sisi-izmers-ss-33-34\/#breadcrumb","itemListElement":[{"@type":"ListItem","position":1,"name":"Home","item":"https:\/\/nikasport.eu\/lv\/"},{"@type":"ListItem","position":2,"name":"Preces","item":"https:\/\/nikasport.eu\/lv\/shop\/"},{"@type":"ListItem","position":3,"name":"Pus\u010d\u012bbi\u0146as","item":"https:\/\/nikasport.eu\/lv\/makslas-vingrosanas-puscibinas\/"},{"@type":"ListItem","position":4,"name":"Pus\u010d\u012bbi\u0146as Tuloni SISI","item":"https:\/\/nikasport.eu\/lv\/rg-puscibinas-tuloni-sisi\/"},{"@type":"ListItem","position":5,"name":"Pus\u010d\u012bbi\u0146as Tuloni SISI izm\u0113rs SS (33-34)"}]},{"@type":"WebSite","@id":"https:\/\/nikasport.eu\/lv\/#website","url":"https:\/\/nikasport.eu\/lv\/","name":"NikaSport.eu","description":"Everything a Gymnast Needs | Rhythmic Gymnastics Equipment Online","potentialAction":[{"@type":"SearchAction","target":{"@type":"EntryPoint","urlTemplate":"https:\/\/nikasport.eu\/lv\/?s={search_term_string}"},"query-input":{"@type":"PropertyValueSpecification","valueRequired":true,"valueName":"search_term_string"}}],"inLanguage":"lv-LV"}]}},"_links":{"self":[{"href":"https:\/\/nikasport.eu\/lv\/wp-json\/wp\/v2\/product\/24478","targetHints":{"allow":["GET"]}}],"collection":[{"href":"https:\/\/nikasport.eu\/lv\/wp-json\/wp\/v2\/product"}],"about":[{"href":"https:\/\/nikasport.eu\/lv\/wp-json\/wp\/v2\/types\/product"}],"wp:featuredmedia":[{"embeddable":true,"href":"https:\/\/nikasport.eu\/lv\/wp-json\/wp\/v2\/media\/24463"}],"wp:attachment":[{"href":"https:\/\/nikasport.eu\/lv\/wp-json\/wp\/v2\/media?parent=24478"}],"wp:term":[{"taxonomy":"product_brand","embeddable":true,"href":"https:\/\/nikasport.eu\/lv\/wp-json\/wp\/v2\/product_brand?post=24478"},{"taxonomy":"product_cat","embeddable":true,"href":"https:\/\/nikasport.eu\/lv\/wp-json\/wp\/v2\/product_cat?post=24478"},{"taxonomy":"product_tag","embeddable":true,"href":"https:\/\/nikasport.eu\/lv\/wp-json\/wp\/v2\/product_tag?post=24478"}],"curies":[{"name":"wp","href":"https:\/\/api.w.org\/{rel}","templated":true}]}}