{"id":24737,"date":"2026-02-14T13:44:27","date_gmt":"2026-02-14T11:44:27","guid":{"rendered":"https:\/\/nikasport.eu\/?post_type=product&#038;p=24737"},"modified":"2026-02-15T17:39:19","modified_gmt":"2026-02-15T15:39:19","slug":"chacott-shiny-bumba-185cm-618-sepija-fig-approved","status":"publish","type":"product","link":"https:\/\/nikasport.eu\/lv\/chacott-shiny-bumba-185cm-618-sepija-fig-approved\/","title":{"rendered":"Chacott Shiny Bumba 18,5cm (618. S\u0113pija), FIG Approved"},"content":{"rendered":"<p>Chacott bumba ar gliteri m\u0101kslas vingro\u0161anai.<\/p>\n<p>Shiny modelis \u2013 bumba ar \u012bpa\u0161i sp\u012bd\u012bgu glanc\u0113tu p\u0101rkl\u0101jumu.<\/p>\n<p>Kr\u0101sa nosl\u0113pumaini main\u0101s pro\u017eektora gaism\u0101.<\/p>\n<p>Gumija ir m\u012bksta un ar pielip\u0161anas efektu.<\/p>\n<p>&nbsp;<\/p>\n<p>Modelis: Shiny<\/p>\n<p>Materi\u0101ls: gumija<\/p>\n<p>Kr\u0101sa: s\u0113pija<\/p>\n<p>Diametrs: 18,5 cm<\/p>\n<p>Svars: 420 gr<\/p>\n<p>F.I.G. apstiprin\u0101ts<\/p>\n<p>&nbsp;<\/p>\n<hr \/>\n<p><img decoding=\"async\" style=\"width: 100%; max-width: 600px; margin-top: 10px;\" src=\"https:\/\/www.nikasport.eu\/image\/catalog\/Chacott\/Warranty_Info\/chacott-life-expectancy-of-the-products.png\" \/><\/p>\n<p>&nbsp;<\/p>\n<p><img decoding=\"async\" style=\"width: 100%;\" src=\"https:\/\/www.nikasport.eu\/image\/catalog\/Chacott\/Warranty_Info\/chacott-how-to-care-the-ball.png\" \/><\/p>\n","protected":false},"excerpt":{"rendered":"<p>Chacott bumba ar gliteri m\u0101kslas vingro\u0161anai. Shiny modelis \u2013 bumba ar \u012bpa\u0161i sp\u012bd\u012bgu glanc\u0113tu p\u0101rkl\u0101jumu. Kr\u0101sa nosl\u0113pumaini main\u0101s pro\u017eektora gaism\u0101. Gumija ir m\u012bksta un ar pielip\u0161anas efektu. &nbsp; Modelis: Shiny Materi\u0101ls: gumija Kr\u0101sa: s\u0113pija Diametrs: 18,5 cm Svars: 420 gr F.I.G. apstiprin\u0101ts &nbsp; &nbsp;<\/p>\n","protected":false},"featured_media":24741,"template":"","meta":{"_gspb_post_css":""},"product_brand":[850],"product_cat":[501],"product_tag":[],"class_list":{"0":"post-24737","1":"product","2":"type-product","3":"status-publish","4":"has-post-thumbnail","6":"product_brand-chacott","7":"product_cat-rg-bumbas-chacott-prism-jewelry-glossy-185cm","9":"first","10":"outofstock","11":"taxable","12":"shipping-taxable","13":"purchasable","14":"product-type-simple"},"ct_brands":[{"id":850,"name":"Chacott","slug":"chacott"}],"yoast_head":"<!-- This site is optimized with the Yoast SEO plugin v26.5 - https:\/\/yoast.com\/wordpress\/plugins\/seo\/ -->\n<title>Chacott Shiny Bumba 18,5cm (618. S\u0113pija), FIG Approved | NikaSport.eu<\/title>\n<meta name=\"robots\" content=\"index, follow, max-snippet:-1, max-image-preview:large, max-video-preview:-1\" \/>\n<link rel=\"canonical\" href=\"https:\/\/nikasport.eu\/lv\/chacott-shiny-bumba-185cm-618-sepija-fig-approved\/\" \/>\n<meta property=\"og:locale\" content=\"lv_LV\" \/>\n<meta property=\"og:type\" content=\"article\" \/>\n<meta property=\"og:title\" content=\"Chacott Shiny Bumba 18,5cm (618. S\u0113pija), FIG Approved | NikaSport.eu\" \/>\n<meta property=\"og:description\" content=\"Chacott bumba ar gliteri m\u0101kslas vingro\u0161anai. Shiny modelis \u2013 bumba ar \u012bpa\u0161i sp\u012bd\u012bgu glanc\u0113tu p\u0101rkl\u0101jumu. Kr\u0101sa nosl\u0113pumaini main\u0101s pro\u017eektora gaism\u0101. Gumija ir m\u012bksta un ar pielip\u0161anas efektu. &nbsp; Modelis: Shiny Materi\u0101ls: gumija Kr\u0101sa: s\u0113pija Diametrs: 18,5 cm Svars: 420 gr F.I.G. apstiprin\u0101ts &nbsp; &nbsp;\" \/>\n<meta property=\"og:url\" content=\"https:\/\/nikasport.eu\/lv\/chacott-shiny-bumba-185cm-618-sepija-fig-approved\/\" \/>\n<meta property=\"og:site_name\" content=\"NikaSport.eu\" \/>\n<meta property=\"article:publisher\" content=\"https:\/\/www.facebook.com\/nikasport.eu\" \/>\n<meta property=\"article:modified_time\" content=\"2026-02-15T15:39:19+00:00\" \/>\n<meta property=\"og:image\" content=\"https:\/\/nikasport.eu\/wp-content\/uploads\/2026\/02\/nikasport.eu-chacott-balls-shiny-618-sepia.png\" \/>\n\t<meta property=\"og:image:width\" content=\"500\" \/>\n\t<meta property=\"og:image:height\" content=\"500\" \/>\n\t<meta property=\"og:image:type\" content=\"image\/png\" \/>\n<meta name=\"twitter:card\" content=\"summary_large_image\" \/>\n<meta name=\"twitter:label1\" content=\"Est. reading time\" \/>\n\t<meta name=\"twitter:data1\" content=\"1 minute\" \/>\n<script type=\"application\/ld+json\" class=\"yoast-schema-graph\">{\"@context\":\"https:\/\/schema.org\",\"@graph\":[{\"@type\":\"WebPage\",\"@id\":\"https:\/\/nikasport.eu\/lv\/chacott-shiny-bumba-185cm-618-sepija-fig-approved\/\",\"url\":\"https:\/\/nikasport.eu\/lv\/chacott-shiny-bumba-185cm-618-sepija-fig-approved\/\",\"name\":\"Chacott Shiny Bumba 18,5cm (618. S\u0113pija), FIG Approved | NikaSport.eu\",\"isPartOf\":{\"@id\":\"https:\/\/nikasport.eu\/lv\/#website\"},\"primaryImageOfPage\":{\"@id\":\"https:\/\/nikasport.eu\/lv\/chacott-shiny-bumba-185cm-618-sepija-fig-approved\/#primaryimage\"},\"image\":{\"@id\":\"https:\/\/nikasport.eu\/lv\/chacott-shiny-bumba-185cm-618-sepija-fig-approved\/#primaryimage\"},\"thumbnailUrl\":\"https:\/\/nikasport.eu\/wp-content\/uploads\/2026\/02\/nikasport.eu-chacott-balls-shiny-618-sepia.png\",\"datePublished\":\"2026-02-14T11:44:27+00:00\",\"dateModified\":\"2026-02-15T15:39:19+00:00\",\"breadcrumb\":{\"@id\":\"https:\/\/nikasport.eu\/lv\/chacott-shiny-bumba-185cm-618-sepija-fig-approved\/#breadcrumb\"},\"inLanguage\":\"lv-LV\",\"potentialAction\":[{\"@type\":\"ReadAction\",\"target\":[\"https:\/\/nikasport.eu\/lv\/chacott-shiny-bumba-185cm-618-sepija-fig-approved\/\"]}]},{\"@type\":\"ImageObject\",\"inLanguage\":\"lv-LV\",\"@id\":\"https:\/\/nikasport.eu\/lv\/chacott-shiny-bumba-185cm-618-sepija-fig-approved\/#primaryimage\",\"url\":\"https:\/\/nikasport.eu\/wp-content\/uploads\/2026\/02\/nikasport.eu-chacott-balls-shiny-618-sepia.png\",\"contentUrl\":\"https:\/\/nikasport.eu\/wp-content\/uploads\/2026\/02\/nikasport.eu-chacott-balls-shiny-618-sepia.png\",\"width\":500,\"height\":500},{\"@type\":\"BreadcrumbList\",\"@id\":\"https:\/\/nikasport.eu\/lv\/chacott-shiny-bumba-185cm-618-sepija-fig-approved\/#breadcrumb\",\"itemListElement\":[{\"@type\":\"ListItem\",\"position\":1,\"name\":\"Home\",\"item\":\"https:\/\/nikasport.eu\/lv\/\"},{\"@type\":\"ListItem\",\"position\":2,\"name\":\"Preces\",\"item\":\"https:\/\/nikasport.eu\/lv\/shop\/\"},{\"@type\":\"ListItem\",\"position\":3,\"name\":\"Bumbas\",\"item\":\"https:\/\/nikasport.eu\/lv\/makslas-vingrosanas-bumbas\/\"},{\"@type\":\"ListItem\",\"position\":4,\"name\":\"CHACOTT Bumbas Prism\/Jewelry\/Glossy 18,5 cm\",\"item\":\"https:\/\/nikasport.eu\/lv\/rg-bumbas-chacott-prism-jewelry-glossy-185cm\/\"},{\"@type\":\"ListItem\",\"position\":5,\"name\":\"Chacott Shiny Bumba 18,5cm (618. S\u0113pija), FIG Approved\"}]},{\"@type\":\"WebSite\",\"@id\":\"https:\/\/nikasport.eu\/lv\/#website\",\"url\":\"https:\/\/nikasport.eu\/lv\/\",\"name\":\"NikaSport.eu\",\"description\":\"Everything a Gymnast Needs | Rhythmic Gymnastics Equipment Online\",\"potentialAction\":[{\"@type\":\"SearchAction\",\"target\":{\"@type\":\"EntryPoint\",\"urlTemplate\":\"https:\/\/nikasport.eu\/lv\/?s={search_term_string}\"},\"query-input\":{\"@type\":\"PropertyValueSpecification\",\"valueRequired\":true,\"valueName\":\"search_term_string\"}}],\"inLanguage\":\"lv-LV\"}]}<\/script>\n<!-- \/ Yoast SEO plugin. -->","yoast_head_json":{"title":"Chacott Shiny Bumba 18,5cm (618. S\u0113pija), FIG Approved | NikaSport.eu","robots":{"index":"index","follow":"follow","max-snippet":"max-snippet:-1","max-image-preview":"max-image-preview:large","max-video-preview":"max-video-preview:-1"},"canonical":"https:\/\/nikasport.eu\/lv\/chacott-shiny-bumba-185cm-618-sepija-fig-approved\/","og_locale":"lv_LV","og_type":"article","og_title":"Chacott Shiny Bumba 18,5cm (618. S\u0113pija), FIG Approved | NikaSport.eu","og_description":"Chacott bumba ar gliteri m\u0101kslas vingro\u0161anai. Shiny modelis \u2013 bumba ar \u012bpa\u0161i sp\u012bd\u012bgu glanc\u0113tu p\u0101rkl\u0101jumu. Kr\u0101sa nosl\u0113pumaini main\u0101s pro\u017eektora gaism\u0101. Gumija ir m\u012bksta un ar pielip\u0161anas efektu. &nbsp; Modelis: Shiny Materi\u0101ls: gumija Kr\u0101sa: s\u0113pija Diametrs: 18,5 cm Svars: 420 gr F.I.G. apstiprin\u0101ts &nbsp; &nbsp;","og_url":"https:\/\/nikasport.eu\/lv\/chacott-shiny-bumba-185cm-618-sepija-fig-approved\/","og_site_name":"NikaSport.eu","article_publisher":"https:\/\/www.facebook.com\/nikasport.eu","article_modified_time":"2026-02-15T15:39:19+00:00","og_image":[{"width":500,"height":500,"url":"https:\/\/nikasport.eu\/wp-content\/uploads\/2026\/02\/nikasport.eu-chacott-balls-shiny-618-sepia.png","type":"image\/png"}],"twitter_card":"summary_large_image","twitter_misc":{"Est. reading time":"1 minute"},"schema":{"@context":"https:\/\/schema.org","@graph":[{"@type":"WebPage","@id":"https:\/\/nikasport.eu\/lv\/chacott-shiny-bumba-185cm-618-sepija-fig-approved\/","url":"https:\/\/nikasport.eu\/lv\/chacott-shiny-bumba-185cm-618-sepija-fig-approved\/","name":"Chacott Shiny Bumba 18,5cm (618. S\u0113pija), FIG Approved | NikaSport.eu","isPartOf":{"@id":"https:\/\/nikasport.eu\/lv\/#website"},"primaryImageOfPage":{"@id":"https:\/\/nikasport.eu\/lv\/chacott-shiny-bumba-185cm-618-sepija-fig-approved\/#primaryimage"},"image":{"@id":"https:\/\/nikasport.eu\/lv\/chacott-shiny-bumba-185cm-618-sepija-fig-approved\/#primaryimage"},"thumbnailUrl":"https:\/\/nikasport.eu\/wp-content\/uploads\/2026\/02\/nikasport.eu-chacott-balls-shiny-618-sepia.png","datePublished":"2026-02-14T11:44:27+00:00","dateModified":"2026-02-15T15:39:19+00:00","breadcrumb":{"@id":"https:\/\/nikasport.eu\/lv\/chacott-shiny-bumba-185cm-618-sepija-fig-approved\/#breadcrumb"},"inLanguage":"lv-LV","potentialAction":[{"@type":"ReadAction","target":["https:\/\/nikasport.eu\/lv\/chacott-shiny-bumba-185cm-618-sepija-fig-approved\/"]}]},{"@type":"ImageObject","inLanguage":"lv-LV","@id":"https:\/\/nikasport.eu\/lv\/chacott-shiny-bumba-185cm-618-sepija-fig-approved\/#primaryimage","url":"https:\/\/nikasport.eu\/wp-content\/uploads\/2026\/02\/nikasport.eu-chacott-balls-shiny-618-sepia.png","contentUrl":"https:\/\/nikasport.eu\/wp-content\/uploads\/2026\/02\/nikasport.eu-chacott-balls-shiny-618-sepia.png","width":500,"height":500},{"@type":"BreadcrumbList","@id":"https:\/\/nikasport.eu\/lv\/chacott-shiny-bumba-185cm-618-sepija-fig-approved\/#breadcrumb","itemListElement":[{"@type":"ListItem","position":1,"name":"Home","item":"https:\/\/nikasport.eu\/lv\/"},{"@type":"ListItem","position":2,"name":"Preces","item":"https:\/\/nikasport.eu\/lv\/shop\/"},{"@type":"ListItem","position":3,"name":"Bumbas","item":"https:\/\/nikasport.eu\/lv\/makslas-vingrosanas-bumbas\/"},{"@type":"ListItem","position":4,"name":"CHACOTT Bumbas Prism\/Jewelry\/Glossy 18,5 cm","item":"https:\/\/nikasport.eu\/lv\/rg-bumbas-chacott-prism-jewelry-glossy-185cm\/"},{"@type":"ListItem","position":5,"name":"Chacott Shiny Bumba 18,5cm (618. S\u0113pija), FIG Approved"}]},{"@type":"WebSite","@id":"https:\/\/nikasport.eu\/lv\/#website","url":"https:\/\/nikasport.eu\/lv\/","name":"NikaSport.eu","description":"Everything a Gymnast Needs | Rhythmic Gymnastics Equipment Online","potentialAction":[{"@type":"SearchAction","target":{"@type":"EntryPoint","urlTemplate":"https:\/\/nikasport.eu\/lv\/?s={search_term_string}"},"query-input":{"@type":"PropertyValueSpecification","valueRequired":true,"valueName":"search_term_string"}}],"inLanguage":"lv-LV"}]}},"_links":{"self":[{"href":"https:\/\/nikasport.eu\/lv\/wp-json\/wp\/v2\/product\/24737","targetHints":{"allow":["GET"]}}],"collection":[{"href":"https:\/\/nikasport.eu\/lv\/wp-json\/wp\/v2\/product"}],"about":[{"href":"https:\/\/nikasport.eu\/lv\/wp-json\/wp\/v2\/types\/product"}],"wp:featuredmedia":[{"embeddable":true,"href":"https:\/\/nikasport.eu\/lv\/wp-json\/wp\/v2\/media\/24741"}],"wp:attachment":[{"href":"https:\/\/nikasport.eu\/lv\/wp-json\/wp\/v2\/media?parent=24737"}],"wp:term":[{"taxonomy":"product_brand","embeddable":true,"href":"https:\/\/nikasport.eu\/lv\/wp-json\/wp\/v2\/product_brand?post=24737"},{"taxonomy":"product_cat","embeddable":true,"href":"https:\/\/nikasport.eu\/lv\/wp-json\/wp\/v2\/product_cat?post=24737"},{"taxonomy":"product_tag","embeddable":true,"href":"https:\/\/nikasport.eu\/lv\/wp-json\/wp\/v2\/product_tag?post=24737"}],"curies":[{"name":"wp","href":"https:\/\/api.w.org\/{rel}","templated":true}]}}