{"id":24833,"date":"2026-02-28T00:46:52","date_gmt":"2026-02-27T22:46:52","guid":{"rendered":"https:\/\/nikasport.eu\/?post_type=product&#038;p=24833"},"modified":"2026-02-28T00:53:10","modified_gmt":"2026-02-27T22:53:10","slug":"limlente-pastorelli-laser-fluo-zala","status":"publish","type":"product","link":"https:\/\/nikasport.eu\/lv\/limlente-pastorelli-laser-fluo-zala\/","title":{"rendered":"L\u012bmlente PASTORELLI LASER Fluo Za\u013ca"},"content":{"rendered":"<p>L\u012bmlente m\u0101kslas vingro\u0161anai priek\u0161 ap\u013ciem un v\u0101l\u0113m no PASTORELLI.<\/p>\n<p>Pietiek ar vienu rulli, lai apt\u012btu vienu apli ar diametru 90 cm.<\/p>\n<p>L\u012bmlente rada daudzkr\u0101sainu efektu.<\/p>\n<p>Ieteicams p\u0101rkl\u0101t ar caursp\u012bd\u012bgu l\u012bmlenti, lai palielin\u0101tu kr\u0101sainas l\u012bmlentes izmanto\u0161anas termi\u0146u.<\/p>\n<p>&nbsp;<\/p>\n<p>Modelis: Laser<\/p>\n<p>Garums: 11,4 m<\/p>\n<p>Platums: 1,9 cm<\/p>\n<p>Kr\u0101sa: fluo za\u013ca<\/p>\n","protected":false},"excerpt":{"rendered":"<p>L\u012bmlente m\u0101kslas vingro\u0161anai priek\u0161 ap\u013ciem un v\u0101l\u0113m no PASTORELLI. Pietiek ar vienu rulli, lai apt\u012btu vienu apli ar diametru 90 cm. L\u012bmlente rada daudzkr\u0101sainu efektu. Ieteicams p\u0101rkl\u0101t ar caursp\u012bd\u012bgu l\u012bmlenti, lai palielin\u0101tu kr\u0101sainas l\u012bmlentes izmanto\u0161anas termi\u0146u. &nbsp; Modelis: Laser Garums: 11,4 m Platums: 1,9 cm Kr\u0101sa: fluo za\u013ca<\/p>\n","protected":false},"featured_media":24836,"template":"","meta":{"_gspb_post_css":""},"product_brand":[852],"product_cat":[544],"product_tag":[],"class_list":{"0":"post-24833","1":"product","2":"type-product","3":"status-publish","4":"has-post-thumbnail","6":"product_brand-pastorelli","7":"product_cat-rg-limlentes-pastorelli-laser","9":"first","10":"instock","11":"taxable","12":"shipping-taxable","13":"purchasable","14":"product-type-simple"},"ct_brands":[{"id":852,"name":"PASTORELLI","slug":"pastorelli"}],"yoast_head":"<!-- This site is optimized with the Yoast SEO plugin v26.5 - https:\/\/yoast.com\/wordpress\/plugins\/seo\/ -->\n<title>L\u012bmlente PASTORELLI LASER Fluo Za\u013ca | NikaSport.eu<\/title>\n<meta name=\"robots\" content=\"index, follow, max-snippet:-1, max-image-preview:large, max-video-preview:-1\" \/>\n<link rel=\"canonical\" href=\"https:\/\/nikasport.eu\/lv\/limlente-pastorelli-laser-fluo-zala\/\" \/>\n<meta property=\"og:locale\" content=\"lv_LV\" \/>\n<meta property=\"og:type\" content=\"article\" \/>\n<meta property=\"og:title\" content=\"L\u012bmlente PASTORELLI LASER Fluo Za\u013ca | NikaSport.eu\" \/>\n<meta property=\"og:description\" content=\"L\u012bmlente m\u0101kslas vingro\u0161anai priek\u0161 ap\u013ciem un v\u0101l\u0113m no PASTORELLI. Pietiek ar vienu rulli, lai apt\u012btu vienu apli ar diametru 90 cm. L\u012bmlente rada daudzkr\u0101sainu efektu. Ieteicams p\u0101rkl\u0101t ar caursp\u012bd\u012bgu l\u012bmlenti, lai palielin\u0101tu kr\u0101sainas l\u012bmlentes izmanto\u0161anas termi\u0146u. &nbsp; Modelis: Laser Garums: 11,4 m Platums: 1,9 cm Kr\u0101sa: fluo za\u013ca\" \/>\n<meta property=\"og:url\" content=\"https:\/\/nikasport.eu\/lv\/limlente-pastorelli-laser-fluo-zala\/\" \/>\n<meta property=\"og:site_name\" content=\"NikaSport.eu\" \/>\n<meta property=\"article:publisher\" content=\"https:\/\/www.facebook.com\/nikasport.eu\" \/>\n<meta property=\"article:modified_time\" content=\"2026-02-27T22:53:10+00:00\" \/>\n<meta property=\"og:image\" content=\"https:\/\/nikasport.eu\/wp-content\/uploads\/2026\/02\/nikasport.eu-pastorelli-tape-laser-03872.png\" \/>\n\t<meta property=\"og:image:width\" content=\"500\" \/>\n\t<meta property=\"og:image:height\" content=\"500\" \/>\n\t<meta property=\"og:image:type\" content=\"image\/png\" \/>\n<meta name=\"twitter:card\" content=\"summary_large_image\" \/>\n<meta name=\"twitter:label1\" content=\"Est. reading time\" \/>\n\t<meta name=\"twitter:data1\" content=\"1 minute\" \/>\n<script type=\"application\/ld+json\" class=\"yoast-schema-graph\">{\"@context\":\"https:\/\/schema.org\",\"@graph\":[{\"@type\":\"WebPage\",\"@id\":\"https:\/\/nikasport.eu\/lv\/limlente-pastorelli-laser-fluo-zala\/\",\"url\":\"https:\/\/nikasport.eu\/lv\/limlente-pastorelli-laser-fluo-zala\/\",\"name\":\"L\u012bmlente PASTORELLI LASER Fluo Za\u013ca | NikaSport.eu\",\"isPartOf\":{\"@id\":\"https:\/\/nikasport.eu\/lv\/#website\"},\"primaryImageOfPage\":{\"@id\":\"https:\/\/nikasport.eu\/lv\/limlente-pastorelli-laser-fluo-zala\/#primaryimage\"},\"image\":{\"@id\":\"https:\/\/nikasport.eu\/lv\/limlente-pastorelli-laser-fluo-zala\/#primaryimage\"},\"thumbnailUrl\":\"https:\/\/nikasport.eu\/wp-content\/uploads\/2026\/02\/nikasport.eu-pastorelli-tape-laser-03872.png\",\"datePublished\":\"2026-02-27T22:46:52+00:00\",\"dateModified\":\"2026-02-27T22:53:10+00:00\",\"breadcrumb\":{\"@id\":\"https:\/\/nikasport.eu\/lv\/limlente-pastorelli-laser-fluo-zala\/#breadcrumb\"},\"inLanguage\":\"lv-LV\",\"potentialAction\":[{\"@type\":\"ReadAction\",\"target\":[\"https:\/\/nikasport.eu\/lv\/limlente-pastorelli-laser-fluo-zala\/\"]}]},{\"@type\":\"ImageObject\",\"inLanguage\":\"lv-LV\",\"@id\":\"https:\/\/nikasport.eu\/lv\/limlente-pastorelli-laser-fluo-zala\/#primaryimage\",\"url\":\"https:\/\/nikasport.eu\/wp-content\/uploads\/2026\/02\/nikasport.eu-pastorelli-tape-laser-03872.png\",\"contentUrl\":\"https:\/\/nikasport.eu\/wp-content\/uploads\/2026\/02\/nikasport.eu-pastorelli-tape-laser-03872.png\",\"width\":500,\"height\":500},{\"@type\":\"BreadcrumbList\",\"@id\":\"https:\/\/nikasport.eu\/lv\/limlente-pastorelli-laser-fluo-zala\/#breadcrumb\",\"itemListElement\":[{\"@type\":\"ListItem\",\"position\":1,\"name\":\"Home\",\"item\":\"https:\/\/nikasport.eu\/lv\/\"},{\"@type\":\"ListItem\",\"position\":2,\"name\":\"Preces\",\"item\":\"https:\/\/nikasport.eu\/lv\/shop\/\"},{\"@type\":\"ListItem\",\"position\":3,\"name\":\"L\u012bmlentes\",\"item\":\"https:\/\/nikasport.eu\/lv\/makslas-vingrosanas-limlentes\/\"},{\"@type\":\"ListItem\",\"position\":4,\"name\":\"L\u012bmlente PASTORELLI Laser\",\"item\":\"https:\/\/nikasport.eu\/lv\/rg-limlentes-pastorelli-laser\/\"},{\"@type\":\"ListItem\",\"position\":5,\"name\":\"L\u012bmlente PASTORELLI LASER Fluo Za\u013ca\"}]},{\"@type\":\"WebSite\",\"@id\":\"https:\/\/nikasport.eu\/lv\/#website\",\"url\":\"https:\/\/nikasport.eu\/lv\/\",\"name\":\"NikaSport.eu\",\"description\":\"Everything a Gymnast Needs | Rhythmic Gymnastics Equipment Online\",\"potentialAction\":[{\"@type\":\"SearchAction\",\"target\":{\"@type\":\"EntryPoint\",\"urlTemplate\":\"https:\/\/nikasport.eu\/lv\/?s={search_term_string}\"},\"query-input\":{\"@type\":\"PropertyValueSpecification\",\"valueRequired\":true,\"valueName\":\"search_term_string\"}}],\"inLanguage\":\"lv-LV\"}]}<\/script>\n<!-- \/ Yoast SEO plugin. -->","yoast_head_json":{"title":"L\u012bmlente PASTORELLI LASER Fluo Za\u013ca | NikaSport.eu","robots":{"index":"index","follow":"follow","max-snippet":"max-snippet:-1","max-image-preview":"max-image-preview:large","max-video-preview":"max-video-preview:-1"},"canonical":"https:\/\/nikasport.eu\/lv\/limlente-pastorelli-laser-fluo-zala\/","og_locale":"lv_LV","og_type":"article","og_title":"L\u012bmlente PASTORELLI LASER Fluo Za\u013ca | NikaSport.eu","og_description":"L\u012bmlente m\u0101kslas vingro\u0161anai priek\u0161 ap\u013ciem un v\u0101l\u0113m no PASTORELLI. Pietiek ar vienu rulli, lai apt\u012btu vienu apli ar diametru 90 cm. L\u012bmlente rada daudzkr\u0101sainu efektu. Ieteicams p\u0101rkl\u0101t ar caursp\u012bd\u012bgu l\u012bmlenti, lai palielin\u0101tu kr\u0101sainas l\u012bmlentes izmanto\u0161anas termi\u0146u. &nbsp; Modelis: Laser Garums: 11,4 m Platums: 1,9 cm Kr\u0101sa: fluo za\u013ca","og_url":"https:\/\/nikasport.eu\/lv\/limlente-pastorelli-laser-fluo-zala\/","og_site_name":"NikaSport.eu","article_publisher":"https:\/\/www.facebook.com\/nikasport.eu","article_modified_time":"2026-02-27T22:53:10+00:00","og_image":[{"width":500,"height":500,"url":"https:\/\/nikasport.eu\/wp-content\/uploads\/2026\/02\/nikasport.eu-pastorelli-tape-laser-03872.png","type":"image\/png"}],"twitter_card":"summary_large_image","twitter_misc":{"Est. reading time":"1 minute"},"schema":{"@context":"https:\/\/schema.org","@graph":[{"@type":"WebPage","@id":"https:\/\/nikasport.eu\/lv\/limlente-pastorelli-laser-fluo-zala\/","url":"https:\/\/nikasport.eu\/lv\/limlente-pastorelli-laser-fluo-zala\/","name":"L\u012bmlente PASTORELLI LASER Fluo Za\u013ca | NikaSport.eu","isPartOf":{"@id":"https:\/\/nikasport.eu\/lv\/#website"},"primaryImageOfPage":{"@id":"https:\/\/nikasport.eu\/lv\/limlente-pastorelli-laser-fluo-zala\/#primaryimage"},"image":{"@id":"https:\/\/nikasport.eu\/lv\/limlente-pastorelli-laser-fluo-zala\/#primaryimage"},"thumbnailUrl":"https:\/\/nikasport.eu\/wp-content\/uploads\/2026\/02\/nikasport.eu-pastorelli-tape-laser-03872.png","datePublished":"2026-02-27T22:46:52+00:00","dateModified":"2026-02-27T22:53:10+00:00","breadcrumb":{"@id":"https:\/\/nikasport.eu\/lv\/limlente-pastorelli-laser-fluo-zala\/#breadcrumb"},"inLanguage":"lv-LV","potentialAction":[{"@type":"ReadAction","target":["https:\/\/nikasport.eu\/lv\/limlente-pastorelli-laser-fluo-zala\/"]}]},{"@type":"ImageObject","inLanguage":"lv-LV","@id":"https:\/\/nikasport.eu\/lv\/limlente-pastorelli-laser-fluo-zala\/#primaryimage","url":"https:\/\/nikasport.eu\/wp-content\/uploads\/2026\/02\/nikasport.eu-pastorelli-tape-laser-03872.png","contentUrl":"https:\/\/nikasport.eu\/wp-content\/uploads\/2026\/02\/nikasport.eu-pastorelli-tape-laser-03872.png","width":500,"height":500},{"@type":"BreadcrumbList","@id":"https:\/\/nikasport.eu\/lv\/limlente-pastorelli-laser-fluo-zala\/#breadcrumb","itemListElement":[{"@type":"ListItem","position":1,"name":"Home","item":"https:\/\/nikasport.eu\/lv\/"},{"@type":"ListItem","position":2,"name":"Preces","item":"https:\/\/nikasport.eu\/lv\/shop\/"},{"@type":"ListItem","position":3,"name":"L\u012bmlentes","item":"https:\/\/nikasport.eu\/lv\/makslas-vingrosanas-limlentes\/"},{"@type":"ListItem","position":4,"name":"L\u012bmlente PASTORELLI Laser","item":"https:\/\/nikasport.eu\/lv\/rg-limlentes-pastorelli-laser\/"},{"@type":"ListItem","position":5,"name":"L\u012bmlente PASTORELLI LASER Fluo Za\u013ca"}]},{"@type":"WebSite","@id":"https:\/\/nikasport.eu\/lv\/#website","url":"https:\/\/nikasport.eu\/lv\/","name":"NikaSport.eu","description":"Everything a Gymnast Needs | Rhythmic Gymnastics Equipment Online","potentialAction":[{"@type":"SearchAction","target":{"@type":"EntryPoint","urlTemplate":"https:\/\/nikasport.eu\/lv\/?s={search_term_string}"},"query-input":{"@type":"PropertyValueSpecification","valueRequired":true,"valueName":"search_term_string"}}],"inLanguage":"lv-LV"}]}},"_links":{"self":[{"href":"https:\/\/nikasport.eu\/lv\/wp-json\/wp\/v2\/product\/24833","targetHints":{"allow":["GET"]}}],"collection":[{"href":"https:\/\/nikasport.eu\/lv\/wp-json\/wp\/v2\/product"}],"about":[{"href":"https:\/\/nikasport.eu\/lv\/wp-json\/wp\/v2\/types\/product"}],"wp:featuredmedia":[{"embeddable":true,"href":"https:\/\/nikasport.eu\/lv\/wp-json\/wp\/v2\/media\/24836"}],"wp:attachment":[{"href":"https:\/\/nikasport.eu\/lv\/wp-json\/wp\/v2\/media?parent=24833"}],"wp:term":[{"taxonomy":"product_brand","embeddable":true,"href":"https:\/\/nikasport.eu\/lv\/wp-json\/wp\/v2\/product_brand?post=24833"},{"taxonomy":"product_cat","embeddable":true,"href":"https:\/\/nikasport.eu\/lv\/wp-json\/wp\/v2\/product_cat?post=24833"},{"taxonomy":"product_tag","embeddable":true,"href":"https:\/\/nikasport.eu\/lv\/wp-json\/wp\/v2\/product_tag?post=24833"}],"curies":[{"name":"wp","href":"https:\/\/api.w.org\/{rel}","templated":true}]}}