{"id":25303,"date":"2026-05-09T10:20:50","date_gmt":"2026-05-09T08:20:50","guid":{"rendered":"https:\/\/nikasport.eu\/?post_type=product&#038;p=25303"},"modified":"2026-05-09T16:23:52","modified_gmt":"2026-05-09T14:23:52","slug":"lentes-kocins-sasaki-mj-82h-lipxrrk-junior-50cm-gaisi-roza-lilla","status":"publish","type":"product","link":"https:\/\/nikasport.eu\/lv\/lentes-kocins-sasaki-mj-82h-lipxrrk-junior-50cm-gaisi-roza-lilla\/","title":{"rendered":"Lentes koci\u0146\u0161 SASAKI MJ-82H LIPxRRK Junior 50cm (Gai\u0161i Roz\u0101-Lill\u0101)"},"content":{"rendered":"<p>Sasaki junior koci\u0146\u0161 m\u0101kslas vingro\u0161anai caursp\u012bd\u012bg\u0101 futl\u0101r\u012b ar karab\u012bnu un rokturi.<\/p>\n<p>Koci\u0146a met\u0101la da\u013ca ar rot\u0113jo\u0161u karab\u012bnu ir piln\u012bb\u0101 izgatavota no tit\u0101na.<\/p>\n<p>Ide\u0101li piem\u0113rota vingro\u0161anai ies\u0101c\u0113jiem.<\/p>\n<p>&nbsp;<\/p>\n<p>Materi\u0101ls: stikla \u0161\u0137iedra<\/p>\n<p>Kr\u0101sa: gai\u0161i roz\u0101 ar lill\u0101 rokturi<\/p>\n<p>Garums: 50 cm<\/p>\n<p>&nbsp;<\/p>\n<hr \/>\n<p><img decoding=\"async\" style=\"width: 100%; max-width: 600px; margin-top: 10px;\" src=\"https:\/\/www.nikasport.eu\/image\/catalog\/SASAKI\/Warranty_Info\/sasaki-standart-durability-period-and-warranty1.png\" \/><\/p>\n","protected":false},"excerpt":{"rendered":"<p>Sasaki junior koci\u0146\u0161 m\u0101kslas vingro\u0161anai caursp\u012bd\u012bg\u0101 futl\u0101r\u012b ar karab\u012bnu un rokturi. Koci\u0146a met\u0101la da\u013ca ar rot\u0113jo\u0161u karab\u012bnu ir piln\u012bb\u0101 izgatavota no tit\u0101na. Ide\u0101li piem\u0113rota vingro\u0161anai ies\u0101c\u0113jiem. &nbsp; Materi\u0101ls: stikla \u0161\u0137iedra Kr\u0101sa: gai\u0161i roz\u0101 ar lill\u0101 rokturi Garums: 50 cm &nbsp;<\/p>\n","protected":false},"featured_media":25307,"template":"","meta":{"_gspb_post_css":""},"product_brand":[846],"product_cat":[530],"product_tag":[],"class_list":{"0":"post-25303","1":"product","2":"type-product","3":"status-publish","4":"has-post-thumbnail","6":"product_brand-sasaki","7":"product_cat-rg-kocini-sasaki","9":"first","10":"instock","11":"taxable","12":"shipping-taxable","13":"purchasable","14":"product-type-simple"},"ct_brands":[{"id":846,"name":"SASAKI","slug":"sasaki"}],"yoast_head":"<!-- This site is optimized with the Yoast SEO plugin v26.5 - https:\/\/yoast.com\/wordpress\/plugins\/seo\/ -->\n<title>Lentes koci\u0146\u0161 SASAKI MJ-82H LIPxRRK Junior 50cm (Gai\u0161i Roz\u0101-Lill\u0101) | NikaSport.eu<\/title>\n<meta name=\"robots\" content=\"index, follow, max-snippet:-1, max-image-preview:large, max-video-preview:-1\" \/>\n<link rel=\"canonical\" href=\"https:\/\/nikasport.eu\/lv\/lentes-kocins-sasaki-mj-82h-lipxrrk-junior-50cm-gaisi-roza-lilla\/\" \/>\n<meta property=\"og:locale\" content=\"lv_LV\" \/>\n<meta property=\"og:type\" content=\"article\" \/>\n<meta property=\"og:title\" content=\"Lentes koci\u0146\u0161 SASAKI MJ-82H LIPxRRK Junior 50cm (Gai\u0161i Roz\u0101-Lill\u0101) | NikaSport.eu\" \/>\n<meta property=\"og:description\" content=\"Sasaki junior koci\u0146\u0161 m\u0101kslas vingro\u0161anai caursp\u012bd\u012bg\u0101 futl\u0101r\u012b ar karab\u012bnu un rokturi. Koci\u0146a met\u0101la da\u013ca ar rot\u0113jo\u0161u karab\u012bnu ir piln\u012bb\u0101 izgatavota no tit\u0101na. Ide\u0101li piem\u0113rota vingro\u0161anai ies\u0101c\u0113jiem. &nbsp; Materi\u0101ls: stikla \u0161\u0137iedra Kr\u0101sa: gai\u0161i roz\u0101 ar lill\u0101 rokturi Garums: 50 cm &nbsp;\" \/>\n<meta property=\"og:url\" content=\"https:\/\/nikasport.eu\/lv\/lentes-kocins-sasaki-mj-82h-lipxrrk-junior-50cm-gaisi-roza-lilla\/\" \/>\n<meta property=\"og:site_name\" content=\"NikaSport.eu\" \/>\n<meta property=\"article:publisher\" content=\"https:\/\/www.facebook.com\/nikasport.eu\" \/>\n<meta property=\"article:modified_time\" content=\"2026-05-09T14:23:52+00:00\" \/>\n<meta property=\"og:image\" content=\"https:\/\/nikasport.eu\/wp-content\/uploads\/2026\/05\/nikasport.eu-sasaki-stick-mj-82h-lipxrrk.png\" \/>\n\t<meta property=\"og:image:width\" content=\"500\" \/>\n\t<meta property=\"og:image:height\" content=\"500\" \/>\n\t<meta property=\"og:image:type\" content=\"image\/png\" \/>\n<meta name=\"twitter:card\" content=\"summary_large_image\" \/>\n<meta name=\"twitter:label1\" content=\"Est. reading time\" \/>\n\t<meta name=\"twitter:data1\" content=\"1 minute\" \/>\n<script type=\"application\/ld+json\" class=\"yoast-schema-graph\">{\"@context\":\"https:\/\/schema.org\",\"@graph\":[{\"@type\":\"WebPage\",\"@id\":\"https:\/\/nikasport.eu\/lv\/lentes-kocins-sasaki-mj-82h-lipxrrk-junior-50cm-gaisi-roza-lilla\/\",\"url\":\"https:\/\/nikasport.eu\/lv\/lentes-kocins-sasaki-mj-82h-lipxrrk-junior-50cm-gaisi-roza-lilla\/\",\"name\":\"Lentes koci\u0146\u0161 SASAKI MJ-82H LIPxRRK Junior 50cm (Gai\u0161i Roz\u0101-Lill\u0101) | NikaSport.eu\",\"isPartOf\":{\"@id\":\"https:\/\/nikasport.eu\/lv\/#website\"},\"primaryImageOfPage\":{\"@id\":\"https:\/\/nikasport.eu\/lv\/lentes-kocins-sasaki-mj-82h-lipxrrk-junior-50cm-gaisi-roza-lilla\/#primaryimage\"},\"image\":{\"@id\":\"https:\/\/nikasport.eu\/lv\/lentes-kocins-sasaki-mj-82h-lipxrrk-junior-50cm-gaisi-roza-lilla\/#primaryimage\"},\"thumbnailUrl\":\"https:\/\/nikasport.eu\/wp-content\/uploads\/2026\/05\/nikasport.eu-sasaki-stick-mj-82h-lipxrrk.png\",\"datePublished\":\"2026-05-09T08:20:50+00:00\",\"dateModified\":\"2026-05-09T14:23:52+00:00\",\"breadcrumb\":{\"@id\":\"https:\/\/nikasport.eu\/lv\/lentes-kocins-sasaki-mj-82h-lipxrrk-junior-50cm-gaisi-roza-lilla\/#breadcrumb\"},\"inLanguage\":\"lv-LV\",\"potentialAction\":[{\"@type\":\"ReadAction\",\"target\":[\"https:\/\/nikasport.eu\/lv\/lentes-kocins-sasaki-mj-82h-lipxrrk-junior-50cm-gaisi-roza-lilla\/\"]}]},{\"@type\":\"ImageObject\",\"inLanguage\":\"lv-LV\",\"@id\":\"https:\/\/nikasport.eu\/lv\/lentes-kocins-sasaki-mj-82h-lipxrrk-junior-50cm-gaisi-roza-lilla\/#primaryimage\",\"url\":\"https:\/\/nikasport.eu\/wp-content\/uploads\/2026\/05\/nikasport.eu-sasaki-stick-mj-82h-lipxrrk.png\",\"contentUrl\":\"https:\/\/nikasport.eu\/wp-content\/uploads\/2026\/05\/nikasport.eu-sasaki-stick-mj-82h-lipxrrk.png\",\"width\":500,\"height\":500},{\"@type\":\"BreadcrumbList\",\"@id\":\"https:\/\/nikasport.eu\/lv\/lentes-kocins-sasaki-mj-82h-lipxrrk-junior-50cm-gaisi-roza-lilla\/#breadcrumb\",\"itemListElement\":[{\"@type\":\"ListItem\",\"position\":1,\"name\":\"Home\",\"item\":\"https:\/\/nikasport.eu\/lv\/\"},{\"@type\":\"ListItem\",\"position\":2,\"name\":\"Preces\",\"item\":\"https:\/\/nikasport.eu\/lv\/shop\/\"},{\"@type\":\"ListItem\",\"position\":3,\"name\":\"Lentes koci\u0146i\",\"item\":\"https:\/\/nikasport.eu\/lv\/makslas-vingrosanas-lentes-kocini\/\"},{\"@type\":\"ListItem\",\"position\":4,\"name\":\"Lentes koci\u0146i SASAKI\",\"item\":\"https:\/\/nikasport.eu\/lv\/rg-kocini-sasaki\/\"},{\"@type\":\"ListItem\",\"position\":5,\"name\":\"Lentes koci\u0146\u0161 SASAKI MJ-82H LIPxRRK Junior 50cm (Gai\u0161i Roz\u0101-Lill\u0101)\"}]},{\"@type\":\"WebSite\",\"@id\":\"https:\/\/nikasport.eu\/lv\/#website\",\"url\":\"https:\/\/nikasport.eu\/lv\/\",\"name\":\"NikaSport.eu\",\"description\":\"Everything a Gymnast Needs | Rhythmic Gymnastics Equipment Online\",\"potentialAction\":[{\"@type\":\"SearchAction\",\"target\":{\"@type\":\"EntryPoint\",\"urlTemplate\":\"https:\/\/nikasport.eu\/lv\/?s={search_term_string}\"},\"query-input\":{\"@type\":\"PropertyValueSpecification\",\"valueRequired\":true,\"valueName\":\"search_term_string\"}}],\"inLanguage\":\"lv-LV\"}]}<\/script>\n<!-- \/ Yoast SEO plugin. -->","yoast_head_json":{"title":"Lentes koci\u0146\u0161 SASAKI MJ-82H LIPxRRK Junior 50cm (Gai\u0161i Roz\u0101-Lill\u0101) | NikaSport.eu","robots":{"index":"index","follow":"follow","max-snippet":"max-snippet:-1","max-image-preview":"max-image-preview:large","max-video-preview":"max-video-preview:-1"},"canonical":"https:\/\/nikasport.eu\/lv\/lentes-kocins-sasaki-mj-82h-lipxrrk-junior-50cm-gaisi-roza-lilla\/","og_locale":"lv_LV","og_type":"article","og_title":"Lentes koci\u0146\u0161 SASAKI MJ-82H LIPxRRK Junior 50cm (Gai\u0161i Roz\u0101-Lill\u0101) | NikaSport.eu","og_description":"Sasaki junior koci\u0146\u0161 m\u0101kslas vingro\u0161anai caursp\u012bd\u012bg\u0101 futl\u0101r\u012b ar karab\u012bnu un rokturi. Koci\u0146a met\u0101la da\u013ca ar rot\u0113jo\u0161u karab\u012bnu ir piln\u012bb\u0101 izgatavota no tit\u0101na. Ide\u0101li piem\u0113rota vingro\u0161anai ies\u0101c\u0113jiem. &nbsp; Materi\u0101ls: stikla \u0161\u0137iedra Kr\u0101sa: gai\u0161i roz\u0101 ar lill\u0101 rokturi Garums: 50 cm &nbsp;","og_url":"https:\/\/nikasport.eu\/lv\/lentes-kocins-sasaki-mj-82h-lipxrrk-junior-50cm-gaisi-roza-lilla\/","og_site_name":"NikaSport.eu","article_publisher":"https:\/\/www.facebook.com\/nikasport.eu","article_modified_time":"2026-05-09T14:23:52+00:00","og_image":[{"width":500,"height":500,"url":"https:\/\/nikasport.eu\/wp-content\/uploads\/2026\/05\/nikasport.eu-sasaki-stick-mj-82h-lipxrrk.png","type":"image\/png"}],"twitter_card":"summary_large_image","twitter_misc":{"Est. reading time":"1 minute"},"schema":{"@context":"https:\/\/schema.org","@graph":[{"@type":"WebPage","@id":"https:\/\/nikasport.eu\/lv\/lentes-kocins-sasaki-mj-82h-lipxrrk-junior-50cm-gaisi-roza-lilla\/","url":"https:\/\/nikasport.eu\/lv\/lentes-kocins-sasaki-mj-82h-lipxrrk-junior-50cm-gaisi-roza-lilla\/","name":"Lentes koci\u0146\u0161 SASAKI MJ-82H LIPxRRK Junior 50cm (Gai\u0161i Roz\u0101-Lill\u0101) | NikaSport.eu","isPartOf":{"@id":"https:\/\/nikasport.eu\/lv\/#website"},"primaryImageOfPage":{"@id":"https:\/\/nikasport.eu\/lv\/lentes-kocins-sasaki-mj-82h-lipxrrk-junior-50cm-gaisi-roza-lilla\/#primaryimage"},"image":{"@id":"https:\/\/nikasport.eu\/lv\/lentes-kocins-sasaki-mj-82h-lipxrrk-junior-50cm-gaisi-roza-lilla\/#primaryimage"},"thumbnailUrl":"https:\/\/nikasport.eu\/wp-content\/uploads\/2026\/05\/nikasport.eu-sasaki-stick-mj-82h-lipxrrk.png","datePublished":"2026-05-09T08:20:50+00:00","dateModified":"2026-05-09T14:23:52+00:00","breadcrumb":{"@id":"https:\/\/nikasport.eu\/lv\/lentes-kocins-sasaki-mj-82h-lipxrrk-junior-50cm-gaisi-roza-lilla\/#breadcrumb"},"inLanguage":"lv-LV","potentialAction":[{"@type":"ReadAction","target":["https:\/\/nikasport.eu\/lv\/lentes-kocins-sasaki-mj-82h-lipxrrk-junior-50cm-gaisi-roza-lilla\/"]}]},{"@type":"ImageObject","inLanguage":"lv-LV","@id":"https:\/\/nikasport.eu\/lv\/lentes-kocins-sasaki-mj-82h-lipxrrk-junior-50cm-gaisi-roza-lilla\/#primaryimage","url":"https:\/\/nikasport.eu\/wp-content\/uploads\/2026\/05\/nikasport.eu-sasaki-stick-mj-82h-lipxrrk.png","contentUrl":"https:\/\/nikasport.eu\/wp-content\/uploads\/2026\/05\/nikasport.eu-sasaki-stick-mj-82h-lipxrrk.png","width":500,"height":500},{"@type":"BreadcrumbList","@id":"https:\/\/nikasport.eu\/lv\/lentes-kocins-sasaki-mj-82h-lipxrrk-junior-50cm-gaisi-roza-lilla\/#breadcrumb","itemListElement":[{"@type":"ListItem","position":1,"name":"Home","item":"https:\/\/nikasport.eu\/lv\/"},{"@type":"ListItem","position":2,"name":"Preces","item":"https:\/\/nikasport.eu\/lv\/shop\/"},{"@type":"ListItem","position":3,"name":"Lentes koci\u0146i","item":"https:\/\/nikasport.eu\/lv\/makslas-vingrosanas-lentes-kocini\/"},{"@type":"ListItem","position":4,"name":"Lentes koci\u0146i SASAKI","item":"https:\/\/nikasport.eu\/lv\/rg-kocini-sasaki\/"},{"@type":"ListItem","position":5,"name":"Lentes koci\u0146\u0161 SASAKI MJ-82H LIPxRRK Junior 50cm (Gai\u0161i Roz\u0101-Lill\u0101)"}]},{"@type":"WebSite","@id":"https:\/\/nikasport.eu\/lv\/#website","url":"https:\/\/nikasport.eu\/lv\/","name":"NikaSport.eu","description":"Everything a Gymnast Needs | Rhythmic Gymnastics Equipment Online","potentialAction":[{"@type":"SearchAction","target":{"@type":"EntryPoint","urlTemplate":"https:\/\/nikasport.eu\/lv\/?s={search_term_string}"},"query-input":{"@type":"PropertyValueSpecification","valueRequired":true,"valueName":"search_term_string"}}],"inLanguage":"lv-LV"}]}},"_links":{"self":[{"href":"https:\/\/nikasport.eu\/lv\/wp-json\/wp\/v2\/product\/25303","targetHints":{"allow":["GET"]}}],"collection":[{"href":"https:\/\/nikasport.eu\/lv\/wp-json\/wp\/v2\/product"}],"about":[{"href":"https:\/\/nikasport.eu\/lv\/wp-json\/wp\/v2\/types\/product"}],"wp:featuredmedia":[{"embeddable":true,"href":"https:\/\/nikasport.eu\/lv\/wp-json\/wp\/v2\/media\/25307"}],"wp:attachment":[{"href":"https:\/\/nikasport.eu\/lv\/wp-json\/wp\/v2\/media?parent=25303"}],"wp:term":[{"taxonomy":"product_brand","embeddable":true,"href":"https:\/\/nikasport.eu\/lv\/wp-json\/wp\/v2\/product_brand?post=25303"},{"taxonomy":"product_cat","embeddable":true,"href":"https:\/\/nikasport.eu\/lv\/wp-json\/wp\/v2\/product_cat?post=25303"},{"taxonomy":"product_tag","embeddable":true,"href":"https:\/\/nikasport.eu\/lv\/wp-json\/wp\/v2\/product_tag?post=25303"}],"curies":[{"name":"wp","href":"https:\/\/api.w.org\/{rel}","templated":true}]}}